{"id":1147,"date":"2014-11-18T18:42:44","date_gmt":"2014-11-18T16:42:44","guid":{"rendered":"http:\/\/80.69.171.23\/py\/?page_id=1147"},"modified":"2017-12-29T12:53:38","modified_gmt":"2017-12-29T12:53:38","slug":"arkkaduvah","status":"publish","type":"page","link":"https:\/\/paliskunnat.fi\/po\/puasuitiaduh\/arkkaduvah\/","title":{"rendered":"Arkk\u00e2duvah"},"content":{"rendered":"<h2>Arkk\u00e2duvah<\/h2>\n<p>Palg\u00e2sij ovt\u00e2stus arkk\u00e2duvah kidd\u00e2 1980-lovvoost k\u00e1vnojeh ovt\u00e2stus jieij\u00e2s arkk\u00e2d\u00e2hsoojijn Ru\u00e1vinjaarg\u00e2st.<\/p>\n<p>Oulu eenn\u00e2mkoddearkk\u00e2duvv\u00e2st k\u00e1vnojeh ovt\u00e2stus pu\u00e1r\u00e1suboh materiaaleh kidd\u00e2 1990-lovvoost.<\/p>\n<p>Arkk\u00e2duv \u00e4\u0161\u0161ikirjeh siskeldeh eereeb i\u00e4rr\u00e1s palg\u00e2sij toim\u00e2mmu\u0161t\u00e2lus\u00e2id, pu\u00e1suiluv\u00e2tt\u00e2lmijd, Palg\u00e2sij ovt\u00e2stus hald\u00e2tt\u00e2s j\u00e1 ovd\u00e2steijee\u010du\u00e1kkimij pevdikiirjijd sehe pu\u00e1suimeerh\u00e2i k\u00e4vppikiirjijd.<\/p>\n<p><a href=\"https:\/\/paliskunnat.fi\/bo\/wp-content\/uploads\/2014\/11\/poromies-lehdet.jpg\" rel=\"lightbox[1147]\"><img loading=\"lazy\" decoding=\"async\" class=\"alignnone wp-image-3744\" src=\"https:\/\/paliskunnat.fi\/bo\/wp-content\/uploads\/2014\/11\/poromies-lehdet.jpg\" alt=\"Poromies-l\u00e4\u00e4\u0111i ihekeerdih.\" width=\"460\" height=\"281\" srcset=\"https:\/\/paliskunnat.fi\/po\/wp-content\/uploads\/2014\/11\/poromies-lehdet.jpg 1000w, https:\/\/paliskunnat.fi\/po\/wp-content\/uploads\/2014\/11\/poromies-lehdet-300x183.jpg 300w, https:\/\/paliskunnat.fi\/po\/wp-content\/uploads\/2014\/11\/poromies-lehdet-768x469.jpg 768w\" sizes=\"auto, (max-width: 460px) 100vw, 460px\" \/><\/a><\/p>\n<p>Palg\u00e2sij ovt\u00e2stus lii meid pieij\u00e2m arkk\u00e2d\u00e2h\u00e2n pu\u00e1ris Poromies-l\u00e4\u00e4\u0111i ihekeerdijd, moid pu\u00e1ht\u00e1 u\u00e1p\u00e1smu\u0111 Palg\u00e2sij ovt\u00e2stus\u00e2st. Pu\u00e1ris pajeolmoo\u0161l\u00e4\u00e4\u0111i ihekeerdij i\u00e4 luoikkuu t\u00e1\u00e1lu ulguubel.<\/p>\n<p>Laseti\u00e4\u0111uh Palg\u00e2sij ovt\u00e2stus arkk\u00e2duvv\u00e2st:<\/p>\n<p>Puhelin 016 331 6000<\/p>\n<p>Laseti\u00e4\u0111uh: <a href=\"https:\/\/www.arkisto.fi\/fi\/aineistot\/kansallisarkiston-aineistot\/aineistot-ja-niiden-kaytto-5\">Oulu eenn\u00e2mkoddearkk\u00e2d\u00e2h<\/a><\/p>\n<p>&nbsp;<\/p>\n<p>&nbsp;<\/p>\n","protected":false},"excerpt":{"rendered":"<p>Arkk\u00e2duvah Palg\u00e2sij ovt\u00e2stus arkk\u00e2duvah kidd\u00e2 1980-lovvoost k\u00e1vnojeh ovt\u00e2stus jieij\u00e2s arkk\u00e2d\u00e2hsoojijn Ru\u00e1vinjaarg\u00e2st. Oulu eenn\u00e2mkoddearkk\u00e2duvv\u00e2st k\u00e1vnojeh ovt\u00e2stus pu\u00e1r\u00e1suboh materiaaleh kidd\u00e2 1990-lovvoost. Arkk\u00e2duv \u00e4\u0161\u0161ikirjeh siskeldeh eereeb i\u00e4rr\u00e1s palg\u00e2sij toim\u00e2mmu\u0161t\u00e2lus\u00e2id, pu\u00e1suiluv\u00e2tt\u00e2lmijd, Palg\u00e2sij ovt\u00e2stus hald\u00e2tt\u00e2s j\u00e1 ovd\u00e2steijee\u010du\u00e1kkimij pevdikiirjijd sehe pu\u00e1suimeerh\u00e2i k\u00e4vppikiirjijd. Palg\u00e2sij ovt\u00e2stus lii meid pieij\u00e2m arkk\u00e2d\u00e2h\u00e2n pu\u00e1ris Poromies-l\u00e4\u00e4\u0111i ihekeerdijd, moid pu\u00e1ht\u00e1 u\u00e1p\u00e1smu\u0111 Palg\u00e2sij ovt\u00e2stus\u00e2st. Pu\u00e1ris pajeolmoo\u0161l\u00e4\u00e4\u0111i ihekeerdij i\u00e4 luoikkuu [&hellip;]<\/p>\n","protected":false},"author":1,"featured_media":0,"parent":179,"menu_order":3,"comment_status":"open","ping_status":"closed","template":"","meta":{"footnotes":""},"class_list":["post-1147","page","type-page","status-publish","hentry"],"_links":{"self":[{"href":"https:\/\/paliskunnat.fi\/po\/wp-json\/wp\/v2\/pages\/1147","targetHints":{"allow":["GET"]}}],"collection":[{"href":"https:\/\/paliskunnat.fi\/po\/wp-json\/wp\/v2\/pages"}],"about":[{"href":"https:\/\/paliskunnat.fi\/po\/wp-json\/wp\/v2\/types\/page"}],"author":[{"embeddable":true,"href":"https:\/\/paliskunnat.fi\/po\/wp-json\/wp\/v2\/users\/1"}],"replies":[{"embeddable":true,"href":"https:\/\/paliskunnat.fi\/po\/wp-json\/wp\/v2\/comments?post=1147"}],"version-history":[{"count":3,"href":"https:\/\/paliskunnat.fi\/po\/wp-json\/wp\/v2\/pages\/1147\/revisions"}],"predecessor-version":[{"id":5559,"href":"https:\/\/paliskunnat.fi\/po\/wp-json\/wp\/v2\/pages\/1147\/revisions\/5559"}],"up":[{"embeddable":true,"href":"https:\/\/paliskunnat.fi\/po\/wp-json\/wp\/v2\/pages\/179"}],"wp:attachment":[{"href":"https:\/\/paliskunnat.fi\/po\/wp-json\/wp\/v2\/media?parent=1147"}],"curies":[{"name":"wp","href":"https:\/\/api.w.org\/{rel}","templated":true}]}}