{"id":1266,"date":"2014-11-20T14:01:10","date_gmt":"2014-11-20T12:01:10","guid":{"rendered":"http:\/\/80.69.171.23\/py\/?page_id=1266"},"modified":"2025-08-11T12:38:35","modified_gmt":"2025-08-11T09:38:35","slug":"paistuodar","status":"publish","type":"page","link":"https:\/\/paliskunnat.fi\/po\/palgaseh\/palgasij-tiaduh\/paistuodar\/","title":{"rendered":"1 Pai\u0161tuod\u00e2r"},"content":{"rendered":"<h2>Pai\u0161tuod\u00e2r<\/h2>\n<p>Pu\u00e1sui-i\u0161\u0161eed: Valle Hannu<br \/>\nPuhelin: +358 40 843 2749<br \/>\n\u0160le\u0111g\u00e2post\u00e2: &#x70;a&#x69;&#115;&#x74;&#117;n&#x74;u&#x72;&#105;&#x31;&#64;g&#x6d;&#97;&#x69;&#108;&#46;&#x63;o&#x6d;<\/p>\n<p><a href=\"https:\/\/paliskunnat.fi\/bo\/wp-content\/uploads\/2014\/11\/1_paistunturi.png\" rel=\"lightbox[1266]\"><img loading=\"lazy\" decoding=\"async\" class=\"alignnone wp-image-1270\" src=\"https:\/\/paliskunnat.fi\/bo\/wp-content\/uploads\/2014\/11\/1_paistunturi.png\" alt=\"1 B\u00e1i\u0161duoddara b\u00e1lggus\" width=\"300\" height=\"387\" srcset=\"https:\/\/paliskunnat.fi\/po\/wp-content\/uploads\/2014\/11\/1_paistunturi.png 776w, https:\/\/paliskunnat.fi\/po\/wp-content\/uploads\/2014\/11\/1_paistunturi-233x300.png 233w, https:\/\/paliskunnat.fi\/po\/wp-content\/uploads\/2014\/11\/1_paistunturi-768x990.png 768w\" sizes=\"auto, (max-width: 300px) 100vw, 300px\" \/><\/a><\/p>\n<table style=\"height: 122px;\" width=\"450\">\n<tbody>\n<tr>\n<td>P\u00e4ikkikield\u00e2:<\/td>\n<td>Ucjuuv\u00e2<\/td>\n<\/tr>\n<tr>\n<td>Vijdod\u00e2h:<\/td>\n<td>2\u00a0893\u00a0km<sup>2<\/sup><\/td>\n<\/tr>\n<tr>\n<td>Stu\u00e1rr\u00e1\u00e1mus lov\u00e1l\u00e2\u0161 eellimpu\u00e1suimeeri:<\/td>\n<td>6\u00a0300<\/td>\n<\/tr>\n<tr>\n<td>Pu\u00e1sui-i\u00e4ig\u00e1deh:<\/td>\n<td>87<\/td>\n<\/tr>\n<\/tbody>\n<\/table>\n<p>Pai\u0161tuodd\u00e2r paalg\u00e2s kul\u00e1 Ucjuuv\u00e2 vitt\u00e1pirr\u00e2d\u00e2h\u00e2n. Paalg\u00e2s lii Ucjuuv\u00e2 kield\u00e2st, erom\u00e2\u0161\u00e1vt pu\u00e1suitu\u00e1lun u\u00e1ivildum ku\u00e1vlust j\u00e1 lasseen s\u00e4mmilij p\u00e4ikkiku\u00e1vlust.<\/p>\n<p>Paalg\u00e2s r\u00e1j\u00e1\u0161uv\u00e1 nuortt\u00e2n G\u00e1lddoaivi, mad\u00e2nuortt\u00e2n Mutto\u0161j\u00e1vri j\u00e1 m\u00e4ddin Mye\u0111kkituodd\u00e2r palg\u00e2s\u00e1id. u\u00e1rjin j\u00e1 tavveen palg\u00e2s raijii Ti\u00e4nu j\u00e1 Taa\u017e\u00e2 v\u00e4ldikodder\u00e4\u00e4ji.<\/p>\n<p>Palg\u00e2s en\u00e2mijn 94,1 % l\u00e1\u00e1 stat\u00e2en\u00e2meh j\u00e1 5,9 % priivaaten\u00e2meh. Ku\u00e1vlust i\u00e4 eidu lah kuos\u00e2muorah i\u00e4ge ekonom\u00e2l\u00e2\u0161meecih. Ku\u00e1vluh l\u00e1\u00e1 tuodd\u00e2reh j\u00e1 juh\u00e2leevih, moin muorah l\u00e1\u00e1 mor\u00e2steh. Palg\u00e2s en\u00e2m\u00e1id lii vu\u00e1\u0111udum lu\u00e1ndusuoj\u00e2lemlaav\u00e2 vu\u00e1\u0111uld Ki\u00e4vu lu\u00e1ndumecci.<\/p>\n<p>Pai\u0161tuodd\u00e2r palg\u00e2sist i\u00e4 lah vyesimi\u00e4rkkumeh keessiv, mut pu\u00e1suipargoid \u00e4lgi\u0111 roovv\u00e2dm\u00e1\u00e1nust rooh\u00e2m\u00e4\u00e4igi mield. Palg\u00e2s \u00e1inoo pyg\u00e1lysk\u00e4rdi lii \u00c1ilegas pyg\u00e1lysk\u00e4rdi.<\/p>\n<p>Ku\u00e1vlu lii h\u00e4\u00e4rviht assum j\u00e1 lii i\u00e4n\u00e1\u00e1\u0161 Ti\u00e4nu leevist. Stu\u00e1rr\u00e1\u00e1muuh siijdah l\u00e1\u00e1 K\u00e4rig\u00e2snjarg\u00e2, Kaam\u00e2smokke j\u00e1 u\u00e1si Ucjuuv\u00e2st.<\/p>\n<p>&nbsp;<\/p>\n<p>&nbsp;<\/p>\n<p><!--more--><\/p>\n<h2>Pai\u0161tuodd\u00e2r poccuuh<\/h2>\n<p>Poccui r\u00e1tk\u00e1ditti\u0111 Ucjuuv\u00e2st Pai\u0161tuodd\u00e2r palg\u00e2sist \u00c1ilegas k\u00e4\u00e4rdist \u0161iev miel\u00e1in 11\/2013 (<a href=\"https:\/\/www.youtube.com\/watch?v=8aQyCAWGLfg\">YouTube<\/a>). Olli Miettunen \u2013 Lapin Kansa<\/p>\n<p>&nbsp;<\/p>\n<p>&nbsp;<\/p>\n<p>&nbsp;<\/p>\n<p>&nbsp;<\/p>\n","protected":false},"excerpt":{"rendered":"<p>Pai\u0161tuod\u00e2r Pu\u00e1sui-i\u0161\u0161eed: Valle Hannu Puhelin: +358 40 843 2749 \u0160le\u0111g\u00e2post\u00e2: &#x70;&#97;i&#x73;&#116;u&#x6e;&#x74;&#117;&#x72;&#x69;&#49;&#64;&#x67;&#109;a&#x69;&#x6c;&#46;&#x63;&#x6f;&#109; P\u00e4ikkikield\u00e2: Ucjuuv\u00e2 Vijdod\u00e2h: 2\u00a0893\u00a0km2 Stu\u00e1rr\u00e1\u00e1mus lov\u00e1l\u00e2\u0161 eellimpu\u00e1suimeeri: 6\u00a0300 Pu\u00e1sui-i\u00e4ig\u00e1deh: 87 Pai\u0161tuodd\u00e2r paalg\u00e2s kul\u00e1 Ucjuuv\u00e2 vitt\u00e1pirr\u00e2d\u00e2h\u00e2n. Paalg\u00e2s lii Ucjuuv\u00e2 kield\u00e2st, erom\u00e2\u0161\u00e1vt pu\u00e1suitu\u00e1lun u\u00e1ivildum ku\u00e1vlust j\u00e1 lasseen s\u00e4mmilij p\u00e4ikkiku\u00e1vlust. Paalg\u00e2s r\u00e1j\u00e1\u0161uv\u00e1 nuortt\u00e2n G\u00e1lddoaivi, mad\u00e2nuortt\u00e2n Mutto\u0161j\u00e1vri j\u00e1 m\u00e4ddin Mye\u0111kkituodd\u00e2r palg\u00e2s\u00e1id. u\u00e1rjin j\u00e1 tavveen palg\u00e2s raijii Ti\u00e4nu j\u00e1 [&hellip;]<\/p>\n","protected":false},"author":1,"featured_media":0,"parent":420,"menu_order":1,"comment_status":"open","ping_status":"closed","template":"paliskuntasivut.php","meta":{"footnotes":""},"class_list":["post-1266","page","type-page","status-publish","hentry"],"_links":{"self":[{"href":"https:\/\/paliskunnat.fi\/po\/wp-json\/wp\/v2\/pages\/1266","targetHints":{"allow":["GET"]}}],"collection":[{"href":"https:\/\/paliskunnat.fi\/po\/wp-json\/wp\/v2\/pages"}],"about":[{"href":"https:\/\/paliskunnat.fi\/po\/wp-json\/wp\/v2\/types\/page"}],"author":[{"embeddable":true,"href":"https:\/\/paliskunnat.fi\/po\/wp-json\/wp\/v2\/users\/1"}],"replies":[{"embeddable":true,"href":"https:\/\/paliskunnat.fi\/po\/wp-json\/wp\/v2\/comments?post=1266"}],"version-history":[{"count":8,"href":"https:\/\/paliskunnat.fi\/po\/wp-json\/wp\/v2\/pages\/1266\/revisions"}],"predecessor-version":[{"id":6139,"href":"https:\/\/paliskunnat.fi\/po\/wp-json\/wp\/v2\/pages\/1266\/revisions\/6139"}],"up":[{"embeddable":true,"href":"https:\/\/paliskunnat.fi\/po\/wp-json\/wp\/v2\/pages\/420"}],"wp:attachment":[{"href":"https:\/\/paliskunnat.fi\/po\/wp-json\/wp\/v2\/media?parent=1266"}],"curies":[{"name":"wp","href":"https:\/\/api.w.org\/{rel}","templated":true}]}}