{"id":1279,"date":"2014-11-20T14:38:31","date_gmt":"2014-11-20T12:38:31","guid":{"rendered":"http:\/\/80.69.171.23\/py\/?page_id=1279"},"modified":"2023-06-07T15:20:36","modified_gmt":"2023-06-07T12:20:36","slug":"kietaruotas","status":"publish","type":"page","link":"https:\/\/paliskunnat.fi\/po\/palgaseh\/palgasij-tiaduh\/kietaruotas\/","title":{"rendered":"12 Kiet\u00e2ruot\u00e2s"},"content":{"rendered":"<h2>Kiet\u00e2ruot\u00e2s<\/h2>\n<p>Pu\u00e1sui-i\u0161\u0161eed: Valkeap\u00e4\u00e4 Lars-Jona<br \/>\nPuhelin: +358 40 678 1185<br \/>\n\u0160le\u0111g\u00e2post\u00e2: &#107;&#x61;&#x73;&#105;&#x76;&#x61;r&#x72;&#x65;n&#112;&#x61;l&#105;&#x73;k&#117;&#x6e;t&#97;&#x40;g&#109;&#x61;&#x69;&#108;&#x2e;&#x63;&#111;&#x6d;<\/p>\n<p><a href=\"http:\/\/paliskunnat.fi\/bo\/wp-content\/uploads\/2014\/11\/12_kasivarsi.png\" rel=\"lightbox[1279]\"><img loading=\"lazy\" decoding=\"async\" class=\"alignnone wp-image-1282\" src=\"http:\/\/paliskunnat.fi\/bo\/wp-content\/uploads\/2014\/11\/12_kasivarsi.png\" alt=\"12 Giehtaruohttasa b\u00e1lggus\" width=\"300\" height=\"387\" srcset=\"https:\/\/paliskunnat.fi\/po\/wp-content\/uploads\/2014\/11\/12_kasivarsi.png 776w, https:\/\/paliskunnat.fi\/po\/wp-content\/uploads\/2014\/11\/12_kasivarsi-233x300.png 233w, https:\/\/paliskunnat.fi\/po\/wp-content\/uploads\/2014\/11\/12_kasivarsi-768x990.png 768w\" sizes=\"auto, (max-width: 300px) 100vw, 300px\" \/><\/a><\/p>\n<table width=\"450\">\n<tbody>\n<tr>\n<td>P\u00e4ikkikield\u00e2:<\/td>\n<td>Enonteki\u00f6<\/td>\n<\/tr>\n<tr>\n<td>Vijdod\u00e2h:<\/td>\n<td>4 852 km<sup>2<\/sup><\/td>\n<\/tr>\n<tr>\n<td>Stu\u00e1rr\u00e1\u00e1mus lov\u00e1l\u00e2\u0161 elleepu\u00e1suimeeri:<\/td>\n<td>10 000<\/td>\n<\/tr>\n<tr>\n<td>Pu\u00e1sui-i\u00e4ig\u00e1dijd:<\/td>\n<td>191<\/td>\n<\/tr>\n<\/tbody>\n<\/table>\n<p>Kiet\u00e2ruott\u00e2s paalg\u00e2s kul\u00e1 I\u00e4nuduv vitt\u00e1pirr\u00e2d\u00e2h\u00e2n. Paalg\u00e2s lii I\u00e4nuduv kield\u00e2 u\u00e1rjitaveu\u00e1sist. Palg\u00e2s raajijn l\u00e1\u00e1 u\u00e1rjin Ruot\u00e2 v\u00e4ldikode r\u00e4\u00e4ji j\u00e1 tavveen Taa\u017e\u00e2 v\u00e4ldikode r\u00e4\u00e4ji. Mad\u00e2- j\u00e1 nuortt\u00e2 peln palg\u00e2s r\u00e4jir\u00e1nnj\u00e1n lii N\u00e4kk\u00e4l\u00e4 paalg\u00e2s.<\/p>\n<p>Palg\u00e2s en\u00e2mijn 95,7 % l\u00e1\u00e1 stat\u00e2en\u00e2meh j\u00e1 4,3 % priivaaten\u00e2meh. Paijeel peeli palg\u00e2s ku\u00e1vluin l\u00e1\u00e1 mecci- j\u00e1 jegijsuoj\u00e2lemen\u00e2meh. Kilbisj\u00e4\u00e4vri u\u00e1rjitave peln lii Malla lu\u00e1ndumecci. Stu\u00e1rr\u00e1\u00e1mus u\u00e1si palg\u00e2s ku\u00e1vluin lii ki\u00e4inuttes j\u00e1 as\u00e2mettum mecciku\u00e1vluh.<\/p>\n<p>Palg\u00e2s u\u00e1ivipyg\u00e1lysk\u00e4\u00e4rdih l\u00e1\u00e1 \u00c1v\u017e\u017e\u00e1\u0161j\u00e4vri, Nj\u00e1immet, Vi\u0161\u0161\u00e1t, Gulddan j\u00e1 B\u00e1loj\u00e4vri. Eres k\u00e4rdisajeh l\u00e1\u00e1 S\u00e1lvvo\u0161j\u00e4vri, Jehkas j\u00e1 Bih\u010dosj\u00e4vri. Nj\u00e1immet j\u00e1 Vi\u0161\u0161\u00e1ha koosk\u00e2st lii 15 kilomeetterid kukke njuov\u00e2d\u00e2hkuje.<\/p>\n<p>Ku\u00e1vlu lii h\u00e4\u00e4rviht assum j\u00e1 aass\u00e2m lii i\u00e4n\u00e1\u00e1\u0161 riijk\u00e2ki\u00e4inu 21 j\u00e1 Finnmark-ki\u00e4inu pi\u00e4ll\u00e1st ucc\u00e2 siijd\u00e2in. Stu\u00e1rr\u00e1\u00e1mus \u010du\u00e1kkip\u00e4ikki lii G\u00e1rasavvon sijd\u00e2.<\/p>\n<p>&nbsp;<\/p>\n<p>&nbsp;<\/p>\n<p>&nbsp;<\/p>\n<p><!--more--><\/p>\n<h2>Kiet\u00e2ruott\u00e2s paalg\u00e2s<\/h2>\n<p>Kiet\u00e2ruott\u00e2s palg\u00e2s <a href=\"http:\/\/www.kasivarrenpaliskunta.fi\/\">WWW-siij\u0111oh<\/a><\/p>\n<h2>Kee\u0111hi kuor\u00e2min<\/h2>\n<p>Kiet\u00e2ruott\u00e2s palg\u00e2s pu\u00e1sui-i\u00e4ig\u00e1d Tuomas I. Paloj\u00e4rvi kuor\u00e2min kee\u0111hi luod\u00e2id I\u00e4nuduv P\u00e1\u00e1luj\u00e4\u00e4vrist (<a href=\"https:\/\/www.youtube.com\/watch?v=QyOfrgpPtjw\">Youtube<\/a>). Lapin Kansa \u2013 almottum 3\/2013.<\/p>\n<p>&nbsp;<\/p>\n","protected":false},"excerpt":{"rendered":"<p>Kiet\u00e2ruot\u00e2s Pu\u00e1sui-i\u0161\u0161eed: Valkeap\u00e4\u00e4 Lars-Jona Puhelin: +358 40 678 1185 \u0160le\u0111g\u00e2post\u00e2: &#x6b;&#x61;&#x73;&#x69;&#x76;&#97;&#114;&#114;&#101;npa&#x6c;&#x69;&#x73;&#x6b;&#x75;&#x6e;&#116;&#97;&#64;gma&#x69;&#x6c;&#x2e;&#x63;&#x6f;&#x6d; P\u00e4ikkikield\u00e2: Enonteki\u00f6 Vijdod\u00e2h: 4 852 km2 Stu\u00e1rr\u00e1\u00e1mus lov\u00e1l\u00e2\u0161 elleepu\u00e1suimeeri: 10 000 Pu\u00e1sui-i\u00e4ig\u00e1dijd: 191 Kiet\u00e2ruott\u00e2s paalg\u00e2s kul\u00e1 I\u00e4nuduv vitt\u00e1pirr\u00e2d\u00e2h\u00e2n. Paalg\u00e2s lii I\u00e4nuduv kield\u00e2 u\u00e1rjitaveu\u00e1sist. Palg\u00e2s raajijn l\u00e1\u00e1 u\u00e1rjin Ruot\u00e2 v\u00e4ldikode r\u00e4\u00e4ji j\u00e1 tavveen Taa\u017e\u00e2 v\u00e4ldikode r\u00e4\u00e4ji. Mad\u00e2- j\u00e1 nuortt\u00e2 peln palg\u00e2s r\u00e4jir\u00e1nnj\u00e1n lii N\u00e4kk\u00e4l\u00e4 paalg\u00e2s. [&hellip;]<\/p>\n","protected":false},"author":1,"featured_media":0,"parent":420,"menu_order":12,"comment_status":"open","ping_status":"closed","template":"paliskuntasivut.php","meta":{"footnotes":""},"class_list":["post-1279","page","type-page","status-publish","hentry"],"_links":{"self":[{"href":"https:\/\/paliskunnat.fi\/po\/wp-json\/wp\/v2\/pages\/1279","targetHints":{"allow":["GET"]}}],"collection":[{"href":"https:\/\/paliskunnat.fi\/po\/wp-json\/wp\/v2\/pages"}],"about":[{"href":"https:\/\/paliskunnat.fi\/po\/wp-json\/wp\/v2\/types\/page"}],"author":[{"embeddable":true,"href":"https:\/\/paliskunnat.fi\/po\/wp-json\/wp\/v2\/users\/1"}],"replies":[{"embeddable":true,"href":"https:\/\/paliskunnat.fi\/po\/wp-json\/wp\/v2\/comments?post=1279"}],"version-history":[{"count":7,"href":"https:\/\/paliskunnat.fi\/po\/wp-json\/wp\/v2\/pages\/1279\/revisions"}],"predecessor-version":[{"id":6010,"href":"https:\/\/paliskunnat.fi\/po\/wp-json\/wp\/v2\/pages\/1279\/revisions\/6010"}],"up":[{"embeddable":true,"href":"https:\/\/paliskunnat.fi\/po\/wp-json\/wp\/v2\/pages\/420"}],"wp:attachment":[{"href":"https:\/\/paliskunnat.fi\/po\/wp-json\/wp\/v2\/media?parent=1279"}],"curies":[{"name":"wp","href":"https:\/\/api.w.org\/{rel}","templated":true}]}}