{"id":1293,"date":"2014-11-22T19:44:48","date_gmt":"2014-11-22T17:44:48","guid":{"rendered":"http:\/\/80.69.171.23\/py\/?page_id=1293"},"modified":"2023-06-07T13:47:44","modified_gmt":"2023-06-07T10:47:44","slug":"galddoaivi","status":"publish","type":"page","link":"https:\/\/paliskunnat.fi\/po\/palgaseh\/palgasij-tiaduh\/galddoaivi\/","title":{"rendered":"2 G\u00e1lddoaivi"},"content":{"rendered":"<h2>G\u00e1lddoaivi<\/h2>\n<p>Pu\u00e1sui-i\u0161\u0161eed: L\u00e4nsman Vesa<br \/>\nPuhelin: +358 40 729 6176<br \/>\n\u0160le\u0111g\u00e2post\u00e2: &#118;&#x65;&#x73;a&#64;&#x6c;&#x75;m&#105;&#x70;o&#114;&#x6f;&#x2e;f&#105;<\/p>\n<p><a href=\"https:\/\/paliskunnat.fi\/bo\/wp-content\/uploads\/2014\/11\/2_kaldoaivi.png\" rel=\"lightbox[1293]\"><img loading=\"lazy\" decoding=\"async\" class=\"alignnone wp-image-1294\" src=\"https:\/\/paliskunnat.fi\/bo\/wp-content\/uploads\/2014\/11\/2_kaldoaivi.png\" alt=\"2 G\u00e1lddoaivi\" width=\"300\" height=\"387\" srcset=\"https:\/\/paliskunnat.fi\/po\/wp-content\/uploads\/2014\/11\/2_kaldoaivi.png 776w, https:\/\/paliskunnat.fi\/po\/wp-content\/uploads\/2014\/11\/2_kaldoaivi-233x300.png 233w, https:\/\/paliskunnat.fi\/po\/wp-content\/uploads\/2014\/11\/2_kaldoaivi-768x990.png 768w\" sizes=\"auto, (max-width: 300px) 100vw, 300px\" \/><\/a><\/p>\n<table style=\"height: 122px;\" width=\"450\">\n<tbody>\n<tr>\n<td>P\u00e4ikkikield\u00e2:<\/td>\n<td>Ucjuuv\u00e2<\/td>\n<\/tr>\n<tr>\n<td>Vijdod\u00e2h:<\/td>\n<td>2 478 km<sup>2<\/sup><\/td>\n<\/tr>\n<tr>\n<td>Stu\u00e1rr\u00e1\u00e1mus lov\u00e1l\u00e2\u0161 elleepu\u00e1suimeeri:<\/td>\n<td>5 300<\/td>\n<\/tr>\n<tr>\n<td>Pu\u00e1sui-i\u00e4ig\u00e1deh:<\/td>\n<td>78<\/td>\n<\/tr>\n<\/tbody>\n<\/table>\n<p>G\u00e1lddoaivi paalg\u00e2s lii Suom\u00e2 staat\u00e2 tavemus u\u00e1sist Ucjuuv\u00e2 kield\u00e2st. Palg\u00e2s r\u00e4jir\u00e1nnj\u00e1 lii Taa\u017e\u00e2 Ti\u00e4nu nubbe peln. Paalg\u00e2s kul\u00e1 Ucjuuv\u00e2 vitt\u00e1pirr\u00e2d\u00e2h\u00e2n. Tom r\u00e4jipalg\u00e2seh l\u00e1\u00e1 nuortt\u00e2n Nji\u00e4v\u0111\u00e1m, mad\u00e2nuortt\u00e2n Mutto\u0161j\u00e1vri, mad\u00e2u\u00e1rjin Mye\u0111kkituodd\u00e2r j\u00e1 u\u00e1rjin Pai\u0161tuod\u00e2r.<\/p>\n<p>Palg\u00e2s en\u00e2mijn 95,6 % l\u00e1\u00e1 stat\u00e2en\u00e2meh j\u00e1 4,4 % priivaaten\u00e2meh.<\/p>\n<p>Palg\u00e2sist l\u00e1\u00e1 Sk\u00e1llov\u00e4\u00e4ri, Peccikko j\u00e1 Nj\u00e1llav\u00e4\u00e4ri pyg\u00e1lysk\u00e4\u00e4rdih sehe lasseen Anniv\u00e4\u00e4ri \u010dokkimk\u00e4rdi. Paalg\u00e2s lii pirr\u00e2 ai\u0111um\/\u00e1\u00e1i\u0111um.<\/p>\n<p>Aass\u00e2m lii i\u00e4n\u00e1\u00e1\u0161 palg\u00e2s robd\u00e2ku\u00e1vluin: Nju\u00e1rg\u00e1mist, Ucjuuv\u00e2st, Ti\u00e4nuleevist sehe Ucjuuvleevist.<\/p>\n<p>&nbsp;<\/p>\n<p>&nbsp;<\/p>\n","protected":false},"excerpt":{"rendered":"<p>G\u00e1lddoaivi Pu\u00e1sui-i\u0161\u0161eed: L\u00e4nsman Vesa Puhelin: +358 40 729 6176 \u0160le\u0111g\u00e2post\u00e2: &#x76;&#101;&#x73;&#x61;&#64;&#x6c;&#117;m&#x69;&#112;o&#x72;&#111;&#46;&#x66;&#105; P\u00e4ikkikield\u00e2: Ucjuuv\u00e2 Vijdod\u00e2h: 2 478 km2 Stu\u00e1rr\u00e1\u00e1mus lov\u00e1l\u00e2\u0161 elleepu\u00e1suimeeri: 5 300 Pu\u00e1sui-i\u00e4ig\u00e1deh: 78 G\u00e1lddoaivi paalg\u00e2s lii Suom\u00e2 staat\u00e2 tavemus u\u00e1sist Ucjuuv\u00e2 kield\u00e2st. Palg\u00e2s r\u00e4jir\u00e1nnj\u00e1 lii Taa\u017e\u00e2 Ti\u00e4nu nubbe peln. Paalg\u00e2s kul\u00e1 Ucjuuv\u00e2 vitt\u00e1pirr\u00e2d\u00e2h\u00e2n. Tom r\u00e4jipalg\u00e2seh l\u00e1\u00e1 nuortt\u00e2n Nji\u00e4v\u0111\u00e1m, mad\u00e2nuortt\u00e2n Mutto\u0161j\u00e1vri, mad\u00e2u\u00e1rjin Mye\u0111kkituodd\u00e2r j\u00e1 u\u00e1rjin [&hellip;]<\/p>\n","protected":false},"author":1,"featured_media":0,"parent":420,"menu_order":2,"comment_status":"open","ping_status":"closed","template":"paliskuntasivut.php","meta":{"footnotes":""},"class_list":["post-1293","page","type-page","status-publish","hentry"],"_links":{"self":[{"href":"https:\/\/paliskunnat.fi\/po\/wp-json\/wp\/v2\/pages\/1293","targetHints":{"allow":["GET"]}}],"collection":[{"href":"https:\/\/paliskunnat.fi\/po\/wp-json\/wp\/v2\/pages"}],"about":[{"href":"https:\/\/paliskunnat.fi\/po\/wp-json\/wp\/v2\/types\/page"}],"author":[{"embeddable":true,"href":"https:\/\/paliskunnat.fi\/po\/wp-json\/wp\/v2\/users\/1"}],"replies":[{"embeddable":true,"href":"https:\/\/paliskunnat.fi\/po\/wp-json\/wp\/v2\/comments?post=1293"}],"version-history":[{"count":6,"href":"https:\/\/paliskunnat.fi\/po\/wp-json\/wp\/v2\/pages\/1293\/revisions"}],"predecessor-version":[{"id":5953,"href":"https:\/\/paliskunnat.fi\/po\/wp-json\/wp\/v2\/pages\/1293\/revisions\/5953"}],"up":[{"embeddable":true,"href":"https:\/\/paliskunnat.fi\/po\/wp-json\/wp\/v2\/pages\/420"}],"wp:attachment":[{"href":"https:\/\/paliskunnat.fi\/po\/wp-json\/wp\/v2\/media?parent=1293"}],"curies":[{"name":"wp","href":"https:\/\/api.w.org\/{rel}","templated":true}]}}