{"id":1296,"date":"2014-11-22T19:53:03","date_gmt":"2014-11-22T17:53:03","guid":{"rendered":"http:\/\/80.69.171.23\/py\/?page_id=1296"},"modified":"2023-06-07T13:51:04","modified_gmt":"2023-06-07T10:51:04","slug":"njiavdam","status":"publish","type":"page","link":"https:\/\/paliskunnat.fi\/po\/palgaseh\/palgasij-tiaduh\/njiavdam\/","title":{"rendered":"3 Nji\u00e4v\u0111\u00e1m"},"content":{"rendered":"<h2>Nji\u00e4v\u0111\u00e1m<\/h2>\n<p>Pu\u00e1sui-i\u0161\u0161eed: Feodoroff Wille<br \/>\nPuhelin: +358 40 502 4887<br \/>\n\u0160le\u0111g\u00e2post\u00e2: &#119;&#x66;&#101;&#x6f;&#100;&#x6f;&#114;&#x6f;f&#x66;&#64;&#x67;m&#x61;i&#108;&#x2e;&#99;&#x6f;&#109;<\/p>\n<p><a href=\"https:\/\/paliskunnat.fi\/bo\/wp-content\/uploads\/2014\/11\/3_naatamo.png\" rel=\"lightbox[1296]\"><img loading=\"lazy\" decoding=\"async\" class=\"alignnone wp-image-1297\" src=\"https:\/\/paliskunnat.fi\/bo\/wp-content\/uploads\/2014\/11\/3_naatamo.png\" alt=\"3 Nj\u00e1vd\u00e1n\" width=\"300\" height=\"387\" srcset=\"https:\/\/paliskunnat.fi\/po\/wp-content\/uploads\/2014\/11\/3_naatamo.png 776w, https:\/\/paliskunnat.fi\/po\/wp-content\/uploads\/2014\/11\/3_naatamo-233x300.png 233w, https:\/\/paliskunnat.fi\/po\/wp-content\/uploads\/2014\/11\/3_naatamo-768x990.png 768w\" sizes=\"auto, (max-width: 300px) 100vw, 300px\" \/><\/a><\/p>\n<table style=\"height: 122px;\" width=\"450\">\n<tbody>\n<tr>\n<td>P\u00e4ikkikield\u00e2:<\/td>\n<td>Aanaar<\/td>\n<\/tr>\n<tr>\n<td>Vijdod\u00e2h:<\/td>\n<td>1 537 km<sup>2<\/sup><\/td>\n<\/tr>\n<tr>\n<td>Stu\u00e1rr\u00e1\u00e1mus lov\u00e1l\u00e2\u0161 elleepu\u00e1suimeeri:<\/td>\n<td>3 600<\/td>\n<\/tr>\n<tr>\n<td>Pu\u00e1sui-i\u00e4ig\u00e1deh:<\/td>\n<td>28<\/td>\n<\/tr>\n<\/tbody>\n<\/table>\n<p>Nji\u00e4v\u0111\u00e1m paalg\u00e2s kul\u00e1 Aanaar vitt\u00e1pirr\u00e2d\u00e2h\u00e2n. Paalg\u00e2s lii Aanaar kield\u00e2 taveu\u00e1sist.<\/p>\n<p>Paalg\u00e2s r\u00e1j\u00e1\u0161uv\u00e1 tavveen Taa\u017e\u00e2 staat\u00e2 r\u00e4i, nuortt\u00e2n V\u00e4\u00e4\u010d\u010dir, m\u00e4ddin Mudusj\u00e4\u00e4vri j\u00e1 u\u00e1rjin G\u00e1lddoaivi palg\u00e2s\u00e1id.<\/p>\n<p>Palg\u00e2s en\u00e2mijn 98,2 % l\u00e1\u00e1 stat\u00e2en\u00e2meh j\u00e1 1,8 % priivaaten\u00e2meh.<\/p>\n<p>&nbsp;<\/p>\n","protected":false},"excerpt":{"rendered":"<p>Nji\u00e4v\u0111\u00e1m Pu\u00e1sui-i\u0161\u0161eed: Feodoroff Wille Puhelin: +358 40 502 4887 \u0160le\u0111g\u00e2post\u00e2: &#119;&#102;&#x65;o&#100;&#x6f;&#x72;o&#102;&#x66;&#x40;g&#109;&#x61;&#x69;l&#46;&#x63;&#x6f;m P\u00e4ikkikield\u00e2: Aanaar Vijdod\u00e2h: 1 537 km2 Stu\u00e1rr\u00e1\u00e1mus lov\u00e1l\u00e2\u0161 elleepu\u00e1suimeeri: 3 600 Pu\u00e1sui-i\u00e4ig\u00e1deh: 28 Nji\u00e4v\u0111\u00e1m paalg\u00e2s kul\u00e1 Aanaar vitt\u00e1pirr\u00e2d\u00e2h\u00e2n. Paalg\u00e2s lii Aanaar kield\u00e2 taveu\u00e1sist. Paalg\u00e2s r\u00e1j\u00e1\u0161uv\u00e1 tavveen Taa\u017e\u00e2 staat\u00e2 r\u00e4i, nuortt\u00e2n V\u00e4\u00e4\u010d\u010dir, m\u00e4ddin Mudusj\u00e4\u00e4vri j\u00e1 u\u00e1rjin G\u00e1lddoaivi palg\u00e2s\u00e1id. Palg\u00e2s en\u00e2mijn 98,2 % l\u00e1\u00e1 stat\u00e2en\u00e2meh j\u00e1 [&hellip;]<\/p>\n","protected":false},"author":1,"featured_media":0,"parent":420,"menu_order":3,"comment_status":"open","ping_status":"closed","template":"paliskuntasivut.php","meta":{"footnotes":""},"class_list":["post-1296","page","type-page","status-publish","hentry"],"_links":{"self":[{"href":"https:\/\/paliskunnat.fi\/po\/wp-json\/wp\/v2\/pages\/1296","targetHints":{"allow":["GET"]}}],"collection":[{"href":"https:\/\/paliskunnat.fi\/po\/wp-json\/wp\/v2\/pages"}],"about":[{"href":"https:\/\/paliskunnat.fi\/po\/wp-json\/wp\/v2\/types\/page"}],"author":[{"embeddable":true,"href":"https:\/\/paliskunnat.fi\/po\/wp-json\/wp\/v2\/users\/1"}],"replies":[{"embeddable":true,"href":"https:\/\/paliskunnat.fi\/po\/wp-json\/wp\/v2\/comments?post=1296"}],"version-history":[{"count":7,"href":"https:\/\/paliskunnat.fi\/po\/wp-json\/wp\/v2\/pages\/1296\/revisions"}],"predecessor-version":[{"id":5954,"href":"https:\/\/paliskunnat.fi\/po\/wp-json\/wp\/v2\/pages\/1296\/revisions\/5954"}],"up":[{"embeddable":true,"href":"https:\/\/paliskunnat.fi\/po\/wp-json\/wp\/v2\/pages\/420"}],"wp:attachment":[{"href":"https:\/\/paliskunnat.fi\/po\/wp-json\/wp\/v2\/media?parent=1296"}],"curies":[{"name":"wp","href":"https:\/\/api.w.org\/{rel}","templated":true}]}}