{"id":1304,"date":"2014-11-22T20:06:02","date_gmt":"2014-11-22T18:06:02","guid":{"rendered":"http:\/\/80.69.171.23\/py\/?page_id=1304"},"modified":"2023-06-07T13:51:53","modified_gmt":"2023-06-07T10:51:53","slug":"mudusjavri","status":"publish","type":"page","link":"https:\/\/paliskunnat.fi\/po\/palgaseh\/palgasij-tiaduh\/mudusjavri\/","title":{"rendered":"4 Mudusj\u00e4vri"},"content":{"rendered":"<h2><strong>4 Mudusj\u00e4vri<\/strong><\/h2>\n<p>Pu\u00e1sui-i\u0161\u0161eed: Seuruj\u00e4rvi Osmo<br \/>\nPuhelin: +358 40 352 4151<br \/>\n\u0160le\u0111g\u00e2post\u00e2: &#115;&#x65;&#117;&#x72;u&#106;&#x61;&#114;&#x76;i&#x6f;s&#109;&#x6f;&#64;&#x67;m&#x61;&#x69;&#108;&#x2e;c&#x6f;m<\/p>\n<p><a href=\"https:\/\/paliskunnat.fi\/bo\/wp-content\/uploads\/2014\/11\/4_muddusjarvi1.png\" rel=\"lightbox[1304]\"><img loading=\"lazy\" decoding=\"async\" class=\"alignnone wp-image-1306\" src=\"https:\/\/paliskunnat.fi\/bo\/wp-content\/uploads\/2014\/11\/4_muddusjarvi1.png\" alt=\"4 Mutto\u0161j\u00e1vri\" width=\"300\" height=\"387\" srcset=\"https:\/\/paliskunnat.fi\/po\/wp-content\/uploads\/2014\/11\/4_muddusjarvi1.png 776w, https:\/\/paliskunnat.fi\/po\/wp-content\/uploads\/2014\/11\/4_muddusjarvi1-233x300.png 233w, https:\/\/paliskunnat.fi\/po\/wp-content\/uploads\/2014\/11\/4_muddusjarvi1-768x990.png 768w\" sizes=\"auto, (max-width: 300px) 100vw, 300px\" \/><\/a><\/p>\n<table style=\"height: 122px;\" width=\"450\">\n<tbody>\n<tr>\n<td>P\u00e4ikkikield\u00e2:<\/td>\n<td>Aanaar<\/td>\n<\/tr>\n<tr>\n<td>Vijdod\u00e2h:<\/td>\n<td>2 682 km<sup>2<\/sup><\/td>\n<\/tr>\n<tr>\n<td>Stu\u00e1rr\u00e1\u00e1mus lov\u00e1l\u00e2\u0161 elleepu\u00e1suimeeri:<\/td>\n<td>5 200<\/td>\n<\/tr>\n<tr>\n<td>Pu\u00e1sui-i\u00e4ig\u00e1dijd:<\/td>\n<td>67<\/td>\n<\/tr>\n<\/tbody>\n<\/table>\n<p>Mutto\u0161j\u00e1vri paalg\u00e2s lii Aanaar kield\u00e2st. Paalg\u00e2s kul\u00e1 Aanaar vitt\u00e1pirr\u00e2d\u00e2h\u00e2n. Paalg\u00e2s r\u00e1j\u00e1\u0161uv\u00e1 tavveen G\u00e1lddoaivi, nuortt\u00e2tavveen Nji\u00e4v\u0111\u00e1m, nuortt\u00e2m\u00e4ddin Pa\u010d\u010dvei, m\u00e4ddin P\u00e4nituodd\u00e2r, u\u00e1rjitavveen Pai\u0161tuodd\u00e2r j\u00e1 u\u00e1rjin Mye\u0111kkituodd\u00e2r palg\u00e2s\u00e1id.<\/p>\n<p>Palg\u00e2s en\u00e2mijn 84,6 % l\u00e1\u00e1 stat\u00e2en\u00e2meh j\u00e1 15,4 % priivaaten\u00e2meh. Eres eenn\u00e2m i\u00e4ig\u00e1deh l\u00e1\u00e1 Ucjuuv\u00e2 vu\u00e1\u0111ut\u00e1\u00e1lui j\u00e1 pu\u00e1suit\u00e1\u00e1lui oht\u00e2s\u00e2\u0161mecci j\u00e1 privatis om\u00e2steijeeh. Palg\u00e2s toim\u00e1id vaiguttep Vaijuuv\u00e2 \u2013 Samudjeegi, Pier\u00e2-Mari jeegi j\u00e1 Halst\u00e2mjeegi jeggisuoj\u00e2lemku\u00e1vluh.<\/p>\n<p>Palg\u00e2s u\u00e1ivipyg\u00e1lysk\u00e4rdi lii \u010civtjuuh\u00e2. Vyesimi\u00e4rkkumkaardijd i\u00e4 lah ki\u00e4vtt\u00e1m ive 1994 ma\u014ba. \u00c1\u00e1ldui vuossiitti\u0111 jieij\u00e2s kaardijn.<\/p>\n<p>Ku\u00e1vlust i\u00e4 aas\u00e2 nuuvt ennuv j\u00e1 i\u00e4n\u00e1\u00e1\u0161 \u00e4\u00e4sih palg\u00e2s m\u00e1dd\u00e1\u00e1ke\u010d\u010din. U\u00e1iviu\u00e1si palg\u00e2s u\u00e1s\u00e1lijn \u00e4\u00e4sih Aanaar kirkkosiijd\u00e2st teikk\u00e2 pi\u00e4\u0111guiaass\u00e2mku\u00e1vlust. Main\u00e2\u0161emveeri siijdah l\u00e1\u00e1 Rivdol, Kaam\u00e2s, V\u00e4vli j\u00e1 P\u00e4\u00e4rtih.<\/p>\n<p>&nbsp;<\/p>\n<p>&nbsp;<\/p>\n","protected":false},"excerpt":{"rendered":"<p>4 Mudusj\u00e4vri Pu\u00e1sui-i\u0161\u0161eed: Seuruj\u00e4rvi Osmo Puhelin: +358 40 352 4151 \u0160le\u0111g\u00e2post\u00e2: &#x73;&#x65;&#117;&#114;uj&#x61;&#x72;&#x76;&#105;os&#x6d;&#x6f;&#x40;&#103;&#109;a&#x69;&#x6c;&#x2e;&#99;&#111;m P\u00e4ikkikield\u00e2: Aanaar Vijdod\u00e2h: 2 682 km2 Stu\u00e1rr\u00e1\u00e1mus lov\u00e1l\u00e2\u0161 elleepu\u00e1suimeeri: 5 200 Pu\u00e1sui-i\u00e4ig\u00e1dijd: 67 Mutto\u0161j\u00e1vri paalg\u00e2s lii Aanaar kield\u00e2st. Paalg\u00e2s kul\u00e1 Aanaar vitt\u00e1pirr\u00e2d\u00e2h\u00e2n. Paalg\u00e2s r\u00e1j\u00e1\u0161uv\u00e1 tavveen G\u00e1lddoaivi, nuortt\u00e2tavveen Nji\u00e4v\u0111\u00e1m, nuortt\u00e2m\u00e4ddin Pa\u010d\u010dvei, m\u00e4ddin P\u00e4nituodd\u00e2r, u\u00e1rjitavveen Pai\u0161tuodd\u00e2r j\u00e1 u\u00e1rjin Mye\u0111kkituodd\u00e2r palg\u00e2s\u00e1id. Palg\u00e2s en\u00e2mijn 84,6 % l\u00e1\u00e1 [&hellip;]<\/p>\n","protected":false},"author":1,"featured_media":0,"parent":420,"menu_order":4,"comment_status":"open","ping_status":"closed","template":"paliskuntasivut.php","meta":{"footnotes":""},"class_list":["post-1304","page","type-page","status-publish","hentry"],"_links":{"self":[{"href":"https:\/\/paliskunnat.fi\/po\/wp-json\/wp\/v2\/pages\/1304","targetHints":{"allow":["GET"]}}],"collection":[{"href":"https:\/\/paliskunnat.fi\/po\/wp-json\/wp\/v2\/pages"}],"about":[{"href":"https:\/\/paliskunnat.fi\/po\/wp-json\/wp\/v2\/types\/page"}],"author":[{"embeddable":true,"href":"https:\/\/paliskunnat.fi\/po\/wp-json\/wp\/v2\/users\/1"}],"replies":[{"embeddable":true,"href":"https:\/\/paliskunnat.fi\/po\/wp-json\/wp\/v2\/comments?post=1304"}],"version-history":[{"count":4,"href":"https:\/\/paliskunnat.fi\/po\/wp-json\/wp\/v2\/pages\/1304\/revisions"}],"predecessor-version":[{"id":5955,"href":"https:\/\/paliskunnat.fi\/po\/wp-json\/wp\/v2\/pages\/1304\/revisions\/5955"}],"up":[{"embeddable":true,"href":"https:\/\/paliskunnat.fi\/po\/wp-json\/wp\/v2\/pages\/420"}],"wp:attachment":[{"href":"https:\/\/paliskunnat.fi\/po\/wp-json\/wp\/v2\/media?parent=1304"}],"curies":[{"name":"wp","href":"https:\/\/api.w.org\/{rel}","templated":true}]}}