{"id":1321,"date":"2014-11-22T21:20:27","date_gmt":"2014-11-22T19:20:27","guid":{"rendered":"http:\/\/80.69.171.23\/py\/?page_id=1321"},"modified":"2023-06-07T14:41:54","modified_gmt":"2023-06-07T11:41:54","slug":"myedkkituodar","status":"publish","type":"page","link":"https:\/\/paliskunnat.fi\/po\/palgaseh\/palgasij-tiaduh\/myedkkituodar\/","title":{"rendered":"10 Mye\u0111kkituod\u00e2r"},"content":{"rendered":"<h2>Mye\u0111kkituod\u00e2r<\/h2>\n<p>Pu\u00e1sui-i\u0161\u0161eed: Kitti Janne<br \/>\nPuhelin: +358 40 017 6883<br \/>\n\u0160le\u0111g\u00e2post\u00e2: &#109;&#x75;&#111;&#x74;&#107;&#x61;t&#x75;n&#x74;u&#114;&#x69;&#112;&#x6c;&#107;&#x40;&#103;&#x6d;a&#x69;l&#x2e;c&#111;&#x6d;<\/p>\n<p><a href=\"https:\/\/paliskunnat.fi\/bo\/wp-content\/uploads\/2014\/11\/10_muotkatunturi1.png\" rel=\"lightbox[1321]\"><img loading=\"lazy\" decoding=\"async\" class=\"alignnone wp-image-1325\" src=\"https:\/\/paliskunnat.fi\/bo\/wp-content\/uploads\/2014\/11\/10_muotkatunturi1.png\" alt=\"10 Muotkeduottar\" width=\"300\" height=\"387\" srcset=\"https:\/\/paliskunnat.fi\/po\/wp-content\/uploads\/2014\/11\/10_muotkatunturi1.png 776w, https:\/\/paliskunnat.fi\/po\/wp-content\/uploads\/2014\/11\/10_muotkatunturi1-233x300.png 233w, https:\/\/paliskunnat.fi\/po\/wp-content\/uploads\/2014\/11\/10_muotkatunturi1-768x990.png 768w\" sizes=\"auto, (max-width: 300px) 100vw, 300px\" \/><\/a><\/p>\n<table width=\"450\">\n<tbody>\n<tr>\n<td>P\u00e4ikkikield\u00e2:<\/td>\n<td>Aanaar<\/td>\n<\/tr>\n<tr>\n<td>Viidodat:<\/td>\n<td>2 596 km<sup>2<\/sup><\/td>\n<\/tr>\n<tr>\n<td>Stuor\u00e1mus lob\u00e1la\u0161 ealliboazomearri:<\/td>\n<td>6 800<\/td>\n<\/tr>\n<tr>\n<td>Boazoeaigg\u00e1dat:<\/td>\n<td>100<\/td>\n<\/tr>\n<\/tbody>\n<\/table>\n<p>Muotkeduoddara b\u00e1lggus gull\u00e1 An\u00e1ra mearkabirii. B\u00e1lggus lea An\u00e1ra gielddas. B\u00e1lggus r\u00e1dja\u0161uvv\u00e1 davvin B\u00e1i\u0161duoddara, nuortadavvin Mutto\u0161j\u00e1vrri, nuortam\u00e1ddin B\u00e1tneduoddara ja m\u00e1ddin S\u00e1llev\u00e1ri b\u00e1lgosiidda sihke oarjin Norgga r\u00e1dj\u00e1i.<\/p>\n<p>Palg\u00e2s en\u00e2mijn 91,8 % l\u00e1\u00e1 stat\u00e2en\u00e2meh j\u00e1 8,2 % priivaaten\u00e2meh.<\/p>\n<p>&nbsp;<\/p>\n<p>&nbsp;<\/p>\n","protected":false},"excerpt":{"rendered":"<p>Mye\u0111kkituod\u00e2r Pu\u00e1sui-i\u0161\u0161eed: Kitti Janne Puhelin: +358 40 017 6883 \u0160le\u0111g\u00e2post\u00e2: &#109;&#x75;o&#116;&#x6b;&#97;&#x74;u&#110;&#x74;u&#x72;&#x69;&#112;&#x6c;k&#64;&#x67;m&#x61;&#x69;&#108;&#x2e;c&#111;&#x6d; P\u00e4ikkikield\u00e2: Aanaar Viidodat: 2 596 km2 Stuor\u00e1mus lob\u00e1la\u0161 ealliboazomearri: 6 800 Boazoeaigg\u00e1dat: 100 Muotkeduoddara b\u00e1lggus gull\u00e1 An\u00e1ra mearkabirii. B\u00e1lggus lea An\u00e1ra gielddas. B\u00e1lggus r\u00e1dja\u0161uvv\u00e1 davvin B\u00e1i\u0161duoddara, nuortadavvin Mutto\u0161j\u00e1vrri, nuortam\u00e1ddin B\u00e1tneduoddara ja m\u00e1ddin S\u00e1llev\u00e1ri b\u00e1lgosiidda sihke oarjin Norgga r\u00e1dj\u00e1i. Palg\u00e2s en\u00e2mijn 91,8 % l\u00e1\u00e1 stat\u00e2en\u00e2meh [&hellip;]<\/p>\n","protected":false},"author":1,"featured_media":0,"parent":420,"menu_order":11,"comment_status":"open","ping_status":"closed","template":"paliskuntasivut.php","meta":{"footnotes":""},"class_list":["post-1321","page","type-page","status-publish","hentry"],"_links":{"self":[{"href":"https:\/\/paliskunnat.fi\/po\/wp-json\/wp\/v2\/pages\/1321","targetHints":{"allow":["GET"]}}],"collection":[{"href":"https:\/\/paliskunnat.fi\/po\/wp-json\/wp\/v2\/pages"}],"about":[{"href":"https:\/\/paliskunnat.fi\/po\/wp-json\/wp\/v2\/types\/page"}],"author":[{"embeddable":true,"href":"https:\/\/paliskunnat.fi\/po\/wp-json\/wp\/v2\/users\/1"}],"replies":[{"embeddable":true,"href":"https:\/\/paliskunnat.fi\/po\/wp-json\/wp\/v2\/comments?post=1321"}],"version-history":[{"count":9,"href":"https:\/\/paliskunnat.fi\/po\/wp-json\/wp\/v2\/pages\/1321\/revisions"}],"predecessor-version":[{"id":5961,"href":"https:\/\/paliskunnat.fi\/po\/wp-json\/wp\/v2\/pages\/1321\/revisions\/5961"}],"up":[{"embeddable":true,"href":"https:\/\/paliskunnat.fi\/po\/wp-json\/wp\/v2\/pages\/420"}],"wp:attachment":[{"href":"https:\/\/paliskunnat.fi\/po\/wp-json\/wp\/v2\/media?parent=1321"}],"curies":[{"name":"wp","href":"https:\/\/api.w.org\/{rel}","templated":true}]}}