{"id":1331,"date":"2014-11-22T21:37:39","date_gmt":"2014-11-22T19:37:39","guid":{"rendered":"http:\/\/80.69.171.23\/py\/?page_id=1331"},"modified":"2023-06-07T14:38:47","modified_gmt":"2023-06-07T11:38:47","slug":"paccvei","status":"publish","type":"page","link":"https:\/\/paliskunnat.fi\/po\/palgaseh\/palgasij-tiaduh\/paccvei\/","title":{"rendered":"6 Pa\u010d\u010dvei"},"content":{"rendered":"<h2>Pa\u010d\u010dvei<\/h2>\n<p>Pu\u00e1sui-i\u0161\u0161eed: H\u00e4nninen Petri<br \/>\nPuhelin: +358 40 019 9798<br \/>\n\u0160le\u0111g\u00e2post\u00e2: &#112;&#x6f;r&#111;&#x6d;i&#101;&#x73;&#46;&#112;&#x65;t&#114;&#x69;&#64;&#103;&#x6d;a&#105;&#x6c;&#46;&#99;&#x6f;m<\/p>\n<p><a href=\"https:\/\/paliskunnat.fi\/bo\/wp-content\/uploads\/2014\/11\/6_paatsjoki.png\" rel=\"lightbox[1331]\"><img loading=\"lazy\" decoding=\"async\" class=\"alignnone wp-image-1332\" src=\"https:\/\/paliskunnat.fi\/bo\/wp-content\/uploads\/2014\/11\/6_paatsjoki.png\" alt=\"B\u00e1h\u010daveaijohka\" width=\"300\" height=\"387\" srcset=\"https:\/\/paliskunnat.fi\/po\/wp-content\/uploads\/2014\/11\/6_paatsjoki.png 776w, https:\/\/paliskunnat.fi\/po\/wp-content\/uploads\/2014\/11\/6_paatsjoki-233x300.png 233w, https:\/\/paliskunnat.fi\/po\/wp-content\/uploads\/2014\/11\/6_paatsjoki-768x990.png 768w\" sizes=\"auto, (max-width: 300px) 100vw, 300px\" \/><\/a><\/p>\n<table width=\"450\">\n<tbody>\n<tr>\n<td>P\u00e4ikkikield\u00e2:<\/td>\n<td>Aanaar<\/td>\n<\/tr>\n<tr>\n<td>Vijdod\u00e2h:<\/td>\n<td>1 053 km<sup>2<\/sup><\/td>\n<\/tr>\n<tr>\n<td>Stu\u00e1rr\u00e1\u00e1mus lov\u00e1l\u00e2\u0161 elleepu\u00e1suimeeri:<\/td>\n<td>1 600<\/td>\n<\/tr>\n<tr>\n<td>Pu\u00e1sui-i\u00e4ig\u00e1dijd:<\/td>\n<td>5<\/td>\n<\/tr>\n<\/tbody>\n<\/table>\n<p>Pa\u010d\u010dvei paalg\u00e2s kul\u00e1 Aanaar vitt\u00e1pirr\u00e2d\u00e2h\u00e2n. Paalg\u00e2s lii Aanaar kield\u00e2 nuortt\u00e2u\u00e1sist.<\/p>\n<p>Paalg\u00e2s r\u00e1j\u00e1\u0161uv\u00e1 nuortt\u00e2n Taa\u017e\u00e2 j\u00e1 Ruo\u0161\u00e2 r\u00e4i, tavveen V\u00e4\u00e4\u010d\u010dir, m\u00e4ddin Avveel j\u00e1 u\u00e1rjin Mudusj\u00e4\u00e4vri palg\u00e2s\u00e1id.<\/p>\n<p>Palg\u00e2s en\u00e2mijn 97,7 % l\u00e1\u00e1 stat\u00e2en\u00e2meh j\u00e1 2,3 % priivaaten\u00e2meh.<\/p>\n<p>&nbsp;<\/p>\n<p>&nbsp;<\/p>\n<p>&nbsp;<\/p>\n","protected":false},"excerpt":{"rendered":"<p>Pa\u010d\u010dvei Pu\u00e1sui-i\u0161\u0161eed: H\u00e4nninen Petri Puhelin: +358 40 019 9798 \u0160le\u0111g\u00e2post\u00e2: &#x70;&#x6f;&#114;o&#x6d;&#x69;&#x65;&#115;&#46;&#x70;&#x65;&#x74;&#114;i&#x40;&#x67;&#x6d;&#97;i&#x6c;&#x2e;&#x63;&#111;m P\u00e4ikkikield\u00e2: Aanaar Vijdod\u00e2h: 1 053 km2 Stu\u00e1rr\u00e1\u00e1mus lov\u00e1l\u00e2\u0161 elleepu\u00e1suimeeri: 1 600 Pu\u00e1sui-i\u00e4ig\u00e1dijd: 5 Pa\u010d\u010dvei paalg\u00e2s kul\u00e1 Aanaar vitt\u00e1pirr\u00e2d\u00e2h\u00e2n. Paalg\u00e2s lii Aanaar kield\u00e2 nuortt\u00e2u\u00e1sist. Paalg\u00e2s r\u00e1j\u00e1\u0161uv\u00e1 nuortt\u00e2n Taa\u017e\u00e2 j\u00e1 Ruo\u0161\u00e2 r\u00e4i, tavveen V\u00e4\u00e4\u010d\u010dir, m\u00e4ddin Avveel j\u00e1 u\u00e1rjin Mudusj\u00e4\u00e4vri palg\u00e2s\u00e1id. Palg\u00e2s en\u00e2mijn 97,7 % l\u00e1\u00e1 stat\u00e2en\u00e2meh [&hellip;]<\/p>\n","protected":false},"author":1,"featured_media":0,"parent":420,"menu_order":6,"comment_status":"open","ping_status":"closed","template":"paliskuntasivut.php","meta":{"footnotes":""},"class_list":["post-1331","page","type-page","status-publish","hentry"],"_links":{"self":[{"href":"https:\/\/paliskunnat.fi\/po\/wp-json\/wp\/v2\/pages\/1331","targetHints":{"allow":["GET"]}}],"collection":[{"href":"https:\/\/paliskunnat.fi\/po\/wp-json\/wp\/v2\/pages"}],"about":[{"href":"https:\/\/paliskunnat.fi\/po\/wp-json\/wp\/v2\/types\/page"}],"author":[{"embeddable":true,"href":"https:\/\/paliskunnat.fi\/po\/wp-json\/wp\/v2\/users\/1"}],"replies":[{"embeddable":true,"href":"https:\/\/paliskunnat.fi\/po\/wp-json\/wp\/v2\/comments?post=1331"}],"version-history":[{"count":8,"href":"https:\/\/paliskunnat.fi\/po\/wp-json\/wp\/v2\/pages\/1331\/revisions"}],"predecessor-version":[{"id":5957,"href":"https:\/\/paliskunnat.fi\/po\/wp-json\/wp\/v2\/pages\/1331\/revisions\/5957"}],"up":[{"embeddable":true,"href":"https:\/\/paliskunnat.fi\/po\/wp-json\/wp\/v2\/pages\/420"}],"wp:attachment":[{"href":"https:\/\/paliskunnat.fi\/po\/wp-json\/wp\/v2\/media?parent=1331"}],"curies":[{"name":"wp","href":"https:\/\/api.w.org\/{rel}","templated":true}]}}