{"id":1338,"date":"2014-11-22T22:00:58","date_gmt":"2014-11-22T20:00:58","guid":{"rendered":"http:\/\/80.69.171.23\/py\/?page_id=1338"},"modified":"2023-06-07T14:41:21","modified_gmt":"2023-06-07T11:41:21","slug":"sallavaari","status":"publish","type":"page","link":"https:\/\/paliskunnat.fi\/po\/palgaseh\/palgasij-tiaduh\/sallavaari\/","title":{"rendered":"9 Sall\u00e2v\u00e4\u00e4ri"},"content":{"rendered":"<h2>Sall\u00e2v\u00e4\u00e4ri<\/h2>\n<p>Pu\u00e1sui-i\u0161\u0161eed: N\u00e4kk\u00e4l\u00e4j\u00e4rvi Iisko-Henrik<br \/>\nPuhelin: +358 40 481 7212<br \/>\n\u0160le\u0111g\u00e2post\u00e2: sa&#108;&#108;&#105;&#118;&#x61;&#x61;&#x72;&#x61;&#x6e;pa&#108;&#105;&#115;&#107;&#x75;&#x6e;&#x74;&#x61;&#x40;gm&#97;&#105;&#108;&#46;&#x63;&#x6f;&#x6d;<\/p>\n<p><a href=\"https:\/\/paliskunnat.fi\/bo\/wp-content\/uploads\/2014\/11\/9_sallivaara1.png\" rel=\"lightbox[1338]\"><img loading=\"lazy\" decoding=\"async\" class=\"alignnone wp-image-1342\" src=\"https:\/\/paliskunnat.fi\/bo\/wp-content\/uploads\/2014\/11\/9_sallivaara1.png\" alt=\"9 S\u00e1llev\u00e1rri \" width=\"300\" height=\"387\" srcset=\"https:\/\/paliskunnat.fi\/po\/wp-content\/uploads\/2014\/11\/9_sallivaara1.png 776w, https:\/\/paliskunnat.fi\/po\/wp-content\/uploads\/2014\/11\/9_sallivaara1-233x300.png 233w, https:\/\/paliskunnat.fi\/po\/wp-content\/uploads\/2014\/11\/9_sallivaara1-768x990.png 768w\" sizes=\"auto, (max-width: 300px) 100vw, 300px\" \/><\/a><\/p>\n<table width=\"450\">\n<tbody>\n<tr>\n<td>P\u00e4ikkikield\u00e2:<\/td>\n<td>Aanaar<\/td>\n<\/tr>\n<tr>\n<td>Vijdod\u00e2h:<\/td>\n<td>2 906 km<sup>2<\/sup><\/td>\n<\/tr>\n<tr>\n<td>Stu\u00e1rr\u00e1\u00e1mus lov\u00e1l\u00e2\u0161 elleepu\u00e1suimeeri:<\/td>\n<td>7 500<\/td>\n<\/tr>\n<tr>\n<td>Pu\u00e1sui-i\u00e4ig\u00e1dijd:<\/td>\n<td>126<\/td>\n<\/tr>\n<\/tbody>\n<\/table>\n<p>Sall\u00e2v\u00e4\u00e4ri paalg\u00e2s kul\u00e1 Aanaar vitt\u00e1pirr\u00e2d\u00e2h\u00e2n. Paalg\u00e2s lii Aanaar kield\u00e2 u\u00e1rjikeejist. Paalg\u00e2s r\u00e1j\u00e1\u0161uv\u00e1 u\u00e1rjitavveen Taa\u017e\u00e2 r\u00e4i, tavveen Mye\u0111kkituodd\u00e2r, nuortt\u00e2n P\u00e4nituodd\u00e2r, m\u00e4ddin Laapi j\u00e1 Kuivasalmi j\u00e1 u\u00e1rjin N\u00e4kk\u00e4l\u00e4 palg\u00e2s\u00e1id.<\/p>\n<p>Palg\u00e2s en\u00e2mijn 98,2 % l\u00e1\u00e1 stat\u00e2en\u00e2meh j\u00e1 1,8 % priivaaten\u00e2meh. Paalg\u00e2s lii stu\u00e1rr\u00e1\u00e1muu u\u00e1sist\u00a0 Lemmee aalmugl\u00e2\u0161meecist j\u00e1 P\u00e4nituodd\u00e2r mecciku\u00e1vlust.<\/p>\n<p>Palg\u00e2s u\u00e1ivipyg\u00e1lysk\u00e4rdi lii Sarvves\u010doalbmi. Nubbe teh\u00e1l\u00e2\u0161 pyg\u00e1lysk\u00e4rdi lii Lism\u00e1. Vyesimi\u00e4rkkumk\u00e4\u00e4rdih l\u00e1\u00e1 Pi\u00e4ldutuodd\u00e2rist j\u00e1 M\u00e1r\u00e1st\u00e2h.<\/p>\n<p>Palg\u00e2s pajeulmuuh \u00e4\u00e4sih Lemmest, Mene\u0161j\u00e1vri, Kuttoor, Lism\u00e1, Riem\u00e2\u0161juuv\u00e2st j\u00e1 Avveel Maatist. Lism\u00e1 sijd\u00e2 lii aalmugl\u00e2\u0161meeci siste.<\/p>\n<p>&nbsp;<\/p>\n<p>&nbsp;<\/p>\n","protected":false},"excerpt":{"rendered":"<p>Sall\u00e2v\u00e4\u00e4ri Pu\u00e1sui-i\u0161\u0161eed: N\u00e4kk\u00e4l\u00e4j\u00e4rvi Iisko-Henrik Puhelin: +358 40 481 7212 \u0160le\u0111g\u00e2post\u00e2: &#x73;&#x61;&#x6c;&#x6c;&#105;&#118;aar&#x61;&#x6e;&#x70;&#x61;&#108;&#105;sku&#x6e;&#x74;&#x61;&#x40;&#103;&#109;&#97;il&#x2e;&#x63;&#x6f;&#x6d; P\u00e4ikkikield\u00e2: Aanaar Vijdod\u00e2h: 2 906 km2 Stu\u00e1rr\u00e1\u00e1mus lov\u00e1l\u00e2\u0161 elleepu\u00e1suimeeri: 7 500 Pu\u00e1sui-i\u00e4ig\u00e1dijd: 126 Sall\u00e2v\u00e4\u00e4ri paalg\u00e2s kul\u00e1 Aanaar vitt\u00e1pirr\u00e2d\u00e2h\u00e2n. Paalg\u00e2s lii Aanaar kield\u00e2 u\u00e1rjikeejist. Paalg\u00e2s r\u00e1j\u00e1\u0161uv\u00e1 u\u00e1rjitavveen Taa\u017e\u00e2 r\u00e4i, tavveen Mye\u0111kkituodd\u00e2r, nuortt\u00e2n P\u00e4nituodd\u00e2r, m\u00e4ddin Laapi j\u00e1 Kuivasalmi j\u00e1 u\u00e1rjin N\u00e4kk\u00e4l\u00e4 palg\u00e2s\u00e1id. Palg\u00e2s en\u00e2mijn 98,2 % [&hellip;]<\/p>\n","protected":false},"author":1,"featured_media":0,"parent":420,"menu_order":9,"comment_status":"open","ping_status":"closed","template":"paliskuntasivut.php","meta":{"footnotes":""},"class_list":["post-1338","page","type-page","status-publish","hentry"],"_links":{"self":[{"href":"https:\/\/paliskunnat.fi\/po\/wp-json\/wp\/v2\/pages\/1338","targetHints":{"allow":["GET"]}}],"collection":[{"href":"https:\/\/paliskunnat.fi\/po\/wp-json\/wp\/v2\/pages"}],"about":[{"href":"https:\/\/paliskunnat.fi\/po\/wp-json\/wp\/v2\/types\/page"}],"author":[{"embeddable":true,"href":"https:\/\/paliskunnat.fi\/po\/wp-json\/wp\/v2\/users\/1"}],"replies":[{"embeddable":true,"href":"https:\/\/paliskunnat.fi\/po\/wp-json\/wp\/v2\/comments?post=1338"}],"version-history":[{"count":8,"href":"https:\/\/paliskunnat.fi\/po\/wp-json\/wp\/v2\/pages\/1338\/revisions"}],"predecessor-version":[{"id":5960,"href":"https:\/\/paliskunnat.fi\/po\/wp-json\/wp\/v2\/pages\/1338\/revisions\/5960"}],"up":[{"embeddable":true,"href":"https:\/\/paliskunnat.fi\/po\/wp-json\/wp\/v2\/pages\/420"}],"wp:attachment":[{"href":"https:\/\/paliskunnat.fi\/po\/wp-json\/wp\/v2\/media?parent=1338"}],"curies":[{"name":"wp","href":"https:\/\/api.w.org\/{rel}","templated":true}]}}