{"id":1356,"date":"2014-11-22T22:56:36","date_gmt":"2014-11-22T20:56:36","guid":{"rendered":"http:\/\/80.69.171.23\/py\/?page_id=1356"},"modified":"2023-06-07T14:43:41","modified_gmt":"2023-06-07T11:43:41","slug":"muonio","status":"publish","type":"page","link":"https:\/\/paliskunnat.fi\/po\/palgaseh\/palgasij-tiaduh\/muonio\/","title":{"rendered":"13 Muonio"},"content":{"rendered":"<h2><strong>Muonio<\/strong><\/h2>\n<p>Pu\u00e1sui-i\u0161\u0161eed: Kurki Vili<br \/>\nPuhelin: +358 40 083 3373<br \/>\n\u0160le\u0111g\u00e2post\u00e2: v&#105;&#108;&#x69;&#x6b;u&#114;&#107;&#x69;&#x40;&#x67;m&#97;&#105;&#x6c;&#x2e;co&#109;<\/p>\n<p><a href=\"https:\/\/paliskunnat.fi\/bo\/wp-content\/uploads\/2014\/11\/13_muonio.png\" rel=\"lightbox[1356]\"><img loading=\"lazy\" decoding=\"async\" class=\"alignnone wp-image-1358\" src=\"https:\/\/paliskunnat.fi\/bo\/wp-content\/uploads\/2014\/11\/13_muonio.png\" alt=\"13 Muon\u00e1\" width=\"300\" height=\"387\" srcset=\"https:\/\/paliskunnat.fi\/po\/wp-content\/uploads\/2014\/11\/13_muonio.png 776w, https:\/\/paliskunnat.fi\/po\/wp-content\/uploads\/2014\/11\/13_muonio-233x300.png 233w, https:\/\/paliskunnat.fi\/po\/wp-content\/uploads\/2014\/11\/13_muonio-768x990.png 768w\" sizes=\"auto, (max-width: 300px) 100vw, 300px\" \/><\/a><\/p>\n<table width=\"450\">\n<tbody>\n<tr>\n<td>P\u00e4ikkikield\u00e2:<\/td>\n<td>Muonio<\/td>\n<\/tr>\n<tr>\n<td>Vijdod\u00e2h:<\/td>\n<td>2 695 km<sup>2<\/sup><\/td>\n<\/tr>\n<tr>\n<td>Stu\u00e1rr\u00e1\u00e1mus lov\u00e1l\u00e2\u0161 elleepu\u00e1suimeeri:<\/td>\n<td>6 000<\/td>\n<\/tr>\n<tr>\n<td>Pu\u00e1sui-i\u00e4ig\u00e1dijd:<\/td>\n<td>127<\/td>\n<\/tr>\n<\/tbody>\n<\/table>\n<p>Muonio paalg\u00e2s kul\u00e1 B\u00e1ll\u00e1sduottar vitt\u00e1pirr\u00e2d\u00e2h\u00e2n. Paalg\u00e2s lii Muonio kield\u00e2 (80 % palg\u00e2sist) lasseen Kolari j\u00e1 Kitt\u00e2l kield\u00e2i peln.<\/p>\n<p>Paalg\u00e2s r\u00e1ja\u0161uv\u00e1 u\u00e1rjin Ruot\u00e2 r\u00e4i, tavveen N\u00e4kk\u00e4l\u00e4, nuortt\u00e2n Kyr\u00f6 j\u00e1 Alakyl\u00e4 j\u00e1 m\u00e4ddin Kolari palg\u00e2s\u00e1id.<\/p>\n<p>Palg\u00e2s en\u00e2mijn 66,5 % l\u00e1\u00e1 stat\u00e2en\u00e2meh j\u00e1 33,5 % priivaaten\u00e2meh. Palg\u00e2s nuortt\u00e2tave- j\u00e1 nuortt\u00e2u\u00e1sist lii Pallas-Yll\u00e4stuodd\u00e2r aalmugl\u00e2\u0161mecci.<\/p>\n<p>Palg\u00e2s u\u00e1ivipyg\u00e1lysk\u00e4rdi lii Lamumaa, mast lii meid vij\u0111es pur\u00e2ttem\u00e4i\u0111i. Eres pyg\u00e1lysk\u00e4\u00e4rdih l\u00e1\u00e1 Sainkangas, Rautuvaara, K\u00e4kivaara, Ahvenkielinen, Hangasmaa, Luusunselk\u00e4, Juutilainen j\u00e1 Tiuraselk\u00e4.<\/p>\n<p>Palg\u00e2s ku\u00e1vlust l\u00e1\u00e1 kyehti stuorr\u00e2 ma\u0111h\u00e2\u0161emku\u00e1vd\u00e1\u00e1, \u00c4k\u00e4slompolo-Yll\u00e4stunturi j\u00e1 Olostunturi. Olostunturi ma\u0111h\u00e2\u0161emku\u00e1vd\u00e1\u00e1st l\u00e1\u00e1 piegg\u00e2vyeimirustigeh j\u00e1 Kolari Hannukainen-nomm\u00e2s\u00e2\u0161 p\u00e1\u00e1ik\u00e1n l\u00e1\u00e1 vu\u00e1v\u00e1\u00e1min ryevdiku\u00e1ivuttuv.<\/p>\n<p>Aass\u00e2m lii i\u00e4n\u00e1\u00e1\u0161 Muoniojuuv\u00e2 leevist j\u00e1 riijk\u00e2ki\u00e4inu 21 alda siijd\u00e2in. I\u00e4n\u00e1\u00e1\u0161 \u00e4sseeh l\u00e1\u00e1 Muoniost, mii lii palg\u00e2s kosk\u00e2muddoost.<\/p>\n<p>&nbsp;<\/p>\n<p>&nbsp;<\/p>\n","protected":false},"excerpt":{"rendered":"<p>Muonio Pu\u00e1sui-i\u0161\u0161eed: Kurki Vili Puhelin: +358 40 083 3373 \u0160le\u0111g\u00e2post\u00e2: &#118;&#x69;l&#105;&#x6b;u&#114;&#x6b;i&#64;&#x67;m&#97;&#x69;l&#46;&#x63;o&#109; P\u00e4ikkikield\u00e2: Muonio Vijdod\u00e2h: 2 695 km2 Stu\u00e1rr\u00e1\u00e1mus lov\u00e1l\u00e2\u0161 elleepu\u00e1suimeeri: 6 000 Pu\u00e1sui-i\u00e4ig\u00e1dijd: 127 Muonio paalg\u00e2s kul\u00e1 B\u00e1ll\u00e1sduottar vitt\u00e1pirr\u00e2d\u00e2h\u00e2n. Paalg\u00e2s lii Muonio kield\u00e2 (80 % palg\u00e2sist) lasseen Kolari j\u00e1 Kitt\u00e2l kield\u00e2i peln. Paalg\u00e2s r\u00e1ja\u0161uv\u00e1 u\u00e1rjin Ruot\u00e2 r\u00e4i, tavveen N\u00e4kk\u00e4l\u00e4, nuortt\u00e2n Kyr\u00f6 j\u00e1 Alakyl\u00e4 j\u00e1 m\u00e4ddin [&hellip;]<\/p>\n","protected":false},"author":1,"featured_media":0,"parent":420,"menu_order":13,"comment_status":"open","ping_status":"closed","template":"paliskuntasivut.php","meta":{"footnotes":""},"class_list":["post-1356","page","type-page","status-publish","hentry"],"_links":{"self":[{"href":"https:\/\/paliskunnat.fi\/po\/wp-json\/wp\/v2\/pages\/1356","targetHints":{"allow":["GET"]}}],"collection":[{"href":"https:\/\/paliskunnat.fi\/po\/wp-json\/wp\/v2\/pages"}],"about":[{"href":"https:\/\/paliskunnat.fi\/po\/wp-json\/wp\/v2\/types\/page"}],"author":[{"embeddable":true,"href":"https:\/\/paliskunnat.fi\/po\/wp-json\/wp\/v2\/users\/1"}],"replies":[{"embeddable":true,"href":"https:\/\/paliskunnat.fi\/po\/wp-json\/wp\/v2\/comments?post=1356"}],"version-history":[{"count":8,"href":"https:\/\/paliskunnat.fi\/po\/wp-json\/wp\/v2\/pages\/1356\/revisions"}],"predecessor-version":[{"id":5964,"href":"https:\/\/paliskunnat.fi\/po\/wp-json\/wp\/v2\/pages\/1356\/revisions\/5964"}],"up":[{"embeddable":true,"href":"https:\/\/paliskunnat.fi\/po\/wp-json\/wp\/v2\/pages\/420"}],"wp:attachment":[{"href":"https:\/\/paliskunnat.fi\/po\/wp-json\/wp\/v2\/media?parent=1356"}],"curies":[{"name":"wp","href":"https:\/\/api.w.org\/{rel}","templated":true}]}}