{"id":1369,"date":"2014-11-22T23:07:13","date_gmt":"2014-11-22T21:07:13","guid":{"rendered":"http:\/\/80.69.171.23\/py\/?page_id=1369"},"modified":"2023-06-07T14:40:21","modified_gmt":"2023-06-07T11:40:21","slug":"panituodar","status":"publish","type":"page","link":"https:\/\/paliskunnat.fi\/po\/palgaseh\/palgasij-tiaduh\/panituodar\/","title":{"rendered":"8 P\u00e4nituod\u00e2r"},"content":{"rendered":"<h2>P\u00e4nituod\u00e2r<\/h2>\n<p>Pu\u00e1sui-i\u0161\u0161eed: Haataja Jarmo<br \/>\nPuhelin: +358 400 151 712<br \/>\n\u0160le\u0111g\u00e2post\u00e2: hammastuntur&#105;&#110;&#112;&#108;&#107;&#64;&#103;&#109;&#97;&#105;&#108;&#46;&#99;&#111;&#109;<\/p>\n<p><a href=\"http:\/\/paliskunnat.fi\/bo\/wp-content\/uploads\/2014\/11\/8_hammastunturi1.png\" rel=\"lightbox[1369]\"><img loading=\"lazy\" decoding=\"async\" class=\"alignnone wp-image-1373\" src=\"http:\/\/paliskunnat.fi\/bo\/wp-content\/uploads\/2014\/11\/8_hammastunturi1.png\" alt=\"8 B\u00e1tneduottar\" width=\"300\" height=\"387\" srcset=\"https:\/\/paliskunnat.fi\/po\/wp-content\/uploads\/2014\/11\/8_hammastunturi1.png 776w, https:\/\/paliskunnat.fi\/po\/wp-content\/uploads\/2014\/11\/8_hammastunturi1-233x300.png 233w, https:\/\/paliskunnat.fi\/po\/wp-content\/uploads\/2014\/11\/8_hammastunturi1-768x990.png 768w\" sizes=\"auto, (max-width: 300px) 100vw, 300px\" \/><\/a><\/p>\n<table width=\"450\">\n<tbody>\n<tr>\n<td>P\u00e4ikkikield\u00e2:<\/td>\n<td>Aanaar<\/td>\n<\/tr>\n<tr>\n<td>Vijdod\u00e2h:<\/td>\n<td>2 520 km<sup>2<\/sup><\/td>\n<\/tr>\n<tr>\n<td>Stu\u00e1rr\u00e1\u00e1mus lov\u00e1l\u00e2\u0161 elleepu\u00e1suimeeri:<\/td>\n<td>5 500<\/td>\n<\/tr>\n<tr>\n<td>Pu\u00e1sui-i\u00e4ig\u00e1dijd:<\/td>\n<td>81<\/td>\n<\/tr>\n<\/tbody>\n<\/table>\n<p>P\u00e4nituodd\u00e2r paalg\u00e2s kul\u00e1 Aanaar vitt\u00e1pirr\u00e2d\u00e2h\u00e2n. Paalg\u00e2s lii Aanaar kield\u00e2 mad\u00e2u\u00e1sist. Paalg\u00e2s r\u00e1j\u00e1\u0161uv\u00e1 tavveen Mudusj\u00e4\u00e4vri, nuortt\u00e2n Avveel, m\u00e4ddin Laapi, u\u00e1rjin Sall\u00e2v\u00e4\u00e4ri j\u00e1 u\u00e1rjitavveen Mye\u0111kkituodd\u00e2r palg\u00e2s\u00e1id.<\/p>\n<p>Palg\u00e2s en\u00e2mijn 83,5 % l\u00e1\u00e1 stat\u00e2en\u00e2meh j\u00e1 16,5 % priivaaten\u00e2meh.<\/p>\n<p>&nbsp;<\/p>\n<p>&nbsp;<\/p>\n","protected":false},"excerpt":{"rendered":"<p>P\u00e4nituod\u00e2r Pu\u00e1sui-i\u0161\u0161eed: Haataja Jarmo Puhelin: +358 400 151 712 \u0160le\u0111g\u00e2post\u00e2: &#104;a&#x6d;m&#x61;s&#x74;u&#x6e;t&#x75;r&#x69;&#110;&#x70;&#108;&#x6b;&#64;&#x67;&#109;&#x61;&#105;&#x6c;&#46;&#x63;&#111;m P\u00e4ikkikield\u00e2: Aanaar Vijdod\u00e2h: 2 520 km2 Stu\u00e1rr\u00e1\u00e1mus lov\u00e1l\u00e2\u0161 elleepu\u00e1suimeeri: 5 500 Pu\u00e1sui-i\u00e4ig\u00e1dijd: 81 P\u00e4nituodd\u00e2r paalg\u00e2s kul\u00e1 Aanaar vitt\u00e1pirr\u00e2d\u00e2h\u00e2n. Paalg\u00e2s lii Aanaar kield\u00e2 mad\u00e2u\u00e1sist. Paalg\u00e2s r\u00e1j\u00e1\u0161uv\u00e1 tavveen Mudusj\u00e4\u00e4vri, nuortt\u00e2n Avveel, m\u00e4ddin Laapi, u\u00e1rjin Sall\u00e2v\u00e4\u00e4ri j\u00e1 u\u00e1rjitavveen Mye\u0111kkituodd\u00e2r palg\u00e2s\u00e1id. Palg\u00e2s en\u00e2mijn 83,5 % l\u00e1\u00e1 stat\u00e2en\u00e2meh j\u00e1 [&hellip;]<\/p>\n","protected":false},"author":1,"featured_media":0,"parent":420,"menu_order":8,"comment_status":"open","ping_status":"closed","template":"paliskuntasivut.php","meta":{"footnotes":""},"class_list":["post-1369","page","type-page","status-publish","hentry"],"_links":{"self":[{"href":"https:\/\/paliskunnat.fi\/po\/wp-json\/wp\/v2\/pages\/1369","targetHints":{"allow":["GET"]}}],"collection":[{"href":"https:\/\/paliskunnat.fi\/po\/wp-json\/wp\/v2\/pages"}],"about":[{"href":"https:\/\/paliskunnat.fi\/po\/wp-json\/wp\/v2\/types\/page"}],"author":[{"embeddable":true,"href":"https:\/\/paliskunnat.fi\/po\/wp-json\/wp\/v2\/users\/1"}],"replies":[{"embeddable":true,"href":"https:\/\/paliskunnat.fi\/po\/wp-json\/wp\/v2\/comments?post=1369"}],"version-history":[{"count":5,"href":"https:\/\/paliskunnat.fi\/po\/wp-json\/wp\/v2\/pages\/1369\/revisions"}],"predecessor-version":[{"id":5959,"href":"https:\/\/paliskunnat.fi\/po\/wp-json\/wp\/v2\/pages\/1369\/revisions\/5959"}],"up":[{"embeddable":true,"href":"https:\/\/paliskunnat.fi\/po\/wp-json\/wp\/v2\/pages\/420"}],"wp:attachment":[{"href":"https:\/\/paliskunnat.fi\/po\/wp-json\/wp\/v2\/media?parent=1369"}],"curies":[{"name":"wp","href":"https:\/\/api.w.org\/{rel}","templated":true}]}}