{"id":1375,"date":"2014-11-22T23:14:54","date_gmt":"2014-11-22T21:14:54","guid":{"rendered":"http:\/\/80.69.171.23\/py\/?page_id=1375"},"modified":"2023-06-07T15:19:29","modified_gmt":"2023-06-07T12:19:29","slug":"avveel","status":"publish","type":"page","link":"https:\/\/paliskunnat.fi\/po\/palgaseh\/palgasij-tiaduh\/avveel\/","title":{"rendered":"7 Avveel"},"content":{"rendered":"<h2>Avveel<\/h2>\n<p>Pu\u00e1sui-i\u0161\u0161eed: Kustula Niko<br \/>\nPuhelin: +358 40 844 6247<br \/>\n\u0160le\u0111g\u00e2post\u00e2: &#105;&#x76;&#x61;l&#111;&#x6e;p&#108;&#x6b;&#64;&#103;&#x6d;a&#105;&#x6c;&#x2e;&#99;&#x6f;&#x6d;<\/p>\n<p><a href=\"https:\/\/paliskunnat.fi\/bo\/wp-content\/uploads\/2014\/11\/7_ivalo.png\" rel=\"lightbox[1375]\"><img loading=\"lazy\" decoding=\"async\" class=\"alignnone wp-image-1376\" src=\"https:\/\/paliskunnat.fi\/bo\/wp-content\/uploads\/2014\/11\/7_ivalo.png\" alt=\"7 Avvil \" width=\"300\" height=\"387\" srcset=\"https:\/\/paliskunnat.fi\/po\/wp-content\/uploads\/2014\/11\/7_ivalo.png 776w, https:\/\/paliskunnat.fi\/po\/wp-content\/uploads\/2014\/11\/7_ivalo-233x300.png 233w, https:\/\/paliskunnat.fi\/po\/wp-content\/uploads\/2014\/11\/7_ivalo-768x990.png 768w\" sizes=\"auto, (max-width: 300px) 100vw, 300px\" \/><\/a><\/p>\n<table width=\"450\">\n<tbody>\n<tr>\n<td>P\u00e4ikkikield\u00e2:<\/td>\n<td>Aanaar<\/td>\n<\/tr>\n<tr>\n<td>Vijdod\u00e2h:<\/td>\n<td>2 889 km<sup>2<\/sup><\/td>\n<\/tr>\n<tr>\n<td>Stu\u00e1rr\u00e1\u00e1mus lov\u00e1l\u00e2\u0161 elleepu\u00e1suimeeri:<\/td>\n<td>6 000<\/td>\n<\/tr>\n<tr>\n<td>Pu\u00e1sui-i\u00e4ig\u00e1dijd:<\/td>\n<td>87<\/td>\n<\/tr>\n<\/tbody>\n<\/table>\n<p>Avveel paalg\u00e2s kul\u00e1 Aanaar vitt\u00e1pirr\u00e2d\u00e2h\u00e2n. Paalg\u00e2s lii Aanaar kield\u00e2 maad\u00e2u\u00e1sist. Nuortt\u00e2r\u00e1nnj\u00e1n lii Ruo\u0161\u00e2, m\u00e4ddin S\u00e4\u00e4mi, u\u00e1rjin P\u00e4nituodd\u00e2r j\u00e1 tavveen Pa\u010d\u010dvei palg\u00e2seh.<\/p>\n<p>Palg\u00e2s en\u00e2mijn 90,2 % l\u00e1\u00e1 stat\u00e2en\u00e2meh j\u00e1 9,8 % priivaaten\u00e2meh. Lasseen lii oht\u00e2s\u00e2\u0161mecci j\u00e1 privatis en\u00e2meh. Palg\u00e2s en\u00e2mijn lii Su\u00e1lui\u010dielgi ma\u0111h\u00e2\u0161emku\u00e1vd\u00e1\u0161. Lasseen ku\u00e1vlust lii Urho Kekkonen aalmugl\u00e2\u0161meecist u\u00e1si.<\/p>\n<p>Poccui kie\u0111\u00e2vu\u0161\u0161\u00e2msajeh l\u00e1\u00e1 Myei\u0111ikurr\u00e2, Juurakkomaa, Kettuj\u00e4vri, Stu\u00e1rr\u00e1b Marttinj\u00e4vri, Mutalampi, Pet\u00e4j\u00e4j\u00e4vri j\u00e1 Kostiatalasvaara. Lasseen pyehtih laiguutti\u0111 R\u00e4ji-Joovsep pyg\u00e1lysk\u00e4\u00e4rdi Laapi palg\u00e2sist.<\/p>\n<p>Palg\u00e2s ku\u00e1vlust l\u00e1\u00e1 Avveel, Ti\u00e4rm\u00e1\u00e1, \u00c1huj\u00e4\u00e4vri, Ki\u00e4v\u00e1\u00e1j\u00e4\u00e4vri, Vi\u00e4skoonjaarg\u00e2, Njellim j\u00e1 Su\u00e1lui\u010dielgi siijdah. Pajeulmuuh \u00e4\u00e4sih mest\u00e2 jyehi siijd\u00e2st.<\/p>\n<p>&nbsp;<\/p>\n<p>&nbsp;<\/p>\n<p><!--more--><\/p>\n<h2>Meccipi\u00e4mm\u00e2m Avveel palg\u00e2sist<\/h2>\n<p>Avveel palg\u00e2s mad\u00e2- j\u00e1 kosk\u00e2u\u00e1si poccui meccipi\u00e4mm\u00e2m (<a href=\"https:\/\/www.youtube.com\/watch?v=NpKRrJz-kvM\">Youtube<\/a>). Ru\u00e1vinjaarg\u00e2 \u00e1\u00e1mm\u00e1toll\u00e2\u0161kovl\u00e2 PLAB \u2013 almottum 3\/2013.<\/p>\n<p>&nbsp;<\/p>\n<p>&nbsp;<\/p>\n","protected":false},"excerpt":{"rendered":"<p>Avveel Pu\u00e1sui-i\u0161\u0161eed: Kustula Niko Puhelin: +358 40 844 6247 \u0160le\u0111g\u00e2post\u00e2: &#x69;&#x76;&#97;l&#x6f;&#x6e;&#112;&#108;k&#x40;&#x67;&#109;&#97;i&#x6c;&#x2e;&#99;om P\u00e4ikkikield\u00e2: Aanaar Vijdod\u00e2h: 2 889 km2 Stu\u00e1rr\u00e1\u00e1mus lov\u00e1l\u00e2\u0161 elleepu\u00e1suimeeri: 6 000 Pu\u00e1sui-i\u00e4ig\u00e1dijd: 87 Avveel paalg\u00e2s kul\u00e1 Aanaar vitt\u00e1pirr\u00e2d\u00e2h\u00e2n. Paalg\u00e2s lii Aanaar kield\u00e2 maad\u00e2u\u00e1sist. Nuortt\u00e2r\u00e1nnj\u00e1n lii Ruo\u0161\u00e2, m\u00e4ddin S\u00e4\u00e4mi, u\u00e1rjin P\u00e4nituodd\u00e2r j\u00e1 tavveen Pa\u010d\u010dvei palg\u00e2seh. Palg\u00e2s en\u00e2mijn 90,2 % l\u00e1\u00e1 stat\u00e2en\u00e2meh j\u00e1 9,8 % priivaaten\u00e2meh. [&hellip;]<\/p>\n","protected":false},"author":1,"featured_media":0,"parent":420,"menu_order":7,"comment_status":"open","ping_status":"closed","template":"paliskuntasivut.php","meta":{"footnotes":""},"class_list":["post-1375","page","type-page","status-publish","hentry"],"_links":{"self":[{"href":"https:\/\/paliskunnat.fi\/po\/wp-json\/wp\/v2\/pages\/1375","targetHints":{"allow":["GET"]}}],"collection":[{"href":"https:\/\/paliskunnat.fi\/po\/wp-json\/wp\/v2\/pages"}],"about":[{"href":"https:\/\/paliskunnat.fi\/po\/wp-json\/wp\/v2\/types\/page"}],"author":[{"embeddable":true,"href":"https:\/\/paliskunnat.fi\/po\/wp-json\/wp\/v2\/users\/1"}],"replies":[{"embeddable":true,"href":"https:\/\/paliskunnat.fi\/po\/wp-json\/wp\/v2\/comments?post=1375"}],"version-history":[{"count":6,"href":"https:\/\/paliskunnat.fi\/po\/wp-json\/wp\/v2\/pages\/1375\/revisions"}],"predecessor-version":[{"id":6009,"href":"https:\/\/paliskunnat.fi\/po\/wp-json\/wp\/v2\/pages\/1375\/revisions\/6009"}],"up":[{"embeddable":true,"href":"https:\/\/paliskunnat.fi\/po\/wp-json\/wp\/v2\/pages\/420"}],"wp:attachment":[{"href":"https:\/\/paliskunnat.fi\/po\/wp-json\/wp\/v2\/media?parent=1375"}],"curies":[{"name":"wp","href":"https:\/\/api.w.org\/{rel}","templated":true}]}}