{"id":1378,"date":"2014-11-22T23:21:48","date_gmt":"2014-11-22T21:21:48","guid":{"rendered":"http:\/\/80.69.171.23\/py\/?page_id=1378"},"modified":"2026-02-25T10:16:25","modified_gmt":"2026-02-25T08:16:25","slug":"kuivasalmi","status":"publish","type":"page","link":"https:\/\/paliskunnat.fi\/po\/palgaseh\/palgasij-tiaduh\/kuivasalmi\/","title":{"rendered":"15 Kuivasalmi"},"content":{"rendered":"<h2>Kuivasalmi<\/h2>\n<p>Pu\u00e1sui-i\u0161\u0161eed: Koskela Antti I.<br \/>\nPuhelin: +358 40 846 8321<br \/>\n\u0160le\u0111g\u00e2post\u00e2: &#x61;&#x6b;&#111;s&#x6b;&#x65;&#108;a8&#x36;&#x40;&#103;m&#x61;&#x69;&#108;&#46;c&#x6f;&#x6d;<\/p>\n<p><a href=\"https:\/\/paliskunnat.fi\/bo\/wp-content\/uploads\/2014\/11\/15_kuivasalmi.png\" rel=\"lightbox[1378]\"><img loading=\"lazy\" decoding=\"async\" class=\"alignnone wp-image-1380\" src=\"https:\/\/paliskunnat.fi\/bo\/wp-content\/uploads\/2014\/11\/15_kuivasalmi.png\" alt=\"15 Goike\u010doalbmi\" width=\"300\" height=\"387\" srcset=\"https:\/\/paliskunnat.fi\/po\/wp-content\/uploads\/2014\/11\/15_kuivasalmi.png 776w, https:\/\/paliskunnat.fi\/po\/wp-content\/uploads\/2014\/11\/15_kuivasalmi-233x300.png 233w, https:\/\/paliskunnat.fi\/po\/wp-content\/uploads\/2014\/11\/15_kuivasalmi-768x990.png 768w\" sizes=\"auto, (max-width: 300px) 100vw, 300px\" \/><\/a><\/p>\n<table width=\"450\">\n<tbody>\n<tr>\n<td>P\u00e4ikkikield\u00e2:<\/td>\n<td>Kittil\u00e4<\/td>\n<\/tr>\n<tr>\n<td>Vijdod\u00e2h:<\/td>\n<td>3 474 km<sup>2<\/sup><\/td>\n<\/tr>\n<tr>\n<td>Stu\u00e1rr\u00e1\u00e1mus lov\u00e1l\u00e2\u0161 elleepu\u00e1suimeeri:<\/td>\n<td>6 000<\/td>\n<\/tr>\n<tr>\n<td>Pu\u00e1sui-i\u00e4ig\u00e1dijd:<\/td>\n<td>153<\/td>\n<\/tr>\n<\/tbody>\n<\/table>\n<p>Kuivasalmi paalg\u00e2s kul\u00e1 Kitt\u00e2l vitt\u00e1pirr\u00e2d\u00e2h\u00e2n. Paalg\u00e2s lii Kitt\u00e2l kield\u00e2 nuortt\u00e2taveu\u00e1sist. Paalg\u00e2s r\u00e1j\u00e1\u0161uv\u00e1 tavveen N\u00e4kk\u00e4l\u00e4 j\u00e1 Sall\u00e2v\u00e4\u00e4ri, nuortt\u00e2n Sattasniemi j\u00e1 Laapi, m\u00e4ddin Alakyl\u00e4 j\u00e1 u\u00e1rjin Kyr\u00f6 palg\u00e2s\u00e1id.<\/p>\n<p>Palg\u00e2s en\u00e2mijn 78,8 % l\u00e1\u00e1 stat\u00e2en\u00e2meh j\u00e1 21,2 % priivaaten\u00e2meh. Palg\u00e2s taveu\u00e1si ol\u00e1 Lemmee aalmugl\u00e2\u0161meeci pel. Palg\u00e2s u\u00e1rjitaveu\u00e1si lii Pulju aalmugl\u00e2\u0161mecci j\u00e1 nuortt\u00e2tave\u010diev\u00e2st ucc\u00e2 ku\u00e1vlu ol\u00e1 P\u00e4nituodd\u00e2r mecciku\u00e1vlun.<\/p>\n<p>Ku\u00e1vdoo palg\u00e2s lii Kitt\u00e2l Suurikuusikko kolleku\u00e1ivutt\u00e2h, mii lii toim\u00e2m ive 2009. Kolleku\u00e1ivutt\u00e2h lii viij\u0111edmin Kuotko malmio ku\u00e1vlun. Tooim\u00e2i vij\u0111edem v\u00e1\u00e1t\u00e1 u\u0111\u0111\u00e2 riggodem\u010dunoiku\u00e1vlu vu\u00e1\u0111udem sehe ku\u00e1ivutt\u00e2hpirr\u00e2s vij\u0111edem. Nubbe hu\u00e1m\u00e1\u0161ittee j\u00e1 \u0161oddi\u0161 toim\u00e2 palg\u00e2s ku\u00e1vlust lii ma\u0111h\u00e2\u0161em. Levi ma\u0111h\u00e2\u0161emku\u00e1vd\u00e1\u0161 lii palg\u00e2s en\u00e2mijn. Lasseen Kuivasalmi j\u00e1 Sattasniemi r\u00e4i, Kuolavaara-Keulakkop\u00e4\u00e4 -nomm\u00e2sii p\u00e1\u00e1ik\u00e1n huksejuvvoo piegg\u00e2vyeimirustigeh.<\/p>\n<p>Kursuj\u00e4rvenmaa j\u00e1 Sammalselk\u00e4 l\u00e1\u00e1 palg\u00e2s u\u00e1ivipyg\u00e1lysk\u00e4\u00e4rdih. Palg\u00e2s lii h\u00e4\u00e4rviht aass\u00e2m. Teh\u00e1lumoseh siijdah l\u00e1\u00e1 Pulju, Lompolo, K\u00f6ng\u00e4s-Rauduskyl\u00e4, Hanhimaa, Pokka, Kuivasalmi, Kiistala, Jeesi\u00f6j\u00e4vri j\u00e1 Tepsa. Kitt\u00e2l kield\u00e2 \u010du\u00e1kkip\u00e4ikki p\u00e1\u00e1c\u00e1 palg\u00e2s ulguubel.<\/p>\n<p>&nbsp;<\/p>\n<p>&nbsp;<\/p>\n","protected":false},"excerpt":{"rendered":"<p>Kuivasalmi Pu\u00e1sui-i\u0161\u0161eed: Koskela Antti I. Puhelin: +358 40 846 8321 \u0160le\u0111g\u00e2post\u00e2: akos&#107;&#101;&#108;&#97;&#56;&#54;&#64;&#x67;&#x6d;&#x61;&#x69;&#x6c;&#x2e;&#x63;&#x6f;&#x6d; P\u00e4ikkikield\u00e2: Kittil\u00e4 Vijdod\u00e2h: 3 474 km2 Stu\u00e1rr\u00e1\u00e1mus lov\u00e1l\u00e2\u0161 elleepu\u00e1suimeeri: 6 000 Pu\u00e1sui-i\u00e4ig\u00e1dijd: 153 Kuivasalmi paalg\u00e2s kul\u00e1 Kitt\u00e2l vitt\u00e1pirr\u00e2d\u00e2h\u00e2n. Paalg\u00e2s lii Kitt\u00e2l kield\u00e2 nuortt\u00e2taveu\u00e1sist. Paalg\u00e2s r\u00e1j\u00e1\u0161uv\u00e1 tavveen N\u00e4kk\u00e4l\u00e4 j\u00e1 Sall\u00e2v\u00e4\u00e4ri, nuortt\u00e2n Sattasniemi j\u00e1 Laapi, m\u00e4ddin Alakyl\u00e4 j\u00e1 u\u00e1rjin Kyr\u00f6 palg\u00e2s\u00e1id. Palg\u00e2s en\u00e2mijn 78,8 % [&hellip;]<\/p>\n","protected":false},"author":1,"featured_media":0,"parent":420,"menu_order":15,"comment_status":"open","ping_status":"closed","template":"paliskuntasivut.php","meta":{"footnotes":""},"class_list":["post-1378","page","type-page","status-publish","hentry"],"_links":{"self":[{"href":"https:\/\/paliskunnat.fi\/po\/wp-json\/wp\/v2\/pages\/1378","targetHints":{"allow":["GET"]}}],"collection":[{"href":"https:\/\/paliskunnat.fi\/po\/wp-json\/wp\/v2\/pages"}],"about":[{"href":"https:\/\/paliskunnat.fi\/po\/wp-json\/wp\/v2\/types\/page"}],"author":[{"embeddable":true,"href":"https:\/\/paliskunnat.fi\/po\/wp-json\/wp\/v2\/users\/1"}],"replies":[{"embeddable":true,"href":"https:\/\/paliskunnat.fi\/po\/wp-json\/wp\/v2\/comments?post=1378"}],"version-history":[{"count":7,"href":"https:\/\/paliskunnat.fi\/po\/wp-json\/wp\/v2\/pages\/1378\/revisions"}],"predecessor-version":[{"id":6153,"href":"https:\/\/paliskunnat.fi\/po\/wp-json\/wp\/v2\/pages\/1378\/revisions\/6153"}],"up":[{"embeddable":true,"href":"https:\/\/paliskunnat.fi\/po\/wp-json\/wp\/v2\/pages\/420"}],"wp:attachment":[{"href":"https:\/\/paliskunnat.fi\/po\/wp-json\/wp\/v2\/media?parent=1378"}],"curies":[{"name":"wp","href":"https:\/\/api.w.org\/{rel}","templated":true}]}}