{"id":1383,"date":"2014-11-22T23:28:51","date_gmt":"2014-11-22T21:28:51","guid":{"rendered":"http:\/\/80.69.171.23\/py\/?page_id=1383"},"modified":"2023-06-07T14:46:28","modified_gmt":"2023-06-07T11:46:28","slug":"sattasniemi","status":"publish","type":"page","link":"https:\/\/paliskunnat.fi\/po\/palgaseh\/palgasij-tiaduh\/sattasniemi\/","title":{"rendered":"17 Sattasniemi"},"content":{"rendered":"<h2>Sattasniemi<\/h2>\n<p>Pu\u00e1sui-i\u0161\u0161eed: Riipi Matti<br \/>\nPuhelin: +358 40 706 6832<br \/>\n\u0160le\u0111g\u00e2post\u00e2: &#x73;&#97;&#x74;&#x74;&#97;&#x73;&#110;i&#x65;&#109;i&#x6d;&#97;t&#x74;&#105;&#64;&#x67;&#109;&#x61;&#x69;&#108;&#x2e;&#x63;&#111;&#x6d;<\/p>\n<p><a href=\"https:\/\/paliskunnat.fi\/bo\/wp-content\/uploads\/2014\/11\/17_sattasniemi.png\" rel=\"lightbox[1383]\"><img loading=\"lazy\" decoding=\"async\" class=\"alignnone wp-image-1385\" src=\"https:\/\/paliskunnat.fi\/bo\/wp-content\/uploads\/2014\/11\/17_sattasniemi.png\" alt=\"17 Sattasniemi\" width=\"300\" height=\"387\" srcset=\"https:\/\/paliskunnat.fi\/po\/wp-content\/uploads\/2014\/11\/17_sattasniemi.png 776w, https:\/\/paliskunnat.fi\/po\/wp-content\/uploads\/2014\/11\/17_sattasniemi-233x300.png 233w, https:\/\/paliskunnat.fi\/po\/wp-content\/uploads\/2014\/11\/17_sattasniemi-768x990.png 768w\" sizes=\"auto, (max-width: 300px) 100vw, 300px\" \/><\/a><\/p>\n<table width=\"450\">\n<tbody>\n<tr>\n<td>P\u00e4ikkikield\u00e2:<\/td>\n<td>Su\u00e1\u0111igil<\/td>\n<\/tr>\n<tr>\n<td>Vijdod\u00e2h:<\/td>\n<td>2 413 km<sup>2<\/sup><\/td>\n<\/tr>\n<tr>\n<td>Stu\u00e1rr\u00e1\u00e1mus lov\u00e1l\u00e2\u0161 elleepu\u00e1suimeeri:<\/td>\n<td>5 300<\/td>\n<\/tr>\n<tr>\n<td>Pu\u00e1sui-i\u00e4ig\u00e1dijd:<\/td>\n<td>163<\/td>\n<\/tr>\n<\/tbody>\n<\/table>\n<p>Sattasniemi paalg\u00e2s kul\u00e1 Su\u00e1\u0111igil vitt\u00e1pirr\u00e2d\u00e2h\u00e2n. Paalg\u00e2s lii Su\u00e1\u0111ikyl\u00e1 kield\u00e2st. Paalg\u00e2s r\u00e1j\u00e1\u0161uv\u00e1 tavveen S\u00e4\u00e4mi, nuortt\u00e2n Oraniemi, m\u00e4ddin Syv\u00e4j\u00e4rvi j\u00e1 u\u00e1rjin Kuivasalmi palg\u00e2s\u00e1id.<\/p>\n<p>Palg\u00e2s en\u00e2mijn 85,9 % l\u00e1\u00e1 stat\u00e2en\u00e2meh j\u00e1 14,1 % priivaaten\u00e2meh. Palg\u00e2s ku\u00e1vlust l\u00e1\u00e1 Pomokaira suoj\u00e2lemku\u00e1vlu j\u00e1 Kaarestunturi suoj\u00e2lemku\u00e1vlu moh l\u00e1\u00e1 31,5 % palg\u00e2sid vijdoduvv\u00e2st. Palg\u00e2s ku\u00e1vlust l\u00e1\u00e1 vitt\u00e2 \u010d\u00e4civyeimi puovt\u00e2dm\u00e2n u\u00e1ivildum taho\u00e1ld\u00e1. Lasseen palg\u00e2sist lii tu\u00e1ist\u00e1\u00e1\u017e\u00e2n toim\u00e2idis kosk\u00e2ldut\u00e1m Pahtavaara kolleku\u00e1ivutt\u00e2h. Su\u00e1\u0111igil su\u00e1tivieh\u00e2saje lii palg\u00e2s ku\u00e1vlust.<\/p>\n<p>Palg\u00e2s u\u00e1ivipyg\u00e1lysk\u00e4\u00e4rdih l\u00e1\u00e1 Kautoselk\u00e4 j\u00e1 Sattasvaara. Eres k\u00e4rdisajeh l\u00e1\u00e1 Kurkiper\u00e4vaara, Kaarresselk\u00e4, Hirvilauttanen, Vanttio, Poksaselk\u00e4, Kuorajoki, Vuoromarova, Salmuri j\u00e1 Kunnanen.<\/p>\n<p>Palg\u00e2s aass\u00e2m lii ti\u00e4tt\u00e1sumos Su\u00e1\u0111igil \u010du\u00e1kkip\u00e4\u00e4ihist. Rajala sijd\u00e2 lii ku\u00e1vdoo palg\u00e2s j\u00e1 eres siijdah (Kersil\u00f6, Sattanen, Jeesi\u00f6 j\u00e1 Su\u00e1\u0111ikyl\u00e1) l\u00e1\u00e1 palg\u00e2s r\u00e4jiku\u00e1vluin.<\/p>\n<p>&nbsp;<\/p>\n<p>&nbsp;<\/p>\n","protected":false},"excerpt":{"rendered":"<p>Sattasniemi Pu\u00e1sui-i\u0161\u0161eed: Riipi Matti Puhelin: +358 40 706 6832 \u0160le\u0111g\u00e2post\u00e2: &#x73;a&#x74;&#116;a&#x73;&#110;&#x69;&#x65;m&#x69;&#109;a&#x74;&#116;&#x69;&#64;g&#x6d;&#97;i&#x6c;&#46;&#x63;&#111;m P\u00e4ikkikield\u00e2: Su\u00e1\u0111igil Vijdod\u00e2h: 2 413 km2 Stu\u00e1rr\u00e1\u00e1mus lov\u00e1l\u00e2\u0161 elleepu\u00e1suimeeri: 5 300 Pu\u00e1sui-i\u00e4ig\u00e1dijd: 163 Sattasniemi paalg\u00e2s kul\u00e1 Su\u00e1\u0111igil vitt\u00e1pirr\u00e2d\u00e2h\u00e2n. Paalg\u00e2s lii Su\u00e1\u0111ikyl\u00e1 kield\u00e2st. Paalg\u00e2s r\u00e1j\u00e1\u0161uv\u00e1 tavveen S\u00e4\u00e4mi, nuortt\u00e2n Oraniemi, m\u00e4ddin Syv\u00e4j\u00e4rvi j\u00e1 u\u00e1rjin Kuivasalmi palg\u00e2s\u00e1id. Palg\u00e2s en\u00e2mijn 85,9 % l\u00e1\u00e1 stat\u00e2en\u00e2meh j\u00e1 14,1 % priivaaten\u00e2meh. [&hellip;]<\/p>\n","protected":false},"author":1,"featured_media":0,"parent":420,"menu_order":17,"comment_status":"open","ping_status":"closed","template":"paliskuntasivut.php","meta":{"footnotes":""},"class_list":["post-1383","page","type-page","status-publish","hentry"],"_links":{"self":[{"href":"https:\/\/paliskunnat.fi\/po\/wp-json\/wp\/v2\/pages\/1383","targetHints":{"allow":["GET"]}}],"collection":[{"href":"https:\/\/paliskunnat.fi\/po\/wp-json\/wp\/v2\/pages"}],"about":[{"href":"https:\/\/paliskunnat.fi\/po\/wp-json\/wp\/v2\/types\/page"}],"author":[{"embeddable":true,"href":"https:\/\/paliskunnat.fi\/po\/wp-json\/wp\/v2\/users\/1"}],"replies":[{"embeddable":true,"href":"https:\/\/paliskunnat.fi\/po\/wp-json\/wp\/v2\/comments?post=1383"}],"version-history":[{"count":5,"href":"https:\/\/paliskunnat.fi\/po\/wp-json\/wp\/v2\/pages\/1383\/revisions"}],"predecessor-version":[{"id":5968,"href":"https:\/\/paliskunnat.fi\/po\/wp-json\/wp\/v2\/pages\/1383\/revisions\/5968"}],"up":[{"embeddable":true,"href":"https:\/\/paliskunnat.fi\/po\/wp-json\/wp\/v2\/pages\/420"}],"wp:attachment":[{"href":"https:\/\/paliskunnat.fi\/po\/wp-json\/wp\/v2\/media?parent=1383"}],"curies":[{"name":"wp","href":"https:\/\/api.w.org\/{rel}","templated":true}]}}