{"id":1389,"date":"2014-11-22T23:38:36","date_gmt":"2014-11-22T21:38:36","guid":{"rendered":"http:\/\/80.69.171.23\/py\/?page_id=1389"},"modified":"2024-08-08T16:00:40","modified_gmt":"2024-08-08T13:00:40","slug":"lappi","status":"publish","type":"page","link":"https:\/\/paliskunnat.fi\/po\/palgaseh\/palgasij-tiaduh\/lappi\/","title":{"rendered":"21 Lappi"},"content":{"rendered":"<h2><strong>21 Lappi<\/strong><\/h2>\n<p>Pu\u00e1sui-i\u0161\u0161eed: Hirvasvuopio Nilla<br \/>\nPuhelin: +358 40 017 3385<br \/>\n\u0160le\u0111g\u00e2post\u00e2: <span class=\"laatikko1\">&#108;&#97;&#x70;i&#110;&#x70;&#x61;l&#107;&#x69;&#x6e;e&#110;&#x40;g&#109;&#x61;&#x69;l&#46;&#x63;&#x6f;m<\/span><\/p>\n<p><a href=\"https:\/\/paliskunnat.fi\/bo\/wp-content\/uploads\/2014\/11\/21_lappi.png\" rel=\"lightbox[1389]\"><img loading=\"lazy\" decoding=\"async\" class=\"alignnone wp-image-1392\" src=\"https:\/\/paliskunnat.fi\/bo\/wp-content\/uploads\/2014\/11\/21_lappi.png\" alt=\"21 S\u00e1pmi\" width=\"300\" height=\"387\" srcset=\"https:\/\/paliskunnat.fi\/po\/wp-content\/uploads\/2014\/11\/21_lappi.png 776w, https:\/\/paliskunnat.fi\/po\/wp-content\/uploads\/2014\/11\/21_lappi-233x300.png 233w, https:\/\/paliskunnat.fi\/po\/wp-content\/uploads\/2014\/11\/21_lappi-768x990.png 768w\" sizes=\"auto, (max-width: 300px) 100vw, 300px\" \/><\/a><\/p>\n<table width=\"450\">\n<tbody>\n<tr>\n<td>P\u00e4ikkikield\u00e2:<\/td>\n<td>Su\u00e1\u0111igil<\/td>\n<\/tr>\n<tr>\n<td>Vijdod\u00e2h:<\/td>\n<td>4 396 km<sup>2<\/sup><\/td>\n<\/tr>\n<tr>\n<td>Stu\u00e1rr\u00e1\u00e1mus lov\u00e1l\u00e2\u0161 elleepu\u00e1suimeeri:<\/td>\n<td>8 000<\/td>\n<\/tr>\n<tr>\n<td>Pu\u00e1sui-i\u00e4ig\u00e1dijd:<\/td>\n<td>146<\/td>\n<\/tr>\n<\/tbody>\n<\/table>\n<p>S\u00e4\u00e4mi paalg\u00e2s kul\u00e1 Su\u00e1\u0111igil vitt\u00e1pirr\u00e2d\u00e2h\u00e2n. Paalg\u00e2s lii Su\u00e1\u0111igil kield\u00e2 taveu\u00e1sist j\u00e1 v\u00e1h\u00e1 meid Aanaar j\u00e1 Suov\u00e2kuo\u0161k\u00e2 kield\u00e2i peln.<\/p>\n<p>Paalg\u00e2s r\u00e1j\u00e1\u0161uv\u00e1 tavveen S\u00e1llev\u00e1rri, P\u00e4nituodd\u00e2r j\u00e1 Avveel palg\u00e2s\u00e1id, nuortt\u00e2n Ruo\u0161\u00e2 r\u00e4i, nuortt\u00e2m\u00e4ddin Kiem\u00e2-Suobb\u00e2d, m\u00e4ddin Oraniemi j\u00e1 Sattasniemi j\u00e1 nuortt\u00e2n Kuivasalmi palg\u00e2s\u00e1id.<\/p>\n<p>Palg\u00e2s en\u00e2mijn 94,2 % l\u00e1\u00e1 stat\u00e2en\u00e2meh j\u00e1 5,8 % priivaaten\u00e2meh.<\/p>\n<p>&nbsp;<\/p>\n<p>&nbsp;<\/p>\n<p>&nbsp;<\/p>\n","protected":false},"excerpt":{"rendered":"<p>21 Lappi Pu\u00e1sui-i\u0161\u0161eed: Hirvasvuopio Nilla Puhelin: +358 40 017 3385 \u0160le\u0111g\u00e2post\u00e2: l&#97;&#112;&#x69;&#x6e;pa&#108;&#107;&#x69;&#x6e;en&#64;&#103;&#x6d;&#x61;il&#46;&#x63;&#x6f;&#x6d; P\u00e4ikkikield\u00e2: Su\u00e1\u0111igil Vijdod\u00e2h: 4 396 km2 Stu\u00e1rr\u00e1\u00e1mus lov\u00e1l\u00e2\u0161 elleepu\u00e1suimeeri: 8 000 Pu\u00e1sui-i\u00e4ig\u00e1dijd: 146 S\u00e4\u00e4mi paalg\u00e2s kul\u00e1 Su\u00e1\u0111igil vitt\u00e1pirr\u00e2d\u00e2h\u00e2n. Paalg\u00e2s lii Su\u00e1\u0111igil kield\u00e2 taveu\u00e1sist j\u00e1 v\u00e1h\u00e1 meid Aanaar j\u00e1 Suov\u00e2kuo\u0161k\u00e2 kield\u00e2i peln. Paalg\u00e2s r\u00e1j\u00e1\u0161uv\u00e1 tavveen S\u00e1llev\u00e1rri, P\u00e4nituodd\u00e2r j\u00e1 Avveel palg\u00e2s\u00e1id, nuortt\u00e2n Ruo\u0161\u00e2 r\u00e4i, nuortt\u00e2m\u00e4ddin [&hellip;]<\/p>\n","protected":false},"author":1,"featured_media":0,"parent":420,"menu_order":21,"comment_status":"open","ping_status":"closed","template":"paliskuntasivut.php","meta":{"footnotes":""},"class_list":["post-1389","page","type-page","status-publish","hentry"],"_links":{"self":[{"href":"https:\/\/paliskunnat.fi\/po\/wp-json\/wp\/v2\/pages\/1389","targetHints":{"allow":["GET"]}}],"collection":[{"href":"https:\/\/paliskunnat.fi\/po\/wp-json\/wp\/v2\/pages"}],"about":[{"href":"https:\/\/paliskunnat.fi\/po\/wp-json\/wp\/v2\/types\/page"}],"author":[{"embeddable":true,"href":"https:\/\/paliskunnat.fi\/po\/wp-json\/wp\/v2\/users\/1"}],"replies":[{"embeddable":true,"href":"https:\/\/paliskunnat.fi\/po\/wp-json\/wp\/v2\/comments?post=1389"}],"version-history":[{"count":8,"href":"https:\/\/paliskunnat.fi\/po\/wp-json\/wp\/v2\/pages\/1389\/revisions"}],"predecessor-version":[{"id":6098,"href":"https:\/\/paliskunnat.fi\/po\/wp-json\/wp\/v2\/pages\/1389\/revisions\/6098"}],"up":[{"embeddable":true,"href":"https:\/\/paliskunnat.fi\/po\/wp-json\/wp\/v2\/pages\/420"}],"wp:attachment":[{"href":"https:\/\/paliskunnat.fi\/po\/wp-json\/wp\/v2\/media?parent=1389"}],"curies":[{"name":"wp","href":"https:\/\/api.w.org\/{rel}","templated":true}]}}