{"id":1395,"date":"2014-11-22T23:43:29","date_gmt":"2014-11-22T21:43:29","guid":{"rendered":"http:\/\/80.69.171.23\/py\/?page_id=1395"},"modified":"2023-06-07T14:49:08","modified_gmt":"2023-06-07T11:49:08","slug":"kiema-suobbad","status":"publish","type":"page","link":"https:\/\/paliskunnat.fi\/po\/palgaseh\/palgasij-tiaduh\/kiema-suobbad\/","title":{"rendered":"22 Kiem\u00e2-Suobb\u00e2d"},"content":{"rendered":"<h2>Kiem\u00e2-Suobb\u00e2d<\/h2>\n<p>Pu\u00e1sui-i\u0161\u0161eed: Kavakka Mika<br \/>\nPuhelin: +358 400 211 861<br \/>\n\u0160le\u0111g\u00e2post\u00e2: mik&#97;&#46;&#107;&#97;&#x76;&#x61;&#x6b;&#x6b;&#x61;&#x40;&#x67;mai&#108;&#46;&#99;&#111;&#109;<\/p>\n<p><a href=\"http:\/\/paliskunnat.fi\/bo\/wp-content\/uploads\/2014\/11\/22_kemin_sompio.png\" rel=\"lightbox[1395]\"><img loading=\"lazy\" decoding=\"async\" class=\"wp-image-1397 alignnone\" src=\"http:\/\/paliskunnat.fi\/bo\/wp-content\/uploads\/2014\/11\/22_kemin_sompio.png\" alt=\"22 Giema-Soabbat\" width=\"300\" height=\"387\" srcset=\"https:\/\/paliskunnat.fi\/po\/wp-content\/uploads\/2014\/11\/22_kemin_sompio.png 776w, https:\/\/paliskunnat.fi\/po\/wp-content\/uploads\/2014\/11\/22_kemin_sompio-233x300.png 233w, https:\/\/paliskunnat.fi\/po\/wp-content\/uploads\/2014\/11\/22_kemin_sompio-768x990.png 768w\" sizes=\"auto, (max-width: 300px) 100vw, 300px\" \/><\/a><\/p>\n<table width=\"450\">\n<tbody>\n<tr>\n<td>P\u00e4ikkikield\u00e2:<\/td>\n<td>Savukoski<\/td>\n<\/tr>\n<tr>\n<td>Vijdod\u00e2h:<\/td>\n<td>5 708 km<sup>2<\/sup><\/td>\n<\/tr>\n<tr>\n<td>Stu\u00e1rr\u00e1\u00e1mus lov\u00e1l\u00e2\u0161 elleepu\u00e1suimeeri:<\/td>\n<td>12 000<\/td>\n<\/tr>\n<tr>\n<td>Pu\u00e1sui-i\u00e4ig\u00e1dijd:<\/td>\n<td>179<\/td>\n<\/tr>\n<\/tbody>\n<\/table>\n<p>Kiem\u00e2-Suobb\u00e2d paalg\u00e2s kulloo Kiem\u00e2kyl\u00e1 vitt\u00e1pirr\u00e2d\u00e2h\u00e2n. Paalg\u00e2s lii Suov\u00e2kuo\u0161k\u00e2 kield\u00e2 ku\u00e1vlust j\u00e1 u\u00e1s\u00e1n meid Su\u00e1\u0111igil kield\u00e2 peln.<\/p>\n<p>Paalg\u00e2s r\u00e1j\u00e1\u0161uv\u00e1 tavveen Ruo\u0161\u00e2 v\u00e4ldikode r\u00e4i, nuortt\u00e2n Tave-Salla, m\u00e4ddin Salla j\u00e1 u\u00e1rjin Oraniemi j\u00e1 Laapi palg\u00e2s\u00e1id.<\/p>\n<p>Palg\u00e2s en\u00e2mijn 90,9 % l\u00e1\u00e1 stat\u00e2en\u00e2meh j\u00e1 9,1 % priivaaten\u00e2meh.<\/p>\n<p>Sokli fosfaatruuki lep vu\u00e1v\u00e1m Kiem\u00e2-Suobb\u00e2d palg\u00e2s\u00e2n een\u00e2b ucceeb aktiivl\u00e1vt ive 1967 r\u00e4\u00e4jist, ko k\u00e1vnus kavnii. Majemui iivij proojeekt ovd\u00e2skulij tu\u00e1lvumist lii v\u00e4stid\u00e2m Yara Suomi Oy. Malm\u00e2 siskeeld fosfor lasseen r\u00e4vdee, mangaan, niobi, tant\u00e1la j\u00e1 uuraan. Jis ku\u00e1ivutt\u00e2h ol\u00e1\u0161uv\u00e1, tu\u00e1lvu\u010d\u010dij toh viij\u0111es ku\u00e1ttumen\u00e2mijd, hettii\u010d\u010dij poccui varriist\u00e2ll\u00e2m j\u00e1 paggii\u010d\u010dij palg\u00e2s nub\u00e1stutti\u0111 pu\u00e1suitu\u00e1lu mietim\u00e1i. Ton lasseen, Kiem\u00e2juuv\u00e2 vij\u0111es \u010d\u00e1c\u00e1duv alda leijee Sokli maalm\u00e2 \u00e1vh\u00e1st\u00e2ll\u00e2m siskeeld tuo\u0111\u00e2l\u00e2\u0161 \u010du\u00e1vdimettum kemikaall\u00e2\u0161 j\u00e1 radioaktiivl\u00e2\u0161 pir\u00e2sriisk\u00e2id. Tai suuj\u00e2i tiet Kiem\u00e2-Suobb\u00e2d paalg\u00e2s vu\u00e1st\u00e1list Sokli ku\u00e1ivutt\u00e2hproojeekt j\u00e1 ij ane tom pu\u00e1suitu\u00e1lulaav\u00e2 mield lav\u00e2l\u00e2\u017e\u017e\u00e2n.<\/p>\n<p>&nbsp;<\/p>\n<p>&nbsp;<\/p>\n<p><!--more--><\/p>\n<h2>Sokli-l\u00e1vva alemuu hald\u00e2tt\u00e2hri\u00e4ht\u00e1n<\/h2>\n<p>Pajeulmuuh tu\u00e1lvuh Sokli-l\u00e1va alemuu hald\u00e2tt\u00e2hri\u00e4ht\u00e1n (<a href=\"http:\/\/yle.fi\/uutiset\/poromiehet_vievat_sokli-kaavan_korkeimpaan_hallinto-oikeuteen\/7913238\">YLE<\/a> 7.5.2015).<\/p>\n<h2>Sokli er\u00e4maana<\/h2>\n<p>Sokli mecciku\u00e1vlun\u00a0<a href=\"https:\/\/fi-fi.facebook.com\/soklieramaana\">FB-sij\u0111o<\/a>.<\/p>\n<h2>Poccui \u010dokkim Giema-Soabbahis<\/h2>\n<p>Poccui \u010dokkip pyg\u00e1lys\u00e1id Giema-Soabbahis (<a href=\"https:\/\/www.youtube.com\/watch?v=o6v6hcXrPaQ\">Youtube<\/a>). Tuomas V\u00e4rri\u00f6 \u2013 almottum 3\/2015.<\/p>\n","protected":false},"excerpt":{"rendered":"<p>Kiem\u00e2-Suobb\u00e2d Pu\u00e1sui-i\u0161\u0161eed: Kavakka Mika Puhelin: +358 400 211 861 \u0160le\u0111g\u00e2post\u00e2: &#x6d;&#x69;&#107;&#97;&#46;k&#x61;&#x76;&#x61;&#107;ka&#x40;&#x67;&#x6d;&#97;&#105;l&#x2e;&#x63;&#x6f;&#109; P\u00e4ikkikield\u00e2: Savukoski Vijdod\u00e2h: 5 708 km2 Stu\u00e1rr\u00e1\u00e1mus lov\u00e1l\u00e2\u0161 elleepu\u00e1suimeeri: 12 000 Pu\u00e1sui-i\u00e4ig\u00e1dijd: 179 Kiem\u00e2-Suobb\u00e2d paalg\u00e2s kulloo Kiem\u00e2kyl\u00e1 vitt\u00e1pirr\u00e2d\u00e2h\u00e2n. Paalg\u00e2s lii Suov\u00e2kuo\u0161k\u00e2 kield\u00e2 ku\u00e1vlust j\u00e1 u\u00e1s\u00e1n meid Su\u00e1\u0111igil kield\u00e2 peln. Paalg\u00e2s r\u00e1j\u00e1\u0161uv\u00e1 tavveen Ruo\u0161\u00e2 v\u00e4ldikode r\u00e4i, nuortt\u00e2n Tave-Salla, m\u00e4ddin Salla j\u00e1 u\u00e1rjin Oraniemi j\u00e1 Laapi [&hellip;]<\/p>\n","protected":false},"author":1,"featured_media":0,"parent":420,"menu_order":22,"comment_status":"open","ping_status":"closed","template":"paliskuntasivut.php","meta":{"footnotes":""},"class_list":["post-1395","page","type-page","status-publish","hentry"],"_links":{"self":[{"href":"https:\/\/paliskunnat.fi\/po\/wp-json\/wp\/v2\/pages\/1395","targetHints":{"allow":["GET"]}}],"collection":[{"href":"https:\/\/paliskunnat.fi\/po\/wp-json\/wp\/v2\/pages"}],"about":[{"href":"https:\/\/paliskunnat.fi\/po\/wp-json\/wp\/v2\/types\/page"}],"author":[{"embeddable":true,"href":"https:\/\/paliskunnat.fi\/po\/wp-json\/wp\/v2\/users\/1"}],"replies":[{"embeddable":true,"href":"https:\/\/paliskunnat.fi\/po\/wp-json\/wp\/v2\/comments?post=1395"}],"version-history":[{"count":6,"href":"https:\/\/paliskunnat.fi\/po\/wp-json\/wp\/v2\/pages\/1395\/revisions"}],"predecessor-version":[{"id":5972,"href":"https:\/\/paliskunnat.fi\/po\/wp-json\/wp\/v2\/pages\/1395\/revisions\/5972"}],"up":[{"embeddable":true,"href":"https:\/\/paliskunnat.fi\/po\/wp-json\/wp\/v2\/pages\/420"}],"wp:attachment":[{"href":"https:\/\/paliskunnat.fi\/po\/wp-json\/wp\/v2\/media?parent=1395"}],"curies":[{"name":"wp","href":"https:\/\/api.w.org\/{rel}","templated":true}]}}