{"id":1400,"date":"2014-11-22T23:47:35","date_gmt":"2014-11-22T21:47:35","guid":{"rendered":"http:\/\/80.69.171.23\/py\/?page_id=1400"},"modified":"2025-06-10T15:10:53","modified_gmt":"2025-06-10T12:10:53","slug":"tave-salla","status":"publish","type":"page","link":"https:\/\/paliskunnat.fi\/po\/palgaseh\/palgasij-tiaduh\/tave-salla\/","title":{"rendered":"23 Tave-Salla"},"content":{"rendered":"<h2><strong>Tave-Salla<\/strong><\/h2>\n<p>Pu\u00e1sui-i\u0161\u0161eed: Aatsinki Lasse<br \/>\nPuhelin: +358 40 535 0184<br \/>\n\u0160le\u0111g\u00e2post\u00e2: &#108;a&#x73;s&#x65;a&#x61;&#116;&#x73;&#105;&#x6e;&#107;i&#x2e;p&#x6f;h&#x6a;&#111;&#x69;&#115;&#x73;&#97;&#x6c;&#108;a&#x40;g&#x6d;a&#x69;&#108;&#x2e;&#99;&#x6f;&#109;<\/p>\n<p><a href=\"http:\/\/paliskunnat.fi\/bo\/wp-content\/uploads\/2014\/11\/23_pohjois_salla.png\" rel=\"lightbox[1400]\"><img loading=\"lazy\" decoding=\"async\" class=\"alignnone wp-image-1401\" src=\"http:\/\/paliskunnat.fi\/bo\/wp-content\/uploads\/2014\/11\/23_pohjois_salla.png\" alt=\"23 Davvi-Salla\" width=\"300\" height=\"387\" srcset=\"https:\/\/paliskunnat.fi\/po\/wp-content\/uploads\/2014\/11\/23_pohjois_salla.png 776w, https:\/\/paliskunnat.fi\/po\/wp-content\/uploads\/2014\/11\/23_pohjois_salla-233x300.png 233w, https:\/\/paliskunnat.fi\/po\/wp-content\/uploads\/2014\/11\/23_pohjois_salla-768x990.png 768w\" sizes=\"auto, (max-width: 300px) 100vw, 300px\" \/><\/a><\/p>\n<table width=\"450\">\n<tbody>\n<tr>\n<td>P\u00e4ikkikield\u00e2:<\/td>\n<td>Salla<\/td>\n<\/tr>\n<tr>\n<td>Vijdod\u00e2h:<\/td>\n<td>2 137 km<sup>2<\/sup><\/td>\n<\/tr>\n<tr>\n<td>Stu\u00e1rr\u00e1\u00e1mus lov\u00e1l\u00e2\u0161 elleepu\u00e1suimeeri:<\/td>\n<td>4 800<\/td>\n<\/tr>\n<tr>\n<td>Pu\u00e1sui-i\u00e4ig\u00e1dijd:<\/td>\n<td>102<\/td>\n<\/tr>\n<\/tbody>\n<\/table>\n<p>Tave-Salla paalg\u00e2s kulloo Kiem\u00e2kyl\u00e1 vitt\u00e1pirr\u00e2d\u00e2h\u00e2n. Paalg\u00e2s lii Salla kield\u00e2 taveu\u00e1sist. Paalg\u00e2s r\u00e1j\u00e1\u0161uv\u00e1 tave-nuortt\u00e2ku\u00e1vlust Ruo\u0161\u00e2 r\u00e4i, m\u00e4ddin Salla j\u00e1 nuortt\u00e2n Kiem\u00e2-Suobb\u00e2d palg\u00e2s\u00e1id.<\/p>\n<p>Palg\u00e2s en\u00e2mijn 65,7 % l\u00e1\u00e1 stat\u00e2en\u00e2meh j\u00e1 24,3 % priivaaten\u00e2meh.<\/p>\n<p>Palg\u00e2s pyg\u00e1lysk\u00e4\u00e4rdih l\u00e1\u00e1 Aukiselk\u00e4, Kuningastolppa, Tuohivaara, Sarasaari, Lautakotaoja,\u00a0 Aitatsivaara, V\u00e4rri\u00f6, R\u00e4ntselm\u00e4selk\u00e4 j\u00e1 Peurahaara.<\/p>\n<p>Naruskas \u00e4\u00e4sih mu\u00e1ddi pu\u00e1suiulmuu. U\u00e1iviu\u00e1si u\u00e1s\u00e1lijn i\u00e4 aas\u00e2 palg\u00e2s ku\u00e1vlust, mut Salla kirkkosiijd\u00e2st teikk\u00e2 Salla pie\u0111gimaass\u00e2mku\u00e1vlust.<\/p>\n<p>&nbsp;<\/p>\n<p>&nbsp;<\/p>\n","protected":false},"excerpt":{"rendered":"<p>Tave-Salla Pu\u00e1sui-i\u0161\u0161eed: Aatsinki Lasse Puhelin: +358 40 535 0184 \u0160le\u0111g\u00e2post\u00e2: &#x6c;a&#x73;&#115;e&#x61;&#97;&#x74;&#x73;i&#x6e;&#107;i&#x2e;&#112;&#x6f;&#104;j&#x6f;&#105;s&#x73;&#97;&#x6c;&#108;a&#x40;&#103;&#x6d;&#x61;i&#x6c;&#46;c&#x6f;&#109; P\u00e4ikkikield\u00e2: Salla Vijdod\u00e2h: 2 137 km2 Stu\u00e1rr\u00e1\u00e1mus lov\u00e1l\u00e2\u0161 elleepu\u00e1suimeeri: 4 800 Pu\u00e1sui-i\u00e4ig\u00e1dijd: 102 Tave-Salla paalg\u00e2s kulloo Kiem\u00e2kyl\u00e1 vitt\u00e1pirr\u00e2d\u00e2h\u00e2n. Paalg\u00e2s lii Salla kield\u00e2 taveu\u00e1sist. Paalg\u00e2s r\u00e1j\u00e1\u0161uv\u00e1 tave-nuortt\u00e2ku\u00e1vlust Ruo\u0161\u00e2 r\u00e4i, m\u00e4ddin Salla j\u00e1 nuortt\u00e2n Kiem\u00e2-Suobb\u00e2d palg\u00e2s\u00e1id. Palg\u00e2s en\u00e2mijn 65,7 % l\u00e1\u00e1 stat\u00e2en\u00e2meh j\u00e1 24,3 % priivaaten\u00e2meh. [&hellip;]<\/p>\n","protected":false},"author":1,"featured_media":0,"parent":420,"menu_order":23,"comment_status":"open","ping_status":"closed","template":"paliskuntasivut.php","meta":{"footnotes":""},"class_list":["post-1400","page","type-page","status-publish","hentry"],"_links":{"self":[{"href":"https:\/\/paliskunnat.fi\/po\/wp-json\/wp\/v2\/pages\/1400","targetHints":{"allow":["GET"]}}],"collection":[{"href":"https:\/\/paliskunnat.fi\/po\/wp-json\/wp\/v2\/pages"}],"about":[{"href":"https:\/\/paliskunnat.fi\/po\/wp-json\/wp\/v2\/types\/page"}],"author":[{"embeddable":true,"href":"https:\/\/paliskunnat.fi\/po\/wp-json\/wp\/v2\/users\/1"}],"replies":[{"embeddable":true,"href":"https:\/\/paliskunnat.fi\/po\/wp-json\/wp\/v2\/comments?post=1400"}],"version-history":[{"count":7,"href":"https:\/\/paliskunnat.fi\/po\/wp-json\/wp\/v2\/pages\/1400\/revisions"}],"predecessor-version":[{"id":6134,"href":"https:\/\/paliskunnat.fi\/po\/wp-json\/wp\/v2\/pages\/1400\/revisions\/6134"}],"up":[{"embeddable":true,"href":"https:\/\/paliskunnat.fi\/po\/wp-json\/wp\/v2\/pages\/420"}],"wp:attachment":[{"href":"https:\/\/paliskunnat.fi\/po\/wp-json\/wp\/v2\/media?parent=1400"}],"curies":[{"name":"wp","href":"https:\/\/api.w.org\/{rel}","templated":true}]}}