{"id":1418,"date":"2014-11-23T11:49:10","date_gmt":"2014-11-23T09:49:10","guid":{"rendered":"http:\/\/80.69.171.23\/py\/?page_id=1418"},"modified":"2023-06-07T14:45:48","modified_gmt":"2023-06-07T11:45:48","slug":"alakyla","status":"publish","type":"page","link":"https:\/\/paliskunnat.fi\/po\/palgaseh\/palgasij-tiaduh\/alakyla\/","title":{"rendered":"16 Alakyl\u00e4"},"content":{"rendered":"<h2>Alakyl\u00e4<\/h2>\n<p>Pu\u00e1sui-i\u0161\u0161eed: Kantola Antti<br \/>\nPuhelin: \u00a0 +358 40 562 5214<br \/>\n\u0160le\u0111g\u00e2post\u00e2: &#x61;&#x6e;&#116;&#116;i&#x2e;&#x6b;&#x61;&#110;&#116;o&#x6c;&#x61;&#x40;&#107;&#97;i&#x72;&#x61;&#x6e;&#112;&#97;l&#x76;&#x65;&#x6c;&#117;t&#46;&#x66;&#x69;<\/p>\n<p><a href=\"https:\/\/paliskunnat.fi\/bo\/wp-content\/uploads\/2014\/11\/16_alakyla.png\" rel=\"lightbox[1418]\"><img loading=\"lazy\" decoding=\"async\" class=\"alignnone wp-image-1424\" src=\"https:\/\/paliskunnat.fi\/bo\/wp-content\/uploads\/2014\/11\/16_alakyla.png\" alt=\"16 Alakyl\u00e4\" width=\"300\" height=\"387\" srcset=\"https:\/\/paliskunnat.fi\/po\/wp-content\/uploads\/2014\/11\/16_alakyla.png 776w, https:\/\/paliskunnat.fi\/po\/wp-content\/uploads\/2014\/11\/16_alakyla-233x300.png 233w, https:\/\/paliskunnat.fi\/po\/wp-content\/uploads\/2014\/11\/16_alakyla-768x990.png 768w\" sizes=\"auto, (max-width: 300px) 100vw, 300px\" \/><\/a><\/p>\n<table width=\"450\">\n<tbody>\n<tr>\n<td>P\u00e4ikkikield\u00e2:<\/td>\n<td>Kitt\u00e2l<\/td>\n<\/tr>\n<tr>\n<td>Vijdod\u00e2h:<\/td>\n<td>2 978 km<sup>2<\/sup><\/td>\n<\/tr>\n<tr>\n<td>Stu\u00e1rr\u00e1\u00e1mus lov\u00e1l\u00e2\u0161 elleepu\u00e1suimeeri:<\/td>\n<td>5 300<\/td>\n<\/tr>\n<tr>\n<td>Pu\u00e1sui-i\u00e4ig\u00e1dijd:<\/td>\n<td>95<\/td>\n<\/tr>\n<\/tbody>\n<\/table>\n<p>Alakyl\u00e4 paalg\u00e2s kul\u00e1 Kitt\u00e2l vitt\u00e1pirr\u00e2d\u00e2h\u00e2n. Paalg\u00e2s lii Kitt\u00e2l kield\u00e2 mad\u00e2u\u00e1sist. Paalg\u00e2s r\u00e1j\u00e1\u0161uv\u00e1 u\u00e1rjin Muonio j\u00e1 Kolari, m\u00e4ddin J\u00e4\u00e4sk\u00f6 j\u00e1 Poikaj\u00e4rvi, nuortt\u00e2n Syv\u00e4j\u00e4rvi j\u00e1 tavveen Kuivasalmi j\u00e1 Kyr\u00f6 palg\u00e2s\u00e1id.<\/p>\n<p>Palg\u00e2s en\u00e2mijn 53,7 % l\u00e1\u00e1 stat\u00e2en\u00e2meh j\u00e1 46,3 % priivaaten\u00e2meh. Jyehi ku\u00e1vlust palg\u00e2s l\u00e1\u00e1 suoj\u00e2lemohjelmijd kullee en\u00e2meh, i\u00e4n\u00e1\u00e1\u0161 jegijsuoj\u00e2lemku\u00e1vluh. Suoj\u00e2lemku\u00e1vlui vijdod\u00e2h lii hu\u00e1m\u00e1\u0161ittee. Levi-tuodd\u00e2r ma\u0111h\u00e2\u0161emku\u00e1vd\u00e1\u0161 lii palg\u00e2s taver\u00e4\u00e4jist.<\/p>\n<p>Alakyl\u00e4 palg\u00e2sist l\u00e1\u00e1 17 kie\u0111\u00e2vu\u0161\u0161\u00e2msaijeed poccuid, moh l\u00e1\u00e1 mi\u00e4t\u00e1 palg\u00e2s.<\/p>\n<p>Ku\u00e1vlu lii h\u00e4\u00e4sejum ti\u00e4tt\u00e1s\u00e1vt j\u00e1 i\u00e4n\u00e1\u00e1\u0161 tast lii Avnaasi\u00e4nu leevi siijd\u00e2in; Lohiniva, Kaukonen, Helppi, Alakyl\u00e4, Kitt\u00e2l j\u00e1 Sirkka.<\/p>\n<p>&nbsp;<\/p>\n<p>&nbsp;<\/p>\n","protected":false},"excerpt":{"rendered":"<p>Alakyl\u00e4 Pu\u00e1sui-i\u0161\u0161eed: Kantola Antti Puhelin: \u00a0 +358 40 562 5214 \u0160le\u0111g\u00e2post\u00e2: &#x61;&#x6e;&#x74;&#116;&#105;&#46;k&#x61;&#x6e;&#x74;&#111;&#108;a&#64;&#x6b;&#x61;&#x69;&#114;&#97;np&#x61;&#x6c;&#x76;&#101;&#108;ut&#x2e;&#x66;&#x69; P\u00e4ikkikield\u00e2: Kitt\u00e2l Vijdod\u00e2h: 2 978 km2 Stu\u00e1rr\u00e1\u00e1mus lov\u00e1l\u00e2\u0161 elleepu\u00e1suimeeri: 5 300 Pu\u00e1sui-i\u00e4ig\u00e1dijd: 95 Alakyl\u00e4 paalg\u00e2s kul\u00e1 Kitt\u00e2l vitt\u00e1pirr\u00e2d\u00e2h\u00e2n. Paalg\u00e2s lii Kitt\u00e2l kield\u00e2 mad\u00e2u\u00e1sist. Paalg\u00e2s r\u00e1j\u00e1\u0161uv\u00e1 u\u00e1rjin Muonio j\u00e1 Kolari, m\u00e4ddin J\u00e4\u00e4sk\u00f6 j\u00e1 Poikaj\u00e4rvi, nuortt\u00e2n Syv\u00e4j\u00e4rvi j\u00e1 tavveen Kuivasalmi j\u00e1 Kyr\u00f6 palg\u00e2s\u00e1id. Palg\u00e2s en\u00e2mijn [&hellip;]<\/p>\n","protected":false},"author":1,"featured_media":0,"parent":420,"menu_order":16,"comment_status":"open","ping_status":"closed","template":"paliskuntasivut.php","meta":{"footnotes":""},"class_list":["post-1418","page","type-page","status-publish","hentry"],"_links":{"self":[{"href":"https:\/\/paliskunnat.fi\/po\/wp-json\/wp\/v2\/pages\/1418","targetHints":{"allow":["GET"]}}],"collection":[{"href":"https:\/\/paliskunnat.fi\/po\/wp-json\/wp\/v2\/pages"}],"about":[{"href":"https:\/\/paliskunnat.fi\/po\/wp-json\/wp\/v2\/types\/page"}],"author":[{"embeddable":true,"href":"https:\/\/paliskunnat.fi\/po\/wp-json\/wp\/v2\/users\/1"}],"replies":[{"embeddable":true,"href":"https:\/\/paliskunnat.fi\/po\/wp-json\/wp\/v2\/comments?post=1418"}],"version-history":[{"count":5,"href":"https:\/\/paliskunnat.fi\/po\/wp-json\/wp\/v2\/pages\/1418\/revisions"}],"predecessor-version":[{"id":5967,"href":"https:\/\/paliskunnat.fi\/po\/wp-json\/wp\/v2\/pages\/1418\/revisions\/5967"}],"up":[{"embeddable":true,"href":"https:\/\/paliskunnat.fi\/po\/wp-json\/wp\/v2\/pages\/420"}],"wp:attachment":[{"href":"https:\/\/paliskunnat.fi\/po\/wp-json\/wp\/v2\/media?parent=1418"}],"curies":[{"name":"wp","href":"https:\/\/api.w.org\/{rel}","templated":true}]}}