{"id":1420,"date":"2014-11-23T11:50:30","date_gmt":"2014-11-23T09:50:30","guid":{"rendered":"http:\/\/80.69.171.23\/py\/?page_id=1420"},"modified":"2023-06-07T14:47:50","modified_gmt":"2023-06-07T11:47:50","slug":"syvajarvi","status":"publish","type":"page","link":"https:\/\/paliskunnat.fi\/po\/palgaseh\/palgasij-tiaduh\/syvajarvi\/","title":{"rendered":"19 Syv\u00e4j\u00e4rvi"},"content":{"rendered":"<h2>Syv\u00e4j\u00e4rvi<\/h2>\n<p>Pu\u00e1sui-i\u0161\u0161eed: Hannula Jari<br \/>\nPuhelin: +358 40 742 0291<br \/>\n\u0160le\u0111g\u00e2post\u00e2: &#x6a;&#x61;&#x72;&#x69;&#46;&#104;ann&#x75;&#x6c;&#x61;&#x2e;&#115;&#121;vap&#x6c;&#x6b;&#x40;&#x67;&#109;&#97;&#105;l&#46;&#x63;&#x6f;&#x6d;<\/p>\n<p><a href=\"https:\/\/paliskunnat.fi\/bo\/wp-content\/uploads\/2014\/11\/19_syvajarvi.png\" rel=\"lightbox[1420]\"><img loading=\"lazy\" decoding=\"async\" class=\"alignnone wp-image-1427\" src=\"https:\/\/paliskunnat.fi\/bo\/wp-content\/uploads\/2014\/11\/19_syvajarvi.png\" alt=\"19_syvajarvi\" width=\"300\" height=\"387\" srcset=\"https:\/\/paliskunnat.fi\/po\/wp-content\/uploads\/2014\/11\/19_syvajarvi.png 776w, https:\/\/paliskunnat.fi\/po\/wp-content\/uploads\/2014\/11\/19_syvajarvi-233x300.png 233w, https:\/\/paliskunnat.fi\/po\/wp-content\/uploads\/2014\/11\/19_syvajarvi-768x990.png 768w\" sizes=\"auto, (max-width: 300px) 100vw, 300px\" \/><\/a><\/p>\n<table width=\"450\">\n<tbody>\n<tr>\n<td>P\u00e4ikkikield\u00e2:<\/td>\n<td>Su\u00e1\u0111igil<\/td>\n<\/tr>\n<tr>\n<td>Vijdod\u00e2h:<\/td>\n<td>2 315 km<sup>2<\/sup><\/td>\n<\/tr>\n<tr>\n<td>Stu\u00e1rr\u00e1\u00e1mus lov\u00e1l\u00e2\u0161 elleepu\u00e1suimeeri:<\/td>\n<td>5 500<\/td>\n<\/tr>\n<tr>\n<td>Pu\u00e1sui-i\u00e4ig\u00e1dijd:<\/td>\n<td>106<\/td>\n<\/tr>\n<\/tbody>\n<\/table>\n<p>Syv\u00e4j\u00e4rvi paalg\u00e2s kul\u00e1 Su\u00e1\u0111igil vitt\u00e1pirr\u00e2d\u00e2h\u00e2n. Paalg\u00e2s lii Su\u00e1\u0111igil kield\u00e2 maad\u00e2u\u00e1sist j\u00e1 ol\u00e1 v\u00e1h\u00e1 meid Ru\u00e1vinjaarg\u00e2 pel. Davvin paalg\u00e2s r\u00e1j\u00e1\u0161uv\u00e1 Sattasniemi, nuortt\u00e2n Oraniemi j\u00e1 Pyh\u00e4-Kallio, m\u00e4ddin Poikaj\u00e4rvi j\u00e1 u\u00e1rjin Alakyl\u00e4 palg\u00e2s\u00e1id.<\/p>\n<p>Palg\u00e2s en\u00e2mijn 51,3 % l\u00e1\u00e1 stat\u00e2en\u00e2meh j\u00e1 48,7 % priivaaten\u00e2meh. Kyl\u00e4j\u00e4rvi p\u00e4\u00e4\u010d\u010dimku\u00e1vlu lii Piitti\u00f6kairas, mon oom\u00e2st staat\u00e2 j\u00e1 lii pi\u00e4lu\u0161temvuoimij ki\u00e4vtust. Palg\u00e2sist lii lav\u014bepuovt\u00e2demku\u00e1vlu j\u00e1 Su\u00e1\u0111ikyl\u00e1 Joukhais\u010di\u00e4lg\u00e1n huksejuvvoo piegg\u00e2vyeimi puovt\u00e2demku\u00e1vlu.<\/p>\n<p>Palg\u00e2sist lii koh\u010d\u00e2vis \u00e4i\u0111ivi\u00e4rm\u00e1d\u00e2h, mast l\u00e1\u00e1 suull\u00e2n 24 k\u00e4rdid.<\/p>\n<p>Hu\u00e1m\u00e1\u0161ittee aass\u00e2m\u010du\u00e1kkip\u00e4ikki lii Su\u00e1\u0111ikyl\u00e1 kirkkosijd\u00e2.<\/p>\n<p>&nbsp;<\/p>\n<p>&nbsp;<\/p>\n","protected":false},"excerpt":{"rendered":"<p>Syv\u00e4j\u00e4rvi Pu\u00e1sui-i\u0161\u0161eed: Hannula Jari Puhelin: +358 40 742 0291 \u0160le\u0111g\u00e2post\u00e2: &#x6a;&#x61;&#x72;&#x69;&#x2e;&#x68;&#x61;&#x6e;&#110;&#117;&#108;&#97;&#46;&#115;&#121;vapl&#x6b;&#x40;&#x67;&#x6d;&#x61;&#x69;&#x6c;&#x2e;&#x63;&#111;&#109; P\u00e4ikkikield\u00e2: Su\u00e1\u0111igil Vijdod\u00e2h: 2 315 km2 Stu\u00e1rr\u00e1\u00e1mus lov\u00e1l\u00e2\u0161 elleepu\u00e1suimeeri: 5 500 Pu\u00e1sui-i\u00e4ig\u00e1dijd: 106 Syv\u00e4j\u00e4rvi paalg\u00e2s kul\u00e1 Su\u00e1\u0111igil vitt\u00e1pirr\u00e2d\u00e2h\u00e2n. Paalg\u00e2s lii Su\u00e1\u0111igil kield\u00e2 maad\u00e2u\u00e1sist j\u00e1 ol\u00e1 v\u00e1h\u00e1 meid Ru\u00e1vinjaarg\u00e2 pel. Davvin paalg\u00e2s r\u00e1j\u00e1\u0161uv\u00e1 Sattasniemi, nuortt\u00e2n Oraniemi j\u00e1 Pyh\u00e4-Kallio, m\u00e4ddin Poikaj\u00e4rvi j\u00e1 u\u00e1rjin Alakyl\u00e4 palg\u00e2s\u00e1id. Palg\u00e2s [&hellip;]<\/p>\n","protected":false},"author":1,"featured_media":0,"parent":420,"menu_order":19,"comment_status":"open","ping_status":"closed","template":"paliskuntasivut.php","meta":{"footnotes":""},"class_list":["post-1420","page","type-page","status-publish","hentry"],"_links":{"self":[{"href":"https:\/\/paliskunnat.fi\/po\/wp-json\/wp\/v2\/pages\/1420","targetHints":{"allow":["GET"]}}],"collection":[{"href":"https:\/\/paliskunnat.fi\/po\/wp-json\/wp\/v2\/pages"}],"about":[{"href":"https:\/\/paliskunnat.fi\/po\/wp-json\/wp\/v2\/types\/page"}],"author":[{"embeddable":true,"href":"https:\/\/paliskunnat.fi\/po\/wp-json\/wp\/v2\/users\/1"}],"replies":[{"embeddable":true,"href":"https:\/\/paliskunnat.fi\/po\/wp-json\/wp\/v2\/comments?post=1420"}],"version-history":[{"count":4,"href":"https:\/\/paliskunnat.fi\/po\/wp-json\/wp\/v2\/pages\/1420\/revisions"}],"predecessor-version":[{"id":5970,"href":"https:\/\/paliskunnat.fi\/po\/wp-json\/wp\/v2\/pages\/1420\/revisions\/5970"}],"up":[{"embeddable":true,"href":"https:\/\/paliskunnat.fi\/po\/wp-json\/wp\/v2\/pages\/420"}],"wp:attachment":[{"href":"https:\/\/paliskunnat.fi\/po\/wp-json\/wp\/v2\/media?parent=1420"}],"curies":[{"name":"wp","href":"https:\/\/api.w.org\/{rel}","templated":true}]}}