{"id":1422,"date":"2014-11-23T11:52:15","date_gmt":"2014-11-23T09:52:15","guid":{"rendered":"http:\/\/80.69.171.23\/py\/?page_id=1422"},"modified":"2023-06-07T14:47:11","modified_gmt":"2023-06-07T11:47:11","slug":"oraniemi","status":"publish","type":"page","link":"https:\/\/paliskunnat.fi\/po\/palgaseh\/palgasij-tiaduh\/oraniemi\/","title":{"rendered":"18 Oraniemi"},"content":{"rendered":"<h2>Oraniemi<\/h2>\n<p>Pu\u00e1sui-i\u0161\u0161eed: Siivola Martti<br \/>\nPuhelin: +358 40 0182 580<br \/>\n\u0160le\u0111g\u00e2post\u00e2: m&#97;&#114;&#x74;&#x74;&#x69;&#46;s&#105;&#105;&#x76;&#x6f;&#x6c;a&#64;&#108;&#117;&#x75;&#x6b;&#x6b;u&#46;&#99;&#x6f;&#x6d;<\/p>\n<p><a href=\"https:\/\/paliskunnat.fi\/bo\/wp-content\/uploads\/2014\/11\/18_oraniemi.png\" rel=\"lightbox[1422]\"><img loading=\"lazy\" decoding=\"async\" class=\"alignnone wp-image-1429\" src=\"https:\/\/paliskunnat.fi\/bo\/wp-content\/uploads\/2014\/11\/18_oraniemi.png\" alt=\"18 Oraniemi\" width=\"300\" height=\"387\" srcset=\"https:\/\/paliskunnat.fi\/po\/wp-content\/uploads\/2014\/11\/18_oraniemi.png 776w, https:\/\/paliskunnat.fi\/po\/wp-content\/uploads\/2014\/11\/18_oraniemi-233x300.png 233w, https:\/\/paliskunnat.fi\/po\/wp-content\/uploads\/2014\/11\/18_oraniemi-768x990.png 768w\" sizes=\"auto, (max-width: 300px) 100vw, 300px\" \/><\/a><\/p>\n<table width=\"450\">\n<tbody>\n<tr>\n<td>P\u00e4ikkikield\u00e2:<\/td>\n<td>Su\u00e1\u0111igil<\/td>\n<\/tr>\n<tr>\n<td>Vijdod\u00e2h:<\/td>\n<td>4 085 km<sup>2<\/sup><\/td>\n<\/tr>\n<tr>\n<td>Stu\u00e1rr\u00e1\u00e1mus lov\u00e1l\u00e2\u0161 elleepu\u00e1suimeeri:<\/td>\n<td>6 000<\/td>\n<\/tr>\n<tr>\n<td>Pu\u00e1sui-i\u00e4ig\u00e1dijd:<\/td>\n<td>123<\/td>\n<\/tr>\n<\/tbody>\n<\/table>\n<p>Oraniemi paalg\u00e2s kul\u00e1 Su\u00e1\u0111igil vitt\u00e1pirr\u00e2d\u00e2h\u00e2n. Paalg\u00e2s lii kuulm\u00e2 kield\u00e2st: Su\u00e1\u0111igilist (60 %), Pelkosenniemist (15 %) j\u00e1 Suov\u00e2kuo\u0161k\u00e2st (25 %). Paalg\u00e2s r\u00e1j\u00e1\u0161uv\u00e1 tavveen S\u00e4\u00e4mi, nuortt\u00e2n Kiem\u00e2-Suobb\u00e2d, m\u00e4ddin Hirvasniemi j\u00e1 Pyh\u00e4-Kallio, u\u00e1rjim\u00e4ddin Syv\u00e4j\u00e4rvi j\u00e1 u\u00e1rjin Sattaniemi palg\u00e2s\u00e1id.<\/p>\n<p>Palg\u00e2s en\u00e2mijn 69,4 % l\u00e1\u00e1 stat\u00e2en\u00e2meh j\u00e1\u00a0 30,6 % priivaaten\u00e2meh. Palg\u00e2sist l\u00e1\u00e1 Natura-ku\u00e1vluh, moh l\u00e1\u00e1 tuo\u0111\u00e2i teh\u00e1liih ku\u00e1ttumen\u00e2meh. Palg\u00e2s en\u00e2mijn lii Kevitsa ma\u014bg\u00e2meetaalruuki, mii lii toim\u00e2m ive 2012. Palg\u00e2sist lii lasseen aktiivl\u00e2\u0161 maalm\u00e2uucc\u00e2m, moin kuhemus\u00e2n lii kierg\u00e2n\u00e2m Sakatti ku\u00e1ivutt\u00e2hproojeekt. Maalm\u00e2uucc\u00e2mku\u00e1vluh oleh u\u00e1s\u00e1n Natura-ku\u00e1vloid. Tai lasseen Oraniemi en\u00e2mijn lii Puolakkav\u00e4\u00e4rist Turveruukki Paarnitsa-\u00e4pijeegi lav\u014bepuovt\u00e2demku\u00e1vlu sehe kuh\u00e1s ovd\u00e1n\u00e2m piegg\u00e2vyeimiruustigproojeekt Keluvaarast.<\/p>\n<p>Palg\u00e2s stu\u00e1rr\u00e1\u00e1mus j\u00e1 teh\u00e1lumos pyg\u00e1lysk\u00e4rdi lii Kyl\u00e4selk\u00e4. Eres pyg\u00e1lysk\u00e4\u00e4rdih l\u00e1\u00e1 Routusvaara, Nallukka, Matero, Niemiselk\u00e4, Kommatti j\u00e1 Tulinenj\u00e4rvi.<\/p>\n<p>Stu\u00e1rr\u00e1\u00e1mus \u010du\u00e1kkip\u00e4ikki lii Su\u00e1\u0111ikyl\u00e1 kirkkosijd\u00e2, mon nuortt\u00e2peeli kulloo Oraniemi palg\u00e2s\u00e2n. Stu\u00e1rr\u00e1\u00e1mus u\u00e1si palg\u00e2s u\u00e1s\u00e1lijn \u00e4\u00e4sih palg\u00e2s ku\u00e1vlu pie\u0111gimaass\u00e2mku\u00e1vlu siijd\u00e2in.<\/p>\n<p>&nbsp;<\/p>\n<p><!--more--><\/p>\n<h2>Pu\u00e1suir\u00e4tkim 1982<\/h2>\n<p>Pu\u00e1suir\u00e4tkim Kommattivaaras 1982 (<a href=\"https:\/\/www.youtube.com\/watch?v=Hu5JQ0M1JhA\">Youtube<\/a>).\u00a0Kuvvim: Pentti Vuoj\u00e4rvi \u2013 almottum 3\/2013.<\/p>\n<p>&nbsp;<\/p>\n","protected":false},"excerpt":{"rendered":"<p>Oraniemi Pu\u00e1sui-i\u0161\u0161eed: Siivola Martti Puhelin: +358 40 0182 580 \u0160le\u0111g\u00e2post\u00e2: &#x6d;&#x61;&#x72;&#x74;&#x74;&#x69;&#x2e;&#x73;&#x69;&#x69;&#x76;&#x6f;&#x6c;&#x61;&#x40;&#x6c;&#x75;&#x75;&#x6b;&#x6b;&#x75;&#x2e;&#99;&#111;&#109; P\u00e4ikkikield\u00e2: Su\u00e1\u0111igil Vijdod\u00e2h: 4 085 km2 Stu\u00e1rr\u00e1\u00e1mus lov\u00e1l\u00e2\u0161 elleepu\u00e1suimeeri: 6 000 Pu\u00e1sui-i\u00e4ig\u00e1dijd: 123 Oraniemi paalg\u00e2s kul\u00e1 Su\u00e1\u0111igil vitt\u00e1pirr\u00e2d\u00e2h\u00e2n. Paalg\u00e2s lii kuulm\u00e2 kield\u00e2st: Su\u00e1\u0111igilist (60 %), Pelkosenniemist (15 %) j\u00e1 Suov\u00e2kuo\u0161k\u00e2st (25 %). Paalg\u00e2s r\u00e1j\u00e1\u0161uv\u00e1 tavveen S\u00e4\u00e4mi, nuortt\u00e2n Kiem\u00e2-Suobb\u00e2d, m\u00e4ddin Hirvasniemi j\u00e1 Pyh\u00e4-Kallio, u\u00e1rjim\u00e4ddin Syv\u00e4j\u00e4rvi [&hellip;]<\/p>\n","protected":false},"author":1,"featured_media":0,"parent":420,"menu_order":18,"comment_status":"open","ping_status":"closed","template":"paliskuntasivut.php","meta":{"footnotes":""},"class_list":["post-1422","page","type-page","status-publish","hentry"],"_links":{"self":[{"href":"https:\/\/paliskunnat.fi\/po\/wp-json\/wp\/v2\/pages\/1422","targetHints":{"allow":["GET"]}}],"collection":[{"href":"https:\/\/paliskunnat.fi\/po\/wp-json\/wp\/v2\/pages"}],"about":[{"href":"https:\/\/paliskunnat.fi\/po\/wp-json\/wp\/v2\/types\/page"}],"author":[{"embeddable":true,"href":"https:\/\/paliskunnat.fi\/po\/wp-json\/wp\/v2\/users\/1"}],"replies":[{"embeddable":true,"href":"https:\/\/paliskunnat.fi\/po\/wp-json\/wp\/v2\/comments?post=1422"}],"version-history":[{"count":4,"href":"https:\/\/paliskunnat.fi\/po\/wp-json\/wp\/v2\/pages\/1422\/revisions"}],"predecessor-version":[{"id":5969,"href":"https:\/\/paliskunnat.fi\/po\/wp-json\/wp\/v2\/pages\/1422\/revisions\/5969"}],"up":[{"embeddable":true,"href":"https:\/\/paliskunnat.fi\/po\/wp-json\/wp\/v2\/pages\/420"}],"wp:attachment":[{"href":"https:\/\/paliskunnat.fi\/po\/wp-json\/wp\/v2\/media?parent=1422"}],"curies":[{"name":"wp","href":"https:\/\/api.w.org\/{rel}","templated":true}]}}