{"id":1446,"date":"2014-11-23T14:58:45","date_gmt":"2014-11-23T12:58:45","guid":{"rendered":"http:\/\/80.69.171.23\/py\/?page_id=1446"},"modified":"2025-06-03T11:44:48","modified_gmt":"2025-06-03T08:44:48","slug":"salla","status":"publish","type":"page","link":"https:\/\/paliskunnat.fi\/po\/palgaseh\/palgasij-tiaduh\/salla\/","title":{"rendered":"24 Salla"},"content":{"rendered":"<h2>Salla<\/h2>\n<p>P\u00e4ikkikield\u00e2: Mursu Sami<br \/>\nPuhelin: +358 40 547 1397<br \/>\n\u0160le\u0111g\u00e2post\u00e2: &#x73;&#x61;&#x6c;&#x6c;&#x61;&#x6e;&#x70;&#x6c;&#x6b;&#x32;&#x34;&#x40;&#x67;&#x6d;&#97;&#105;&#108;&#46;&#99;&#111;&#109;<\/p>\n<p><a href=\"https:\/\/paliskunnat.fi\/bo\/wp-content\/uploads\/2014\/11\/24_salla.png\" rel=\"lightbox[1446]\"><img loading=\"lazy\" decoding=\"async\" class=\"alignnone wp-image-1495\" src=\"https:\/\/paliskunnat.fi\/bo\/wp-content\/uploads\/2014\/11\/24_salla.png\" alt=\"24 Salla\" width=\"300\" height=\"387\" srcset=\"https:\/\/paliskunnat.fi\/po\/wp-content\/uploads\/2014\/11\/24_salla.png 775w, https:\/\/paliskunnat.fi\/po\/wp-content\/uploads\/2014\/11\/24_salla-233x300.png 233w, https:\/\/paliskunnat.fi\/po\/wp-content\/uploads\/2014\/11\/24_salla-768x991.png 768w\" sizes=\"auto, (max-width: 300px) 100vw, 300px\" \/><\/a><\/p>\n<table width=\"450\">\n<tbody>\n<tr>\n<td>P\u00e4ikkikield\u00e2:<\/td>\n<td>Salla<\/td>\n<\/tr>\n<tr>\n<td>Vijdod\u00e2h:<\/td>\n<td>4 402 km<sup>2<\/sup><\/td>\n<\/tr>\n<tr>\n<td>Stu\u00e1rr\u00e1\u00e1mus lov\u00e1l\u00e2\u0161 elleepu\u00e1suimeeri:<\/td>\n<td>5 300<\/td>\n<\/tr>\n<tr>\n<td>Pu\u00e1sui-i\u00e4ig\u00e1dijd:<\/td>\n<td>178<\/td>\n<\/tr>\n<\/tbody>\n<\/table>\n<p>Salla paalg\u00e2s kul\u00e1 Salla vitt\u00e1pirr\u00e2d\u00e2h\u00e2n. Paalg\u00e2s lii i\u00e4n\u00e1\u00e1\u0161 Salla kield\u00e2 peln j\u00e1 v\u00e1h\u00e1 meid Kiem\u00e2j\u00e4\u00e4vri, Pelkosenniemi j\u00e1 Suov\u00e2kuo\u0161k\u00e2 kield\u00e2i peln.<\/p>\n<p>Paalg\u00e2s r\u00e1j\u00e1\u0161uv\u00e1 nuortt\u00e2n Ruo\u0161\u00e2 r\u00e4i. M\u00e4ddin paalg\u00e2s r\u00e1j\u00e1\u0161uv\u00e1 Alakitka j\u00e1 Tolva, u\u00e1rjin Hirvasniemi, u\u00e1rjitavveen Oraniemi j\u00e1 tavveen Kiem\u00e2-Suobb\u00e2d j\u00e1 Tave-Salla palg\u00e2s\u00e1id.<\/p>\n<p>Palg\u00e2s en\u00e2mijn 36,1 % l\u00e1\u00e1 stat\u00e2en\u00e2meh j\u00e1 63,9 % priivaaten\u00e2meh. Oulanka aalmugl\u00e2\u0161mecci lii u\u00e1s\u00e1n palg\u00e2s peln. Sallatuod\u00e2r \u010duoig\u00e2mku\u00e1vd\u00e1\u0161 lii palg\u00e2s ku\u00e1vlust.<\/p>\n<p>Palg\u00e2sist l\u00e1\u00e1 kidd\u00e2disk\u00e4\u00e4rdih mut sirdemk\u00e4\u00e4rdih l\u00e1\u00e1 aanoost taveoosijn. Aass\u00e2m lii \u010dokkim Salla kirkkosiijd\u00e2n j\u00e1 ju\u00e1h\u00e1s mudoi t\u00e4sivubboid uceb\u00e1id sijd\u00e1id.<\/p>\n<p>&nbsp;<\/p>\n<p>&nbsp;<\/p>\n<p>&nbsp;<\/p>\n","protected":false},"excerpt":{"rendered":"<p>Salla P\u00e4ikkikield\u00e2: Mursu Sami Puhelin: +358 40 547 1397 \u0160le\u0111g\u00e2post\u00e2: s&#97;&#108;&#x6c;&#x61;n&#112;&#108;&#x6b;&#x32;&#x34;&#64;&#103;&#109;&#x61;&#x69;l&#46;&#99;&#x6f;&#x6d; P\u00e4ikkikield\u00e2: Salla Vijdod\u00e2h: 4 402 km2 Stu\u00e1rr\u00e1\u00e1mus lov\u00e1l\u00e2\u0161 elleepu\u00e1suimeeri: 5 300 Pu\u00e1sui-i\u00e4ig\u00e1dijd: 178 Salla paalg\u00e2s kul\u00e1 Salla vitt\u00e1pirr\u00e2d\u00e2h\u00e2n. Paalg\u00e2s lii i\u00e4n\u00e1\u00e1\u0161 Salla kield\u00e2 peln j\u00e1 v\u00e1h\u00e1 meid Kiem\u00e2j\u00e4\u00e4vri, Pelkosenniemi j\u00e1 Suov\u00e2kuo\u0161k\u00e2 kield\u00e2i peln. Paalg\u00e2s r\u00e1j\u00e1\u0161uv\u00e1 nuortt\u00e2n Ruo\u0161\u00e2 r\u00e4i. M\u00e4ddin paalg\u00e2s r\u00e1j\u00e1\u0161uv\u00e1 Alakitka j\u00e1 Tolva, [&hellip;]<\/p>\n","protected":false},"author":1,"featured_media":0,"parent":420,"menu_order":24,"comment_status":"open","ping_status":"closed","template":"paliskuntasivut.php","meta":{"footnotes":""},"class_list":["post-1446","page","type-page","status-publish","hentry"],"_links":{"self":[{"href":"https:\/\/paliskunnat.fi\/po\/wp-json\/wp\/v2\/pages\/1446","targetHints":{"allow":["GET"]}}],"collection":[{"href":"https:\/\/paliskunnat.fi\/po\/wp-json\/wp\/v2\/pages"}],"about":[{"href":"https:\/\/paliskunnat.fi\/po\/wp-json\/wp\/v2\/types\/page"}],"author":[{"embeddable":true,"href":"https:\/\/paliskunnat.fi\/po\/wp-json\/wp\/v2\/users\/1"}],"replies":[{"embeddable":true,"href":"https:\/\/paliskunnat.fi\/po\/wp-json\/wp\/v2\/comments?post=1446"}],"version-history":[{"count":5,"href":"https:\/\/paliskunnat.fi\/po\/wp-json\/wp\/v2\/pages\/1446\/revisions"}],"predecessor-version":[{"id":6130,"href":"https:\/\/paliskunnat.fi\/po\/wp-json\/wp\/v2\/pages\/1446\/revisions\/6130"}],"up":[{"embeddable":true,"href":"https:\/\/paliskunnat.fi\/po\/wp-json\/wp\/v2\/pages\/420"}],"wp:attachment":[{"href":"https:\/\/paliskunnat.fi\/po\/wp-json\/wp\/v2\/media?parent=1446"}],"curies":[{"name":"wp","href":"https:\/\/api.w.org\/{rel}","templated":true}]}}