{"id":1449,"date":"2014-11-23T15:12:52","date_gmt":"2014-11-23T13:12:52","guid":{"rendered":"http:\/\/80.69.171.23\/py\/?page_id=1449"},"modified":"2024-05-31T14:05:40","modified_gmt":"2024-05-31T11:05:40","slug":"hirvasniemi","status":"publish","type":"page","link":"https:\/\/paliskunnat.fi\/po\/palgaseh\/palgasij-tiaduh\/hirvasniemi\/","title":{"rendered":"25  Hirvasniemi"},"content":{"rendered":"<h2>Hirvasniemi<\/h2>\n<p>Pu\u00e1sui-i\u0161\u0161eed: Alaluusua Alpo<br \/>\nPuhelin: +358 40 720 9385<br \/>\n\u0160le\u0111g\u00e2post\u00e2: &#97;&#x6c;&#x70;&#111;&#x61;&#x6c;a&#x6c;&#x75;u&#115;&#x75;a&#64;&#x67;m&#97;&#x69;l&#46;&#x63;o&#109;<\/p>\n<p><a href=\"https:\/\/paliskunnat.fi\/bo\/wp-content\/uploads\/2014\/11\/25_hirvasniemi.png\" rel=\"lightbox[1449]\"><img loading=\"lazy\" decoding=\"async\" class=\"alignnone wp-image-1501\" src=\"https:\/\/paliskunnat.fi\/bo\/wp-content\/uploads\/2014\/11\/25_hirvasniemi.png\" alt=\"25 Hirvassniemi\" width=\"300\" height=\"387\" srcset=\"https:\/\/paliskunnat.fi\/po\/wp-content\/uploads\/2014\/11\/25_hirvasniemi.png 776w, https:\/\/paliskunnat.fi\/po\/wp-content\/uploads\/2014\/11\/25_hirvasniemi-233x300.png 233w, https:\/\/paliskunnat.fi\/po\/wp-content\/uploads\/2014\/11\/25_hirvasniemi-768x990.png 768w\" sizes=\"auto, (max-width: 300px) 100vw, 300px\" \/><\/a><\/p>\n<table width=\"450\">\n<tbody>\n<tr>\n<td>P\u00e4ikkikield\u00e2:<\/td>\n<td>Kiem\u00e2j\u00e4vri<\/td>\n<\/tr>\n<tr>\n<td>Vijdod\u00e2h:<\/td>\n<td>1 928 km<sup>2<\/sup><\/td>\n<\/tr>\n<tr>\n<td>Stu\u00e1rr\u00e1\u00e1mus lov\u00e1l\u00e2\u0161 elleepu\u00e1suimeeri:<\/td>\n<td>2 300<\/td>\n<\/tr>\n<tr>\n<td>Pu\u00e1sui-i\u00e4ig\u00e1dijd:<\/td>\n<td>70<\/td>\n<\/tr>\n<\/tbody>\n<\/table>\n<p>Hirvasniemi paalg\u00e2s kul\u00e1 Salla vitt\u00e1pirr\u00e2d\u00e2h\u00e2n. Paalg\u00e2s lii Kemij\u00e4\u00e4vri (s. 65 %), Pelkosenniemi (s. 25 %) j\u00e1 Savukoski (s. 10 %) kield\u00e2i ku\u00e1vluin. Paalg\u00e2s r\u00e1j\u00e1\u0161uv\u00e1 u\u00e1rjin Pyh\u00e4-Kallio, tavveen Oraniemi, nuortt\u00e2n Salla sehe m\u00e4ddin Timisj\u00e4rvi palg\u00e2s\u00e1id.<\/p>\n<p>Palg\u00e2s en\u00e2mijn 24,8 % l\u00e1\u00e1 stat\u00e2en\u00e2meh j\u00e1 75,2 % priivaaten\u00e2meh. Aalmug- teikk\u00e2 lu\u00e1ndumeecih i\u00e4 palg\u00e2s ku\u00e1vlust lah i\u00e4ge mecciku\u00e1vluh. pu\u00e1ris vyevdih j\u00e1 lu\u00e1ndumeecih l\u00e1\u00e1 val Ottovaarast, mii kul\u00e1 Natura-suoj\u00e2lemku\u00e1vloid.<\/p>\n<p>Palg\u00e2s teh\u00e1liih pyg\u00e1lysk\u00e4\u00e4rdih l\u00e1\u00e1 Isokyl\u00e4, Soppela, Palomaa, Haukivaara j\u00e1 Seitavaara. Hanhivaarast lii kidd\u00e2dis k\u00e4rdi, maid sij kevttih vyesimi\u00e4rkkumijn. U\u00e1iviu\u00e1si palg\u00e2s u\u00e1s\u00e1lijn \u00e4\u00e4sih siijd\u00e2in, moh l\u00e1\u00e1 Soppela, Isokyl\u00e4, Kallaanvaara, Joutsij\u00e4rvi, Kostamo j\u00e1 Luusua. Soppelast \u00e4\u00e4sih mest\u00e2 80 % u\u00e1s\u00e1lijn.<\/p>\n<p>&nbsp;<\/p>\n<p>&nbsp;<\/p>\n","protected":false},"excerpt":{"rendered":"<p>Hirvasniemi Pu\u00e1sui-i\u0161\u0161eed: Alaluusua Alpo Puhelin: +358 40 720 9385 \u0160le\u0111g\u00e2post\u00e2: &#x61;&#x6c;&#x70;&#x6f;&#x61;&#x6c;&#x61;&#x6c;&#x75;&#x75;&#x73;&#x75;&#x61;&#x40;&#x67;&#x6d;&#x61;&#x69;&#x6c;&#x2e;&#x63;&#x6f;&#x6d; P\u00e4ikkikield\u00e2: Kiem\u00e2j\u00e4vri Vijdod\u00e2h: 1 928 km2 Stu\u00e1rr\u00e1\u00e1mus lov\u00e1l\u00e2\u0161 elleepu\u00e1suimeeri: 2 300 Pu\u00e1sui-i\u00e4ig\u00e1dijd: 70 Hirvasniemi paalg\u00e2s kul\u00e1 Salla vitt\u00e1pirr\u00e2d\u00e2h\u00e2n. Paalg\u00e2s lii Kemij\u00e4\u00e4vri (s. 65 %), Pelkosenniemi (s. 25 %) j\u00e1 Savukoski (s. 10 %) kield\u00e2i ku\u00e1vluin. Paalg\u00e2s r\u00e1j\u00e1\u0161uv\u00e1 u\u00e1rjin Pyh\u00e4-Kallio, tavveen Oraniemi, nuortt\u00e2n Salla sehe [&hellip;]<\/p>\n","protected":false},"author":1,"featured_media":0,"parent":420,"menu_order":25,"comment_status":"open","ping_status":"closed","template":"paliskuntasivut.php","meta":{"footnotes":""},"class_list":["post-1449","page","type-page","status-publish","hentry"],"_links":{"self":[{"href":"https:\/\/paliskunnat.fi\/po\/wp-json\/wp\/v2\/pages\/1449","targetHints":{"allow":["GET"]}}],"collection":[{"href":"https:\/\/paliskunnat.fi\/po\/wp-json\/wp\/v2\/pages"}],"about":[{"href":"https:\/\/paliskunnat.fi\/po\/wp-json\/wp\/v2\/types\/page"}],"author":[{"embeddable":true,"href":"https:\/\/paliskunnat.fi\/po\/wp-json\/wp\/v2\/users\/1"}],"replies":[{"embeddable":true,"href":"https:\/\/paliskunnat.fi\/po\/wp-json\/wp\/v2\/comments?post=1449"}],"version-history":[{"count":6,"href":"https:\/\/paliskunnat.fi\/po\/wp-json\/wp\/v2\/pages\/1449\/revisions"}],"predecessor-version":[{"id":6092,"href":"https:\/\/paliskunnat.fi\/po\/wp-json\/wp\/v2\/pages\/1449\/revisions\/6092"}],"up":[{"embeddable":true,"href":"https:\/\/paliskunnat.fi\/po\/wp-json\/wp\/v2\/pages\/420"}],"wp:attachment":[{"href":"https:\/\/paliskunnat.fi\/po\/wp-json\/wp\/v2\/media?parent=1449"}],"curies":[{"name":"wp","href":"https:\/\/api.w.org\/{rel}","templated":true}]}}