{"id":1453,"date":"2014-11-23T15:15:45","date_gmt":"2014-11-23T13:15:45","guid":{"rendered":"http:\/\/80.69.171.23\/py\/?page_id=1453"},"modified":"2023-06-07T14:52:29","modified_gmt":"2023-06-07T11:52:29","slug":"vanttaus","status":"publish","type":"page","link":"https:\/\/paliskunnat.fi\/po\/palgaseh\/palgasij-tiaduh\/vanttaus\/","title":{"rendered":"27 Vanttaus"},"content":{"rendered":"<h2>Vanttaus<\/h2>\n<p>Pu\u00e1sui-i\u0161\u0161eed: Karvonen Seppo<br \/>\nPuhelin: +358 40 741 1969<br \/>\n\u0160le\u0111g\u00e2post\u00e2:\u00a0karvon&#101;&#110;&#115;&#101;&#112;&#112;&#111;&#54;&#52;&#64;&#x67;&#x6d;&#x61;&#x69;&#x6c;&#x2e;&#x63;&#x6f;&#x6d;<\/p>\n<p><a href=\"https:\/\/paliskunnat.fi\/bo\/wp-content\/uploads\/2014\/11\/27_vanttaus.png\" rel=\"lightbox[1453]\"><img loading=\"lazy\" decoding=\"async\" class=\"alignnone wp-image-1505\" src=\"https:\/\/paliskunnat.fi\/bo\/wp-content\/uploads\/2014\/11\/27_vanttaus.png\" alt=\"27 Vanttaus\" width=\"300\" height=\"387\" srcset=\"https:\/\/paliskunnat.fi\/po\/wp-content\/uploads\/2014\/11\/27_vanttaus.png 776w, https:\/\/paliskunnat.fi\/po\/wp-content\/uploads\/2014\/11\/27_vanttaus-233x300.png 233w, https:\/\/paliskunnat.fi\/po\/wp-content\/uploads\/2014\/11\/27_vanttaus-768x990.png 768w\" sizes=\"auto, (max-width: 300px) 100vw, 300px\" \/><\/a><\/p>\n<table width=\"450\">\n<tbody>\n<tr>\n<td>P\u00e4ikkikield\u00e2:<\/td>\n<td>Ru\u00e1vinjarg\u00e2<\/td>\n<\/tr>\n<tr>\n<td>Vijdod\u00e2h:<\/td>\n<td>795 km<sup>2<\/sup><\/td>\n<\/tr>\n<tr>\n<td>Stu\u00e1rr\u00e1\u00e1mus lov\u00e1l\u00e2\u0161 elleepu\u00e1suimeeri:<\/td>\n<td>1 200<\/td>\n<\/tr>\n<tr>\n<td>Pu\u00e1sui-i\u00e4ig\u00e1dijd:<\/td>\n<td>21<\/td>\n<\/tr>\n<\/tbody>\n<\/table>\n<p>Vanttaus paalg\u00e2s kulloo Raudanjoki vitt\u00e1pirr\u00e2d\u00e2h\u00e2n. Paalg\u00e2s lii Ru\u00e1vinjaarg\u00e2 kaavpug mad\u00e2nuortt\u00e2u\u00e1sist. Paalg\u00e2s r\u00e1j\u00e1\u0161uv\u00e1 tavveen Pyh\u00e4-Kallio, nuortt\u00e2n Timisj\u00e4rvi, m\u00e4ddin Niemel\u00e4 j\u00e1 Narkaus j\u00e1 u\u00e1rjin Poikaj\u00e4rvi palg\u00e2s\u00e1id.<\/p>\n<p>Palg\u00e2s en\u00e2mijn 50,8 % l\u00e1\u00e1 stat\u00e2en\u00e2meh j\u00e1 49,2 % priivaaten\u00e2meh. Palg\u00e2s ku\u00e1vlust ij lah lav\u014bepuovt\u00e2dem, mut ku\u00e1vlu stuorr\u00e2 eenn\u00e2mt\u00e1\u00e1luh r\u00e4ijejeh poccui ku\u00e1ttumen\u00e2mijd.<\/p>\n<p>Palg\u00e2sist i\u00e4 lah eest\u00e2- teikk\u00e2 ku\u00e1ttumvarriist\u00e2ll\u00e2m\u00e4\u00e4i\u0111ih. Pyg\u00e1lysk\u00e4\u00e4rdih l\u00e1\u00e1 ki\u00e4vtust kutt\u00e2.<\/p>\n<p>Palg\u00e2s pajeulmuuh \u00e4\u00e4sih i\u00e4n\u00e1\u00e1\u0161 Kiem\u00e2juuv\u00e2 leevist. \u010cu\u00e1kkipaaihijn \u00e4ssee pajeulmuuh l\u00e1\u00e1 mu\u00e1dist.<\/p>\n<p>&nbsp;<\/p>\n<p>&nbsp;<\/p>\n","protected":false},"excerpt":{"rendered":"<p>Vanttaus Pu\u00e1sui-i\u0161\u0161eed: Karvonen Seppo Puhelin: +358 40 741 1969 \u0160le\u0111g\u00e2post\u00e2:\u00a0&#x6b;&#x61;&#114;&#x76;&#x6f;&#110;&#x65;&#x6e;&#115;&#x65;&#x70;p&#x6f;&#x36;4&#x40;&#103;m&#x61;&#105;l&#x2e;&#99;o&#x6d; P\u00e4ikkikield\u00e2: Ru\u00e1vinjarg\u00e2 Vijdod\u00e2h: 795 km2 Stu\u00e1rr\u00e1\u00e1mus lov\u00e1l\u00e2\u0161 elleepu\u00e1suimeeri: 1 200 Pu\u00e1sui-i\u00e4ig\u00e1dijd: 21 Vanttaus paalg\u00e2s kulloo Raudanjoki vitt\u00e1pirr\u00e2d\u00e2h\u00e2n. Paalg\u00e2s lii Ru\u00e1vinjaarg\u00e2 kaavpug mad\u00e2nuortt\u00e2u\u00e1sist. Paalg\u00e2s r\u00e1j\u00e1\u0161uv\u00e1 tavveen Pyh\u00e4-Kallio, nuortt\u00e2n Timisj\u00e4rvi, m\u00e4ddin Niemel\u00e4 j\u00e1 Narkaus j\u00e1 u\u00e1rjin Poikaj\u00e4rvi palg\u00e2s\u00e1id. Palg\u00e2s en\u00e2mijn 50,8 % l\u00e1\u00e1 stat\u00e2en\u00e2meh j\u00e1 49,2 % [&hellip;]<\/p>\n","protected":false},"author":1,"featured_media":0,"parent":420,"menu_order":27,"comment_status":"open","ping_status":"closed","template":"paliskuntasivut.php","meta":{"footnotes":""},"class_list":["post-1453","page","type-page","status-publish","hentry"],"_links":{"self":[{"href":"https:\/\/paliskunnat.fi\/po\/wp-json\/wp\/v2\/pages\/1453","targetHints":{"allow":["GET"]}}],"collection":[{"href":"https:\/\/paliskunnat.fi\/po\/wp-json\/wp\/v2\/pages"}],"about":[{"href":"https:\/\/paliskunnat.fi\/po\/wp-json\/wp\/v2\/types\/page"}],"author":[{"embeddable":true,"href":"https:\/\/paliskunnat.fi\/po\/wp-json\/wp\/v2\/users\/1"}],"replies":[{"embeddable":true,"href":"https:\/\/paliskunnat.fi\/po\/wp-json\/wp\/v2\/comments?post=1453"}],"version-history":[{"count":5,"href":"https:\/\/paliskunnat.fi\/po\/wp-json\/wp\/v2\/pages\/1453\/revisions"}],"predecessor-version":[{"id":5977,"href":"https:\/\/paliskunnat.fi\/po\/wp-json\/wp\/v2\/pages\/1453\/revisions\/5977"}],"up":[{"embeddable":true,"href":"https:\/\/paliskunnat.fi\/po\/wp-json\/wp\/v2\/pages\/420"}],"wp:attachment":[{"href":"https:\/\/paliskunnat.fi\/po\/wp-json\/wp\/v2\/media?parent=1453"}],"curies":[{"name":"wp","href":"https:\/\/api.w.org\/{rel}","templated":true}]}}