{"id":1456,"date":"2014-11-23T15:17:25","date_gmt":"2014-11-23T13:17:25","guid":{"rendered":"http:\/\/80.69.171.23\/py\/?page_id=1456"},"modified":"2023-06-07T15:22:48","modified_gmt":"2023-06-07T12:22:48","slug":"poikajarvi","status":"publish","type":"page","link":"https:\/\/paliskunnat.fi\/po\/palgaseh\/palgasij-tiaduh\/poikajarvi\/","title":{"rendered":"28 Poikaj\u00e4rvi"},"content":{"rendered":"<h2>Poikaj\u00e4rvi<\/h2>\n<p>Pu\u00e1sui-i\u0161\u0161eed: Mustonen Janne<br \/>\nPuhelin: +358 040 127 8990<br \/>\n\u0160le\u0111g\u00e2post\u00e2: &#x70;&#x6f;&#105;ka&#x6a;&#x61;&#114;&#118;e&#x6e;&#x70;&#108;&#107;&#64;&#x67;&#x6d;&#x61;&#105;l&#46;&#x63;&#x6f;&#109;<\/p>\n<p><a href=\"https:\/\/paliskunnat.fi\/bo\/wp-content\/uploads\/2014\/11\/28_poikajarvi1.png\" rel=\"lightbox[1456]\"><img loading=\"lazy\" decoding=\"async\" class=\"alignnone wp-image-1509\" src=\"https:\/\/paliskunnat.fi\/bo\/wp-content\/uploads\/2014\/11\/28_poikajarvi1.png\" alt=\"28_poikajarvi\" width=\"300\" height=\"387\" srcset=\"https:\/\/paliskunnat.fi\/po\/wp-content\/uploads\/2014\/11\/28_poikajarvi1.png 776w, https:\/\/paliskunnat.fi\/po\/wp-content\/uploads\/2014\/11\/28_poikajarvi1-233x300.png 233w, https:\/\/paliskunnat.fi\/po\/wp-content\/uploads\/2014\/11\/28_poikajarvi1-768x990.png 768w\" sizes=\"auto, (max-width: 300px) 100vw, 300px\" \/><\/a><\/p>\n<table width=\"450\">\n<tbody>\n<tr>\n<td>P\u00e4ikkikield\u00e2:<\/td>\n<td>Ru\u00e1vinjarg\u00e2<\/td>\n<\/tr>\n<tr>\n<td>Vijdod\u00e2h:<\/td>\n<td>2 529 km<sup>2<\/sup><\/td>\n<\/tr>\n<tr>\n<td>Stu\u00e1rr\u00e1\u00e1mus lov\u00e1l\u00e2\u0161 elleepu\u00e1suimeeri:<\/td>\n<td>4 600<\/td>\n<\/tr>\n<tr>\n<td>Pu\u00e1sui-i\u00e4ig\u00e1dijd:<\/td>\n<td>96<\/td>\n<\/tr>\n<\/tbody>\n<\/table>\n<p>Poikaj\u00e4rvi paalg\u00e2s kulloo Raudanjoki vitt\u00e1pirr\u00e2d\u00e2h\u00e2n. Paalg\u00e2s lii Ru\u00e1vinjaarg\u00e2 taveu\u00e1sist. Paalg\u00e2s r\u00e1j\u00e1\u0161uv\u00e1 tavveen Alakyl\u00e4 j\u00e1 Syv\u00e4j\u00e4rvi, nuortt\u00e2n Pyh\u00e4-Kallio, mad\u00e2nuortt\u00e2n Vanttaus, m\u00e4ddin Narkaus j\u00e1 u\u00e1rjin Paloj\u00e4rvi j\u00e1 J\u00e4\u00e4sk\u00f6 palg\u00e2s\u00e1id.<\/p>\n<p>Palg\u00e2s en\u00e2mijn 60,1 % l\u00e1\u00e1 stat\u00e2en\u00e2meh j\u00e1 39,9 % priivaaten\u00e2meh. Palg\u00e2s ku\u00e1vlu r\u00e4ijee Avnaasi\u00e4nu, mon leevih kuleh Natura 2000 -ku\u00e1vlun. Palg\u00e2s \u010doo\u0111\u00e2 mana virkkuu riijk\u00e2ki\u00e4inu 4, mii toovv\u00e2t ennuv pu\u00e1suivah\u00e2gijd. Someroharju su\u00e1tivieh\u00e2saje j\u00e1 kirdemkieddi l\u00e1\u00e1 palg\u00e2s en\u00e2mijn.<\/p>\n<p>Palg\u00e2sist l\u00e1\u00e1 suull\u00e2n 30 k\u00e4rdid moh l\u00e1\u00e1 poccui kie\u0111\u00e2vu\u0161m\u00e2n u\u00e1ivildum. Kaardij meeri lii pu\u00e1suitu\u00e1luku\u00e1vlust stu\u00e1rr\u00e1\u00e1mui. Palg\u00e2sist i\u00e4 lah i\u00e4stu- ijge ku\u00e1ttum\u00e4\u00e4i\u0111ih.<\/p>\n<p>Paalg\u00e2s lii u\u00e1si Ru\u00e1vinjaarg\u00e2 kaavpug \u010du\u00e1kkip\u00e4\u00e4ihi. Pu\u00e1sui-i\u00e4ig\u00e1deh \u00e4\u00e4sih t\u00e4\u00e4siv\u00e1vt mi\u00e4t\u00e1 palg\u00e2s. Mest\u00e2 puoh i\u00e4ig\u00e1deh l\u00e1\u00e1 eenn\u00e2mom\u00e2steijeeh. T\u00e1\u00e1luh l\u00e1\u00e1 jogo eenn\u00e2mtu\u00e1luh teikk\u00e2 meccitu\u00e1luh.<\/p>\n<p>&nbsp;<\/p>\n<p>&nbsp;<\/p>\n<p><!--more--><\/p>\n<h2>Pyg\u00e1lyseh 10\/2013<\/h2>\n<p>Poikaj\u00e4rvi palg\u00e2s \u010doov\u010d\u00e2 vuosmuuh pyg\u00e1lyseh Hietaselk\u00e4 k\u00e4\u00e4rdist 7.10.2013 (<a href=\"https:\/\/www.youtube.com\/watch?v=oHAvC1MhwdA\">Youtube<\/a>). Almostittum 10\/2013.<\/p>\n<h2>Pyg\u00e1lyseh Hietaselk\u00e4s 10\/2014<\/h2>\n<p>Pyg\u00e1lyseh Hietaselk\u00e4s 13.10.2014 (<a href=\"https:\/\/www.youtube.com\/watch?v=7ryyGXJ3bN0\">Youtube<\/a>). Almostittum 10\/2014.<\/p>\n<p>&nbsp;<\/p>\n<p>&nbsp;<\/p>\n<p>&nbsp;<\/p>\n","protected":false},"excerpt":{"rendered":"<p>Poikaj\u00e4rvi Pu\u00e1sui-i\u0161\u0161eed: Mustonen Janne Puhelin: +358 040 127 8990 \u0160le\u0111g\u00e2post\u00e2: p&#111;&#105;&#x6b;&#x61;&#x6a;&#x61;r&#118;&#101;&#110;&#x70;&#x6c;&#x6b;&#64;g&#109;&#97;&#x69;&#x6c;&#x2e;co&#109; P\u00e4ikkikield\u00e2: Ru\u00e1vinjarg\u00e2 Vijdod\u00e2h: 2 529 km2 Stu\u00e1rr\u00e1\u00e1mus lov\u00e1l\u00e2\u0161 elleepu\u00e1suimeeri: 4 600 Pu\u00e1sui-i\u00e4ig\u00e1dijd: 96 Poikaj\u00e4rvi paalg\u00e2s kulloo Raudanjoki vitt\u00e1pirr\u00e2d\u00e2h\u00e2n. Paalg\u00e2s lii Ru\u00e1vinjaarg\u00e2 taveu\u00e1sist. Paalg\u00e2s r\u00e1j\u00e1\u0161uv\u00e1 tavveen Alakyl\u00e4 j\u00e1 Syv\u00e4j\u00e4rvi, nuortt\u00e2n Pyh\u00e4-Kallio, mad\u00e2nuortt\u00e2n Vanttaus, m\u00e4ddin Narkaus j\u00e1 u\u00e1rjin Paloj\u00e4rvi j\u00e1 J\u00e4\u00e4sk\u00f6 palg\u00e2s\u00e1id. Palg\u00e2s en\u00e2mijn 60,1 % [&hellip;]<\/p>\n","protected":false},"author":1,"featured_media":0,"parent":420,"menu_order":28,"comment_status":"open","ping_status":"closed","template":"paliskuntasivut.php","meta":{"footnotes":""},"class_list":["post-1456","page","type-page","status-publish","hentry"],"_links":{"self":[{"href":"https:\/\/paliskunnat.fi\/po\/wp-json\/wp\/v2\/pages\/1456","targetHints":{"allow":["GET"]}}],"collection":[{"href":"https:\/\/paliskunnat.fi\/po\/wp-json\/wp\/v2\/pages"}],"about":[{"href":"https:\/\/paliskunnat.fi\/po\/wp-json\/wp\/v2\/types\/page"}],"author":[{"embeddable":true,"href":"https:\/\/paliskunnat.fi\/po\/wp-json\/wp\/v2\/users\/1"}],"replies":[{"embeddable":true,"href":"https:\/\/paliskunnat.fi\/po\/wp-json\/wp\/v2\/comments?post=1456"}],"version-history":[{"count":5,"href":"https:\/\/paliskunnat.fi\/po\/wp-json\/wp\/v2\/pages\/1456\/revisions"}],"predecessor-version":[{"id":6013,"href":"https:\/\/paliskunnat.fi\/po\/wp-json\/wp\/v2\/pages\/1456\/revisions\/6013"}],"up":[{"embeddable":true,"href":"https:\/\/paliskunnat.fi\/po\/wp-json\/wp\/v2\/pages\/420"}],"wp:attachment":[{"href":"https:\/\/paliskunnat.fi\/po\/wp-json\/wp\/v2\/media?parent=1456"}],"curies":[{"name":"wp","href":"https:\/\/api.w.org\/{rel}","templated":true}]}}