{"id":1458,"date":"2014-11-23T15:18:35","date_gmt":"2014-11-23T13:18:35","guid":{"rendered":"http:\/\/80.69.171.23\/py\/?page_id=1458"},"modified":"2023-06-07T15:21:50","modified_gmt":"2023-06-07T12:21:50","slug":"lohijarvi","status":"publish","type":"page","link":"https:\/\/paliskunnat.fi\/po\/palgaseh\/palgasij-tiaduh\/lohijarvi\/","title":{"rendered":"29 Lohij\u00e4rvi"},"content":{"rendered":"<h2>Lohij\u00e4rvi<\/h2>\n<p>Pu\u00e1sui-i\u0161\u0161eed: Holster Matti<br \/>\nPuhelin: +368 040 732 8773<br \/>\n\u0160le\u0111g\u00e2post\u00e2: m&#97;&#116;&#x74;&#x69;&#x2e;h&#111;&#108;&#x73;&#x74;&#x65;r&#64;&#103;&#x6d;&#x61;&#x69;l&#46;&#99;&#111;&#x6d;<\/p>\n<p><a href=\"https:\/\/paliskunnat.fi\/bo\/wp-content\/uploads\/2014\/11\/29_lohijarvi.png\" rel=\"lightbox[1458]\"><img loading=\"lazy\" decoding=\"async\" class=\"alignnone wp-image-1512\" src=\"https:\/\/paliskunnat.fi\/bo\/wp-content\/uploads\/2014\/11\/29_lohijarvi.png\" alt=\"29_lohijarvi\" width=\"300\" height=\"387\" srcset=\"https:\/\/paliskunnat.fi\/po\/wp-content\/uploads\/2014\/11\/29_lohijarvi.png 776w, https:\/\/paliskunnat.fi\/po\/wp-content\/uploads\/2014\/11\/29_lohijarvi-233x300.png 233w, https:\/\/paliskunnat.fi\/po\/wp-content\/uploads\/2014\/11\/29_lohijarvi-768x990.png 768w\" sizes=\"auto, (max-width: 300px) 100vw, 300px\" \/><\/a><\/p>\n<table width=\"450\">\n<tbody>\n<tr>\n<td>P\u00e4ikkikield\u00e2:<\/td>\n<td>Paje-Tu\u00e1rnus<\/td>\n<\/tr>\n<tr>\n<td>Vijdod\u00e2h:<\/td>\n<td>1 240 km<sup>2<\/sup><\/td>\n<\/tr>\n<tr>\n<td>Stu\u00e1rr\u00e1\u00e1mus lov\u00e1l\u00e2\u0161 elleepu\u00e1suimeeri:<\/td>\n<td>1 400<\/td>\n<\/tr>\n<tr>\n<td>Pu\u00e1sui-i\u00e4ig\u00e1dijd:<\/td>\n<td>48<\/td>\n<\/tr>\n<\/tbody>\n<\/table>\n<p>Lohij\u00e4rvi paalg\u00e2s kulloo u\u00e1rjivitt\u00e1pirr\u00e2d\u00e2h\u00e2n. Paalg\u00e2s lii u\u00e1iviu\u00e1sist Paje-Tu\u00e1rnus kield\u00e2st, ucc\u00e2 u\u00e1s\u00e1\u0161 palg\u00e2sist lii Pello kield\u00e2 peln. Paalg\u00e2s r\u00e1j\u00e1\u0161uv\u00e1 u\u00e1rjin v\u00e4ldikode r\u00e4i, tavveen Oraj\u00e4rvi, nuortt\u00e2n Paloj\u00e4rvi palg\u00e2s\u00e1id j\u00e1 m\u00e4ddin Tu\u00e1rnus kaavpug r\u00e4i, mii lii meid pu\u00e1suitu\u00e1luku\u00e1vlu r\u00e4\u00e4ji.<\/p>\n<p>Lohij\u00e4rvi palg\u00e2s ku\u00e1vlu lii mest\u00e2 ub\u00e2 privatisoom\u00e2stmist\/privat\u00e2soom\u00e2stmist, tu\u0161e mottoom ucc\u00e2 ku\u00e1vluh l\u00e1\u00e1 staat\u00e2 oom\u00e2stmist. Palg\u00e2s en\u00e2mijn 6,4 % l\u00e1\u00e1 stat\u00e2en\u00e2meh j\u00e1 93,6 % priivaaten\u00e2meh. Paalg\u00e2s lii pu\u00e1suitu\u00e1luku\u00e1vlu mad\u00e2r\u00e4\u00e4jist, i\u00e4ge r\u00e4\u00e4ji alne lah \u00e4i\u0111i.<\/p>\n<p>Aass\u00e2m lii \u010dokkim Paje-Tu\u00e1rnus kirkkosiijd\u00e2n, Lohij\u00e1\u00e1vr\u00e1n, Mellakuo\u0161k\u00e2n j\u00e1 Portimoj\u00e1\u00e1vr\u00e1n. Paalg\u00e2s lii h\u00e4\u00e4sejum u\u00e1li t\u00e4sivub ku\u00e1vlust. Lohij\u00e4rvi palg\u00e2s i\u00e4ig\u00e1dijn mest\u00e2 puoh\u00e2in lii eenn\u00e2mtu\u00e1lu. Ku\u00e1vlust lii oht\u00e2 olm\u00e2 pu\u00e1suitu\u00e1lu.<\/p>\n<p>&nbsp;<\/p>\n<p>&nbsp;<\/p>\n","protected":false},"excerpt":{"rendered":"<p>Lohij\u00e4rvi Pu\u00e1sui-i\u0161\u0161eed: Holster Matti Puhelin: +368 040 732 8773 \u0160le\u0111g\u00e2post\u00e2: m&#97;&#x74;&#x74;&#x69;&#46;&#104;&#111;&#x6c;&#x73;t&#101;&#114;&#x40;&#x67;ma&#105;&#x6c;&#x2e;&#x63;o&#109; P\u00e4ikkikield\u00e2: Paje-Tu\u00e1rnus Vijdod\u00e2h: 1 240 km2 Stu\u00e1rr\u00e1\u00e1mus lov\u00e1l\u00e2\u0161 elleepu\u00e1suimeeri: 1 400 Pu\u00e1sui-i\u00e4ig\u00e1dijd: 48 Lohij\u00e4rvi paalg\u00e2s kulloo u\u00e1rjivitt\u00e1pirr\u00e2d\u00e2h\u00e2n. Paalg\u00e2s lii u\u00e1iviu\u00e1sist Paje-Tu\u00e1rnus kield\u00e2st, ucc\u00e2 u\u00e1s\u00e1\u0161 palg\u00e2sist lii Pello kield\u00e2 peln. Paalg\u00e2s r\u00e1j\u00e1\u0161uv\u00e1 u\u00e1rjin v\u00e4ldikode r\u00e4i, tavveen Oraj\u00e4rvi, nuortt\u00e2n Paloj\u00e4rvi palg\u00e2s\u00e1id j\u00e1 m\u00e4ddin Tu\u00e1rnus kaavpug r\u00e4i, [&hellip;]<\/p>\n","protected":false},"author":1,"featured_media":0,"parent":420,"menu_order":29,"comment_status":"open","ping_status":"closed","template":"paliskuntasivut.php","meta":{"footnotes":""},"class_list":["post-1458","page","type-page","status-publish","hentry"],"_links":{"self":[{"href":"https:\/\/paliskunnat.fi\/po\/wp-json\/wp\/v2\/pages\/1458","targetHints":{"allow":["GET"]}}],"collection":[{"href":"https:\/\/paliskunnat.fi\/po\/wp-json\/wp\/v2\/pages"}],"about":[{"href":"https:\/\/paliskunnat.fi\/po\/wp-json\/wp\/v2\/types\/page"}],"author":[{"embeddable":true,"href":"https:\/\/paliskunnat.fi\/po\/wp-json\/wp\/v2\/users\/1"}],"replies":[{"embeddable":true,"href":"https:\/\/paliskunnat.fi\/po\/wp-json\/wp\/v2\/comments?post=1458"}],"version-history":[{"count":6,"href":"https:\/\/paliskunnat.fi\/po\/wp-json\/wp\/v2\/pages\/1458\/revisions"}],"predecessor-version":[{"id":6012,"href":"https:\/\/paliskunnat.fi\/po\/wp-json\/wp\/v2\/pages\/1458\/revisions\/6012"}],"up":[{"embeddable":true,"href":"https:\/\/paliskunnat.fi\/po\/wp-json\/wp\/v2\/pages\/420"}],"wp:attachment":[{"href":"https:\/\/paliskunnat.fi\/po\/wp-json\/wp\/v2\/media?parent=1458"}],"curies":[{"name":"wp","href":"https:\/\/api.w.org\/{rel}","templated":true}]}}