{"id":1460,"date":"2014-11-23T15:19:40","date_gmt":"2014-11-23T13:19:40","guid":{"rendered":"http:\/\/80.69.171.23\/py\/?page_id=1460"},"modified":"2023-06-07T14:54:29","modified_gmt":"2023-06-07T11:54:29","slug":"palojarvi","status":"publish","type":"page","link":"https:\/\/paliskunnat.fi\/po\/palgaseh\/palgasij-tiaduh\/palojarvi\/","title":{"rendered":"30 Paloj\u00e4rvi"},"content":{"rendered":"<h2>Paloj\u00e4rvi<\/h2>\n<p>Pu\u00e1sui-i\u0161\u0161eed: Vuolo Tapio<br \/>\nPuhelin: +358 40 027 2555<br \/>\n\u0160le\u0111g\u00e2post\u00e2:<\/p>\n<p><a href=\"https:\/\/paliskunnat.fi\/bo\/wp-content\/uploads\/2014\/11\/30_palojarvi.png\" rel=\"lightbox[1460]\"><img loading=\"lazy\" decoding=\"async\" class=\"alignnone wp-image-1514\" src=\"https:\/\/paliskunnat.fi\/bo\/wp-content\/uploads\/2014\/11\/30_palojarvi.png\" alt=\"30 Paloj\u00e4rvi\" width=\"300\" height=\"387\" srcset=\"https:\/\/paliskunnat.fi\/po\/wp-content\/uploads\/2014\/11\/30_palojarvi.png 776w, https:\/\/paliskunnat.fi\/po\/wp-content\/uploads\/2014\/11\/30_palojarvi-233x300.png 233w, https:\/\/paliskunnat.fi\/po\/wp-content\/uploads\/2014\/11\/30_palojarvi-768x990.png 768w\" sizes=\"auto, (max-width: 300px) 100vw, 300px\" \/><\/a><\/p>\n<table width=\"450\">\n<tbody>\n<tr>\n<td>P\u00e4ikkikield\u00e2:<\/td>\n<td>Ru\u00e1vinjarg\u00e2<\/td>\n<\/tr>\n<tr>\n<td>Vijdod\u00e2h:<\/td>\n<td>3 867 km<sup>2<\/sup><\/td>\n<\/tr>\n<tr>\n<td>Stu\u00e1rr\u00e1\u00e1mus lov\u00e1l\u00e2\u0161 elleepu\u00e1suimeeri:<\/td>\n<td>5 000<\/td>\n<\/tr>\n<tr>\n<td>Pu\u00e1sui-i\u00e4ig\u00e1dijd:<\/td>\n<td>178<\/td>\n<\/tr>\n<\/tbody>\n<\/table>\n<p>Paloj\u00e4rvi paalg\u00e2s kulloo u\u00e1rjivitt\u00e1pirr\u00e2d\u00e2h\u00e2n. Paalg\u00e2s lii Ru\u00e1vinjaarg\u00e2, Pello, Paje-Tu\u00e1rnus j\u00e1 Tervola kield\u00e2in. Paalg\u00e2s r\u00e1j\u00e1a\u0161uv\u00e1 tavveen J\u00e4\u00e4sk\u00f6 j\u00e1 Kolari, nuortt\u00e2n Poikaj\u00e4rvi, u\u00e1rjin Lohij\u00e4rvi j\u00e1 Oraj\u00e4rvi j\u00e1 m\u00e4ddin Narkaus palg\u00e2s\u00e1id.<\/p>\n<p>Palg\u00e2s en\u00e2mijn 42,7 % l\u00e1\u00e1 stat\u00e2en\u00e2meh j\u00e1 57,3 % priivaaten\u00e2meh. Palg\u00e2s en\u00e2mijn lii Pisav\u00e4\u00e4ri lu\u00e1ndumecci, mii lii oht\u00e2 pu\u00e1r\u00e1sumos Suom\u00e2 lu\u00e1ndumeecijn. Lasseen palg\u00e2sist l\u00e1\u00e1 jeegijsuoj\u00e2lemku\u00e1vluh.<\/p>\n<p>Palg\u00e2sist lii mest\u00e2 kulm\u00e2lov kiddiist pyg\u00e1lysk\u00e4rdid. Kevtih\u00e1nn\u00e1\u00e1 p\u00e1\u00e1cc\u00e1m pyg\u00e1lyskaardijd lii ra\u010d\u010dom.<\/p>\n<p>Palg\u00e2s ku\u00e1vlust stu\u00e1rr\u00e1\u00e1mus aass\u00e2m\u010du\u00e1kkip\u00e4ikki lii Ru\u00e1vinjaarg\u00e2 kaavpug. Pu\u00e1sui-i\u00e4ig\u00e1deh \u00e4\u00e4sih t\u00e4\u00e4siv\u00e1vt mi\u00e4t\u00e1 palg\u00e2s.<\/p>\n<p>&nbsp;<\/p>\n<p>&nbsp;<\/p>\n","protected":false},"excerpt":{"rendered":"<p>Paloj\u00e4rvi Pu\u00e1sui-i\u0161\u0161eed: Vuolo Tapio Puhelin: +358 40 027 2555 \u0160le\u0111g\u00e2post\u00e2: P\u00e4ikkikield\u00e2: Ru\u00e1vinjarg\u00e2 Vijdod\u00e2h: 3 867 km2 Stu\u00e1rr\u00e1\u00e1mus lov\u00e1l\u00e2\u0161 elleepu\u00e1suimeeri: 5 000 Pu\u00e1sui-i\u00e4ig\u00e1dijd: 178 Paloj\u00e4rvi paalg\u00e2s kulloo u\u00e1rjivitt\u00e1pirr\u00e2d\u00e2h\u00e2n. Paalg\u00e2s lii Ru\u00e1vinjaarg\u00e2, Pello, Paje-Tu\u00e1rnus j\u00e1 Tervola kield\u00e2in. Paalg\u00e2s r\u00e1j\u00e1a\u0161uv\u00e1 tavveen J\u00e4\u00e4sk\u00f6 j\u00e1 Kolari, nuortt\u00e2n Poikaj\u00e4rvi, u\u00e1rjin Lohij\u00e4rvi j\u00e1 Oraj\u00e4rvi j\u00e1 m\u00e4ddin Narkaus palg\u00e2s\u00e1id. Palg\u00e2s en\u00e2mijn 42,7 % [&hellip;]<\/p>\n","protected":false},"author":1,"featured_media":0,"parent":420,"menu_order":30,"comment_status":"open","ping_status":"closed","template":"paliskuntasivut.php","meta":{"footnotes":""},"class_list":["post-1460","page","type-page","status-publish","hentry"],"_links":{"self":[{"href":"https:\/\/paliskunnat.fi\/po\/wp-json\/wp\/v2\/pages\/1460","targetHints":{"allow":["GET"]}}],"collection":[{"href":"https:\/\/paliskunnat.fi\/po\/wp-json\/wp\/v2\/pages"}],"about":[{"href":"https:\/\/paliskunnat.fi\/po\/wp-json\/wp\/v2\/types\/page"}],"author":[{"embeddable":true,"href":"https:\/\/paliskunnat.fi\/po\/wp-json\/wp\/v2\/users\/1"}],"replies":[{"embeddable":true,"href":"https:\/\/paliskunnat.fi\/po\/wp-json\/wp\/v2\/comments?post=1460"}],"version-history":[{"count":5,"href":"https:\/\/paliskunnat.fi\/po\/wp-json\/wp\/v2\/pages\/1460\/revisions"}],"predecessor-version":[{"id":5980,"href":"https:\/\/paliskunnat.fi\/po\/wp-json\/wp\/v2\/pages\/1460\/revisions\/5980"}],"up":[{"embeddable":true,"href":"https:\/\/paliskunnat.fi\/po\/wp-json\/wp\/v2\/pages\/420"}],"wp:attachment":[{"href":"https:\/\/paliskunnat.fi\/po\/wp-json\/wp\/v2\/media?parent=1460"}],"curies":[{"name":"wp","href":"https:\/\/api.w.org\/{rel}","templated":true}]}}