{"id":1463,"date":"2014-11-23T15:21:13","date_gmt":"2014-11-23T13:21:13","guid":{"rendered":"http:\/\/80.69.171.23\/py\/?page_id=1463"},"modified":"2023-06-07T14:55:05","modified_gmt":"2023-06-07T11:55:05","slug":"orajarvi","status":"publish","type":"page","link":"https:\/\/paliskunnat.fi\/po\/palgaseh\/palgasij-tiaduh\/orajarvi\/","title":{"rendered":"31 Oraj\u00e4rvi"},"content":{"rendered":"<h2>Oraj\u00e4rvi<\/h2>\n<p>Pu\u00e1sui-i\u0161\u0161eed: Ekonoja Aimo<br \/>\nPuhelin: +358 40 541 8937<br \/>\n\u0160le\u0111g\u00e2post\u00e2: e&#107;&#x6f;&#x6e;o&#106;&#x61;&#x74;&#64;&#104;&#x6f;&#x74;m&#97;&#x69;&#x6c;&#46;&#99;&#x6f;&#x6d;<\/p>\n<p><a href=\"https:\/\/paliskunnat.fi\/bo\/wp-content\/uploads\/2014\/11\/31_orajarvi.png\" rel=\"lightbox[1463]\"><img loading=\"lazy\" decoding=\"async\" class=\"alignnone wp-image-1516\" src=\"https:\/\/paliskunnat.fi\/bo\/wp-content\/uploads\/2014\/11\/31_orajarvi.png\" alt=\"31 Oraj\u00e4rvi\" width=\"300\" height=\"387\" srcset=\"https:\/\/paliskunnat.fi\/po\/wp-content\/uploads\/2014\/11\/31_orajarvi.png 775w, https:\/\/paliskunnat.fi\/po\/wp-content\/uploads\/2014\/11\/31_orajarvi-233x300.png 233w, https:\/\/paliskunnat.fi\/po\/wp-content\/uploads\/2014\/11\/31_orajarvi-768x991.png 768w\" sizes=\"auto, (max-width: 300px) 100vw, 300px\" \/><\/a><\/p>\n<table width=\"450\">\n<tbody>\n<tr>\n<td>P\u00e4ikkikield\u00e2:<\/td>\n<td>Pello<\/td>\n<\/tr>\n<tr>\n<td>Vijdod\u00e2h:<\/td>\n<td>1 251 km<sup>2<\/sup><\/td>\n<\/tr>\n<tr>\n<td>Stu\u00e1rr\u00e1\u00e1mus lov\u00e1l\u00e2\u0161 elleepu\u00e1suimeeri:<\/td>\n<td>1 500<\/td>\n<\/tr>\n<tr>\n<td>Pu\u00e1sui-i\u00e4ig\u00e1dijd:<\/td>\n<td>52<\/td>\n<\/tr>\n<\/tbody>\n<\/table>\n<p>Oraj\u00e4rvi paalg\u00e2s kulloo u\u00e1rjivitt\u00e1pirr\u00e2d\u00e2h\u00e2n. Paalg\u00e2s lii Pello kield\u00e2st j\u00e1 v\u00e1h\u00e1 Paje-Tu\u00e1rnus kield\u00e2st. Paalg\u00e2s r\u00e1j\u00e1\u0161uv\u00e1 tavveen Kolari, nuortt\u00e2n Paloj\u00e4rvi, m\u00e4ddin Lohij\u00e4rvi palg\u00e2s\u00e1id j\u00e1 u\u00e1rjin v\u00e4ldikode r\u00e4i.<\/p>\n<p>Palg\u00e2s en\u00e2mijn 29,0 % l\u00e1\u00e1 stat\u00e2en\u00e2meh j\u00e1 71,0 % priivaaten\u00e2meh. Tu\u00e1rnus j\u00e1 Kolari koosk\u00e2st lii ryevdiki\u00e4inu, mast lii sehe olmoo\u0161- j\u00e1 t\u00e4\u00e4vvirjotol\u00e2h. Ryevdiki\u00e4inu mana \u010doo\u0111\u00e2 Oraj\u00e4rvi palg\u00e2s Tu\u00e1rnusjuuv\u00e2 leevi. Lav\u014bejeegih l\u00e1\u00e1 kyehti.<\/p>\n<p>Palg\u00e2s u\u00e1ivipyg\u00e1lysk\u00e4\u00e4rdih l\u00e1\u00e1 el. Kuivalaki, Pekaneenn\u00e2m, Koppelo j\u00e1 Puonav\u00e4\u00e4ri. Oraj\u00e4rvi j\u00e1 Kolari palg\u00e2sij koosk\u00e2n lii huksejum 37 kilomeetterid kukke eest\u00e2\u00e4i\u0111i. Ryevdiki\u00e4inu pi\u00e4ll\u00e1st lii VR pargol\u00e2\u0161vuot\u00e2ruu\u0111\u00e1in huksejum suull\u00e2n 50 kilomeetterid kukke cogg\u00e2m\u00e4i\u0111i, mon ulmen lii cogg\u00e2\u0111 poccuid moonn\u00e2mist ryevdiki\u00e4inu ool\u00e2.<\/p>\n<p>Pello kield\u00e2 \u010du\u00e1kkip\u00e4ikki lii palg\u00e2s en\u00e2mijn. Juh\u00e2leevist lii pu\u00e1ris aass\u00e2mp\u00e4\u00e4ihih j\u00e1 aain\u00e2s-uv-uv lu\u00e1muaaigij tobbeen lii valjeest \u00e4sseeh. Pello, Turtola, Juoksinki j\u00e1 Lankoj\u00e4rvi l\u00e1\u00e1 stu\u00e1rr\u00e1\u00e1muuh siijdah, moh l\u00e1\u00e1 Oraj\u00e4rvi palg\u00e2s en\u00e2mijn.<\/p>\n<p>&nbsp;<\/p>\n<p>&nbsp;<\/p>\n<p>&nbsp;<\/p>\n","protected":false},"excerpt":{"rendered":"<p>Oraj\u00e4rvi Pu\u00e1sui-i\u0161\u0161eed: Ekonoja Aimo Puhelin: +358 40 541 8937 \u0160le\u0111g\u00e2post\u00e2: e&#107;&#x6f;&#x6e;o&#106;&#x61;&#x74;&#64;&#104;&#111;&#x74;&#x6d;a&#105;&#x6c;&#x2e;c&#111;&#x6d; P\u00e4ikkikield\u00e2: Pello Vijdod\u00e2h: 1 251 km2 Stu\u00e1rr\u00e1\u00e1mus lov\u00e1l\u00e2\u0161 elleepu\u00e1suimeeri: 1 500 Pu\u00e1sui-i\u00e4ig\u00e1dijd: 52 Oraj\u00e4rvi paalg\u00e2s kulloo u\u00e1rjivitt\u00e1pirr\u00e2d\u00e2h\u00e2n. Paalg\u00e2s lii Pello kield\u00e2st j\u00e1 v\u00e1h\u00e1 Paje-Tu\u00e1rnus kield\u00e2st. Paalg\u00e2s r\u00e1j\u00e1\u0161uv\u00e1 tavveen Kolari, nuortt\u00e2n Paloj\u00e4rvi, m\u00e4ddin Lohij\u00e4rvi palg\u00e2s\u00e1id j\u00e1 u\u00e1rjin v\u00e4ldikode r\u00e4i. Palg\u00e2s en\u00e2mijn 29,0 % l\u00e1\u00e1 stat\u00e2en\u00e2meh [&hellip;]<\/p>\n","protected":false},"author":1,"featured_media":0,"parent":420,"menu_order":31,"comment_status":"open","ping_status":"closed","template":"paliskuntasivut.php","meta":{"footnotes":""},"class_list":["post-1463","page","type-page","status-publish","hentry"],"_links":{"self":[{"href":"https:\/\/paliskunnat.fi\/po\/wp-json\/wp\/v2\/pages\/1463","targetHints":{"allow":["GET"]}}],"collection":[{"href":"https:\/\/paliskunnat.fi\/po\/wp-json\/wp\/v2\/pages"}],"about":[{"href":"https:\/\/paliskunnat.fi\/po\/wp-json\/wp\/v2\/types\/page"}],"author":[{"embeddable":true,"href":"https:\/\/paliskunnat.fi\/po\/wp-json\/wp\/v2\/users\/1"}],"replies":[{"embeddable":true,"href":"https:\/\/paliskunnat.fi\/po\/wp-json\/wp\/v2\/comments?post=1463"}],"version-history":[{"count":6,"href":"https:\/\/paliskunnat.fi\/po\/wp-json\/wp\/v2\/pages\/1463\/revisions"}],"predecessor-version":[{"id":5981,"href":"https:\/\/paliskunnat.fi\/po\/wp-json\/wp\/v2\/pages\/1463\/revisions\/5981"}],"up":[{"embeddable":true,"href":"https:\/\/paliskunnat.fi\/po\/wp-json\/wp\/v2\/pages\/420"}],"wp:attachment":[{"href":"https:\/\/paliskunnat.fi\/po\/wp-json\/wp\/v2\/media?parent=1463"}],"curies":[{"name":"wp","href":"https:\/\/api.w.org\/{rel}","templated":true}]}}