{"id":1465,"date":"2014-11-23T15:22:50","date_gmt":"2014-11-23T13:22:50","guid":{"rendered":"http:\/\/80.69.171.23\/py\/?page_id=1465"},"modified":"2023-06-07T14:55:53","modified_gmt":"2023-06-07T11:55:53","slug":"kolari","status":"publish","type":"page","link":"https:\/\/paliskunnat.fi\/po\/palgaseh\/palgasij-tiaduh\/kolari\/","title":{"rendered":"32 Kolari"},"content":{"rendered":"<h2>Kolari<\/h2>\n<p>Pu\u00e1sui-i\u0161\u0161eed: Satta Mika E.<br \/>\nPuhelin: +358 400 231 710<br \/>\n\u0160le\u0111g\u00e2post\u00e2: &#109;&#x69;k&#97;&#x2e;e&#46;&#x73;a&#116;&#x74;a&#64;&#x67;m&#97;&#x69;l&#46;&#x63;o&#109;<\/p>\n<p><a href=\"https:\/\/paliskunnat.fi\/bo\/wp-content\/uploads\/2014\/11\/32_kolari.png\" rel=\"lightbox[1465]\"><img loading=\"lazy\" decoding=\"async\" class=\"alignnone wp-image-1519\" src=\"https:\/\/paliskunnat.fi\/bo\/wp-content\/uploads\/2014\/11\/32_kolari.png\" alt=\"32 Kolari\" width=\"300\" height=\"387\" srcset=\"https:\/\/paliskunnat.fi\/po\/wp-content\/uploads\/2014\/11\/32_kolari.png 776w, https:\/\/paliskunnat.fi\/po\/wp-content\/uploads\/2014\/11\/32_kolari-233x300.png 233w, https:\/\/paliskunnat.fi\/po\/wp-content\/uploads\/2014\/11\/32_kolari-768x990.png 768w\" sizes=\"auto, (max-width: 300px) 100vw, 300px\" \/><\/a><\/p>\n<table width=\"450\">\n<tbody>\n<tr>\n<td>P\u00e4ikkikield\u00e2:<\/td>\n<td>Kolari<\/td>\n<\/tr>\n<tr>\n<td>Vijdod\u00e2h:<\/td>\n<td>2 007 km<sup>2<\/sup><\/td>\n<\/tr>\n<tr>\n<td>Stu\u00e1rr\u00e1\u00e1mus lov\u00e1l\u00e2\u0161 elleepu\u00e1suimeeri:<\/td>\n<td>2 600<\/td>\n<\/tr>\n<tr>\n<td>Pu\u00e1sui-i\u00e4ig\u00e1dijd:<\/td>\n<td>66<\/td>\n<\/tr>\n<\/tbody>\n<\/table>\n<p>Kolari paalg\u00e2s kulloo u\u00e1rjivitt\u00e1pirr\u00e2d\u00e2h\u00e2n. Paalg\u00e2s lii Kolari kield\u00e2st. Paalg\u00e2s r\u00e1js\u0161uv\u00e1 tavveen Muonio, nuortt\u00e2n Alakyl\u00e4 j\u00e1 J\u00e4\u00e4sk\u00f6, m\u00e4ddin Paloj\u00e4rvi j\u00e1 Oraj\u00e4rvi palg\u00e2s\u00e1id j\u00e1 u\u00e1rjin v\u00e4ldikode r\u00e4i.<\/p>\n<p>Palg\u00e2s en\u00e2mijn 60,4 % l\u00e1\u00e1 stat\u00e2en\u00e2meh j\u00e1 39,6 % priivaaten\u00e2meh. Palg\u00e2s taveu\u00e1sist lii Teuravuoma \u2013 Kivij\u00e4rvenvuoma jeegijsuoj\u00e2lemku\u00e1vlu. Ryevdiki\u00e4inu Tu\u00e1rnusist Kolarin mana palg\u00e2s en\u00e2mijn. Val jotol\u00e2hmereh i\u00e4 lah aa\u0161t\u00e2 pu\u00e1suitu\u00e1lun. Jis kuitt\u00e2g Pajala j\u00e1 Kolari ku\u00e1ivuttuvah ol\u00e1\u0161uveh, te jotol\u00e2hmereh ryevdiki\u00e4inust \u0161addeh ma\u014bg\u00e2kerdis\u00e2\u017e\u017e\u00e2n.<\/p>\n<p>Palg\u00e2s teh\u00e1lumoseh pyg\u00e1lysk\u00e4\u00e4rdih l\u00e1\u00e1 Kukkarolaki, Karkulainen, Karjalainen, Rantalehto, Vuolittaja, Ylinenvaara, Ruostevaara, Ruokovaara, Hinttarova, Kaisvoslaki j\u00e1 Otosmaa. Paalg\u00e2s lii ai\u0111um mad\u00e2- j\u00e1 u\u00e1rjioosijn ku\u00e1ttum- teikk\u00e2 r\u00e4jiaai\u0111ijn.<\/p>\n<p>Hu\u00e1m\u00e1\u0161ittee siijdah l\u00e1\u00e1 Kolari, Vaattoj\u00e4rvi j\u00e1 Sieppij\u00e4rvi. Pu\u00e1suiulmuuh \u00e4\u00e4sih t\u00e4\u00e4siv\u00e1vt ub\u00e2 palg\u00e2sist.<\/p>\n<p>&nbsp;<\/p>\n<p>&nbsp;<\/p>\n","protected":false},"excerpt":{"rendered":"<p>Kolari Pu\u00e1sui-i\u0161\u0161eed: Satta Mika E. Puhelin: +358 400 231 710 \u0160le\u0111g\u00e2post\u00e2: m&#105;&#x6b;&#x61;&#x2e;e&#46;&#115;&#x61;&#x74;t&#97;&#64;&#x67;&#x6d;ai&#108;&#x2e;&#x63;&#x6f;m P\u00e4ikkikield\u00e2: Kolari Vijdod\u00e2h: 2 007 km2 Stu\u00e1rr\u00e1\u00e1mus lov\u00e1l\u00e2\u0161 elleepu\u00e1suimeeri: 2 600 Pu\u00e1sui-i\u00e4ig\u00e1dijd: 66 Kolari paalg\u00e2s kulloo u\u00e1rjivitt\u00e1pirr\u00e2d\u00e2h\u00e2n. Paalg\u00e2s lii Kolari kield\u00e2st. Paalg\u00e2s r\u00e1js\u0161uv\u00e1 tavveen Muonio, nuortt\u00e2n Alakyl\u00e4 j\u00e1 J\u00e4\u00e4sk\u00f6, m\u00e4ddin Paloj\u00e4rvi j\u00e1 Oraj\u00e4rvi palg\u00e2s\u00e1id j\u00e1 u\u00e1rjin v\u00e4ldikode r\u00e4i. Palg\u00e2s en\u00e2mijn 60,4 % l\u00e1\u00e1 [&hellip;]<\/p>\n","protected":false},"author":1,"featured_media":0,"parent":420,"menu_order":32,"comment_status":"open","ping_status":"closed","template":"paliskuntasivut.php","meta":{"footnotes":""},"class_list":["post-1465","page","type-page","status-publish","hentry"],"_links":{"self":[{"href":"https:\/\/paliskunnat.fi\/po\/wp-json\/wp\/v2\/pages\/1465","targetHints":{"allow":["GET"]}}],"collection":[{"href":"https:\/\/paliskunnat.fi\/po\/wp-json\/wp\/v2\/pages"}],"about":[{"href":"https:\/\/paliskunnat.fi\/po\/wp-json\/wp\/v2\/types\/page"}],"author":[{"embeddable":true,"href":"https:\/\/paliskunnat.fi\/po\/wp-json\/wp\/v2\/users\/1"}],"replies":[{"embeddable":true,"href":"https:\/\/paliskunnat.fi\/po\/wp-json\/wp\/v2\/comments?post=1465"}],"version-history":[{"count":4,"href":"https:\/\/paliskunnat.fi\/po\/wp-json\/wp\/v2\/pages\/1465\/revisions"}],"predecessor-version":[{"id":5982,"href":"https:\/\/paliskunnat.fi\/po\/wp-json\/wp\/v2\/pages\/1465\/revisions\/5982"}],"up":[{"embeddable":true,"href":"https:\/\/paliskunnat.fi\/po\/wp-json\/wp\/v2\/pages\/420"}],"wp:attachment":[{"href":"https:\/\/paliskunnat.fi\/po\/wp-json\/wp\/v2\/media?parent=1465"}],"curies":[{"name":"wp","href":"https:\/\/api.w.org\/{rel}","templated":true}]}}