{"id":1467,"date":"2014-11-23T17:25:05","date_gmt":"2014-11-23T15:25:05","guid":{"rendered":"http:\/\/80.69.171.23\/py\/?page_id=1467"},"modified":"2023-06-07T14:56:48","modified_gmt":"2023-06-07T11:56:48","slug":"jaasko","status":"publish","type":"page","link":"https:\/\/paliskunnat.fi\/po\/palgaseh\/palgasij-tiaduh\/jaasko\/","title":{"rendered":"33 J\u00e4\u00e4sk\u00f6"},"content":{"rendered":"<h2>J\u00e4\u00e4sk\u00f6<\/h2>\n<p>Pu\u00e1sui-i\u0161\u0161eed: : Ollila Lauri-Pekka<br \/>\nPuhelin: +358 40 525 7369<br \/>\n\u0160le\u0111g\u00e2post\u00e2: &#x6c;&#97;&#x74;&#x65;&#111;&#x6c;&#108;i&#x6c;&#97;&#64;&#x67;&#109;a&#x69;&#108;&#46;&#x63;&#111;&#x6d;<\/p>\n<p><a href=\"https:\/\/paliskunnat.fi\/bo\/wp-content\/uploads\/2014\/11\/33_jaasko.png\" rel=\"lightbox[1467]\"><img loading=\"lazy\" decoding=\"async\" class=\"wp-image-1521 alignnone\" src=\"https:\/\/paliskunnat.fi\/bo\/wp-content\/uploads\/2014\/11\/33_jaasko.png\" alt=\"33 J\u00e4\u00e4sk\u00f6\" width=\"300\" height=\"387\" srcset=\"https:\/\/paliskunnat.fi\/po\/wp-content\/uploads\/2014\/11\/33_jaasko.png 775w, https:\/\/paliskunnat.fi\/po\/wp-content\/uploads\/2014\/11\/33_jaasko-233x300.png 233w, https:\/\/paliskunnat.fi\/po\/wp-content\/uploads\/2014\/11\/33_jaasko-768x991.png 768w\" sizes=\"auto, (max-width: 300px) 100vw, 300px\" \/><\/a><\/p>\n<table width=\"450\">\n<tbody>\n<tr>\n<td>P\u00e4ikkikield\u00e2:<\/td>\n<td>Ru\u00e1vinjarg\u00e2<\/td>\n<\/tr>\n<tr>\n<td>Vijdod\u00e2h:<\/td>\n<td>587 km<sup>2<\/sup><\/td>\n<\/tr>\n<tr>\n<td>Stu\u00e1rr\u00e1\u00e1mus lov\u00e1l\u00e2\u0161 elleepu\u00e1suimeeri:<\/td>\n<td>1 000<\/td>\n<\/tr>\n<tr>\n<td>Pu\u00e1sui-i\u00e4ig\u00e1dijd:<\/td>\n<td>25<\/td>\n<\/tr>\n<\/tbody>\n<\/table>\n<p>J\u00e4\u00e4sk\u00f6 paalg\u00e2s kulloo u\u00e1rjivitt\u00e1pirr\u00e2d\u00e2h\u00e2n. Paalg\u00e2s lii u\u00e1iviu\u00e1sist Ru\u00e1vinjaarg\u00e2st, mut tot ol\u00e1 meid taveu\u00e1sistis Kitt\u00e2l j\u00e1 Kolari kield\u00e2i pel. Paalg\u00e2s r\u00e1j\u00e1\u0161uv\u00e1 tavveen Alakyl\u00e4, nuortt\u00e2n Poikaj\u00e4rvi, m\u00e4ddin Paloj\u00e4rvi j\u00e1 u\u00e1rjin Kolari palg\u00e2s\u00e1id.<\/p>\n<p>Palg\u00e2s en\u00e2mijn 48,1 % l\u00e1\u00e1 stat\u00e2en\u00e2meh j\u00e1 51,9 % priivaaten\u00e2meh. Ucce emivyevdiku\u00e1vluh moh l\u00e1\u00e1 suoj\u00e2lum l\u00e1\u00e1 palg\u00e2s kosk\u00e2u\u00e1sist Haukkakallionmaa j\u00e1 P\u00e4l\u00e4m\u00e4nnikk\u00f6.<\/p>\n<p>Palg\u00e2s u\u00e1ivipyg\u00e1lyssaje lii Riiminj\u00e4nk\u00e4, mii lii palg\u00e2s taveu\u00e1sist. Eres ku\u00e1vd\u00e1\u0161 pyg\u00e1lyssajeh l\u00e1\u00e1 \u00c4ij\u00e4vaara, Liikamaa j\u00e1 Riikovaara.<\/p>\n<p>&nbsp;<\/p>\n<p>&nbsp;<\/p>\n<p><!--more--><\/p>\n<h2>J\u00e4\u00e4sk\u00f6 Facebook<\/h2>\n<p>J\u00e4\u00e4sk\u00f6 palg\u00e2s\u00a0<a href=\"https:\/\/www.facebook.com\/pages\/J%C3%A4%C3%A4sk%C3%B6n-paliskunta\/368223076536010?fref=ts\" target=\"_blank\" rel=\"noopener\">FB-sij\u0111o<\/a>.<\/p>\n","protected":false},"excerpt":{"rendered":"<p>J\u00e4\u00e4sk\u00f6 Pu\u00e1sui-i\u0161\u0161eed: : Ollila Lauri-Pekka Puhelin: +358 40 525 7369 \u0160le\u0111g\u00e2post\u00e2: &#x6c;&#x61;&#116;&#101;ol&#x6c;&#x69;&#x6c;&#97;&#64;g&#x6d;&#x61;&#x69;&#108;&#46;c&#x6f;&#x6d; P\u00e4ikkikield\u00e2: Ru\u00e1vinjarg\u00e2 Vijdod\u00e2h: 587 km2 Stu\u00e1rr\u00e1\u00e1mus lov\u00e1l\u00e2\u0161 elleepu\u00e1suimeeri: 1 000 Pu\u00e1sui-i\u00e4ig\u00e1dijd: 25 J\u00e4\u00e4sk\u00f6 paalg\u00e2s kulloo u\u00e1rjivitt\u00e1pirr\u00e2d\u00e2h\u00e2n. Paalg\u00e2s lii u\u00e1iviu\u00e1sist Ru\u00e1vinjaarg\u00e2st, mut tot ol\u00e1 meid taveu\u00e1sistis Kitt\u00e2l j\u00e1 Kolari kield\u00e2i pel. Paalg\u00e2s r\u00e1j\u00e1\u0161uv\u00e1 tavveen Alakyl\u00e4, nuortt\u00e2n Poikaj\u00e4rvi, m\u00e4ddin Paloj\u00e4rvi j\u00e1 u\u00e1rjin Kolari palg\u00e2s\u00e1id. Palg\u00e2s [&hellip;]<\/p>\n","protected":false},"author":1,"featured_media":0,"parent":420,"menu_order":33,"comment_status":"open","ping_status":"closed","template":"paliskuntasivut.php","meta":{"footnotes":""},"class_list":["post-1467","page","type-page","status-publish","hentry"],"_links":{"self":[{"href":"https:\/\/paliskunnat.fi\/po\/wp-json\/wp\/v2\/pages\/1467","targetHints":{"allow":["GET"]}}],"collection":[{"href":"https:\/\/paliskunnat.fi\/po\/wp-json\/wp\/v2\/pages"}],"about":[{"href":"https:\/\/paliskunnat.fi\/po\/wp-json\/wp\/v2\/types\/page"}],"author":[{"embeddable":true,"href":"https:\/\/paliskunnat.fi\/po\/wp-json\/wp\/v2\/users\/1"}],"replies":[{"embeddable":true,"href":"https:\/\/paliskunnat.fi\/po\/wp-json\/wp\/v2\/comments?post=1467"}],"version-history":[{"count":5,"href":"https:\/\/paliskunnat.fi\/po\/wp-json\/wp\/v2\/pages\/1467\/revisions"}],"predecessor-version":[{"id":5983,"href":"https:\/\/paliskunnat.fi\/po\/wp-json\/wp\/v2\/pages\/1467\/revisions\/5983"}],"up":[{"embeddable":true,"href":"https:\/\/paliskunnat.fi\/po\/wp-json\/wp\/v2\/pages\/420"}],"wp:attachment":[{"href":"https:\/\/paliskunnat.fi\/po\/wp-json\/wp\/v2\/media?parent=1467"}],"curies":[{"name":"wp","href":"https:\/\/api.w.org\/{rel}","templated":true}]}}