{"id":1469,"date":"2014-11-23T17:27:20","date_gmt":"2014-11-23T15:27:20","guid":{"rendered":"http:\/\/80.69.171.23\/py\/?page_id=1469"},"modified":"2023-06-07T14:57:29","modified_gmt":"2023-06-07T11:57:29","slug":"narkaus","status":"publish","type":"page","link":"https:\/\/paliskunnat.fi\/po\/palgaseh\/palgasij-tiaduh\/narkaus\/","title":{"rendered":"34 Narkaus"},"content":{"rendered":"<h2>Narkaus<\/h2>\n<p>Pu\u00e1sui-i\u0161\u0161eed: Pet\u00e4j\u00e4j\u00e4rvi Antero<br \/>\nPuhelin: +358 400 151 988<br \/>\n\u0160le\u0111g\u00e2post\u00e2: &#x61;n&#x74;&#101;&#x72;&#111;&#46;&#x70;e&#x74;&#97;&#x6a;&#97;j&#x61;&#114;&#x76;&#105;&#64;&#x67;m&#x61;&#105;&#x6c;&#46;c&#x6f;m<\/p>\n<p><a href=\"https:\/\/paliskunnat.fi\/bo\/wp-content\/uploads\/2014\/11\/34_narkaus.png\" rel=\"lightbox[1469]\"><img loading=\"lazy\" decoding=\"async\" class=\"alignnone wp-image-1523\" src=\"https:\/\/paliskunnat.fi\/bo\/wp-content\/uploads\/2014\/11\/34_narkaus.png\" alt=\"34 Narkaus\" width=\"300\" height=\"387\" srcset=\"https:\/\/paliskunnat.fi\/po\/wp-content\/uploads\/2014\/11\/34_narkaus.png 775w, https:\/\/paliskunnat.fi\/po\/wp-content\/uploads\/2014\/11\/34_narkaus-233x300.png 233w, https:\/\/paliskunnat.fi\/po\/wp-content\/uploads\/2014\/11\/34_narkaus-768x991.png 768w\" sizes=\"auto, (max-width: 300px) 100vw, 300px\" \/><\/a><\/p>\n<table width=\"450\">\n<tbody>\n<tr>\n<td>P\u00e4ikkikield\u00e2:<\/td>\n<td>Ru\u00e1vinjarg\u00e2<\/td>\n<\/tr>\n<tr>\n<td>Vijdod\u00e2h:<\/td>\n<td>2 432 km<sup>2<\/sup><\/td>\n<\/tr>\n<tr>\n<td>Stu\u00e1rr\u00e1\u00e1mus lov\u00e1l\u00e2\u0161 elleepu\u00e1suimeeri:<\/td>\n<td>2 000<\/td>\n<\/tr>\n<tr>\n<td>Pu\u00e1sui-i\u00e4ig\u00e1dijd:<\/td>\n<td>74<\/td>\n<\/tr>\n<\/tbody>\n<\/table>\n<p>Narkaus paalg\u00e2s kulloo It\u00e4kemijoki vitt\u00e1pirr\u00e2d\u00e2h\u00e2n. Paalg\u00e2s lii Ru\u00e1vinjaarg\u00e2 kaavpugist sehe Tervola j\u00e1 Ranua kield\u00e2in. Davvin paalg\u00e2s r\u00e1j\u00e1\u0161uv\u00e1 Poikaj\u00e4rvi, nuortt\u00e2n Vanttaus j\u00e1 Niemel\u00e4, m\u00e4ddin Isosyd\u00e4nmaa j\u00e1 Kuukas j\u00e1 u\u00e1rjin Paloj\u00e4rvi palg\u00e2s\u00e1id.<\/p>\n<p>Palg\u00e2s en\u00e2mijn 34,8 % l\u00e1\u00e1 stat\u00e2en\u00e2meh j\u00e1 65,2 % priivaaten\u00e2meh. Ku\u00e1vlust lii Suhanko palladiumruukiv\u00e4ldimku\u00e1vlu, Ranua M\u00e4t\u00e4skaira uraanruukiv\u00e4ldimku\u00e1vlu sehe Poikkimaa lav\u014bepuovt\u00e2demku\u00e1vlu.<\/p>\n<p>Palg\u00e2sist lii pyeri \u00e4i\u0111ivi\u00e4rm\u00e1d\u00e2h, kidd\u00e2dis k\u00e4\u00e4rdih l\u00e1\u00e1 love j\u00e1 sirdemkaardijd kevtti\u0111 t\u00e1\u00e1rbu mield.<\/p>\n<p>Palg\u00e2s hu\u00e1m\u00e1\u0161ittee aass\u00e2m\u010du\u00e1kkip\u00e4ikki lii Ru\u00e1vinjarg\u00e2 kaavpug. Palg\u00e2s ku\u00e1vlust lii maa\u014bgah siijdah, tego Rautionsaari, Kivitaipale, Portimoj\u00e4rvi, Narkaus j\u00e1 Jokela. Aass\u00e2m lii meid Ranua j\u00e1 Tervola kield\u00e2i peln.<\/p>\n<p>&nbsp;<\/p>\n<p>&nbsp;<\/p>\n","protected":false},"excerpt":{"rendered":"<p>Narkaus Pu\u00e1sui-i\u0161\u0161eed: Pet\u00e4j\u00e4j\u00e4rvi Antero Puhelin: +358 400 151 988 \u0160le\u0111g\u00e2post\u00e2: &#97;n&#x74;e&#x72;o&#x2e;p&#x65;t&#x61;j&#x61;&#106;&#x61;&#114;&#x76;&#105;&#x40;&#103;&#x6d;&#97;&#x69;&#108;&#x2e;&#99;o&#x6d; P\u00e4ikkikield\u00e2: Ru\u00e1vinjarg\u00e2 Vijdod\u00e2h: 2 432 km2 Stu\u00e1rr\u00e1\u00e1mus lov\u00e1l\u00e2\u0161 elleepu\u00e1suimeeri: 2 000 Pu\u00e1sui-i\u00e4ig\u00e1dijd: 74 Narkaus paalg\u00e2s kulloo It\u00e4kemijoki vitt\u00e1pirr\u00e2d\u00e2h\u00e2n. Paalg\u00e2s lii Ru\u00e1vinjaarg\u00e2 kaavpugist sehe Tervola j\u00e1 Ranua kield\u00e2in. Davvin paalg\u00e2s r\u00e1j\u00e1\u0161uv\u00e1 Poikaj\u00e4rvi, nuortt\u00e2n Vanttaus j\u00e1 Niemel\u00e4, m\u00e4ddin Isosyd\u00e4nmaa j\u00e1 Kuukas j\u00e1 u\u00e1rjin Paloj\u00e4rvi palg\u00e2s\u00e1id. Palg\u00e2s [&hellip;]<\/p>\n","protected":false},"author":1,"featured_media":0,"parent":420,"menu_order":34,"comment_status":"open","ping_status":"closed","template":"paliskuntasivut.php","meta":{"footnotes":""},"class_list":["post-1469","page","type-page","status-publish","hentry"],"_links":{"self":[{"href":"https:\/\/paliskunnat.fi\/po\/wp-json\/wp\/v2\/pages\/1469","targetHints":{"allow":["GET"]}}],"collection":[{"href":"https:\/\/paliskunnat.fi\/po\/wp-json\/wp\/v2\/pages"}],"about":[{"href":"https:\/\/paliskunnat.fi\/po\/wp-json\/wp\/v2\/types\/page"}],"author":[{"embeddable":true,"href":"https:\/\/paliskunnat.fi\/po\/wp-json\/wp\/v2\/users\/1"}],"replies":[{"embeddable":true,"href":"https:\/\/paliskunnat.fi\/po\/wp-json\/wp\/v2\/comments?post=1469"}],"version-history":[{"count":4,"href":"https:\/\/paliskunnat.fi\/po\/wp-json\/wp\/v2\/pages\/1469\/revisions"}],"predecessor-version":[{"id":5984,"href":"https:\/\/paliskunnat.fi\/po\/wp-json\/wp\/v2\/pages\/1469\/revisions\/5984"}],"up":[{"embeddable":true,"href":"https:\/\/paliskunnat.fi\/po\/wp-json\/wp\/v2\/pages\/420"}],"wp:attachment":[{"href":"https:\/\/paliskunnat.fi\/po\/wp-json\/wp\/v2\/media?parent=1469"}],"curies":[{"name":"wp","href":"https:\/\/api.w.org\/{rel}","templated":true}]}}