{"id":1471,"date":"2014-11-23T17:28:46","date_gmt":"2014-11-23T15:28:46","guid":{"rendered":"http:\/\/80.69.171.23\/py\/?page_id=1471"},"modified":"2023-06-07T14:58:06","modified_gmt":"2023-06-07T11:58:06","slug":"niemela","status":"publish","type":"page","link":"https:\/\/paliskunnat.fi\/po\/palgaseh\/palgasij-tiaduh\/niemela\/","title":{"rendered":"35 Niemel\u00e4"},"content":{"rendered":"<h2>Niemel\u00e4<\/h2>\n<p>Pu\u00e1sui-i\u0161\u0161eed: Komulainen Matti<br \/>\nPuhelin: +358 400 696 721<br \/>\n\u0160le\u0111g\u00e2post\u00e2: &#x6d;&#97;t&#x74;&#105;&#46;&#x6b;&#111;m&#x75;&#x6c;&#97;&#x69;&#x6e;&#101;n&#x40;&#112;a&#x6c;&#105;s&#x6b;&#x75;&#110;&#x6e;&#x61;&#116;&#46;&#x66;&#105;<\/p>\n<p><a href=\"https:\/\/paliskunnat.fi\/po\/wp-content\/uploads\/2014\/11\/35_niemela.png\" rel=\"lightbox[1471]\"><img loading=\"lazy\" decoding=\"async\" class=\"alignnone wp-image-1525\" src=\"https:\/\/paliskunnat.fi\/bo\/wp-content\/uploads\/2014\/11\/35_niemela.png\" alt=\"35 Niemel\u00e4\" width=\"300\" height=\"387\" srcset=\"https:\/\/paliskunnat.fi\/po\/wp-content\/uploads\/2014\/11\/35_niemela.png 775w, https:\/\/paliskunnat.fi\/po\/wp-content\/uploads\/2014\/11\/35_niemela-233x300.png 233w, https:\/\/paliskunnat.fi\/po\/wp-content\/uploads\/2014\/11\/35_niemela-768x991.png 768w\" sizes=\"auto, (max-width: 300px) 100vw, 300px\" \/><\/a><\/p>\n<table width=\"450\">\n<tbody>\n<tr>\n<td>P\u00e4ikkikield\u00e2:<\/td>\n<td>Ru\u00e1vinjarg\u00e2<\/td>\n<\/tr>\n<tr>\n<td>Vijdod\u00e2h:<\/td>\n<td>1 268 km<sup>2<\/sup><\/td>\n<\/tr>\n<tr>\n<td>Stu\u00e1rr\u00e1\u00e1mus lov\u00e1l\u00e2\u0161 elleepu\u00e1suimeeri:<\/td>\n<td>1 900<\/td>\n<\/tr>\n<tr>\n<td>Pu\u00e1sui-i\u00e4ig\u00e1dijd:<\/td>\n<td>43<\/td>\n<\/tr>\n<\/tbody>\n<\/table>\n<p>Niemel\u00e4 paalg\u00e2s kulloo It\u00e4kemijoki vitt\u00e1pirr\u00e2d\u00e2h\u00e2n. Paalg\u00e2s lii Ru\u00e1vinjaarg\u00e2 kaavpug, Ranua j\u00e1 Posio kield\u00e2i peln. Paalg\u00e2s r\u00e1j\u00e1\u0161uv\u00e1 tavveen Vanttaus, nuortt\u00e2n Timisj\u00e4rvi j\u00e1 Posio Livo, m\u00e4ddin Pudasj\u00e4rvi Livo j\u00e1 Kuukas j\u00e1 u\u00e1rjin Narkaus palg\u00e2s\u00e1id.<\/p>\n<p>Palg\u00e2s en\u00e2mijn 46,6 % l\u00e1\u00e1 stat\u00e2en\u00e2meh j\u00e1 51,4 % priivaaten\u00e2meh.<\/p>\n<p>&nbsp;<\/p>\n<p>&nbsp;<\/p>\n","protected":false},"excerpt":{"rendered":"<p>Niemel\u00e4 Pu\u00e1sui-i\u0161\u0161eed: Komulainen Matti Puhelin: +358 400 696 721 \u0160le\u0111g\u00e2post\u00e2: mat&#116;&#105;&#46;&#x6b;&#x6f;&#x6d;&#x75;&#x6c;&#x61;ine&#110;&#64;&#112;&#97;&#x6c;&#x69;&#x73;&#x6b;&#x75;&#x6e;nat&#46;&#102;&#105; P\u00e4ikkikield\u00e2: Ru\u00e1vinjarg\u00e2 Vijdod\u00e2h: 1 268 km2 Stu\u00e1rr\u00e1\u00e1mus lov\u00e1l\u00e2\u0161 elleepu\u00e1suimeeri: 1 900 Pu\u00e1sui-i\u00e4ig\u00e1dijd: 43 Niemel\u00e4 paalg\u00e2s kulloo It\u00e4kemijoki vitt\u00e1pirr\u00e2d\u00e2h\u00e2n. Paalg\u00e2s lii Ru\u00e1vinjaarg\u00e2 kaavpug, Ranua j\u00e1 Posio kield\u00e2i peln. Paalg\u00e2s r\u00e1j\u00e1\u0161uv\u00e1 tavveen Vanttaus, nuortt\u00e2n Timisj\u00e4rvi j\u00e1 Posio Livo, m\u00e4ddin Pudasj\u00e4rvi Livo j\u00e1 Kuukas j\u00e1 u\u00e1rjin Narkaus [&hellip;]<\/p>\n","protected":false},"author":1,"featured_media":0,"parent":420,"menu_order":35,"comment_status":"open","ping_status":"closed","template":"paliskuntasivut.php","meta":{"footnotes":""},"class_list":["post-1471","page","type-page","status-publish","hentry"],"_links":{"self":[{"href":"https:\/\/paliskunnat.fi\/po\/wp-json\/wp\/v2\/pages\/1471","targetHints":{"allow":["GET"]}}],"collection":[{"href":"https:\/\/paliskunnat.fi\/po\/wp-json\/wp\/v2\/pages"}],"about":[{"href":"https:\/\/paliskunnat.fi\/po\/wp-json\/wp\/v2\/types\/page"}],"author":[{"embeddable":true,"href":"https:\/\/paliskunnat.fi\/po\/wp-json\/wp\/v2\/users\/1"}],"replies":[{"embeddable":true,"href":"https:\/\/paliskunnat.fi\/po\/wp-json\/wp\/v2\/comments?post=1471"}],"version-history":[{"count":5,"href":"https:\/\/paliskunnat.fi\/po\/wp-json\/wp\/v2\/pages\/1471\/revisions"}],"predecessor-version":[{"id":5985,"href":"https:\/\/paliskunnat.fi\/po\/wp-json\/wp\/v2\/pages\/1471\/revisions\/5985"}],"up":[{"embeddable":true,"href":"https:\/\/paliskunnat.fi\/po\/wp-json\/wp\/v2\/pages\/420"}],"wp:attachment":[{"href":"https:\/\/paliskunnat.fi\/po\/wp-json\/wp\/v2\/media?parent=1471"}],"curies":[{"name":"wp","href":"https:\/\/api.w.org\/{rel}","templated":true}]}}