{"id":1473,"date":"2014-11-23T17:30:29","date_gmt":"2014-11-23T15:30:29","guid":{"rendered":"http:\/\/80.69.171.23\/py\/?page_id=1473"},"modified":"2024-05-31T14:07:02","modified_gmt":"2024-05-31T11:07:02","slug":"timisjarvi","status":"publish","type":"page","link":"https:\/\/paliskunnat.fi\/po\/palgaseh\/palgasij-tiaduh\/timisjarvi\/","title":{"rendered":"36  Timisj\u00e4rvi"},"content":{"rendered":"<h2>Timisj\u00e4rvi<\/h2>\n<p>Pu\u00e1sui-i\u0161\u0161eed: Myllynen Matti<br \/>\nPuhelin: +358 40 021 5622<\/p>\n<p><a href=\"http:\/\/paliskunnat.fi\/bo\/wp-content\/uploads\/2014\/11\/36_timisjarvi.png\" rel=\"lightbox[1473]\"><img loading=\"lazy\" decoding=\"async\" class=\"alignnone wp-image-1527\" src=\"http:\/\/paliskunnat.fi\/bo\/wp-content\/uploads\/2014\/11\/36_timisjarvi.png\" alt=\"36 Timisj\u00e4rvi\" width=\"300\" height=\"387\" srcset=\"https:\/\/paliskunnat.fi\/po\/wp-content\/uploads\/2014\/11\/36_timisjarvi.png 775w, https:\/\/paliskunnat.fi\/po\/wp-content\/uploads\/2014\/11\/36_timisjarvi-233x300.png 233w, https:\/\/paliskunnat.fi\/po\/wp-content\/uploads\/2014\/11\/36_timisjarvi-768x991.png 768w\" sizes=\"auto, (max-width: 300px) 100vw, 300px\" \/><\/a><\/p>\n<table width=\"450\">\n<tbody>\n<tr>\n<td>P\u00e4ikkikield\u00e2:<\/td>\n<td>Posio<\/td>\n<\/tr>\n<tr>\n<td>Vijdod\u00e2h:<\/td>\n<td>963 km<sup>2<\/sup><\/td>\n<\/tr>\n<tr>\n<td>Stu\u00e1rr\u00e1\u00e1mus lov\u00e1l\u00e2\u0161 elleepu\u00e1suimeeri:<\/td>\n<td>1 900<\/td>\n<\/tr>\n<tr>\n<td>Pu\u00e1sui-i\u00e4ig\u00e1dijd:<\/td>\n<td>29<\/td>\n<\/tr>\n<\/tbody>\n<\/table>\n<p>Timisj\u00e4rvi paalg\u00e2s kulloo It\u00e4kemijuuv\u00e2 vitt\u00e1pirr\u00e2d\u00e2h\u00e2n. Paalg\u00e2s lii Posio kield\u00e2st u\u00e1rji- j\u00e1 taveoosijn, sehe u\u00e1ssin meid Ru\u00e1vinjaarg\u00e2 j\u00e1 Kiem\u00e2j\u00e4\u00e4vri kaavpugij peln.<\/p>\n<p>Paalg\u00e2s r\u00e1j\u00e1\u0161uv\u00e1 u\u00e1rjin Niemel\u00e4, Vanttaus j\u00e1 Pyh\u00e4-Kallio palg\u00e2s\u00e1id, tavveen Hirvasniemi j\u00e1 Salla palg\u00e2s\u00e1id sehe nuortt\u00e2n Tolva j\u00e1 m\u00e4ddin Posio Livo palg\u00e2s\u00e1id.<\/p>\n<p>Palg\u00e2s en\u00e2mijn 26,4 % l\u00e1\u00e1 stat\u00e2en\u00e2meh j\u00e1 73,6 % priivaaten\u00e2meh. Palg\u00e2s ku\u00e1vlust l\u00e1\u00e1 Korouoma suoj\u00e2lemku\u00e1vlu j\u00e1 Pyyt\u00f6uoma suoj\u00e2lemku\u00e1vlu.<\/p>\n<p>Palg\u00e2sist l\u00e1\u00e1 14 pyg\u00e1lyssaijeed, mut maid sirdemkaardijd kevtti\u0111.<\/p>\n<p>Palg\u00e2s pisovis aass\u00e2m lii Aittaniemi, Jumisko, Suorsa, Lehtiniemi, Per\u00e4-Posio j\u00e1 Pernu siijd\u00e2in. Timisj\u00e4rvi palg\u00e2sist i\u00e4 lah lu\u00e1ndui\u00e4l\u00e1tt\u00e2st\u00e1\u00e1luh.<\/p>\n<p>&nbsp;<\/p>\n<p>&nbsp;<\/p>\n","protected":false},"excerpt":{"rendered":"<p>Timisj\u00e4rvi Pu\u00e1sui-i\u0161\u0161eed: Myllynen Matti Puhelin: +358 40 021 5622 P\u00e4ikkikield\u00e2: Posio Vijdod\u00e2h: 963 km2 Stu\u00e1rr\u00e1\u00e1mus lov\u00e1l\u00e2\u0161 elleepu\u00e1suimeeri: 1 900 Pu\u00e1sui-i\u00e4ig\u00e1dijd: 29 Timisj\u00e4rvi paalg\u00e2s kulloo It\u00e4kemijuuv\u00e2 vitt\u00e1pirr\u00e2d\u00e2h\u00e2n. Paalg\u00e2s lii Posio kield\u00e2st u\u00e1rji- j\u00e1 taveoosijn, sehe u\u00e1ssin meid Ru\u00e1vinjaarg\u00e2 j\u00e1 Kiem\u00e2j\u00e4\u00e4vri kaavpugij peln. Paalg\u00e2s r\u00e1j\u00e1\u0161uv\u00e1 u\u00e1rjin Niemel\u00e4, Vanttaus j\u00e1 Pyh\u00e4-Kallio palg\u00e2s\u00e1id, tavveen Hirvasniemi j\u00e1 Salla palg\u00e2s\u00e1id sehe [&hellip;]<\/p>\n","protected":false},"author":1,"featured_media":0,"parent":420,"menu_order":36,"comment_status":"open","ping_status":"closed","template":"paliskuntasivut.php","meta":{"footnotes":""},"class_list":["post-1473","page","type-page","status-publish","hentry"],"_links":{"self":[{"href":"https:\/\/paliskunnat.fi\/po\/wp-json\/wp\/v2\/pages\/1473","targetHints":{"allow":["GET"]}}],"collection":[{"href":"https:\/\/paliskunnat.fi\/po\/wp-json\/wp\/v2\/pages"}],"about":[{"href":"https:\/\/paliskunnat.fi\/po\/wp-json\/wp\/v2\/types\/page"}],"author":[{"embeddable":true,"href":"https:\/\/paliskunnat.fi\/po\/wp-json\/wp\/v2\/users\/1"}],"replies":[{"embeddable":true,"href":"https:\/\/paliskunnat.fi\/po\/wp-json\/wp\/v2\/comments?post=1473"}],"version-history":[{"count":5,"href":"https:\/\/paliskunnat.fi\/po\/wp-json\/wp\/v2\/pages\/1473\/revisions"}],"predecessor-version":[{"id":5316,"href":"https:\/\/paliskunnat.fi\/po\/wp-json\/wp\/v2\/pages\/1473\/revisions\/5316"}],"up":[{"embeddable":true,"href":"https:\/\/paliskunnat.fi\/po\/wp-json\/wp\/v2\/pages\/420"}],"wp:attachment":[{"href":"https:\/\/paliskunnat.fi\/po\/wp-json\/wp\/v2\/media?parent=1473"}],"curies":[{"name":"wp","href":"https:\/\/api.w.org\/{rel}","templated":true}]}}