{"id":1477,"date":"2014-11-23T17:33:54","date_gmt":"2014-11-23T15:33:54","guid":{"rendered":"http:\/\/80.69.171.23\/py\/?page_id=1477"},"modified":"2023-06-07T15:00:16","modified_gmt":"2023-06-07T12:00:16","slug":"posion-livo","status":"publish","type":"page","link":"https:\/\/paliskunnat.fi\/po\/palgaseh\/palgasij-tiaduh\/posion-livo\/","title":{"rendered":"38 Posion Livo"},"content":{"rendered":"<h2>Posion Livo<\/h2>\n<p>Pu\u00e1sui-i\u0161\u0161eed: Hirvonen Seppo<br \/>\nPuhelin: +358 40 585 3663<br \/>\n\u0160le\u0111g\u00e2post\u00e2:\u00a0&#105;n&#x66;&#x6f;&#64;&#118;a&#x6c;&#x6b;&#101;&#97;p&#x65;&#x75;&#114;a&#46;&#x66;&#x69;<\/p>\n<p><a href=\"http:\/\/paliskunnat.fi\/bo\/wp-content\/uploads\/2014\/11\/38_posion_livo.png\" rel=\"lightbox[1477]\"><img loading=\"lazy\" decoding=\"async\" class=\"alignnone wp-image-1532\" src=\"http:\/\/paliskunnat.fi\/bo\/wp-content\/uploads\/2014\/11\/38_posion_livo.png\" alt=\"38_posion_livo\" width=\"300\" height=\"387\" srcset=\"https:\/\/paliskunnat.fi\/po\/wp-content\/uploads\/2014\/11\/38_posion_livo.png 775w, https:\/\/paliskunnat.fi\/po\/wp-content\/uploads\/2014\/11\/38_posion_livo-233x300.png 233w, https:\/\/paliskunnat.fi\/po\/wp-content\/uploads\/2014\/11\/38_posion_livo-768x991.png 768w\" sizes=\"auto, (max-width: 300px) 100vw, 300px\" \/><\/a><\/p>\n<table width=\"450\">\n<tbody>\n<tr>\n<td>P\u00e4ikkikield\u00e2:<\/td>\n<td>Posio<\/td>\n<\/tr>\n<tr>\n<td>Vijdod\u00e2h:<\/td>\n<td>966 km<sup>2<\/sup><\/td>\n<\/tr>\n<tr>\n<td>Stu\u00e1rr\u00e1\u00e1mus lov\u00e1l\u00e2\u0161 elleepu\u00e1suimeeri:<\/td>\n<td>1 500<\/td>\n<\/tr>\n<tr>\n<td>Pu\u00e1sui-i\u00e4ig\u00e1dijd:<\/td>\n<td>39<\/td>\n<\/tr>\n<\/tbody>\n<\/table>\n<p>Posio Livo paalg\u00e2s kulloo Nuortagiemajoga vitt\u00e1pirr\u00e2d\u00e2h\u00e2n. Paalg\u00e2s lii Posio kield\u00e2st. Paalg\u00e2s r\u00e1j\u00e1\u0161uv\u00e1 tavveen Timisj\u00e4rvi, tavenuortt\u00e2n Tolva, nuortt\u00e2n Akanlahti, m\u00e4ddin Taivalkoski j\u00e1 u\u00e1rjin Niemel\u00e4 j\u00e1 Pudasj\u00e4rvi Livo palg\u00e2s\u00e1id.<\/p>\n<p>Palg\u00e2s en\u00e2mijn 58,8 % l\u00e1\u00e1 stat\u00e2en\u00e2meh j\u00e1 41,2 % priivaaten\u00e2meh. Sy\u00f6te aalmugl\u00e2\u0161meeci taveu\u00e1si lii Posio Livo palg\u00e2sist j\u00e1 tobbeen l\u00e1\u00e1 erom\u00e2\u0161 \u0161iev ku\u00e1ttumen\u00e2meh. Palg\u00e2sist lii Sy\u00f6te aalmugl\u00e2\u0161meeci lasseen mu\u00e1ddi Natura-ku\u00e1vluh.<\/p>\n<p>Palg\u00e2sist l\u00e1\u00e1 \u010di\u010d\u010d\u00e2m kidd\u00e2dis k\u00e4\u00e4rdi: Kokkovaara, Suottaniemenp\u00e4\u00e4, Jalankangas, Kuivakangas, Lohij\u00e4rvi, Livojoki-Kerkk\u00e4m\u00e4nnikk\u00f6 j\u00e1 Kellinniemi. Posio ku\u00e1vlust lii ennuv eenn\u00e2mtu\u00e1lu, te kalvemsyeji\u00e4\u00e4i\u0111ih l\u00e1\u00e1 huksejum valjeeht.<\/p>\n<p>Ku\u00e1vlu lii h\u00e4\u00e4rviht assum j\u00e1 aass\u00e2m lii i\u00e4n\u00e1\u00e1\u0161 palg\u00e2s maad\u00e2oosijn oovt\u00e2st eenn\u00e2mtu\u00e1luin. Palg\u00e2s ku\u00e1vlust siijdah l\u00e1\u00e1 Sirni\u00f6, Anetj\u00e4rvi, Lauhkia, Raistakka, Livo, Pernu, Per\u00e4l\u00e4 j\u00e1 Posio kirkkosiijd\u00e2 mad\u00e2u\u00e1si. Palg\u00e2s u\u00e1s\u00e1liih \u00e4\u00e4sih t\u00e4\u00e4siv\u00e1vt jyehi siijd\u00e2st.<\/p>\n<p>&nbsp;<\/p>\n<p><!--more--><\/p>\n<h2>Posio Livon porotyt\u00f6n el\u00e4m\u00e4\u00e4<\/h2>\n<p>Posio livonpalkisen porotyt\u00f6n el\u00e4m\u00e4\u00e4 poronhoidossa (<a href=\"https:\/\/www.youtube.com\/watch?v=uhDH31nsx_o\">Youtube<\/a>). Julkaistu 3\/2011.<\/p>\n<p>&nbsp;<\/p>\n","protected":false},"excerpt":{"rendered":"<p>Posion Livo Pu\u00e1sui-i\u0161\u0161eed: Hirvonen Seppo Puhelin: +358 40 585 3663 \u0160le\u0111g\u00e2post\u00e2:\u00a0&#105;&#110;f&#x6f;&#x40;&#x76;&#97;lk&#x65;&#x61;&#112;&#101;u&#x72;&#x61;&#x2e;&#102;i P\u00e4ikkikield\u00e2: Posio Vijdod\u00e2h: 966 km2 Stu\u00e1rr\u00e1\u00e1mus lov\u00e1l\u00e2\u0161 elleepu\u00e1suimeeri: 1 500 Pu\u00e1sui-i\u00e4ig\u00e1dijd: 39 Posio Livo paalg\u00e2s kulloo Nuortagiemajoga vitt\u00e1pirr\u00e2d\u00e2h\u00e2n. Paalg\u00e2s lii Posio kield\u00e2st. Paalg\u00e2s r\u00e1j\u00e1\u0161uv\u00e1 tavveen Timisj\u00e4rvi, tavenuortt\u00e2n Tolva, nuortt\u00e2n Akanlahti, m\u00e4ddin Taivalkoski j\u00e1 u\u00e1rjin Niemel\u00e4 j\u00e1 Pudasj\u00e4rvi Livo palg\u00e2s\u00e1id. Palg\u00e2s en\u00e2mijn 58,8 % l\u00e1\u00e1 [&hellip;]<\/p>\n","protected":false},"author":1,"featured_media":0,"parent":420,"menu_order":38,"comment_status":"open","ping_status":"closed","template":"paliskuntasivut.php","meta":{"footnotes":""},"class_list":["post-1477","page","type-page","status-publish","hentry"],"_links":{"self":[{"href":"https:\/\/paliskunnat.fi\/po\/wp-json\/wp\/v2\/pages\/1477","targetHints":{"allow":["GET"]}}],"collection":[{"href":"https:\/\/paliskunnat.fi\/po\/wp-json\/wp\/v2\/pages"}],"about":[{"href":"https:\/\/paliskunnat.fi\/po\/wp-json\/wp\/v2\/types\/page"}],"author":[{"embeddable":true,"href":"https:\/\/paliskunnat.fi\/po\/wp-json\/wp\/v2\/users\/1"}],"replies":[{"embeddable":true,"href":"https:\/\/paliskunnat.fi\/po\/wp-json\/wp\/v2\/comments?post=1477"}],"version-history":[{"count":5,"href":"https:\/\/paliskunnat.fi\/po\/wp-json\/wp\/v2\/pages\/1477\/revisions"}],"predecessor-version":[{"id":5988,"href":"https:\/\/paliskunnat.fi\/po\/wp-json\/wp\/v2\/pages\/1477\/revisions\/5988"}],"up":[{"embeddable":true,"href":"https:\/\/paliskunnat.fi\/po\/wp-json\/wp\/v2\/pages\/420"}],"wp:attachment":[{"href":"https:\/\/paliskunnat.fi\/po\/wp-json\/wp\/v2\/media?parent=1477"}],"curies":[{"name":"wp","href":"https:\/\/api.w.org\/{rel}","templated":true}]}}