{"id":1479,"date":"2014-11-23T17:35:51","date_gmt":"2014-11-23T15:35:51","guid":{"rendered":"http:\/\/80.69.171.23\/py\/?page_id=1479"},"modified":"2023-06-07T15:01:05","modified_gmt":"2023-06-07T12:01:05","slug":"isosydanmaa","status":"publish","type":"page","link":"https:\/\/paliskunnat.fi\/po\/palgaseh\/palgasij-tiaduh\/isosydanmaa\/","title":{"rendered":"39 Isosyd\u00e4nmaa"},"content":{"rendered":"<h2>Isosyd\u00e4nmaa<\/h2>\n<p>Pu\u00e1sui-i\u0161\u0161eed: Haapaniemi Markus<br \/>\nPuhelin: +358 50 561 9827<br \/>\n\u0160le\u0111g\u00e2post\u00e2: ma&#114;&#107;&#117;&#x73;&#x2e;&#x68;&#x61;&#x61;pa&#110;&#105;&#101;&#x6d;&#x69;&#x40;&#x67;&#x6d;ai&#108;&#46;&#99;&#x6f;&#x6d;<\/p>\n<p><a href=\"http:\/\/paliskunnat.fi\/bo\/wp-content\/uploads\/2014\/11\/39_isosydanmaa.png\" rel=\"lightbox[1479]\"><img loading=\"lazy\" decoding=\"async\" class=\"alignnone wp-image-1535\" src=\"http:\/\/paliskunnat.fi\/bo\/wp-content\/uploads\/2014\/11\/39_isosydanmaa.png\" alt=\"39 Isosyd\u00e4nmaa\" width=\"300\" height=\"387\" srcset=\"https:\/\/paliskunnat.fi\/po\/wp-content\/uploads\/2014\/11\/39_isosydanmaa.png 775w, https:\/\/paliskunnat.fi\/po\/wp-content\/uploads\/2014\/11\/39_isosydanmaa-233x300.png 233w, https:\/\/paliskunnat.fi\/po\/wp-content\/uploads\/2014\/11\/39_isosydanmaa-768x991.png 768w\" sizes=\"auto, (max-width: 300px) 100vw, 300px\" \/><\/a><\/p>\n<table width=\"450\">\n<tbody>\n<tr>\n<td>P\u00e4ikkikield\u00e2:<\/td>\n<td>Simo<\/td>\n<\/tr>\n<tr>\n<td>Vijdod\u00e2h:<\/td>\n<td>2 325 km<sup>2<\/sup><\/td>\n<\/tr>\n<tr>\n<td>Stu\u00e1rr\u00e1\u00e1mus lov\u00e1l\u00e2\u0161 elleepu\u00e1suimeeri:<\/td>\n<td>2 000<\/td>\n<\/tr>\n<tr>\n<td>Pu\u00e1sui-i\u00e4ig\u00e1dijd:<\/td>\n<td>68<\/td>\n<\/tr>\n<\/tbody>\n<\/table>\n<p>Isosyd\u00e4nmaa paalg\u00e2s kulloo It\u00e4kemijuuv\u00e2 vitt\u00e1pirr\u00e2d\u00e2h\u00e2n. Paalg\u00e2s lii Simo, Ranua j\u00e1 Tervola kield\u00e2in. Paalg\u00e2s r\u00e1j\u00e1\u0161uv\u00e1 tavveen Narkaus, nuortt\u00e2n Kuukas j\u00e1 m\u00e4ddin Oij\u00e4rvi palg\u00e2s\u00e1id. U\u00e1rjipele paalg\u00e2s ol\u00e1 Mer\u00e2poo\u0111\u00e2 rido r\u00e4i.<\/p>\n<p>Palg\u00e2s en\u00e2mijn 46,3 % l\u00e1\u00e1 stat\u00e2en\u00e2meh j\u00e1 53,7 % priivaaten\u00e2meh.<\/p>\n<p>Palg\u00e2s en\u00e2mijn lii Runkaus lu\u00e1ndumecci sehe mu\u00e1ddi eres Natura-ku\u00e1vluh. Ranua Suhankon l\u00e1\u00e1 vu\u00e1v\u00e1\u00e1min platinameetaalruuki, mii pu\u00e1\u0111\u00e1\u010d\u010dij Isosyd\u00e4nmaa j\u00e1 Narkaus r\u00e4\u00e4ji ool\u00e2. Palg\u00e2s ku\u00e1vlust l\u00e1\u00e1 lav\u014bepuovt\u00e2demku\u00e1vluh j\u00e1 toid lii ain \u0161odd\u00e2min een\u00e2b. Ku\u00e1vlun lii meid vu\u00e1v\u00e1jum pieggavyeimipuovt\u00e2d\u00e2sku\u00e1vluh.<\/p>\n<p>Palg\u00e2sist l\u00e1\u00e1 i\u00e4n\u00e1\u00e1\u0161 ki\u00e4vtust sirdemk\u00e4\u00e4rdih. Kidd\u00e2dis k\u00e4\u00e4rdi palg\u00e2sist lii Alatalo-antinvaarast, mii lii ih\u00e1s\u00e1vt ki\u00e4vtust. Hu\u00e1m\u00e1\u0161ittee aass\u00e2m\u010du\u00e1kkip\u00e4ikki lii Simo kirkkosiijd\u00e2st, j\u00e1 ku\u00e1vlust l\u00e1\u00e1 maa\u014bgah siijdah. Aass\u00e2m palg\u00e2s ku\u00e1vlust lii eenn\u00e2mtu\u00e1luv\u00e1ldis\u00e2\u0161.<\/p>\n<p>&nbsp;<\/p>\n","protected":false},"excerpt":{"rendered":"<p>Isosyd\u00e4nmaa Pu\u00e1sui-i\u0161\u0161eed: Haapaniemi Markus Puhelin: +358 50 561 9827 \u0160le\u0111g\u00e2post\u00e2: &#x6d;&#97;&#114;&#x6b;&#x75;&#115;&#46;&#x68;&#x61;&#97;&#112;&#x61;&#x6e;&#105;&#101;&#x6d;&#x69;&#64;&#103;&#x6d;&#x61;&#105;&#108;&#x2e;&#x63;&#111;&#109; P\u00e4ikkikield\u00e2: Simo Vijdod\u00e2h: 2 325 km2 Stu\u00e1rr\u00e1\u00e1mus lov\u00e1l\u00e2\u0161 elleepu\u00e1suimeeri: 2 000 Pu\u00e1sui-i\u00e4ig\u00e1dijd: 68 Isosyd\u00e4nmaa paalg\u00e2s kulloo It\u00e4kemijuuv\u00e2 vitt\u00e1pirr\u00e2d\u00e2h\u00e2n. Paalg\u00e2s lii Simo, Ranua j\u00e1 Tervola kield\u00e2in. Paalg\u00e2s r\u00e1j\u00e1\u0161uv\u00e1 tavveen Narkaus, nuortt\u00e2n Kuukas j\u00e1 m\u00e4ddin Oij\u00e4rvi palg\u00e2s\u00e1id. U\u00e1rjipele paalg\u00e2s ol\u00e1 Mer\u00e2poo\u0111\u00e2 rido r\u00e4i. Palg\u00e2s en\u00e2mijn 46,3 [&hellip;]<\/p>\n","protected":false},"author":1,"featured_media":0,"parent":420,"menu_order":39,"comment_status":"open","ping_status":"closed","template":"paliskuntasivut.php","meta":{"footnotes":""},"class_list":["post-1479","page","type-page","status-publish","hentry"],"_links":{"self":[{"href":"https:\/\/paliskunnat.fi\/po\/wp-json\/wp\/v2\/pages\/1479","targetHints":{"allow":["GET"]}}],"collection":[{"href":"https:\/\/paliskunnat.fi\/po\/wp-json\/wp\/v2\/pages"}],"about":[{"href":"https:\/\/paliskunnat.fi\/po\/wp-json\/wp\/v2\/types\/page"}],"author":[{"embeddable":true,"href":"https:\/\/paliskunnat.fi\/po\/wp-json\/wp\/v2\/users\/1"}],"replies":[{"embeddable":true,"href":"https:\/\/paliskunnat.fi\/po\/wp-json\/wp\/v2\/comments?post=1479"}],"version-history":[{"count":3,"href":"https:\/\/paliskunnat.fi\/po\/wp-json\/wp\/v2\/pages\/1479\/revisions"}],"predecessor-version":[{"id":5989,"href":"https:\/\/paliskunnat.fi\/po\/wp-json\/wp\/v2\/pages\/1479\/revisions\/5989"}],"up":[{"embeddable":true,"href":"https:\/\/paliskunnat.fi\/po\/wp-json\/wp\/v2\/pages\/420"}],"wp:attachment":[{"href":"https:\/\/paliskunnat.fi\/po\/wp-json\/wp\/v2\/media?parent=1479"}],"curies":[{"name":"wp","href":"https:\/\/api.w.org\/{rel}","templated":true}]}}