{"id":1483,"date":"2014-11-23T17:38:34","date_gmt":"2014-11-23T15:38:34","guid":{"rendered":"http:\/\/80.69.171.23\/py\/?page_id=1483"},"modified":"2023-06-07T15:04:02","modified_gmt":"2023-06-07T12:04:02","slug":"alakitka","status":"publish","type":"page","link":"https:\/\/paliskunnat.fi\/po\/palgaseh\/palgasij-tiaduh\/alakitka\/","title":{"rendered":"42 Alakitka"},"content":{"rendered":"<h2>Alakitka<\/h2>\n<p>Pu\u00e1sui-i\u0161\u0161eed: Oikarainen Jalmari<br \/>\nPuhelin: +358 40 965 0596<br \/>\n\u0160le\u0111g\u00e2post\u00e2: &#x61;&#x6c;&#x61;&#x6b;&#x69;&#x74;&#x6b;&#x61;&#x6e;&#x70;&#x6c;&#x6b;&#x40;&#x67;&#x6d;&#x61;&#x69;&#x6c;&#x2e;&#x63;&#x6f;&#x6d;<\/p>\n<p><a href=\"http:\/\/paliskunnat.fi\/bo\/wp-content\/uploads\/2014\/11\/42_alakitka.png\" rel=\"lightbox[1483]\"><img loading=\"lazy\" decoding=\"async\" class=\"alignnone wp-image-1541\" src=\"http:\/\/paliskunnat.fi\/bo\/wp-content\/uploads\/2014\/11\/42_alakitka.png\" alt=\"42_alakitka\" width=\"300\" height=\"387\" srcset=\"https:\/\/paliskunnat.fi\/po\/wp-content\/uploads\/2014\/11\/42_alakitka.png 776w, https:\/\/paliskunnat.fi\/po\/wp-content\/uploads\/2014\/11\/42_alakitka-233x300.png 233w, https:\/\/paliskunnat.fi\/po\/wp-content\/uploads\/2014\/11\/42_alakitka-768x990.png 768w\" sizes=\"auto, (max-width: 300px) 100vw, 300px\" \/><\/a><\/p>\n<table width=\"450\">\n<tbody>\n<tr>\n<td>P\u00e4ikkikield\u00e2:<\/td>\n<td>Ku\u00e1cc\u00e1m<\/td>\n<\/tr>\n<tr>\n<td>Vijdod\u00e2h:<\/td>\n<td>1 213 km<sup>2<\/sup><\/td>\n<\/tr>\n<tr>\n<td>Stu\u00e1rr\u00e1\u00e1mus lov\u00e1l\u00e2\u0161 elleepu\u00e1suimeeri:<\/td>\n<td>1 600<\/td>\n<\/tr>\n<tr>\n<td>Pu\u00e1sui-i\u00e4ig\u00e1dijd:<\/td>\n<td>38<\/td>\n<\/tr>\n<\/tbody>\n<\/table>\n<p>Alakitka paalg\u00e2s kul\u00e1 Ku\u00e1cc\u00e1m vitt\u00e1pirr\u00e2d\u00e2h\u00e2n. Paalg\u00e2s lii Ku\u00e1cc\u00e1m kaavpug taveu\u00e1sist. Paalg\u00e2s r\u00e1j\u00e1\u0161uv\u00e1 nuortt\u00e2n Ruo\u0161\u00e2 v\u00e4ldikodder\u00e1\u00e1j\u00e1n, m\u00e4ddin Oivanki, u\u00e1rjin Tolva j\u00e1 tavveen Salla palg\u00e2s\u00e1id.<\/p>\n<p>Palg\u00e2s en\u00e2mijn 24,6 % l\u00e1\u00e1 stat\u00e2en\u00e2meh j\u00e1 75,4 % priivaaten\u00e2meh. Palg\u00e2s ku\u00e1vlust lii Oulanka aalmugl\u00e2\u0161mecci, mii tuurv\u00e2st jievj\u00e2mku\u00e1ttumen\u00e2mijd si\u00e4ilum palg\u00e2s ku\u00e1vlust. Lasseen palg\u00e2s ku\u00e1vlust lii Sukeri lu\u00e1ndumecci. Ruo\u0161\u0161\u00e2 r\u00e4\u00e4ji aldavuot\u00e2 toovv\u00e2t vu\u00e1im\u00e1lijd pi\u00e4tunaalijd palg\u00e2s ku\u00e1vlun.<\/p>\n<p>Pyg\u00e1lysk\u00e4\u00e4rdih l\u00e1\u00e1 ohtsis nelji. Rytinkist lii pyg\u00e1lysk\u00e4\u00e4rdi oht\u00e2vuo\u0111\u00e2st meid pur\u00e2ttemk\u00e4rdi, mast poccuid pu\u00e1ht\u00e1 tooll\u00e2\u0111 j\u00e1 pur\u00e2tti\u0111 taarb\u00e2\u0161dijn v\u00e4disvuo\u0111\u00e2itt\u00e1\u00e1. J\u00e4k\u00e4l\u00e4mutkan lii huksejum u\u0111\u0111\u00e2 pyg\u00e1lysk\u00e4rdi 2010.<\/p>\n<p>Palg\u00e2s stu\u00e1rr\u00e1\u00e1mus oht\u00e2s\u00e2\u0161 sijd\u00e2 lii K\u00e4yl\u00e4. Meiddei Vuotunkist lii aass\u00e2m. Lu\u00e1mu- j\u00e1 rijj\u00e2\u00e4igiaass\u00e2mvi\u00e4suh l\u00e1\u00e1 valjeest palg\u00e2s en\u00e2mijn. Pu\u00e1suiulmui aass\u00e2m \u010dokk\u00e2n K\u00e4yl\u00e4 ku\u00e1vlun. Mottoom pu\u00e1suiulmuuh \u00e4\u00e4sih meid Ku\u00e1cc\u00e1m ku\u00e1vd\u00e1\u00e1st j\u00e1 eres kaavpug siijd\u00e2in.<\/p>\n<p>&nbsp;<\/p>\n<p>&nbsp;<\/p>\n","protected":false},"excerpt":{"rendered":"<p>Alakitka Pu\u00e1sui-i\u0161\u0161eed: Oikarainen Jalmari Puhelin: +358 40 965 0596 \u0160le\u0111g\u00e2post\u00e2: &#97;&#x6c;&#97;&#x6b;&#105;&#x74;k&#x61;n&#x70;l&#107;&#x40;&#103;&#x6d;&#97;&#x69;&#108;&#x2e;c&#x6f;m P\u00e4ikkikield\u00e2: Ku\u00e1cc\u00e1m Vijdod\u00e2h: 1 213 km2 Stu\u00e1rr\u00e1\u00e1mus lov\u00e1l\u00e2\u0161 elleepu\u00e1suimeeri: 1 600 Pu\u00e1sui-i\u00e4ig\u00e1dijd: 38 Alakitka paalg\u00e2s kul\u00e1 Ku\u00e1cc\u00e1m vitt\u00e1pirr\u00e2d\u00e2h\u00e2n. Paalg\u00e2s lii Ku\u00e1cc\u00e1m kaavpug taveu\u00e1sist. Paalg\u00e2s r\u00e1j\u00e1\u0161uv\u00e1 nuortt\u00e2n Ruo\u0161\u00e2 v\u00e4ldikodder\u00e1\u00e1j\u00e1n, m\u00e4ddin Oivanki, u\u00e1rjin Tolva j\u00e1 tavveen Salla palg\u00e2s\u00e1id. Palg\u00e2s en\u00e2mijn 24,6 % l\u00e1\u00e1 stat\u00e2en\u00e2meh j\u00e1 75,4 [&hellip;]<\/p>\n","protected":false},"author":1,"featured_media":0,"parent":420,"menu_order":42,"comment_status":"open","ping_status":"closed","template":"paliskuntasivut.php","meta":{"footnotes":""},"class_list":["post-1483","page","type-page","status-publish","hentry"],"_links":{"self":[{"href":"https:\/\/paliskunnat.fi\/po\/wp-json\/wp\/v2\/pages\/1483","targetHints":{"allow":["GET"]}}],"collection":[{"href":"https:\/\/paliskunnat.fi\/po\/wp-json\/wp\/v2\/pages"}],"about":[{"href":"https:\/\/paliskunnat.fi\/po\/wp-json\/wp\/v2\/types\/page"}],"author":[{"embeddable":true,"href":"https:\/\/paliskunnat.fi\/po\/wp-json\/wp\/v2\/users\/1"}],"replies":[{"embeddable":true,"href":"https:\/\/paliskunnat.fi\/po\/wp-json\/wp\/v2\/comments?post=1483"}],"version-history":[{"count":7,"href":"https:\/\/paliskunnat.fi\/po\/wp-json\/wp\/v2\/pages\/1483\/revisions"}],"predecessor-version":[{"id":5993,"href":"https:\/\/paliskunnat.fi\/po\/wp-json\/wp\/v2\/pages\/1483\/revisions\/5993"}],"up":[{"embeddable":true,"href":"https:\/\/paliskunnat.fi\/po\/wp-json\/wp\/v2\/pages\/420"}],"wp:attachment":[{"href":"https:\/\/paliskunnat.fi\/po\/wp-json\/wp\/v2\/media?parent=1483"}],"curies":[{"name":"wp","href":"https:\/\/api.w.org\/{rel}","templated":true}]}}