{"id":1486,"date":"2014-11-23T17:41:10","date_gmt":"2014-11-23T15:41:10","guid":{"rendered":"http:\/\/80.69.171.23\/py\/?page_id=1486"},"modified":"2023-06-07T15:04:38","modified_gmt":"2023-06-07T12:04:38","slug":"akanlahti","status":"publish","type":"page","link":"https:\/\/paliskunnat.fi\/po\/palgaseh\/palgasij-tiaduh\/akanlahti\/","title":{"rendered":"43 Akanlahti"},"content":{"rendered":"<h2>Akanlahti<\/h2>\n<p>Pu\u00e1sui-i\u0161\u0161eed: P\u00e4tsi Antti<br \/>\nPuhelin: +358 40 708 2153<br \/>\n\u0160le\u0111g\u00e2post\u00e2: an&#116;&#116;&#105;&#x2e;&#x70;&#x61;&#x74;&#x73;i&#64;&#103;&#109;&#97;&#x69;&#x6c;&#x2e;&#x63;&#x6f;m<\/p>\n<p><a href=\"http:\/\/paliskunnat.fi\/bo\/wp-content\/uploads\/2014\/11\/43_akanlahti.png\" rel=\"lightbox[1486]\"><img loading=\"lazy\" decoding=\"async\" class=\"alignnone wp-image-1544\" src=\"http:\/\/paliskunnat.fi\/bo\/wp-content\/uploads\/2014\/11\/43_akanlahti.png\" alt=\"43_akanlahti\" width=\"300\" height=\"387\" srcset=\"https:\/\/paliskunnat.fi\/po\/wp-content\/uploads\/2014\/11\/43_akanlahti.png 775w, https:\/\/paliskunnat.fi\/po\/wp-content\/uploads\/2014\/11\/43_akanlahti-233x300.png 233w, https:\/\/paliskunnat.fi\/po\/wp-content\/uploads\/2014\/11\/43_akanlahti-768x991.png 768w\" sizes=\"auto, (max-width: 300px) 100vw, 300px\" \/><\/a><\/p>\n<table width=\"450\">\n<tbody>\n<tr>\n<td>P\u00e4ikkikield\u00e2:<\/td>\n<td>Posio<\/td>\n<\/tr>\n<tr>\n<td>Vijdod\u00e2h:<\/td>\n<td>638 km<sup>2<\/sup><\/td>\n<\/tr>\n<tr>\n<td>Stu\u00e1rr\u00e1\u00e1mus lov\u00e1l\u00e2\u0161 elleepu\u00e1suimeeri:<\/td>\n<td>1 000<\/td>\n<\/tr>\n<tr>\n<td>Pu\u00e1sui-i\u00e4ig\u00e1dijd:<\/td>\n<td>17<\/td>\n<\/tr>\n<\/tbody>\n<\/table>\n<p>Akanlahti paalg\u00e2s kul\u00e1 Ku\u00e1cc\u00e1m vitt\u00e1pirr\u00e2d\u00e2h\u00e2n. Paalg\u00e2s lii Posio (60 %), Ku\u00e1cc\u00e1m (35 %) j\u00e1 Taivalkoski (5 %) kield\u00e2in. Paalg\u00e2s r\u00e1j\u00e1\u0161uv\u00e1 tavveen Tolva, nuortt\u00e2n Oivanki j\u00e1 Kallioluoma, m\u00e4ddin Hossa-Irni j\u00e1 Taivalkoski j\u00e1 u\u00e1rjin Posio Livo palg\u00e2s\u00e1id.<\/p>\n<p>Palg\u00e2s en\u00e2mijn 12,7 % l\u00e1\u00e1 stat\u00e2en\u00e2meh j\u00e1 87,3 % priivaaten\u00e2meh. Akanlahti palg\u00e2s ku\u00e1vluin i\u00e4 lah lu\u00e1ndu- j\u00e1 aalmugl\u00e2\u0161meecih i\u00e4ge mecciku\u00e1vluh.<\/p>\n<p>Palg\u00e2sist l\u00e1\u00e1 kutt\u00e2 pyg\u00e1lyssaje: Kolomilampi, Suonper\u00e4, Aitalampi, Pitk\u00e4lampi, Isokangas j\u00e1 Jokilampi. Vuosij sij vitt\u00e1deh sirdemkaardijn.<\/p>\n<p>Ku\u00e1vlu lii h\u00e4\u00e4rviht assum j\u00e1 lii mi\u00e4t\u00e1 palg\u00e2s. Palg\u00e2s ku\u00e1vlust i\u00e4 lah stuorr\u00e2 \u010du\u00e1kkip\u00e4\u00e4ihih mut ucc\u00e2 siijdah tego Vasaraper\u00e4, Lohiranta, Kynsivaara j\u00e1 Jokilampi. Mest\u00e2 puoh u\u00e1s\u00e1liih \u00e4\u00e4sih palg\u00e2s ku\u00e1vlu siijd\u00e2in tego Lohirantast j\u00e1 Jokilampist.<\/p>\n<p>&nbsp;<\/p>\n","protected":false},"excerpt":{"rendered":"<p>Akanlahti Pu\u00e1sui-i\u0161\u0161eed: P\u00e4tsi Antti Puhelin: +358 40 708 2153 \u0160le\u0111g\u00e2post\u00e2: &#x61;&#110;t&#x74;&#105;&#46;&#x70;&#x61;&#116;s&#x69;&#64;g&#x6d;&#x61;&#105;l&#x2e;&#99;o&#x6d; P\u00e4ikkikield\u00e2: Posio Vijdod\u00e2h: 638 km2 Stu\u00e1rr\u00e1\u00e1mus lov\u00e1l\u00e2\u0161 elleepu\u00e1suimeeri: 1 000 Pu\u00e1sui-i\u00e4ig\u00e1dijd: 17 Akanlahti paalg\u00e2s kul\u00e1 Ku\u00e1cc\u00e1m vitt\u00e1pirr\u00e2d\u00e2h\u00e2n. Paalg\u00e2s lii Posio (60 %), Ku\u00e1cc\u00e1m (35 %) j\u00e1 Taivalkoski (5 %) kield\u00e2in. Paalg\u00e2s r\u00e1j\u00e1\u0161uv\u00e1 tavveen Tolva, nuortt\u00e2n Oivanki j\u00e1 Kallioluoma, m\u00e4ddin Hossa-Irni j\u00e1 Taivalkoski j\u00e1 u\u00e1rjin [&hellip;]<\/p>\n","protected":false},"author":1,"featured_media":0,"parent":420,"menu_order":43,"comment_status":"open","ping_status":"closed","template":"paliskuntasivut.php","meta":{"footnotes":""},"class_list":["post-1486","page","type-page","status-publish","hentry"],"_links":{"self":[{"href":"https:\/\/paliskunnat.fi\/po\/wp-json\/wp\/v2\/pages\/1486","targetHints":{"allow":["GET"]}}],"collection":[{"href":"https:\/\/paliskunnat.fi\/po\/wp-json\/wp\/v2\/pages"}],"about":[{"href":"https:\/\/paliskunnat.fi\/po\/wp-json\/wp\/v2\/types\/page"}],"author":[{"embeddable":true,"href":"https:\/\/paliskunnat.fi\/po\/wp-json\/wp\/v2\/users\/1"}],"replies":[{"embeddable":true,"href":"https:\/\/paliskunnat.fi\/po\/wp-json\/wp\/v2\/comments?post=1486"}],"version-history":[{"count":5,"href":"https:\/\/paliskunnat.fi\/po\/wp-json\/wp\/v2\/pages\/1486\/revisions"}],"predecessor-version":[{"id":5994,"href":"https:\/\/paliskunnat.fi\/po\/wp-json\/wp\/v2\/pages\/1486\/revisions\/5994"}],"up":[{"embeddable":true,"href":"https:\/\/paliskunnat.fi\/po\/wp-json\/wp\/v2\/pages\/420"}],"wp:attachment":[{"href":"https:\/\/paliskunnat.fi\/po\/wp-json\/wp\/v2\/media?parent=1486"}],"curies":[{"name":"wp","href":"https:\/\/api.w.org\/{rel}","templated":true}]}}