{"id":1488,"date":"2014-11-23T17:42:53","date_gmt":"2014-11-23T15:42:53","guid":{"rendered":"http:\/\/80.69.171.23\/py\/?page_id=1488"},"modified":"2025-06-11T10:05:14","modified_gmt":"2025-06-11T07:05:14","slug":"hossa-irni","status":"publish","type":"page","link":"https:\/\/paliskunnat.fi\/po\/palgaseh\/palgasij-tiaduh\/hossa-irni\/","title":{"rendered":"44 Hossa-Irni"},"content":{"rendered":"<h2>Hossa-Irni<\/h2>\n<p>Pu\u00e1sui-i\u0161\u0161eed: Sepp\u00e4nen Ville<br \/>\nPuhelin: +358 40 569 6592<br \/>\n\u0160le\u0111g\u00e2post\u00e2: &#104;o&#x73;s&#x61;i&#x72;&#110;&#x69;&#112;&#x6c;&#107;&#64;&#x67;m&#x61;i&#x6c;&#46;&#x63;&#111;&#x6d;<\/p>\n<p><a href=\"https:\/\/paliskunnat.fi\/bo\/wp-content\/uploads\/2014\/11\/44_hossa_irni.png\" rel=\"lightbox[1488]\"><img loading=\"lazy\" decoding=\"async\" class=\"alignnone wp-image-1546\" src=\"https:\/\/paliskunnat.fi\/bo\/wp-content\/uploads\/2014\/11\/44_hossa_irni.png\" alt=\"44 Hossa Irni\" width=\"300\" height=\"387\" srcset=\"https:\/\/paliskunnat.fi\/po\/wp-content\/uploads\/2014\/11\/44_hossa_irni.png 775w, https:\/\/paliskunnat.fi\/po\/wp-content\/uploads\/2014\/11\/44_hossa_irni-233x300.png 233w, https:\/\/paliskunnat.fi\/po\/wp-content\/uploads\/2014\/11\/44_hossa_irni-768x991.png 768w\" sizes=\"auto, (max-width: 300px) 100vw, 300px\" \/><\/a><\/p>\n<table width=\"450\">\n<tbody>\n<tr>\n<td>P\u00e4ikkikield\u00e2:<\/td>\n<td>Suomussalmi<\/td>\n<\/tr>\n<tr>\n<td>Vijdod\u00e2h:<\/td>\n<td>3 073 km<sup>2<\/sup><\/td>\n<\/tr>\n<tr>\n<td>Stu\u00e1rr\u00e1\u00e1mus lov\u00e1l\u00e2\u0161 elleepu\u00e1suimeeri:<\/td>\n<td>3 000<\/td>\n<\/tr>\n<tr>\n<td>Pu\u00e1sui-i\u00e4ig\u00e1dijd:<\/td>\n<td>71<\/td>\n<\/tr>\n<\/tbody>\n<\/table>\n<p>Hossa-Irni paalg\u00e2s kul\u00e1 Guoss\u00e1n vitt\u00e1pirr\u00e2d\u00e2h\u00e2n. Paalg\u00e2s lii Guoss\u00e1n kaavpugist, Taivalkoski j\u00e1 Suomussalmi kield\u00e2in. Paalg\u00e2s r\u00e1j\u00e1\u0161uv\u00e1 nuortt\u00e2n Ruo\u0161\u00e2 stat\u00e2r\u00e1\u00e1j\u00e1n, m\u00e4ddin N\u00e4lj\u00e4nk\u00e4, u\u00e1rjin Taivalkoski j\u00e1 tavveen Akanlahti j\u00e1 Kallioluoma palg\u00e2s\u00e1id.<\/p>\n<p>Palg\u00e2s en\u00e2mijn 50,5 % l\u00e1\u00e1 stat\u00e2en\u00e2meh j\u00e1 49,5 % priivaaten\u00e2meh. Palg\u00e2s ku\u00e1vluin l\u00e1\u00e1 maa\u014bgah Natura-suoj\u00e2lemku\u00e1vluh. Hu\u00e1m\u00e1\u0161ittee suoj\u00e2lemku\u00e1vluh l\u00e1\u00e1 Martinselkonen, Hossa vand\u00e2rdemku\u00e1vlu j\u00e1 Romevaara.<\/p>\n<p>Palg\u00e2sist i\u00e4 lah cogg\u00e2m- j\u00e1 ku\u00e1ttum\u00e4\u00e4i\u0111ih. Pyg\u00e1lysk\u00e4\u00e4rdih l\u00e1\u00e1 ohtsis oovce. Oosijn kidd\u00e2diskaardijd l\u00e1\u00e1 meiddei pur\u00e2ttem\u00e4\u00e4i\u0111ih, main poccuid pu\u00e1ht\u00e1 tooll\u00e2\u0111 j\u00e1 pur\u00e2tti\u0111 t\u00e1\u00e1rbu mield v\u00e4disvuo\u0111\u00e2itt\u00e1\u00e1.<\/p>\n<p>Palg\u00e2s taveoosijn Iijoki \u010d\u00e1c\u00e1duv alda lii ku\u00e1vlu assum ti\u00e4tt\u00e1s\u00e1vt. Meiddei Kianna \u010d\u00e1c\u00e1duv pirr\u00e2sist lii aass\u00e2m ti\u00e4tt\u00e1s\u00e1vt. Stu\u00e1rr\u00e1\u00e1muuh siijdah l\u00e1\u00e1 Hossa, Ruhtinansalmi j\u00e1 Teeriranta. Pu\u00e1suiulmui aass\u00e2m lii \u010dokkim Suomussalmis Hossa pirr\u00e2s\u00e2n.<\/p>\n<p>&nbsp;<\/p>\n<p>&nbsp;<\/p>\n<p>&nbsp;<\/p>\n","protected":false},"excerpt":{"rendered":"<p>Hossa-Irni Pu\u00e1sui-i\u0161\u0161eed: Sepp\u00e4nen Ville Puhelin: +358 40 569 6592 \u0160le\u0111g\u00e2post\u00e2: &#x68;&#111;s&#x73;&#97;i&#x72;&#110;i&#x70;&#x6c;&#107;&#x40;&#x67;&#109;a&#x69;&#108;&#46;&#x63;&#111;m P\u00e4ikkikield\u00e2: Suomussalmi Vijdod\u00e2h: 3 073 km2 Stu\u00e1rr\u00e1\u00e1mus lov\u00e1l\u00e2\u0161 elleepu\u00e1suimeeri: 3 000 Pu\u00e1sui-i\u00e4ig\u00e1dijd: 71 Hossa-Irni paalg\u00e2s kul\u00e1 Guoss\u00e1n vitt\u00e1pirr\u00e2d\u00e2h\u00e2n. Paalg\u00e2s lii Guoss\u00e1n kaavpugist, Taivalkoski j\u00e1 Suomussalmi kield\u00e2in. Paalg\u00e2s r\u00e1j\u00e1\u0161uv\u00e1 nuortt\u00e2n Ruo\u0161\u00e2 stat\u00e2r\u00e1\u00e1j\u00e1n, m\u00e4ddin N\u00e4lj\u00e4nk\u00e4, u\u00e1rjin Taivalkoski j\u00e1 tavveen Akanlahti j\u00e1 Kallioluoma palg\u00e2s\u00e1id. Palg\u00e2s en\u00e2mijn 50,5 [&hellip;]<\/p>\n","protected":false},"author":1,"featured_media":0,"parent":420,"menu_order":44,"comment_status":"open","ping_status":"closed","template":"paliskuntasivut.php","meta":{"footnotes":""},"class_list":["post-1488","page","type-page","status-publish","hentry"],"_links":{"self":[{"href":"https:\/\/paliskunnat.fi\/po\/wp-json\/wp\/v2\/pages\/1488","targetHints":{"allow":["GET"]}}],"collection":[{"href":"https:\/\/paliskunnat.fi\/po\/wp-json\/wp\/v2\/pages"}],"about":[{"href":"https:\/\/paliskunnat.fi\/po\/wp-json\/wp\/v2\/types\/page"}],"author":[{"embeddable":true,"href":"https:\/\/paliskunnat.fi\/po\/wp-json\/wp\/v2\/users\/1"}],"replies":[{"embeddable":true,"href":"https:\/\/paliskunnat.fi\/po\/wp-json\/wp\/v2\/comments?post=1488"}],"version-history":[{"count":7,"href":"https:\/\/paliskunnat.fi\/po\/wp-json\/wp\/v2\/pages\/1488\/revisions"}],"predecessor-version":[{"id":6135,"href":"https:\/\/paliskunnat.fi\/po\/wp-json\/wp\/v2\/pages\/1488\/revisions\/6135"}],"up":[{"embeddable":true,"href":"https:\/\/paliskunnat.fi\/po\/wp-json\/wp\/v2\/pages\/420"}],"wp:attachment":[{"href":"https:\/\/paliskunnat.fi\/po\/wp-json\/wp\/v2\/media?parent=1488"}],"curies":[{"name":"wp","href":"https:\/\/api.w.org\/{rel}","templated":true}]}}