{"id":1490,"date":"2014-11-23T17:45:38","date_gmt":"2014-11-23T15:45:38","guid":{"rendered":"http:\/\/80.69.171.23\/py\/?page_id=1490"},"modified":"2023-06-07T15:05:52","modified_gmt":"2023-06-07T12:05:52","slug":"kallioluoma","status":"publish","type":"page","link":"https:\/\/paliskunnat.fi\/po\/palgaseh\/palgasij-tiaduh\/kallioluoma\/","title":{"rendered":"45 Kallioluoma"},"content":{"rendered":"<h2>Kallioluoma<\/h2>\n<p>Pu\u00e1sui-i\u0161\u0161eed: H\u00e4rm\u00e4 Heikki<br \/>\nPuhelin: +358 40 540 9381<br \/>\n\u0160le\u0111g\u00e2post\u00e2: &#104;&#x65;&#105;&#x6b;&#107;&#x69;&#112;&#x6f;r&#x6f;&#64;&#x67;m&#x61;i&#108;&#x2e;&#99;&#x6f;&#109;<\/p>\n<p><a href=\"http:\/\/paliskunnat.fi\/bo\/wp-content\/uploads\/2014\/11\/45_kallioluoma.png\" rel=\"lightbox[1490]\"><img loading=\"lazy\" decoding=\"async\" class=\"alignnone wp-image-1548\" src=\"http:\/\/paliskunnat.fi\/bo\/wp-content\/uploads\/2014\/11\/45_kallioluoma.png\" alt=\"45 Kallioluoma\" width=\"300\" height=\"387\" srcset=\"https:\/\/paliskunnat.fi\/po\/wp-content\/uploads\/2014\/11\/45_kallioluoma.png 775w, https:\/\/paliskunnat.fi\/po\/wp-content\/uploads\/2014\/11\/45_kallioluoma-233x300.png 233w, https:\/\/paliskunnat.fi\/po\/wp-content\/uploads\/2014\/11\/45_kallioluoma-768x991.png 768w\" sizes=\"auto, (max-width: 300px) 100vw, 300px\" \/><\/a><\/p>\n<table width=\"450\">\n<tbody>\n<tr>\n<td>P\u00e4ikkikield\u00e2:<\/td>\n<td>Ku\u00e1cc\u00e1m<\/td>\n<\/tr>\n<tr>\n<td>Vijdod\u00e2h:<\/td>\n<td>1 550 km<sup>2<\/sup><\/td>\n<\/tr>\n<tr>\n<td>Stu\u00e1rr\u00e1\u00e1mus lov\u00e1l\u00e2\u0161 elleepu\u00e1suimeeri:<\/td>\n<td>2 300<\/td>\n<\/tr>\n<tr>\n<td>Pu\u00e1sui-i\u00e4ig\u00e1dijd:<\/td>\n<td>42<\/td>\n<\/tr>\n<\/tbody>\n<\/table>\n<p>Kallioluoma paalg\u00e2s kul\u00e1 Guoss\u00e1n vitt\u00e1pirr\u00e2d\u00e2h\u00e2n. Paalg\u00e2s lii Guoss\u00e1n kaavpug mad\u00e2u\u00e1sist. Paalg\u00e2s r\u00e1j\u00e1\u0161uv\u00e1 nuortt\u00e2n Ruo\u0161\u00e2 v\u00e4ldikodder\u00e1\u00e1j\u00e1n, m\u00e4ddin Hossa-Irni, u\u00e1rjin Akanlahti j\u00e1 tavveen Oivanki palg\u00e2s\u00e1id.<\/p>\n<p>Palg\u00e2s en\u00e2mijn 20,1 % l\u00e1\u00e1 stat\u00e2en\u00e2meh j\u00e1 79,9 % priivaaten\u00e2meh.. Palg\u00e2s en\u00e2mijd cyevkkee riijk\u00e2ki\u00e4inu 5, mii ju\u00e1h\u00e1 palg\u00e2s poccuid ku\u00e1ttum- j\u00e1 varriist\u00e2ll\u00e2mku\u00e1vlu kyevti u\u00e1s\u00e1n. Palg\u00e2s ku\u00e1vlust l\u00e1\u00e1 mu\u00e1ddi lav\u014bejeggid, mut toi pu\u00e1suitu\u00e1lun tov\u00e2tt\u00e2m hem\u00e2d\u00e2s lii u\u00e1li siemn\u00e1hh\u00e1\u00e1.<\/p>\n<p>Palg\u00e2sist l\u00e1\u00e1 kidd\u00e2disk\u00e4\u00e4rdih oovce. Poccui pivdo\u00e4\u00e4i\u0111ih l\u00e1\u00e1 vitt\u00e2. U\u00e1s\u00e1lijn l\u00e1\u00e1 jieij\u00e2s k\u00e4\u00e4rdih. Kalvemij syeijin l\u00e1\u00e1 huksejum kalvemsyeji\u00e4\u00e4i\u0111ih jyehi t\u00e1\u00e1lun.<\/p>\n<p>Aass\u00e2m lii mi\u00e4t\u00e1 palg\u00e2s t\u00e4sivub, eereeb nuortt\u00e2mus oosijn. Asto\u00e4igiaass\u00e2mvi\u00e4suh l\u00e1\u00e1 lasan\u00e2m hirmos. Pu\u00e1suiulmuuh \u00e4\u00e4sih mi\u00e4t\u00e1 palg\u00e2s. Stuorr\u00e2 u\u00e1si palg\u00e2s pu\u00e1suiulmuin l\u00e1\u00e1 eenn\u00e2mi\u00e4ig\u00e1deh. T\u00e1\u00e1luh lii eenn\u00e2m-, mecci- j\u00e1 pu\u00e1suitu\u00e1luh.<\/p>\n<p>&nbsp;<\/p>\n<p>&nbsp;<\/p>\n<p>&nbsp;<\/p>\n","protected":false},"excerpt":{"rendered":"<p>Kallioluoma Pu\u00e1sui-i\u0161\u0161eed: H\u00e4rm\u00e4 Heikki Puhelin: +358 40 540 9381 \u0160le\u0111g\u00e2post\u00e2: &#x68;&#x65;&#x69;&#x6b;&#x6b;&#x69;&#x70;&#x6f;&#114;&#111;&#64;&#103;&#109;&#97;&#105;l&#46;co&#x6d; P\u00e4ikkikield\u00e2: Ku\u00e1cc\u00e1m Vijdod\u00e2h: 1 550 km2 Stu\u00e1rr\u00e1\u00e1mus lov\u00e1l\u00e2\u0161 elleepu\u00e1suimeeri: 2 300 Pu\u00e1sui-i\u00e4ig\u00e1dijd: 42 Kallioluoma paalg\u00e2s kul\u00e1 Guoss\u00e1n vitt\u00e1pirr\u00e2d\u00e2h\u00e2n. Paalg\u00e2s lii Guoss\u00e1n kaavpug mad\u00e2u\u00e1sist. Paalg\u00e2s r\u00e1j\u00e1\u0161uv\u00e1 nuortt\u00e2n Ruo\u0161\u00e2 v\u00e4ldikodder\u00e1\u00e1j\u00e1n, m\u00e4ddin Hossa-Irni, u\u00e1rjin Akanlahti j\u00e1 tavveen Oivanki palg\u00e2s\u00e1id. Palg\u00e2s en\u00e2mijn 20,1 % l\u00e1\u00e1 stat\u00e2en\u00e2meh j\u00e1 79,9 [&hellip;]<\/p>\n","protected":false},"author":1,"featured_media":0,"parent":420,"menu_order":45,"comment_status":"open","ping_status":"closed","template":"paliskuntasivut.php","meta":{"footnotes":""},"class_list":["post-1490","page","type-page","status-publish","hentry"],"_links":{"self":[{"href":"https:\/\/paliskunnat.fi\/po\/wp-json\/wp\/v2\/pages\/1490","targetHints":{"allow":["GET"]}}],"collection":[{"href":"https:\/\/paliskunnat.fi\/po\/wp-json\/wp\/v2\/pages"}],"about":[{"href":"https:\/\/paliskunnat.fi\/po\/wp-json\/wp\/v2\/types\/page"}],"author":[{"embeddable":true,"href":"https:\/\/paliskunnat.fi\/po\/wp-json\/wp\/v2\/users\/1"}],"replies":[{"embeddable":true,"href":"https:\/\/paliskunnat.fi\/po\/wp-json\/wp\/v2\/comments?post=1490"}],"version-history":[{"count":5,"href":"https:\/\/paliskunnat.fi\/po\/wp-json\/wp\/v2\/pages\/1490\/revisions"}],"predecessor-version":[{"id":5996,"href":"https:\/\/paliskunnat.fi\/po\/wp-json\/wp\/v2\/pages\/1490\/revisions\/5996"}],"up":[{"embeddable":true,"href":"https:\/\/paliskunnat.fi\/po\/wp-json\/wp\/v2\/pages\/420"}],"wp:attachment":[{"href":"https:\/\/paliskunnat.fi\/po\/wp-json\/wp\/v2\/media?parent=1490"}],"curies":[{"name":"wp","href":"https:\/\/api.w.org\/{rel}","templated":true}]}}