{"id":1492,"date":"2014-11-23T17:47:16","date_gmt":"2014-11-23T15:47:16","guid":{"rendered":"http:\/\/80.69.171.23\/py\/?page_id=1492"},"modified":"2023-06-07T15:06:26","modified_gmt":"2023-06-07T12:06:26","slug":"oivanki","status":"publish","type":"page","link":"https:\/\/paliskunnat.fi\/po\/palgaseh\/palgasij-tiaduh\/oivanki\/","title":{"rendered":"46 Oivanki"},"content":{"rendered":"<h2>Oivanki<\/h2>\n<p>Pu\u00e1sui-i\u0161\u0161eed: Kujala Juha<br \/>\nPuhelin: +358 40 913 7616<br \/>\n\u0160le\u0111g\u00e2post\u00e2: &#111;&#x69;v&#x61;&#x6e;&#103;&#x69;n&#112;&#x61;&#108;&#x69;s&#107;&#x75;n&#x74;a&#64;&#x67;m&#x61;&#x69;&#108;&#x2e;c&#111;&#x6d;<\/p>\n<p><a href=\"https:\/\/paliskunnat.fi\/bo\/wp-content\/uploads\/2014\/11\/46_oivanki.png\" rel=\"lightbox[1492]\"><img loading=\"lazy\" decoding=\"async\" class=\"alignnone wp-image-1550\" src=\"https:\/\/paliskunnat.fi\/bo\/wp-content\/uploads\/2014\/11\/46_oivanki.png\" alt=\"46 Oivanki\" width=\"300\" height=\"387\" srcset=\"https:\/\/paliskunnat.fi\/po\/wp-content\/uploads\/2014\/11\/46_oivanki.png 775w, https:\/\/paliskunnat.fi\/po\/wp-content\/uploads\/2014\/11\/46_oivanki-233x300.png 233w, https:\/\/paliskunnat.fi\/po\/wp-content\/uploads\/2014\/11\/46_oivanki-768x991.png 768w\" sizes=\"auto, (max-width: 300px) 100vw, 300px\" \/><\/a><\/p>\n<table width=\"450\">\n<tbody>\n<tr>\n<td>P\u00e4ikkikield\u00e2:<\/td>\n<td>Ku\u00e1cc\u00e1m<\/td>\n<\/tr>\n<tr>\n<td>Vijdod\u00e2h:<\/td>\n<td>1 662 km<sup>2<\/sup><\/td>\n<\/tr>\n<tr>\n<td>Stu\u00e1rr\u00e1\u00e1mus lov\u00e1l\u00e2\u0161 elleepu\u00e1suimeeri:<\/td>\n<td>2 400<\/td>\n<\/tr>\n<tr>\n<td>Pu\u00e1sui-i\u00e4ig\u00e1dijd:<\/td>\n<td>49<\/td>\n<\/tr>\n<\/tbody>\n<\/table>\n<p>Oivanki paalg\u00e2s kul\u00e1 Ku\u00e1cc\u00e1m vitt\u00e1pirr\u00e2d\u00e2h\u00e2n. Paalg\u00e2s lii Guoss\u00e1n kaavpug kosk\u00e2u\u00e1sist. Paalg\u00e2s r\u00e1j\u00e1\u0161uv\u00e1 nuortt\u00e2n Ruo\u0161\u00e2 stat\u00e2r\u00e1\u00e1j\u00e1n, m\u00e4ddin Kallioluoma, u\u00e1rjin Akanlahti j\u00e1 Tolva j\u00e1 tavveen Alakitka palg\u00e2s\u00e1id.<\/p>\n<p>Palg\u00e2s en\u00e2mijn 3,8 % l\u00e1\u00e1 stat\u00e2en\u00e2meh j\u00e1 96,2 % priivaaten\u00e2meh. Palg\u00e2s ju\u00e1h\u00e1 riijk\u00e2ki\u00e4inu 5, mii v\u00e4dismit poccui ku\u00e1\u0111uttem. Ruka \u010duoig\u00e2mku\u00e1vd\u00e1\u0161 pu\u00e1ht\u00e1 ku\u00e1vlun ennuv turistijd.<\/p>\n<p>Palg\u00e2sist lii suull\u00e2n 20 k\u00e4rdisaijeed. Kidd\u00e2disk\u00e4\u00e4rdih l\u00e1\u00e1 vitt\u00e2, sirdemkaardijd kevtti\u0111 suull\u00e2n love k\u00e4rdisaajeest. Kyevti k\u00e4rdisaajeest lii pur\u00e2ttem\u00e4i\u0111i. Kalvemij syejiaai\u0111ijd Oivanki palg\u00e2s u\u00e1s\u00e1liih l\u00e1\u00e1 kartt\u00e2m huksi\u0111 stu\u00e1rr\u00e1\u00e1muu u\u00e1s\u00e1n kalvemijn.<\/p>\n<p>Aass\u00e2m lii \u010dokk\u00e2n\u00e2m Ku\u00e1cc\u00e1m kirkkosiijd\u00e2n, Rukan j\u00e1 Nissinvaaran. \u00c4sseemereh l\u00e1\u00e1 kaavpugist njeeij\u00e2m majemuin iivijn j\u00e1 aain\u00e2s-uv tu\u00e1rispelekyl\u00e1h \u0161addeh \u00e4v\u0111in.<\/p>\n<p>&nbsp;<\/p>\n<p>&nbsp;<\/p>\n","protected":false},"excerpt":{"rendered":"<p>Oivanki Pu\u00e1sui-i\u0161\u0161eed: Kujala Juha Puhelin: +358 40 913 7616 \u0160le\u0111g\u00e2post\u00e2: oi&#118;&#97;&#110;&#103;&#x69;&#x6e;&#x70;&#x61;&#x6c;is&#107;&#117;&#110;&#116;&#x61;&#x40;&#x67;&#x6d;&#x61;il&#46;&#99;&#111;&#109; P\u00e4ikkikield\u00e2: Ku\u00e1cc\u00e1m Vijdod\u00e2h: 1 662 km2 Stu\u00e1rr\u00e1\u00e1mus lov\u00e1l\u00e2\u0161 elleepu\u00e1suimeeri: 2 400 Pu\u00e1sui-i\u00e4ig\u00e1dijd: 49 Oivanki paalg\u00e2s kul\u00e1 Ku\u00e1cc\u00e1m vitt\u00e1pirr\u00e2d\u00e2h\u00e2n. Paalg\u00e2s lii Guoss\u00e1n kaavpug kosk\u00e2u\u00e1sist. Paalg\u00e2s r\u00e1j\u00e1\u0161uv\u00e1 nuortt\u00e2n Ruo\u0161\u00e2 stat\u00e2r\u00e1\u00e1j\u00e1n, m\u00e4ddin Kallioluoma, u\u00e1rjin Akanlahti j\u00e1 Tolva j\u00e1 tavveen Alakitka palg\u00e2s\u00e1id. Palg\u00e2s en\u00e2mijn 3,8 % l\u00e1\u00e1 stat\u00e2en\u00e2meh [&hellip;]<\/p>\n","protected":false},"author":1,"featured_media":0,"parent":420,"menu_order":46,"comment_status":"open","ping_status":"closed","template":"paliskuntasivut.php","meta":{"footnotes":""},"class_list":["post-1492","page","type-page","status-publish","hentry"],"_links":{"self":[{"href":"https:\/\/paliskunnat.fi\/po\/wp-json\/wp\/v2\/pages\/1492","targetHints":{"allow":["GET"]}}],"collection":[{"href":"https:\/\/paliskunnat.fi\/po\/wp-json\/wp\/v2\/pages"}],"about":[{"href":"https:\/\/paliskunnat.fi\/po\/wp-json\/wp\/v2\/types\/page"}],"author":[{"embeddable":true,"href":"https:\/\/paliskunnat.fi\/po\/wp-json\/wp\/v2\/users\/1"}],"replies":[{"embeddable":true,"href":"https:\/\/paliskunnat.fi\/po\/wp-json\/wp\/v2\/comments?post=1492"}],"version-history":[{"count":6,"href":"https:\/\/paliskunnat.fi\/po\/wp-json\/wp\/v2\/pages\/1492\/revisions"}],"predecessor-version":[{"id":5997,"href":"https:\/\/paliskunnat.fi\/po\/wp-json\/wp\/v2\/pages\/1492\/revisions\/5997"}],"up":[{"embeddable":true,"href":"https:\/\/paliskunnat.fi\/po\/wp-json\/wp\/v2\/pages\/420"}],"wp:attachment":[{"href":"https:\/\/paliskunnat.fi\/po\/wp-json\/wp\/v2\/media?parent=1492"}],"curies":[{"name":"wp","href":"https:\/\/api.w.org\/{rel}","templated":true}]}}