{"id":1559,"date":"2014-11-23T18:37:18","date_gmt":"2014-11-23T16:37:18","guid":{"rendered":"http:\/\/80.69.171.23\/py\/?page_id=1559"},"modified":"2023-06-07T15:07:54","modified_gmt":"2023-06-07T12:07:54","slug":"pudasjarvi","status":"publish","type":"page","link":"https:\/\/paliskunnat.fi\/po\/palgaseh\/palgasij-tiaduh\/pudasjarvi\/","title":{"rendered":"49 Pudasj\u00e4rvi"},"content":{"rendered":"<h2>PUDASJ\u00c4RVI<\/h2>\n<p>Pu\u00e1sui-i\u0161\u0161eed: Jaurun Markus<br \/>\nPuhelin: +358 40 732 1243<br \/>\n\u0160le\u0111g\u00e2post\u00e2: &#x70;&#x6f;&#x72;&#x6f;&#x6a;&#x61;&#x75;&#x72;&#117;&#64;&#103;&#109;&#97;&#105;&#108;&#46;com<\/p>\n<p><a href=\"https:\/\/paliskunnat.fi\/bo\/wp-content\/uploads\/2014\/11\/49_pudasjarvi.png\" rel=\"lightbox[1559]\"><img loading=\"lazy\" decoding=\"async\" class=\"alignnone wp-image-1560\" src=\"https:\/\/paliskunnat.fi\/bo\/wp-content\/uploads\/2014\/11\/49_pudasjarvi.png\" alt=\"49 Pudasj\u00e4rvi\" width=\"300\" height=\"387\" srcset=\"https:\/\/paliskunnat.fi\/po\/wp-content\/uploads\/2014\/11\/49_pudasjarvi.png 775w, https:\/\/paliskunnat.fi\/po\/wp-content\/uploads\/2014\/11\/49_pudasjarvi-233x300.png 233w, https:\/\/paliskunnat.fi\/po\/wp-content\/uploads\/2014\/11\/49_pudasjarvi-768x991.png 768w\" sizes=\"auto, (max-width: 300px) 100vw, 300px\" \/><\/a><\/p>\n<table width=\"450\">\n<tbody>\n<tr>\n<td>P\u00e4ikkikield\u00e2:<\/td>\n<td>Pudasj\u00e4rvi<\/td>\n<\/tr>\n<tr>\n<td>Vijdod\u00e2h:<\/td>\n<td>2 037 km<sup>2<\/sup><\/td>\n<\/tr>\n<tr>\n<td>Stu\u00e1rr\u00e1\u00e1mus lov\u00e1l\u00e2\u0161 elleepu\u00e1suimeeri:<\/td>\n<td>2 200<\/td>\n<\/tr>\n<tr>\n<td>Pu\u00e1sui-i\u00e4ig\u00e1dijd:<\/td>\n<td>60<\/td>\n<\/tr>\n<\/tbody>\n<\/table>\n<p>Pudasj\u00e4rvi paalg\u00e2s kulloo Pudasj\u00e4rvi vitt\u00e1pirr\u00e2d\u00e2h\u00e2n. Paalg\u00e2s lii Pudasj\u00e4rvi j\u00e1 Utaj\u00e4rvi kield\u00e2in. Paalg\u00e2s r\u00e1j\u00e1\u0161uv\u00e1 tavveen Pudasj\u00e4rvi Livo sehe nuortt\u00e2n Pintamo palg\u00e2s\u00e1id, m\u00e4ddin pu\u00e1suitu\u00e1luku\u00e1vlu mad\u00e2r\u00e1\u00e1j\u00e1n, u\u00e1rjin Kiiminki j\u00e1 Kollaja palg\u00e2s\u00e1id.<\/p>\n<p>Palg\u00e2s en\u00e2mijn 38,5 % l\u00e1\u00e1 stat\u00e2en\u00e2meh j\u00e1 61,5 % priivaaten\u00e2meh. Palg\u00e2s ku\u00e1vlust lii Olvassuo lu\u00e1ndumecci j\u00e1 maa\u014bgah Natura-suoj\u00e2lemku\u00e1vluh. Jeegij valje tiet palg\u00e2s ku\u00e1ttumen\u00e2mijd j\u00e1 tooim\u00e2 r\u00e4ijejeh j\u00e1 hettejeh lav\u014bepuovt\u00e2dmeh.<\/p>\n<p>Palg\u00e2sist i\u00e4 lah cogg\u00e2m- j\u00e1 ku\u00e1ttum\u00e4\u00e4i\u0111ih. Pyg\u00e1lysk\u00e4\u00e4rdih l\u00e1\u00e1 ohtsis \u010di\u010d\u010d\u00e2m. U\u00e1sist kidd\u00e2diskaardijn l\u00e1\u00e1 meid pur\u00e2ttem\u00e4\u00e4i\u0111ih, main poccuid pu\u00e1ht\u00e1 tooll\u00e2\u0111 j\u00e1 pur\u00e2tti\u0111 taarb\u00e2\u0161dijn v\u00e4disvuo\u0111\u00e2itt\u00e1\u00e1.<\/p>\n<p>Ku\u00e1vlust lii ennuv aass\u00e2m palg\u00e2s taveoosijn Iijuuv\u00e2 leevist. Meiddei \u00e4sseeh l\u00e1\u00e1 ennuv Kiiminkijuuv\u00e2 j\u00e1 ton sij\u0111ojuuv\u00e2i leevijn. Lu\u00e1mu- j\u00e1 asto\u00e4igiaass\u00e2mvi\u00e4suh l\u00e1\u00e1 ennuv palg\u00e2s ku\u00e1vlust. U\u00e1s\u00e1liih \u00e4\u00e4sih t\u00e4\u00e4siv\u00e1vt mi\u00e4t\u00e1 palg\u00e2s. Mest\u00e2 puoh u\u00e1s\u00e1liih l\u00e1\u00e1 meiddei eenn\u00e2mi\u00e4ig\u00e1deh.<\/p>\n<p>&nbsp;<\/p>\n<p>&nbsp;<\/p>\n","protected":false},"excerpt":{"rendered":"<p>PUDASJ\u00c4RVI Pu\u00e1sui-i\u0161\u0161eed: Jaurun Markus Puhelin: +358 40 732 1243 \u0160le\u0111g\u00e2post\u00e2: &#x70;&#111;&#x72;&#x6f;&#106;&#x61;&#117;r&#x75;&#64;g&#x6d;&#97;i&#x6c;&#46;c&#x6f;&#109; P\u00e4ikkikield\u00e2: Pudasj\u00e4rvi Vijdod\u00e2h: 2 037 km2 Stu\u00e1rr\u00e1\u00e1mus lov\u00e1l\u00e2\u0161 elleepu\u00e1suimeeri: 2 200 Pu\u00e1sui-i\u00e4ig\u00e1dijd: 60 Pudasj\u00e4rvi paalg\u00e2s kulloo Pudasj\u00e4rvi vitt\u00e1pirr\u00e2d\u00e2h\u00e2n. Paalg\u00e2s lii Pudasj\u00e4rvi j\u00e1 Utaj\u00e4rvi kield\u00e2in. Paalg\u00e2s r\u00e1j\u00e1\u0161uv\u00e1 tavveen Pudasj\u00e4rvi Livo sehe nuortt\u00e2n Pintamo palg\u00e2s\u00e1id, m\u00e4ddin pu\u00e1suitu\u00e1luku\u00e1vlu mad\u00e2r\u00e1\u00e1j\u00e1n, u\u00e1rjin Kiiminki j\u00e1 Kollaja palg\u00e2s\u00e1id. Palg\u00e2s en\u00e2mijn 38,5 [&hellip;]<\/p>\n","protected":false},"author":1,"featured_media":0,"parent":420,"menu_order":49,"comment_status":"open","ping_status":"closed","template":"paliskuntasivut.php","meta":{"footnotes":""},"class_list":["post-1559","page","type-page","status-publish","hentry"],"_links":{"self":[{"href":"https:\/\/paliskunnat.fi\/po\/wp-json\/wp\/v2\/pages\/1559","targetHints":{"allow":["GET"]}}],"collection":[{"href":"https:\/\/paliskunnat.fi\/po\/wp-json\/wp\/v2\/pages"}],"about":[{"href":"https:\/\/paliskunnat.fi\/po\/wp-json\/wp\/v2\/types\/page"}],"author":[{"embeddable":true,"href":"https:\/\/paliskunnat.fi\/po\/wp-json\/wp\/v2\/users\/1"}],"replies":[{"embeddable":true,"href":"https:\/\/paliskunnat.fi\/po\/wp-json\/wp\/v2\/comments?post=1559"}],"version-history":[{"count":6,"href":"https:\/\/paliskunnat.fi\/po\/wp-json\/wp\/v2\/pages\/1559\/revisions"}],"predecessor-version":[{"id":5999,"href":"https:\/\/paliskunnat.fi\/po\/wp-json\/wp\/v2\/pages\/1559\/revisions\/5999"}],"up":[{"embeddable":true,"href":"https:\/\/paliskunnat.fi\/po\/wp-json\/wp\/v2\/pages\/420"}],"wp:attachment":[{"href":"https:\/\/paliskunnat.fi\/po\/wp-json\/wp\/v2\/media?parent=1559"}],"curies":[{"name":"wp","href":"https:\/\/api.w.org\/{rel}","templated":true}]}}