{"id":1562,"date":"2014-11-23T18:39:27","date_gmt":"2014-11-23T16:39:27","guid":{"rendered":"http:\/\/80.69.171.23\/py\/?page_id=1562"},"modified":"2023-06-07T15:08:36","modified_gmt":"2023-06-07T12:08:36","slug":"oijarvi","status":"publish","type":"page","link":"https:\/\/paliskunnat.fi\/po\/palgaseh\/palgasij-tiaduh\/oijarvi\/","title":{"rendered":"50 Oij\u00e4rvi"},"content":{"rendered":"<h2>Oij\u00e4rvi<\/h2>\n<p>Pu\u00e1sui-i\u0161\u0161eed: Hirvasniemi Martti<br \/>\nPuhelin: +358\u00a044 972 6619<br \/>\n\u0160le\u0111g\u00e2post\u00e2: &#109;&#x61;&#114;&#x74;&#116;&#x69;&#46;&#x68;&#105;&#x72;&#118;&#x61;s&#x6e;i&#x65;m&#x69;&#64;&#x67;m&#x61;i&#108;&#x2e;&#99;&#x6f;&#109;<\/p>\n<p><a href=\"https:\/\/paliskunnat.fi\/bo\/wp-content\/uploads\/2014\/11\/50_oijarvi.png\" rel=\"lightbox[1562]\"><img loading=\"lazy\" decoding=\"async\" class=\"alignnone wp-image-1563\" src=\"https:\/\/paliskunnat.fi\/bo\/wp-content\/uploads\/2014\/11\/50_oijarvi.png\" alt=\"50 Oij\u00e4rven paliskunta\" width=\"300\" height=\"387\" srcset=\"https:\/\/paliskunnat.fi\/po\/wp-content\/uploads\/2014\/11\/50_oijarvi.png 775w, https:\/\/paliskunnat.fi\/po\/wp-content\/uploads\/2014\/11\/50_oijarvi-233x300.png 233w, https:\/\/paliskunnat.fi\/po\/wp-content\/uploads\/2014\/11\/50_oijarvi-768x991.png 768w\" sizes=\"auto, (max-width: 300px) 100vw, 300px\" \/><\/a><\/p>\n<table width=\"450\">\n<tbody>\n<tr>\n<td>P\u00e4ikkikield\u00e2:<\/td>\n<td>Ij<\/td>\n<\/tr>\n<tr>\n<td>Vijdod\u00e2h:<\/td>\n<td>1 276 km<sup>2<\/sup><\/td>\n<\/tr>\n<tr>\n<td>Stu\u00e1rr\u00e1\u00e1mus lov\u00e1l\u00e2\u0161 elleepu\u00e1suimeeri:<\/td>\n<td>1 300<\/td>\n<\/tr>\n<tr>\n<td>Pu\u00e1sui-i\u00e4ig\u00e1dijd:<\/td>\n<td>45<\/td>\n<\/tr>\n<\/tbody>\n<\/table>\n<p>Oij\u00e4rvi paalg\u00e2s kulloo Pudasj\u00e4rvi vitt\u00e1pirr\u00e2d\u00e2h\u00e2n. Paalg\u00e2s lii Ij kield\u00e2st. Paalg\u00e2s r\u00e1j\u00e1\u0161uv\u00e1 tavveen Isosyd\u00e4nmaa, tavenuortt\u00e2n Kuukas, nuortt\u00e2n Ikonen, mad\u00e2nuortt\u00e2n Kiiminki-Kollaja palg\u00e2s\u00e1id j\u00e1 mad\u00e2u\u00e1rjin pu\u00e1suitu\u00e1luku\u00e1vlu mad\u00e2r\u00e1\u00e1j\u00e1n.<\/p>\n<p>Palg\u00e2s en\u00e2mijn 39,1 % l\u00e1\u00e1 stat\u00e2en\u00e2meh j\u00e1 60,9 % priivaaten\u00e2meh. Palg\u00e2s ku\u00e1vlust l\u00e1\u00e1 ennuv lav\u014bepuovt\u00e2dem j\u00e1 eenn\u00e2mtu\u00e1lu.<\/p>\n<p>Malm\u00e2uucc\u00e2mv\u00e4ldidem l\u00e1\u00e1 kuulm\u00e2 ir\u00e2tt\u00e2s\u00e2st. Litokairast lii jegijsuoj\u00e2lemku\u00e1vlu. Kalvemij syeji\u00e4\u00e4i\u0111ih l\u00e1\u00e1 love, aktiivkalvemist kevttum eenn\u00e2m lii ai\u0111um suull\u00e2n 120 hehtaarid. Syejiaai\u0111ijd lep huksim ennuv. Palg\u00e2sist ij lah koh\u010d\u00e2vis k\u00e4rdivi\u00e4rm\u00e1d\u00e2h, oht\u00e2gin kidd\u00e2disk\u00e4\u00e4rdi ij lah ki\u00e4vtust. Palg\u00e2sist u\u00e1s\u00e1liih ki\u00e4vttojeh sirdemkaardijd t\u00e1\u00e1rbu mield.<\/p>\n<p>Hu\u00e1m\u00e1\u0161ittee aass\u00e2mku\u00e1vd\u00e1\u0161 lii Kuivaniemi kirkkosijd\u00e2. Palg\u00e2s ku\u00e1vlust l\u00e1\u00e1 maa\u014bgah siijdah, tego Tannila, Jakkukyl\u00e4 j\u00e1 Oij\u00e4rvi sehe eenn\u00e2mtu\u00e1luv\u00e4ldis\u00e2\u0161 ku\u00e1vluh tego Leua j\u00e1 Luola-aapa.<\/p>\n<p>&nbsp;<\/p>\n<p>&nbsp;<\/p>\n","protected":false},"excerpt":{"rendered":"<p>Oij\u00e4rvi Pu\u00e1sui-i\u0161\u0161eed: Hirvasniemi Martti Puhelin: +358\u00a044 972 6619 \u0160le\u0111g\u00e2post\u00e2: m&#97;&#x72;&#x74;&#x74;i&#46;&#x68;&#x69;&#x72;v&#97;&#x73;&#x6e;&#x69;e&#109;&#x69;&#x40;&#x67;m&#97;&#x69;&#x6c;&#x2e;c&#111;&#x6d; P\u00e4ikkikield\u00e2: Ij Vijdod\u00e2h: 1 276 km2 Stu\u00e1rr\u00e1\u00e1mus lov\u00e1l\u00e2\u0161 elleepu\u00e1suimeeri: 1 300 Pu\u00e1sui-i\u00e4ig\u00e1dijd: 45 Oij\u00e4rvi paalg\u00e2s kulloo Pudasj\u00e4rvi vitt\u00e1pirr\u00e2d\u00e2h\u00e2n. Paalg\u00e2s lii Ij kield\u00e2st. Paalg\u00e2s r\u00e1j\u00e1\u0161uv\u00e1 tavveen Isosyd\u00e4nmaa, tavenuortt\u00e2n Kuukas, nuortt\u00e2n Ikonen, mad\u00e2nuortt\u00e2n Kiiminki-Kollaja palg\u00e2s\u00e1id j\u00e1 mad\u00e2u\u00e1rjin pu\u00e1suitu\u00e1luku\u00e1vlu mad\u00e2r\u00e1\u00e1j\u00e1n. Palg\u00e2s en\u00e2mijn 39,1 % l\u00e1\u00e1 stat\u00e2en\u00e2meh j\u00e1 60,9 [&hellip;]<\/p>\n","protected":false},"author":1,"featured_media":0,"parent":420,"menu_order":50,"comment_status":"open","ping_status":"closed","template":"paliskuntasivut.php","meta":{"footnotes":""},"class_list":["post-1562","page","type-page","status-publish","hentry"],"_links":{"self":[{"href":"https:\/\/paliskunnat.fi\/po\/wp-json\/wp\/v2\/pages\/1562","targetHints":{"allow":["GET"]}}],"collection":[{"href":"https:\/\/paliskunnat.fi\/po\/wp-json\/wp\/v2\/pages"}],"about":[{"href":"https:\/\/paliskunnat.fi\/po\/wp-json\/wp\/v2\/types\/page"}],"author":[{"embeddable":true,"href":"https:\/\/paliskunnat.fi\/po\/wp-json\/wp\/v2\/users\/1"}],"replies":[{"embeddable":true,"href":"https:\/\/paliskunnat.fi\/po\/wp-json\/wp\/v2\/comments?post=1562"}],"version-history":[{"count":5,"href":"https:\/\/paliskunnat.fi\/po\/wp-json\/wp\/v2\/pages\/1562\/revisions"}],"predecessor-version":[{"id":6000,"href":"https:\/\/paliskunnat.fi\/po\/wp-json\/wp\/v2\/pages\/1562\/revisions\/6000"}],"up":[{"embeddable":true,"href":"https:\/\/paliskunnat.fi\/po\/wp-json\/wp\/v2\/pages\/420"}],"wp:attachment":[{"href":"https:\/\/paliskunnat.fi\/po\/wp-json\/wp\/v2\/media?parent=1562"}],"curies":[{"name":"wp","href":"https:\/\/api.w.org\/{rel}","templated":true}]}}