{"id":1566,"date":"2014-11-23T18:41:37","date_gmt":"2014-11-23T16:41:37","guid":{"rendered":"http:\/\/80.69.171.23\/py\/?page_id=1566"},"modified":"2023-06-07T15:09:20","modified_gmt":"2023-06-07T12:09:20","slug":"pudasjarven-livo","status":"publish","type":"page","link":"https:\/\/paliskunnat.fi\/po\/palgaseh\/palgasij-tiaduh\/pudasjarven-livo\/","title":{"rendered":"51 Pudasj\u00e4rven Livo"},"content":{"rendered":"<h2>Pudasj\u00e4rven Livo<\/h2>\n<p>Pu\u00e1sui-i\u0161\u0161eed: Konttila Sami<br \/>\nPuhelin: +358 40 537 4668<br \/>\n\u0160le\u0111g\u00e2post\u00e2: &#x73;a&#x6d;&#105;&#x2e;&#107;o&#x6e;t&#x74;&#105;&#x6c;&#97;&#64;&#x6c;&#117;&#x75;&#107;k&#x75;&#46;&#x63;&#111;&#x6d;<\/p>\n<p><a href=\"https:\/\/paliskunnat.fi\/bo\/wp-content\/uploads\/2014\/11\/51_pudasjarven_livo.png\" rel=\"lightbox[1566]\"><img loading=\"lazy\" decoding=\"async\" class=\"alignnone wp-image-1568\" src=\"https:\/\/paliskunnat.fi\/bo\/wp-content\/uploads\/2014\/11\/51_pudasjarven_livo.png\" alt=\"Pudasj\u00e4rven Livon paliskunta (nro 51)\" width=\"300\" height=\"387\" srcset=\"https:\/\/paliskunnat.fi\/po\/wp-content\/uploads\/2014\/11\/51_pudasjarven_livo.png 775w, https:\/\/paliskunnat.fi\/po\/wp-content\/uploads\/2014\/11\/51_pudasjarven_livo-233x300.png 233w, https:\/\/paliskunnat.fi\/po\/wp-content\/uploads\/2014\/11\/51_pudasjarven_livo-768x991.png 768w\" sizes=\"auto, (max-width: 300px) 100vw, 300px\" \/><\/a><\/p>\n<table width=\"450\">\n<tbody>\n<tr>\n<td>P\u00e4ikkikield\u00e2:<\/td>\n<td>Pudasj\u00e4rvi<\/td>\n<\/tr>\n<tr>\n<td>Vijdod\u00e2h:<\/td>\n<td>1 894 km<sup>2<\/sup><\/td>\n<\/tr>\n<tr>\n<td>Stu\u00e1rr\u00e1\u00e1mus lov\u00e1l\u00e2\u0161 elleepu\u00e1suimeeri:<\/td>\n<td>\u00a02 100<\/td>\n<\/tr>\n<tr>\n<td>Pu\u00e1sui-i\u00e4ig\u00e1dijd:<\/td>\n<td>53<\/td>\n<\/tr>\n<\/tbody>\n<\/table>\n<p>Pudasj\u00e4rvi Livo paalg\u00e2s kulloo Pudasj\u00e4rvi vitt\u00e1pirr\u00e2d\u00e2h\u00e2n. Paalg\u00e2s lii Pudasj\u00e4rvi, Posio j\u00e1 Ranua kield\u00e2in.<\/p>\n<p>Paalg\u00e2s r\u00e1ja\u0161uv\u00e1 tavveen Niemel\u00e4 j\u00e1 Kuukas, tavenuortt\u00e2n Posio Livo, nuortt\u00e2n Taivalkoski, mad\u00e2nuortt\u00e2n Pintamo, m\u00e4ddin Pudasj\u00e4rvi, mad\u00e2u\u00e1rjin Kiiminki-Kollaja j\u00e1 u\u00e1rjin Ikonen palg\u00e2s\u00e1id.<\/p>\n<p>Palg\u00e2s en\u00e2mijn 51,1 % l\u00e1\u00e1 stat\u00e2en\u00e2meh j\u00e1 48,9 % priivaaten\u00e2meh.<\/p>\n<p>&nbsp;<\/p>\n<p>&nbsp;<\/p>\n","protected":false},"excerpt":{"rendered":"<p>Pudasj\u00e4rven Livo Pu\u00e1sui-i\u0161\u0161eed: Konttila Sami Puhelin: +358 40 537 4668 \u0160le\u0111g\u00e2post\u00e2: &#x73;&#97;m&#x69;&#46;&#107;&#x6f;&#x6e;&#116;t&#x69;&#108;a&#x40;&#x6c;&#117;u&#x6b;&#107;u&#x2e;&#x63;&#111;m P\u00e4ikkikield\u00e2: Pudasj\u00e4rvi Vijdod\u00e2h: 1 894 km2 Stu\u00e1rr\u00e1\u00e1mus lov\u00e1l\u00e2\u0161 elleepu\u00e1suimeeri: \u00a02 100 Pu\u00e1sui-i\u00e4ig\u00e1dijd: 53 Pudasj\u00e4rvi Livo paalg\u00e2s kulloo Pudasj\u00e4rvi vitt\u00e1pirr\u00e2d\u00e2h\u00e2n. Paalg\u00e2s lii Pudasj\u00e4rvi, Posio j\u00e1 Ranua kield\u00e2in. Paalg\u00e2s r\u00e1ja\u0161uv\u00e1 tavveen Niemel\u00e4 j\u00e1 Kuukas, tavenuortt\u00e2n Posio Livo, nuortt\u00e2n Taivalkoski, mad\u00e2nuortt\u00e2n Pintamo, m\u00e4ddin Pudasj\u00e4rvi, mad\u00e2u\u00e1rjin Kiiminki-Kollaja [&hellip;]<\/p>\n","protected":false},"author":1,"featured_media":0,"parent":420,"menu_order":51,"comment_status":"open","ping_status":"closed","template":"paliskuntasivut.php","meta":{"footnotes":""},"class_list":["post-1566","page","type-page","status-publish","hentry"],"_links":{"self":[{"href":"https:\/\/paliskunnat.fi\/po\/wp-json\/wp\/v2\/pages\/1566","targetHints":{"allow":["GET"]}}],"collection":[{"href":"https:\/\/paliskunnat.fi\/po\/wp-json\/wp\/v2\/pages"}],"about":[{"href":"https:\/\/paliskunnat.fi\/po\/wp-json\/wp\/v2\/types\/page"}],"author":[{"embeddable":true,"href":"https:\/\/paliskunnat.fi\/po\/wp-json\/wp\/v2\/users\/1"}],"replies":[{"embeddable":true,"href":"https:\/\/paliskunnat.fi\/po\/wp-json\/wp\/v2\/comments?post=1566"}],"version-history":[{"count":5,"href":"https:\/\/paliskunnat.fi\/po\/wp-json\/wp\/v2\/pages\/1566\/revisions"}],"predecessor-version":[{"id":6001,"href":"https:\/\/paliskunnat.fi\/po\/wp-json\/wp\/v2\/pages\/1566\/revisions\/6001"}],"up":[{"embeddable":true,"href":"https:\/\/paliskunnat.fi\/po\/wp-json\/wp\/v2\/pages\/420"}],"wp:attachment":[{"href":"https:\/\/paliskunnat.fi\/po\/wp-json\/wp\/v2\/media?parent=1566"}],"curies":[{"name":"wp","href":"https:\/\/api.w.org\/{rel}","templated":true}]}}