{"id":1576,"date":"2014-11-23T18:47:52","date_gmt":"2014-11-23T16:47:52","guid":{"rendered":"http:\/\/80.69.171.23\/py\/?page_id=1576"},"modified":"2023-06-07T15:10:52","modified_gmt":"2023-06-07T12:10:52","slug":"kiiminki","status":"publish","type":"page","link":"https:\/\/paliskunnat.fi\/po\/palgaseh\/palgasij-tiaduh\/kiiminki\/","title":{"rendered":"53 Kiiminki"},"content":{"rendered":"<h2>Kiiminki<\/h2>\n<p>Pu\u00e1sui-i\u0161\u0161eed: Parkkinen Juha<br \/>\nPuhelin: +358 40 138 9488<br \/>\n\u0160le\u0111g\u00e2post\u00e2:<\/p>\n<p><a href=\"https:\/\/paliskunnat.fi\/bo\/wp-content\/uploads\/2014\/11\/53_kiiminki.png\" rel=\"lightbox[1576]\"><img loading=\"lazy\" decoding=\"async\" class=\"alignnone wp-image-1578\" src=\"https:\/\/paliskunnat.fi\/bo\/wp-content\/uploads\/2014\/11\/53_kiiminki.png\" alt=\"Kiimingin paliskunta (nro 53)\" width=\"300\" height=\"387\" srcset=\"https:\/\/paliskunnat.fi\/po\/wp-content\/uploads\/2014\/11\/53_kiiminki.png 775w, https:\/\/paliskunnat.fi\/po\/wp-content\/uploads\/2014\/11\/53_kiiminki-233x300.png 233w, https:\/\/paliskunnat.fi\/po\/wp-content\/uploads\/2014\/11\/53_kiiminki-768x991.png 768w\" sizes=\"auto, (max-width: 300px) 100vw, 300px\" \/><\/a><\/p>\n<table width=\"450\">\n<tbody>\n<tr>\n<td>P\u00e4ikkikield\u00e2:<\/td>\n<td>Oulu<\/td>\n<\/tr>\n<tr>\n<td>Vijdod\u00e2h:<\/td>\n<td>825 km<sup>2<\/sup><\/td>\n<\/tr>\n<tr>\n<td>Stu\u00e1rr\u00e1\u00e1mus lov\u00e1l\u00e2\u0161 elleepu\u00e1suimeeri:<\/td>\n<td>800<\/td>\n<\/tr>\n<tr>\n<td>Pu\u00e1sui-i\u00e4ig\u00e1dijd:<\/td>\n<td>30<\/td>\n<\/tr>\n<\/tbody>\n<\/table>\n<p>Kiiminki paalg\u00e2s kulloo Pudasj\u00e4rvi vitt\u00e1pirr\u00e2d\u00e2h\u00e2n. Paalg\u00e2s lii Oulu kaavpug tavenuortt\u00e2u\u00e1sist. Kiiminki j\u00e1\u00e1 Kollaja palg\u00e2seh l\u00e1\u00e1 haald\u00e2tliih eres stu\u00e1rusiih palg\u00e2seh. Toh l\u00e1\u00e1 ku\u00e1\u0111utt\u00e2m poccuid oovt\u00e2st keev\u00e2tl\u00e1vt ub\u00e2 palg\u00e2soornig \u00e4\u00e4igi. T\u00e1v\u00e1lii kiel\u00e2kevttimist s\u00e1rnoo t\u00e1vj\u00e1 Kiiminki-Kollaja palg\u00e2sist.<\/p>\n<p>Kiiminki palg\u00e2s mad\u00e2u\u00e1rjir\u00e4\u00e4ji tu\u00e1im\u00e1 si\u00e4mm\u00e1st meid ub\u00e2 pu\u00e1suitu\u00e1luku\u00e1vlu r\u00e4\u00e4ijin. Davvin paalg\u00e2s r\u00e1j\u00e1\u0161uv\u00e1 Oij\u00e4rvi, tavenuortt\u00e2n Kollaja j\u00e1\u00e1 nuortt\u00e2n Pudasj\u00e4rvi palg\u00e2s\u00e1id.<\/p>\n<p>Palg\u00e2s en\u00e2mijn 17,4 % l\u00e1\u00e1 stat\u00e2en\u00e2meh j\u00e1 82,6 % priivaaten\u00e2meh. Riijk\u00e2ki\u00e4inu 20 Oulust Ku\u00e1cc\u00e1mn mana palg\u00e2s \u010doo\u0111\u00e2. Palg\u00e2s r\u00e4\u00e4jist lii Ii kield\u00e2st k\u00e4\u00e4vci kilomeetterid r\u00e4ji\u00e4\u00e4i\u0111i.<\/p>\n<p>Palg\u00e2s ki\u00e4vtust l\u00e1\u00e1 Matala, Loukko, Isokangas, Tiirokangas j\u00e1\u00e1 Ahvenkangas \u010doh\u010d\u00e2pyg\u00e1lysk\u00e4\u00e4rdih. Kidd\u00e2dis kesipyg\u00e1lysk\u00e4\u00e4rdih l\u00e1\u00e1 Py\u00f6ri\u00e4-Orastinsuo, Konikaisto j\u00e1\u00e1 Puurokangas.<\/p>\n<p>Stu\u00e1rr\u00e1\u00e1muuh siijdah palg\u00e2s ku\u00e1vlust l\u00e1\u00e1 Yli-Ii, Jakkuranta, Maalismaa, Jolos j\u00e1 Hetekyl\u00e4. Pu\u00e1suiulmuuh \u00e4\u00e4sih i\u00e4n\u00e1\u00e1\u0161 pie\u0111gimaass\u00e2mku\u00e1vlust.<\/p>\n<p>&nbsp;<\/p>\n<p>&nbsp;<\/p>\n","protected":false},"excerpt":{"rendered":"<p>Kiiminki Pu\u00e1sui-i\u0161\u0161eed: Parkkinen Juha Puhelin: +358 40 138 9488 \u0160le\u0111g\u00e2post\u00e2: P\u00e4ikkikield\u00e2: Oulu Vijdod\u00e2h: 825 km2 Stu\u00e1rr\u00e1\u00e1mus lov\u00e1l\u00e2\u0161 elleepu\u00e1suimeeri: 800 Pu\u00e1sui-i\u00e4ig\u00e1dijd: 30 Kiiminki paalg\u00e2s kulloo Pudasj\u00e4rvi vitt\u00e1pirr\u00e2d\u00e2h\u00e2n. Paalg\u00e2s lii Oulu kaavpug tavenuortt\u00e2u\u00e1sist. Kiiminki j\u00e1\u00e1 Kollaja palg\u00e2seh l\u00e1\u00e1 haald\u00e2tliih eres stu\u00e1rusiih palg\u00e2seh. Toh l\u00e1\u00e1 ku\u00e1\u0111utt\u00e2m poccuid oovt\u00e2st keev\u00e2tl\u00e1vt ub\u00e2 palg\u00e2soornig \u00e4\u00e4igi. T\u00e1v\u00e1lii kiel\u00e2kevttimist s\u00e1rnoo t\u00e1vj\u00e1 Kiiminki-Kollaja palg\u00e2sist. [&hellip;]<\/p>\n","protected":false},"author":1,"featured_media":0,"parent":420,"menu_order":53,"comment_status":"open","ping_status":"closed","template":"paliskuntasivut.php","meta":{"footnotes":""},"class_list":["post-1576","page","type-page","status-publish","hentry"],"_links":{"self":[{"href":"https:\/\/paliskunnat.fi\/po\/wp-json\/wp\/v2\/pages\/1576","targetHints":{"allow":["GET"]}}],"collection":[{"href":"https:\/\/paliskunnat.fi\/po\/wp-json\/wp\/v2\/pages"}],"about":[{"href":"https:\/\/paliskunnat.fi\/po\/wp-json\/wp\/v2\/types\/page"}],"author":[{"embeddable":true,"href":"https:\/\/paliskunnat.fi\/po\/wp-json\/wp\/v2\/users\/1"}],"replies":[{"embeddable":true,"href":"https:\/\/paliskunnat.fi\/po\/wp-json\/wp\/v2\/comments?post=1576"}],"version-history":[{"count":5,"href":"https:\/\/paliskunnat.fi\/po\/wp-json\/wp\/v2\/pages\/1576\/revisions"}],"predecessor-version":[{"id":6003,"href":"https:\/\/paliskunnat.fi\/po\/wp-json\/wp\/v2\/pages\/1576\/revisions\/6003"}],"up":[{"embeddable":true,"href":"https:\/\/paliskunnat.fi\/po\/wp-json\/wp\/v2\/pages\/420"}],"wp:attachment":[{"href":"https:\/\/paliskunnat.fi\/po\/wp-json\/wp\/v2\/media?parent=1576"}],"curies":[{"name":"wp","href":"https:\/\/api.w.org\/{rel}","templated":true}]}}