{"id":1585,"date":"2014-11-23T18:53:50","date_gmt":"2014-11-23T16:53:50","guid":{"rendered":"http:\/\/80.69.171.23\/py\/?page_id=1585"},"modified":"2023-06-07T15:18:35","modified_gmt":"2023-06-07T12:18:35","slug":"ikonen","status":"publish","type":"page","link":"https:\/\/paliskunnat.fi\/po\/palgaseh\/palgasij-tiaduh\/ikonen\/","title":{"rendered":"55 Ikonen"},"content":{"rendered":"<h2>Ikonen<\/h2>\n<p>Pu\u00e1sui-i\u0161\u0161eed: Hepola Ari<br \/>\nPuhelin: +358 40 5897736<br \/>\n\u0160le\u0111g\u00e2post\u00e2: a&#114;&#x69;&#x2e;h&#101;&#x70;&#x6f;l&#97;&#x40;&#x6f;u&#116;&#x6c;&#x6f;o&#107;&#x2e;&#x63;o&#109;<\/p>\n<p><a href=\"https:\/\/paliskunnat.fi\/bo\/wp-content\/uploads\/2014\/11\/55_ikonen.png\" rel=\"lightbox[1585]\"><img loading=\"lazy\" decoding=\"async\" class=\"alignnone wp-image-1587\" src=\"https:\/\/paliskunnat.fi\/bo\/wp-content\/uploads\/2014\/11\/55_ikonen.png\" alt=\"Ikonen (nro 55)\" width=\"300\" height=\"387\" srcset=\"https:\/\/paliskunnat.fi\/po\/wp-content\/uploads\/2014\/11\/55_ikonen.png 775w, https:\/\/paliskunnat.fi\/po\/wp-content\/uploads\/2014\/11\/55_ikonen-233x300.png 233w, https:\/\/paliskunnat.fi\/po\/wp-content\/uploads\/2014\/11\/55_ikonen-768x991.png 768w\" sizes=\"auto, (max-width: 300px) 100vw, 300px\" \/><\/a><\/p>\n<table width=\"450\">\n<tbody>\n<tr>\n<td>P\u00e4ikkikield\u00e2:<\/td>\n<td>Pudasj\u00e4rvi<\/td>\n<\/tr>\n<tr>\n<td>Vijdod\u00e2h:<\/td>\n<td>631 km<sup>2<\/sup><\/td>\n<\/tr>\n<tr>\n<td>Stu\u00e1rr\u00e1\u00e1mus lov\u00e1l\u00e2\u0161 elleepu\u00e1suimeeri:<\/td>\n<td>500<\/td>\n<\/tr>\n<tr>\n<td>Pu\u00e1sui-i\u00e4ig\u00e1dijd:<\/td>\n<td>32<\/td>\n<\/tr>\n<\/tbody>\n<\/table>\n<p>Ikosii paalg\u00e2s kulloo Pudasj\u00e4rvi vitt\u00e1pirr\u00e2d\u00e2h\u00e2n. Paalg\u00e2s lii Pudasj\u00e4rvi j\u00e1 Ranua kield\u00e2in. Paalg\u00e2s r\u00e1j\u00e1\u0161uv\u00e1 tavveen Kuukas, nuortt\u00e2n Pudasj\u00e4rvi Livo, m\u00e4ddin Kollaja j\u00e1 u\u00e1rjin Oij\u00e4rvi palg\u00e2s\u00e1id.<\/p>\n<p>Palg\u00e2s en\u00e2mijn 62,4 % l\u00e1\u00e1 stat\u00e2en\u00e2meh j\u00e1 37,6 % priivaaten\u00e2meh.<\/p>\n<p>&nbsp;<\/p>\n","protected":false},"excerpt":{"rendered":"<p>Ikonen Pu\u00e1sui-i\u0161\u0161eed: Hepola Ari Puhelin: +358 40 5897736 \u0160le\u0111g\u00e2post\u00e2: &#97;&#x72;&#105;&#x2e;h&#x65;p&#111;&#x6c;&#97;&#x40;o&#x75;t&#108;&#x6f;&#111;&#x6b;&#46;&#x63;o&#109; P\u00e4ikkikield\u00e2: Pudasj\u00e4rvi Vijdod\u00e2h: 631 km2 Stu\u00e1rr\u00e1\u00e1mus lov\u00e1l\u00e2\u0161 elleepu\u00e1suimeeri: 500 Pu\u00e1sui-i\u00e4ig\u00e1dijd: 32 Ikosii paalg\u00e2s kulloo Pudasj\u00e4rvi vitt\u00e1pirr\u00e2d\u00e2h\u00e2n. Paalg\u00e2s lii Pudasj\u00e4rvi j\u00e1 Ranua kield\u00e2in. Paalg\u00e2s r\u00e1j\u00e1\u0161uv\u00e1 tavveen Kuukas, nuortt\u00e2n Pudasj\u00e4rvi Livo, m\u00e4ddin Kollaja j\u00e1 u\u00e1rjin Oij\u00e4rvi palg\u00e2s\u00e1id. Palg\u00e2s en\u00e2mijn 62,4 % l\u00e1\u00e1 stat\u00e2en\u00e2meh j\u00e1 37,6 % priivaaten\u00e2meh. [&hellip;]<\/p>\n","protected":false},"author":1,"featured_media":0,"parent":420,"menu_order":55,"comment_status":"open","ping_status":"closed","template":"paliskuntasivut.php","meta":{"footnotes":""},"class_list":["post-1585","page","type-page","status-publish","hentry"],"_links":{"self":[{"href":"https:\/\/paliskunnat.fi\/po\/wp-json\/wp\/v2\/pages\/1585","targetHints":{"allow":["GET"]}}],"collection":[{"href":"https:\/\/paliskunnat.fi\/po\/wp-json\/wp\/v2\/pages"}],"about":[{"href":"https:\/\/paliskunnat.fi\/po\/wp-json\/wp\/v2\/types\/page"}],"author":[{"embeddable":true,"href":"https:\/\/paliskunnat.fi\/po\/wp-json\/wp\/v2\/users\/1"}],"replies":[{"embeddable":true,"href":"https:\/\/paliskunnat.fi\/po\/wp-json\/wp\/v2\/comments?post=1585"}],"version-history":[{"count":5,"href":"https:\/\/paliskunnat.fi\/po\/wp-json\/wp\/v2\/pages\/1585\/revisions"}],"predecessor-version":[{"id":6008,"href":"https:\/\/paliskunnat.fi\/po\/wp-json\/wp\/v2\/pages\/1585\/revisions\/6008"}],"up":[{"embeddable":true,"href":"https:\/\/paliskunnat.fi\/po\/wp-json\/wp\/v2\/pages\/420"}],"wp:attachment":[{"href":"https:\/\/paliskunnat.fi\/po\/wp-json\/wp\/v2\/media?parent=1585"}],"curies":[{"name":"wp","href":"https:\/\/api.w.org\/{rel}","templated":true}]}}