{"id":1590,"date":"2014-11-23T18:57:23","date_gmt":"2014-11-23T16:57:23","guid":{"rendered":"http:\/\/80.69.171.23\/py\/?page_id=1590"},"modified":"2023-06-07T15:16:59","modified_gmt":"2023-06-07T12:16:59","slug":"naljanka","status":"publish","type":"page","link":"https:\/\/paliskunnat.fi\/po\/palgaseh\/palgasij-tiaduh\/naljanka\/","title":{"rendered":"56 N\u00e4lj\u00e4nk\u00e4"},"content":{"rendered":"<h2>N\u00e4lj\u00e4nk\u00e4<\/h2>\n<p>Pu\u00e1sui-i\u0161\u0161eed: Heikkinen Jari<br \/>\nPuhelin: +358 40 020 2003<br \/>\n\u0160le\u0111g\u00e2post\u00e2: &#x6a;a&#x72;&#105;h&#x32;&#48;&#x30;&#x40;g&#x6d;&#97;i&#x6c;&#46;&#x63;&#111;m<\/p>\n<p><a href=\"https:\/\/paliskunnat.fi\/bo\/wp-content\/uploads\/2014\/11\/56_naljanka.png\" rel=\"lightbox[1590]\"><img loading=\"lazy\" decoding=\"async\" class=\"alignnone wp-image-1592\" src=\"https:\/\/paliskunnat.fi\/bo\/wp-content\/uploads\/2014\/11\/56_naljanka.png\" alt=\"N\u00e4lj\u00e4nk\u00e4 plk (nro 56)\" width=\"300\" height=\"387\" srcset=\"https:\/\/paliskunnat.fi\/po\/wp-content\/uploads\/2014\/11\/56_naljanka.png 775w, https:\/\/paliskunnat.fi\/po\/wp-content\/uploads\/2014\/11\/56_naljanka-233x300.png 233w, https:\/\/paliskunnat.fi\/po\/wp-content\/uploads\/2014\/11\/56_naljanka-768x991.png 768w\" sizes=\"auto, (max-width: 300px) 100vw, 300px\" \/><\/a><\/p>\n<table width=\"450\">\n<tbody>\n<tr>\n<td>P\u00e4ikkikield\u00e2:<\/td>\n<td>Suomussalmi<\/td>\n<\/tr>\n<tr>\n<td>Vijdod\u00e2h:<\/td>\n<td>2 840 km<sup>2<\/sup><\/td>\n<\/tr>\n<tr>\n<td>Stu\u00e1rr\u00e1\u00e1mus lov\u00e1l\u00e2\u0161 elleepu\u00e1suimeeri:<\/td>\n<td>2 000<\/td>\n<\/tr>\n<tr>\n<td>Pu\u00e1sui-i\u00e4ig\u00e1dijd:<\/td>\n<td>53<\/td>\n<\/tr>\n<\/tbody>\n<\/table>\n<p>N\u00e4lj\u00e4nk\u00e4 paalg\u00e2s kul\u00e1 Kainuu vitt\u00e1pirr\u00e2d\u00e2h\u00e2n. Paalg\u00e2s lii Suomussalmi j\u00e1 Puolanka kield\u00e2in. Paalg\u00e2s r\u00e1j\u00e1\u0161uv\u00e1 nuortt\u00e2n Ruo\u0161\u00e2 r\u00e4i, m\u00e4ddin Halla, u\u00e1rjin Pintamo j\u00e1 tavveen Taivalkoski j\u00e1 Hossa-Irni palg\u00e2s\u00e1id.<\/p>\n<p>Palg\u00e2s en\u00e2mijn 54,1 % l\u00e1\u00e1 stat\u00e2en\u00e2meh j\u00e1 45,9 % priivaaten\u00e2meh. Palg\u00e2sist l\u00e1\u00e1 Natura-suoj\u00e2lemku\u00e1vluh. Taah ku\u00e1vluh i\u00e4 lah vijdoduvv\u00e2st vij\u0111es ku\u00e1vluh, mut toh h\u00e4mmejeh kuitt\u00e2g teh\u00e1lii u\u00e1si t\u00e4lviku\u00e1ttumen\u00e2mijn.<\/p>\n<p>Eest\u00e2- j\u00e1 ku\u00e1ttum\u00e4\u00e4i\u0111ih i\u00e4 lah. Pyg\u00e1lysk\u00e4\u00e4rdih l\u00e1\u00e1 palg\u00e2sist kulm\u00e2. Palg\u00e2sist lii ki\u00e4vtust Kotvala kieddinjuov\u00e2d\u00e2h j\u00e1 pyg\u00e1lysk\u00e4\u00e4rdi oht\u00e2vuo\u0111\u00e2st pur\u00e2ttem\u00e4i\u0111i.<\/p>\n<p>Puolanka kirkkosijd\u00e2 p\u00e1\u00e1c\u00e1 aaib\u00e2s palg\u00e2s mad\u00e2r\u00e1\u00e1j\u00e1n. Palg\u00e2s taveu\u00e1sist aass\u00e2m lii N\u00e4lj\u00e4nk\u00e4 siijd\u00e2 ku\u00e1vlust Suomussalmi kield\u00e2st. U\u00e1iviu\u00e1si N\u00e4lj\u00e4nk\u00e4 palg\u00e2s u\u00e1s\u00e1lijn \u00e4\u00e4sih Puolanka kirkkosiijd\u00e2st, Joukokyl\u00e4, Suolij\u00e4rvi j\u00e1 N\u00e4lj\u00e4nk\u00e4 siijd\u00e2in.<\/p>\n<p>&nbsp;<\/p>\n<p>&nbsp;<\/p>\n","protected":false},"excerpt":{"rendered":"<p>N\u00e4lj\u00e4nk\u00e4 Pu\u00e1sui-i\u0161\u0161eed: Heikkinen Jari Puhelin: +358 40 020 2003 \u0160le\u0111g\u00e2post\u00e2: &#x6a;a&#x72;&#105;&#x68;&#x32;0&#x30;&#64;&#x67;&#x6d;a&#x69;&#108;&#x2e;&#x63;o&#x6d; P\u00e4ikkikield\u00e2: Suomussalmi Vijdod\u00e2h: 2 840 km2 Stu\u00e1rr\u00e1\u00e1mus lov\u00e1l\u00e2\u0161 elleepu\u00e1suimeeri: 2 000 Pu\u00e1sui-i\u00e4ig\u00e1dijd: 53 N\u00e4lj\u00e4nk\u00e4 paalg\u00e2s kul\u00e1 Kainuu vitt\u00e1pirr\u00e2d\u00e2h\u00e2n. Paalg\u00e2s lii Suomussalmi j\u00e1 Puolanka kield\u00e2in. Paalg\u00e2s r\u00e1j\u00e1\u0161uv\u00e1 nuortt\u00e2n Ruo\u0161\u00e2 r\u00e4i, m\u00e4ddin Halla, u\u00e1rjin Pintamo j\u00e1 tavveen Taivalkoski j\u00e1 Hossa-Irni palg\u00e2s\u00e1id. Palg\u00e2s en\u00e2mijn 54,1 % l\u00e1\u00e1 [&hellip;]<\/p>\n","protected":false},"author":1,"featured_media":0,"parent":420,"menu_order":56,"comment_status":"open","ping_status":"closed","template":"paliskuntasivut.php","meta":{"footnotes":""},"class_list":["post-1590","page","type-page","status-publish","hentry"],"_links":{"self":[{"href":"https:\/\/paliskunnat.fi\/po\/wp-json\/wp\/v2\/pages\/1590","targetHints":{"allow":["GET"]}}],"collection":[{"href":"https:\/\/paliskunnat.fi\/po\/wp-json\/wp\/v2\/pages"}],"about":[{"href":"https:\/\/paliskunnat.fi\/po\/wp-json\/wp\/v2\/types\/page"}],"author":[{"embeddable":true,"href":"https:\/\/paliskunnat.fi\/po\/wp-json\/wp\/v2\/users\/1"}],"replies":[{"embeddable":true,"href":"https:\/\/paliskunnat.fi\/po\/wp-json\/wp\/v2\/comments?post=1590"}],"version-history":[{"count":5,"href":"https:\/\/paliskunnat.fi\/po\/wp-json\/wp\/v2\/pages\/1590\/revisions"}],"predecessor-version":[{"id":6006,"href":"https:\/\/paliskunnat.fi\/po\/wp-json\/wp\/v2\/pages\/1590\/revisions\/6006"}],"up":[{"embeddable":true,"href":"https:\/\/paliskunnat.fi\/po\/wp-json\/wp\/v2\/pages\/420"}],"wp:attachment":[{"href":"https:\/\/paliskunnat.fi\/po\/wp-json\/wp\/v2\/media?parent=1590"}],"curies":[{"name":"wp","href":"https:\/\/api.w.org\/{rel}","templated":true}]}}