{"id":1595,"date":"2014-11-23T19:00:51","date_gmt":"2014-11-23T17:00:51","guid":{"rendered":"http:\/\/80.69.171.23\/py\/?page_id=1595"},"modified":"2023-06-07T15:17:39","modified_gmt":"2023-06-07T12:17:39","slug":"halla","status":"publish","type":"page","link":"https:\/\/paliskunnat.fi\/po\/palgaseh\/palgasij-tiaduh\/halla\/","title":{"rendered":"57 Halla"},"content":{"rendered":"<h2>Halla<\/h2>\n<p>Pu\u00e1sui-i\u0161\u0161eed: Ker\u00e4nen Ensio<br \/>\nPuhelin: +358 40 028 4002<br \/>\n\u0160le\u0111g\u00e2post\u00e2: &#x6b;&#101;r&#x61;&#x6e;&#101;n&#x65;&#x6e;&#115;i&#x6f;&#64;g&#x6d;&#x61;&#105;l&#x2e;&#x63;&#111;m<\/p>\n<p><a href=\"https:\/\/paliskunnat.fi\/bo\/wp-content\/uploads\/2014\/11\/57_halla.png\" rel=\"lightbox[1595]\"><img loading=\"lazy\" decoding=\"async\" class=\"alignnone wp-image-1596\" src=\"https:\/\/paliskunnat.fi\/bo\/wp-content\/uploads\/2014\/11\/57_halla.png\" alt=\"Hallan paliskunta (nro 57)\" width=\"300\" height=\"387\" srcset=\"https:\/\/paliskunnat.fi\/po\/wp-content\/uploads\/2014\/11\/57_halla.png 775w, https:\/\/paliskunnat.fi\/po\/wp-content\/uploads\/2014\/11\/57_halla-233x300.png 233w, https:\/\/paliskunnat.fi\/po\/wp-content\/uploads\/2014\/11\/57_halla-768x991.png 768w\" sizes=\"auto, (max-width: 300px) 100vw, 300px\" \/><\/a><\/p>\n<table width=\"450\">\n<tbody>\n<tr>\n<td>P\u00e4ikkikield\u00e2:<\/td>\n<td>Suomussalmi<\/td>\n<\/tr>\n<tr>\n<td>Vijdod\u00e2h:<\/td>\n<td>3 500 km<sup>2<\/sup><\/td>\n<\/tr>\n<tr>\n<td>Stu\u00e1rr\u00e1\u00e1mus lov\u00e1l\u00e2\u0161 elleepu\u00e1suimeeri:<\/td>\n<td>2 700<\/td>\n<\/tr>\n<tr>\n<td>Pu\u00e1sui-i\u00e4ig\u00e1dijd:<\/td>\n<td>61<\/td>\n<\/tr>\n<\/tbody>\n<\/table>\n<p>Halla paalg\u00e2s kul\u00e1 Kainuu vitt\u00e1pirr\u00e2d\u00e2h\u00e2n. Paalg\u00e2s lii Suomussalmi, Puolanka j\u00e1 Hyrynsalmi kield\u00e2in. Paalg\u00e2s r\u00e1j\u00e1\u0161uv\u00e1 nuortt\u00e2n Ruo\u0161\u00e2 stat\u00e2r\u00e1\u00e1j\u00e1n, mad\u00e2u\u00e1rjin pu\u00e1suitu\u00e1luku\u00e1vlu mad\u00e2r\u00e1\u00e1j\u00e1n j\u00e1 tavveen N\u00e4lj\u00e4nk\u00e4 palg\u00e2s\u00e2n.<\/p>\n<p>Palg\u00e2s en\u00e2mijn 63,8 % l\u00e1\u00e1 stat\u00e2en\u00e2meh j\u00e1 36,2 % priivaaten\u00e2meh.<\/p>\n<p>&nbsp;<\/p>\n<p>&nbsp;<\/p>\n<p><!--more--><\/p>\n<h2>Kesipyg\u00e1lyseh 1989<\/h2>\n<p>Kesipyg\u00e1lyseh Halla palg\u00e2sist 1989 (<a href=\"https:\/\/www.youtube.com\/watch?v=dHF3vVMaSfY\">Youtube<\/a>). Almostittum 10\/2012.<\/p>\n<p>&nbsp;<\/p>\n<p>&nbsp;<\/p>\n<p>&nbsp;<\/p>\n","protected":false},"excerpt":{"rendered":"<p>Halla Pu\u00e1sui-i\u0161\u0161eed: Ker\u00e4nen Ensio Puhelin: +358 40 028 4002 \u0160le\u0111g\u00e2post\u00e2: k&#101;&#x72;&#x61;&#x6e;e&#110;&#101;&#x6e;&#x73;i&#111;&#64;&#x67;&#x6d;ai&#108;&#x2e;&#x63;&#x6f;m P\u00e4ikkikield\u00e2: Suomussalmi Vijdod\u00e2h: 3 500 km2 Stu\u00e1rr\u00e1\u00e1mus lov\u00e1l\u00e2\u0161 elleepu\u00e1suimeeri: 2 700 Pu\u00e1sui-i\u00e4ig\u00e1dijd: 61 Halla paalg\u00e2s kul\u00e1 Kainuu vitt\u00e1pirr\u00e2d\u00e2h\u00e2n. Paalg\u00e2s lii Suomussalmi, Puolanka j\u00e1 Hyrynsalmi kield\u00e2in. Paalg\u00e2s r\u00e1j\u00e1\u0161uv\u00e1 nuortt\u00e2n Ruo\u0161\u00e2 stat\u00e2r\u00e1\u00e1j\u00e1n, mad\u00e2u\u00e1rjin pu\u00e1suitu\u00e1luku\u00e1vlu mad\u00e2r\u00e1\u00e1j\u00e1n j\u00e1 tavveen N\u00e4lj\u00e4nk\u00e4 palg\u00e2s\u00e2n. Palg\u00e2s en\u00e2mijn 63,8 % l\u00e1\u00e1 stat\u00e2en\u00e2meh j\u00e1 [&hellip;]<\/p>\n","protected":false},"author":1,"featured_media":0,"parent":420,"menu_order":57,"comment_status":"open","ping_status":"closed","template":"paliskuntasivut.php","meta":{"footnotes":""},"class_list":["post-1595","page","type-page","status-publish","hentry"],"_links":{"self":[{"href":"https:\/\/paliskunnat.fi\/po\/wp-json\/wp\/v2\/pages\/1595","targetHints":{"allow":["GET"]}}],"collection":[{"href":"https:\/\/paliskunnat.fi\/po\/wp-json\/wp\/v2\/pages"}],"about":[{"href":"https:\/\/paliskunnat.fi\/po\/wp-json\/wp\/v2\/types\/page"}],"author":[{"embeddable":true,"href":"https:\/\/paliskunnat.fi\/po\/wp-json\/wp\/v2\/users\/1"}],"replies":[{"embeddable":true,"href":"https:\/\/paliskunnat.fi\/po\/wp-json\/wp\/v2\/comments?post=1595"}],"version-history":[{"count":5,"href":"https:\/\/paliskunnat.fi\/po\/wp-json\/wp\/v2\/pages\/1595\/revisions"}],"predecessor-version":[{"id":6007,"href":"https:\/\/paliskunnat.fi\/po\/wp-json\/wp\/v2\/pages\/1595\/revisions\/6007"}],"up":[{"embeddable":true,"href":"https:\/\/paliskunnat.fi\/po\/wp-json\/wp\/v2\/pages\/420"}],"wp:attachment":[{"href":"https:\/\/paliskunnat.fi\/po\/wp-json\/wp\/v2\/media?parent=1595"}],"curies":[{"name":"wp","href":"https:\/\/api.w.org\/{rel}","templated":true}]}}