{"id":177,"date":"2014-08-25T16:26:06","date_gmt":"2014-08-25T13:26:06","guid":{"rendered":"http:\/\/80.69.171.23\/py\/?page_id=177"},"modified":"2017-12-28T11:25:46","modified_gmt":"2017-12-28T11:25:46","slug":"puasuivahageh","status":"publish","type":"page","link":"https:\/\/paliskunnat.fi\/po\/puasuivahageh\/","title":{"rendered":"Pu\u00e1suivah\u00e2geh"},"content":{"rendered":"<h2>Pu\u00e1suivah\u00e2geh<\/h2>\n<p>Poccuin lii pu\u00e1suitu\u00e1luku\u00e1vlu eenn\u00e2mom\u00e2stemkosk\u00e2vuo\u0111\u00e2in peerusth\u00e1nn\u00e1\u00e1 rijj\u00e2 ku\u00e1ttumvuoig\u00e2dvuot\u00e2. Taat lii-uv pu\u00e1suitu\u00e1lu vyevil\u00e2\u0161 tooim\u00e2 t\u00e1\u00e1hust velttidmettum.<\/p>\n<p>Poccui rijj\u00e2 ku\u00e1ttumvuoig\u00e2dvuot\u00e2 vu\u00e1\u0111uduv\u00e1 pu\u00e1suitu\u00e1luku\u00e1vlu historj\u00e1n navd\u00e2\u0161emvuoig\u00e2dvuo\u0111\u00e2inis j\u00e1 tot lii u\u00e1ivildum pisovis vuoig\u00e2dvuott\u00e2n.<\/p>\n<p>Jie\u0161kote-uvl\u00e1g\u00e1n vah\u00e2geh \u00e4\u0161tih lu\u00e1ndu rijj\u00e2n ku\u00e1ttoo poccuu. T\u00e1v\u00e1lumoseh l\u00e1\u00e1 pi\u00e4tuvah\u00e2geh. Meiddei eereeb i\u00e4rr\u00e1s jotol\u00e2h j\u00e1 luov\u00e2spennuuh tov\u00e2tteh pu\u00e1suivah\u00e2gijd ih\u00e1s\u00e1vt.<\/p>\n<p>Motomin meid poccuuh pyehtih tov\u00e2tti\u0111 vaah\u00e2g jotemin t\u00e1vj\u00e1 pu\u00e1stusajan. Ravvui vah\u00e2gij estim\u00e2n j\u00e1 vaah\u00e2gtil\u00e1l\u00e2\u0161vuo\u0111\u00e2 toim\u00e2m\u00e2n kaavnah t\u00e4in siij\u0111oin.<\/p>\n<p>&nbsp;<\/p>\n","protected":false},"excerpt":{"rendered":"<p>Pu\u00e1suivah\u00e2geh Poccuin lii pu\u00e1suitu\u00e1luku\u00e1vlu eenn\u00e2mom\u00e2stemkosk\u00e2vuo\u0111\u00e2in peerusth\u00e1nn\u00e1\u00e1 rijj\u00e2 ku\u00e1ttumvuoig\u00e2dvuot\u00e2. Taat lii-uv pu\u00e1suitu\u00e1lu vyevil\u00e2\u0161 tooim\u00e2 t\u00e1\u00e1hust velttidmettum. Poccui rijj\u00e2 ku\u00e1ttumvuoig\u00e2dvuot\u00e2 vu\u00e1\u0111uduv\u00e1 pu\u00e1suitu\u00e1luku\u00e1vlu historj\u00e1n navd\u00e2\u0161emvuoig\u00e2dvuo\u0111\u00e2inis j\u00e1 tot lii u\u00e1ivildum pisovis vuoig\u00e2dvuott\u00e2n. Jie\u0161kote-uvl\u00e1g\u00e1n vah\u00e2geh \u00e4\u0161tih lu\u00e1ndu rijj\u00e2n ku\u00e1ttoo poccuu. T\u00e1v\u00e1lumoseh l\u00e1\u00e1 pi\u00e4tuvah\u00e2geh. Meiddei eereeb i\u00e4rr\u00e1s jotol\u00e2h j\u00e1 luov\u00e2spennuuh tov\u00e2tteh pu\u00e1suivah\u00e2gijd ih\u00e1s\u00e1vt. Motomin meid poccuuh pyehtih tov\u00e2tti\u0111 vaah\u00e2g jotemin t\u00e1vj\u00e1 [&hellip;]<\/p>\n","protected":false},"author":1,"featured_media":0,"parent":0,"menu_order":5,"comment_status":"open","ping_status":"closed","template":"","meta":{"footnotes":""},"class_list":["post-177","page","type-page","status-publish","hentry"],"_links":{"self":[{"href":"https:\/\/paliskunnat.fi\/po\/wp-json\/wp\/v2\/pages\/177","targetHints":{"allow":["GET"]}}],"collection":[{"href":"https:\/\/paliskunnat.fi\/po\/wp-json\/wp\/v2\/pages"}],"about":[{"href":"https:\/\/paliskunnat.fi\/po\/wp-json\/wp\/v2\/types\/page"}],"author":[{"embeddable":true,"href":"https:\/\/paliskunnat.fi\/po\/wp-json\/wp\/v2\/users\/1"}],"replies":[{"embeddable":true,"href":"https:\/\/paliskunnat.fi\/po\/wp-json\/wp\/v2\/comments?post=177"}],"version-history":[{"count":2,"href":"https:\/\/paliskunnat.fi\/po\/wp-json\/wp\/v2\/pages\/177\/revisions"}],"predecessor-version":[{"id":5411,"href":"https:\/\/paliskunnat.fi\/po\/wp-json\/wp\/v2\/pages\/177\/revisions\/5411"}],"wp:attachment":[{"href":"https:\/\/paliskunnat.fi\/po\/wp-json\/wp\/v2\/media?parent=177"}],"curies":[{"name":"wp","href":"https:\/\/api.w.org\/{rel}","templated":true}]}}