{"id":179,"date":"2014-08-25T16:26:24","date_gmt":"2014-08-25T13:26:24","guid":{"rendered":"http:\/\/80.69.171.23\/py\/?page_id=179"},"modified":"2024-03-13T10:25:19","modified_gmt":"2024-03-13T08:25:19","slug":"puasuitiaduh","status":"publish","type":"page","link":"https:\/\/paliskunnat.fi\/po\/puasuitiaduh\/","title":{"rendered":"Pu\u00e1suiti\u00e4\u0111uh"},"content":{"rendered":"<h2>U\u00e1pisteijeeh ja lovottuvah<\/h2>\n<p>T\u00e4in siij\u0111oin kaavnah pu\u00e1suitu\u00e1lu tie\u0111ettem\u010dalluid sehe u\u00e1pisteijeid j\u00e1 lovottuv\u00e2id.<\/p>\n<h2><a href=\"https:\/\/paliskunnat.fi\/po\/wp-content\/uploads\/2024\/03\/njuvvampoccuuh-ja-piadui-koddem-kavnum-poccuuh.jpg\" rel=\"lightbox[179]\"><img loading=\"lazy\" decoding=\"async\" class=\"alignnone wp-image-6079\" src=\"https:\/\/paliskunnat.fi\/po\/wp-content\/uploads\/2024\/03\/njuvvampoccuuh-ja-piadui-koddem-kavnum-poccuuh.jpg\" alt=\"Njuovv\u00e2mpoccuuh j\u00e1 pi\u00e4\u0111ui koddem kavnum poccuuh 1993-2023.\" width=\"460\" height=\"263\" srcset=\"https:\/\/paliskunnat.fi\/po\/wp-content\/uploads\/2024\/03\/njuvvampoccuuh-ja-piadui-koddem-kavnum-poccuuh.jpg 1200w, https:\/\/paliskunnat.fi\/po\/wp-content\/uploads\/2024\/03\/njuvvampoccuuh-ja-piadui-koddem-kavnum-poccuuh-300x172.jpg 300w, https:\/\/paliskunnat.fi\/po\/wp-content\/uploads\/2024\/03\/njuvvampoccuuh-ja-piadui-koddem-kavnum-poccuuh-1024x585.jpg 1024w, https:\/\/paliskunnat.fi\/po\/wp-content\/uploads\/2024\/03\/njuvvampoccuuh-ja-piadui-koddem-kavnum-poccuuh-768x439.jpg 768w\" sizes=\"auto, (max-width: 460px) 100vw, 460px\" \/><\/a><\/h2>\n","protected":false},"excerpt":{"rendered":"<p>U\u00e1pisteijeeh ja lovottuvah T\u00e4in siij\u0111oin kaavnah pu\u00e1suitu\u00e1lu tie\u0111ettem\u010dalluid sehe u\u00e1pisteijeid j\u00e1 lovottuv\u00e2id.<\/p>\n","protected":false},"author":1,"featured_media":0,"parent":0,"menu_order":6,"comment_status":"open","ping_status":"closed","template":"","meta":{"footnotes":""},"class_list":["post-179","page","type-page","status-publish","hentry"],"_links":{"self":[{"href":"https:\/\/paliskunnat.fi\/po\/wp-json\/wp\/v2\/pages\/179","targetHints":{"allow":["GET"]}}],"collection":[{"href":"https:\/\/paliskunnat.fi\/po\/wp-json\/wp\/v2\/pages"}],"about":[{"href":"https:\/\/paliskunnat.fi\/po\/wp-json\/wp\/v2\/types\/page"}],"author":[{"embeddable":true,"href":"https:\/\/paliskunnat.fi\/po\/wp-json\/wp\/v2\/users\/1"}],"replies":[{"embeddable":true,"href":"https:\/\/paliskunnat.fi\/po\/wp-json\/wp\/v2\/comments?post=179"}],"version-history":[{"count":19,"href":"https:\/\/paliskunnat.fi\/po\/wp-json\/wp\/v2\/pages\/179\/revisions"}],"predecessor-version":[{"id":6081,"href":"https:\/\/paliskunnat.fi\/po\/wp-json\/wp\/v2\/pages\/179\/revisions\/6081"}],"wp:attachment":[{"href":"https:\/\/paliskunnat.fi\/po\/wp-json\/wp\/v2\/media?parent=179"}],"curies":[{"name":"wp","href":"https:\/\/api.w.org\/{rel}","templated":true}]}}