{"id":1903,"date":"2014-12-21T17:29:26","date_gmt":"2014-12-21T15:29:26","guid":{"rendered":"http:\/\/80.69.171.23\/py\/?page_id=1903"},"modified":"2026-03-06T13:03:06","modified_gmt":"2026-03-06T11:03:06","slug":"poccuupiargu","status":"publish","type":"page","link":"https:\/\/paliskunnat.fi\/po\/puasuitiaduh\/statistiikeh\/poccuupiargu\/","title":{"rendered":"Poccuupi\u00e4rgu puovt\u00e2dem"},"content":{"rendered":"<h2>Poccuupi\u00e4rgu puovt\u00e2dem<\/h2>\n<p>Poccuupi\u00e4rgu puovt\u00e2demmeeri muls\u00e2\u0161uv\u00e1 ih\u00e1s\u00e1vt lu\u00e1ndutiilij j\u00e1 pi\u00e4tuvah\u00e2gij vaikutt\u00e2s\u00e2i tiet. Poccuupi\u00e4rgu puovt\u00e2demmeeri ki\u00e4pp\u00e1nem ke\u010d\u010d\u00e2l\u00e2d pu\u00e1suitu\u00e1llei lasseen meid poccuupi\u00e4rgu puovt\u00e2deijeid.<\/p>\n<p><img loading=\"lazy\" decoding=\"async\" class=\"alignnone wp-image-6160\" src=\"https:\/\/paliskunnat.fi\/po\/wp-content\/uploads\/2026\/03\/poccuupiargu-puovtadem-2000-2025.jpg\" alt=\"Poccuupi\u00e4rgu puovt\u00e2dem 2000-2025.\" width=\"460\" height=\"296\" srcset=\"https:\/\/paliskunnat.fi\/po\/wp-content\/uploads\/2026\/03\/poccuupiargu-puovtadem-2000-2025.jpg 1200w, https:\/\/paliskunnat.fi\/po\/wp-content\/uploads\/2026\/03\/poccuupiargu-puovtadem-2000-2025-300x193.jpg 300w, https:\/\/paliskunnat.fi\/po\/wp-content\/uploads\/2026\/03\/poccuupiargu-puovtadem-2000-2025-1024x659.jpg 1024w, https:\/\/paliskunnat.fi\/po\/wp-content\/uploads\/2026\/03\/poccuupiargu-puovtadem-2000-2025-768x494.jpg 768w\" sizes=\"auto, (max-width: 460px) 100vw, 460px\" \/><\/p>\n<p>&nbsp;<\/p>\n","protected":false},"excerpt":{"rendered":"<p>Poccuupi\u00e4rgu puovt\u00e2dem Poccuupi\u00e4rgu puovt\u00e2demmeeri muls\u00e2\u0161uv\u00e1 ih\u00e1s\u00e1vt lu\u00e1ndutiilij j\u00e1 pi\u00e4tuvah\u00e2gij vaikutt\u00e2s\u00e2i tiet. Poccuupi\u00e4rgu puovt\u00e2demmeeri ki\u00e4pp\u00e1nem ke\u010d\u010d\u00e2l\u00e2d pu\u00e1suitu\u00e1llei lasseen meid poccuupi\u00e4rgu puovt\u00e2deijeid. &nbsp;<\/p>\n","protected":false},"author":1,"featured_media":0,"parent":1105,"menu_order":2,"comment_status":"open","ping_status":"closed","template":"","meta":{"footnotes":""},"class_list":["post-1903","page","type-page","status-publish","hentry"],"_links":{"self":[{"href":"https:\/\/paliskunnat.fi\/po\/wp-json\/wp\/v2\/pages\/1903","targetHints":{"allow":["GET"]}}],"collection":[{"href":"https:\/\/paliskunnat.fi\/po\/wp-json\/wp\/v2\/pages"}],"about":[{"href":"https:\/\/paliskunnat.fi\/po\/wp-json\/wp\/v2\/types\/page"}],"author":[{"embeddable":true,"href":"https:\/\/paliskunnat.fi\/po\/wp-json\/wp\/v2\/users\/1"}],"replies":[{"embeddable":true,"href":"https:\/\/paliskunnat.fi\/po\/wp-json\/wp\/v2\/comments?post=1903"}],"version-history":[{"count":15,"href":"https:\/\/paliskunnat.fi\/po\/wp-json\/wp\/v2\/pages\/1903\/revisions"}],"predecessor-version":[{"id":6161,"href":"https:\/\/paliskunnat.fi\/po\/wp-json\/wp\/v2\/pages\/1903\/revisions\/6161"}],"up":[{"embeddable":true,"href":"https:\/\/paliskunnat.fi\/po\/wp-json\/wp\/v2\/pages\/1105"}],"wp:attachment":[{"href":"https:\/\/paliskunnat.fi\/po\/wp-json\/wp\/v2\/media?parent=1903"}],"curies":[{"name":"wp","href":"https:\/\/api.w.org\/{rel}","templated":true}]}}