{"id":193,"date":"2014-08-26T15:05:25","date_gmt":"2014-08-26T12:05:25","guid":{"rendered":"http:\/\/80.69.171.23\/py\/?page_id=193"},"modified":"2021-02-25T10:13:29","modified_gmt":"2021-02-25T08:13:29","slug":"projekteh","status":"publish","type":"page","link":"https:\/\/paliskunnat.fi\/po\/projekteh\/","title":{"rendered":"Projekteh"},"content":{"rendered":"<h2><strong>Proojeekttoim\u00e2m<\/strong><\/h2>\n<p>Ki\u00e4vtust\u00e2n l\u00e1\u00e1 kyehti ku\u00e1vd\u00e1\u00e1 proojeektrutt\u00e2dem kanava pu\u00e1suitu\u00e1lu ovdedem v\u00e1r\u00e1s.<\/p>\n<p>Vuosmu\u0161 lii EU tooh\u00e2m m\u00e1hul\u00e2\u017e\u017e\u00e2n ovdedemproojeekttoim\u00e2m, moos\u00a0 uucc\u00e2p t\u00e1v\u00e1l\u00e1vt EJB-ku\u00e1vd\u00e1\u00e1 peht rutt\u00e2dem. T\u00e4id rutt\u00e2demk\u00e4ldeid lii tubdum iivij mield EU r\u00e1htusrutt\u00e2r\u00e1\u00e1ijun, nuuvtko eenn\u00e2mtu\u00e1lu stivrim- j\u00e1 toorj\u00e2rutt\u00e2r\u00e1\u00e1ijun, sosiaall\u00e2\u0161rutt\u00e2r\u00e1\u00e1ijun, ku\u00e1vluovdedemrutt\u00e2r\u00e1\u00e1ijun j\u00e1 Euroop t\u00e1lul\u00e2\u0161ku\u00e1vlu ovdedemrutt\u00e2r\u00e1\u00e1ijun. Almugijkosk\u00e2siih projekteh l\u00e1\u00e1 vuod Interreg-, TACIS- j\u00e1 Kolarctic-ohjelmeh.<\/p>\n<p>Nubbe rutt\u00e2demkanava lii eenn\u00e2m- j\u00e1 vyevditu\u00e1luministeri\u00f6 Eenn\u00e2mtu\u00e1lu ovdedemrutt\u00e2r\u00e1\u00e1ju. Taah projekteh l\u00e1\u00e1 i\u00e4l\u00e1tt\u00e2s\u00e2n laht\u00e2seijee \u010dielg\u00e2d\u00e2sah j\u00e1 tutk\u00e2meh.<\/p>\n<p><a href=\"https:\/\/paliskunnat.fi\/po\/wp-content\/uploads\/2014\/08\/Tytti_kotka.jpg\" rel=\"lightbox[193]\"><img loading=\"lazy\" decoding=\"async\" class=\"alignnone wp-image-1766\" src=\"https:\/\/paliskunnat.fi\/po\/wp-content\/uploads\/2014\/08\/Tytti_kotka.jpg\" alt=\"Tytti-kotka Kuusamossa\" width=\"460\" height=\"306\" srcset=\"https:\/\/paliskunnat.fi\/po\/wp-content\/uploads\/2014\/08\/Tytti_kotka.jpg 1000w, https:\/\/paliskunnat.fi\/po\/wp-content\/uploads\/2014\/08\/Tytti_kotka-300x200.jpg 300w, https:\/\/paliskunnat.fi\/po\/wp-content\/uploads\/2014\/08\/Tytti_kotka-768x511.jpg 768w\" sizes=\"auto, (max-width: 460px) 100vw, 460px\" \/><\/a><\/p>\n<p>Pu\u00e1suii\u00e4l\u00e1tt\u00e2s lii ki\u00e4vtt\u00e1m puoh main\u00e2\u0161um rutt\u00e2r\u00e1\u00e1juid 2000-lovvoost. Tyehin lii kuttlov ovt\u00e2stus i\u0161ed\u00e2m ol\u00e1\u0161uttum EU-u\u00e1sirutt\u00e2dem ovdedemprojektid, mu\u00e1dlov Eenn\u00e2mtu\u00e1lu ovdedemrutt\u00e2r\u00e1\u00e1ju rutt\u00e2d\u00e2m tutk\u00e2mproojeekt j\u00e1 mu\u00e1dlov eres rutt\u00e2r\u00e1\u00e1ju ii\u0161ijn ol\u00e1\u0161uttum proojeekt.<\/p>\n<p>Proojeekttoim\u00e2 aalgij\u00a0 ihetuhh\u00e1\u00e1t molsom \u00e4\u00e4igi kuulm\u00e2 u\u00e1ivilinj\u00e1 peht. Taah lijjii poccuupi\u00e4rgu smav\u00e2sovdedem, pu\u00e1suit\u00e1luma\u0111h\u00e2\u0161em j\u00e1 teknologia. Taan \u00e4\u00e4igi Palg\u00e2sij ovt\u00e2stus proojeektk\u00e1rtt\u00e1\u00e1st l\u00e1\u00e1 12 linj\u00e1d, ko ovdiibeln main\u00e2\u0161umij lasseen proojeekttooim\u00e2 ku\u00e1vd\u00e1\u017e\u00e2n lii luptum \u0161kovlim, kvaliteet, lasepi\u00e4mm\u00e2m, almugijkosk\u00e2s\u00e2\u0161 ovt\u00e2spargo, markk\u00e2nistem, pu\u00e1suitu\u00e1llei pargopyereestpiergim, pi\u00e4\u0111ui, pu\u00e1suipaartijd j\u00e1 eenn\u00e2mkevttim.<\/p>\n<p>Ru\u00e1vis arv\u00e2lus\u00e2i mield projektij h\u00e4\u00e4mist pu\u00e1suitu\u00e1lu oovdedm\u00e2n kevttum rutt\u00e2meeri lii mest\u00e2 10 miljovn eurod. Proojeektvaarij ii\u0161ijn l\u00e1\u00e1 pu\u00e1ht\u00e1m isk\u00e2\u0111, ovdedi\u0111 j\u00e1 \u0161kovli\u0111 \u2013 v\u00e2i piso ovd\u00e1nmist mieldi.<\/p>\n<p>&nbsp;<\/p>\n","protected":false},"excerpt":{"rendered":"<p>Proojeekttoim\u00e2m Ki\u00e4vtust\u00e2n l\u00e1\u00e1 kyehti ku\u00e1vd\u00e1\u00e1 proojeektrutt\u00e2dem kanava pu\u00e1suitu\u00e1lu ovdedem v\u00e1r\u00e1s. Vuosmu\u0161 lii EU tooh\u00e2m m\u00e1hul\u00e2\u017e\u017e\u00e2n ovdedemproojeekttoim\u00e2m, moos\u00a0 uucc\u00e2p t\u00e1v\u00e1l\u00e1vt EJB-ku\u00e1vd\u00e1\u00e1 peht rutt\u00e2dem. T\u00e4id rutt\u00e2demk\u00e4ldeid lii tubdum iivij mield EU r\u00e1htusrutt\u00e2r\u00e1\u00e1ijun, nuuvtko eenn\u00e2mtu\u00e1lu stivrim- j\u00e1 toorj\u00e2rutt\u00e2r\u00e1\u00e1ijun, sosiaall\u00e2\u0161rutt\u00e2r\u00e1\u00e1ijun, ku\u00e1vluovdedemrutt\u00e2r\u00e1\u00e1ijun j\u00e1 Euroop t\u00e1lul\u00e2\u0161ku\u00e1vlu ovdedemrutt\u00e2r\u00e1\u00e1ijun. Almugijkosk\u00e2siih projekteh l\u00e1\u00e1 vuod Interreg-, TACIS- j\u00e1 Kolarctic-ohjelmeh. Nubbe rutt\u00e2demkanava lii eenn\u00e2m- j\u00e1 vyevditu\u00e1luministeri\u00f6 [&hellip;]<\/p>\n","protected":false},"author":1,"featured_media":0,"parent":0,"menu_order":7,"comment_status":"open","ping_status":"closed","template":"","meta":{"footnotes":""},"class_list":["post-193","page","type-page","status-publish","hentry"],"_links":{"self":[{"href":"https:\/\/paliskunnat.fi\/po\/wp-json\/wp\/v2\/pages\/193","targetHints":{"allow":["GET"]}}],"collection":[{"href":"https:\/\/paliskunnat.fi\/po\/wp-json\/wp\/v2\/pages"}],"about":[{"href":"https:\/\/paliskunnat.fi\/po\/wp-json\/wp\/v2\/types\/page"}],"author":[{"embeddable":true,"href":"https:\/\/paliskunnat.fi\/po\/wp-json\/wp\/v2\/users\/1"}],"replies":[{"embeddable":true,"href":"https:\/\/paliskunnat.fi\/po\/wp-json\/wp\/v2\/comments?post=193"}],"version-history":[{"count":6,"href":"https:\/\/paliskunnat.fi\/po\/wp-json\/wp\/v2\/pages\/193\/revisions"}],"predecessor-version":[{"id":5769,"href":"https:\/\/paliskunnat.fi\/po\/wp-json\/wp\/v2\/pages\/193\/revisions\/5769"}],"wp:attachment":[{"href":"https:\/\/paliskunnat.fi\/po\/wp-json\/wp\/v2\/media?parent=193"}],"curies":[{"name":"wp","href":"https:\/\/api.w.org\/{rel}","templated":true}]}}